{"id":34602,"date":"2021-09-03T12:51:29","date_gmt":"2021-09-03T12:51:29","guid":{"rendered":"https:\/\/www.unox.com.tr\/urun\/vanne-de-regulation-proportionnelle-motorisee-a-3-voies-33609\/"},"modified":"2023-05-11T17:51:01","modified_gmt":"2023-05-11T14:51:01","slug":"vanne-a-commande-proportionnelle-motorisee-a-3-voies","status":"publish","type":"product","link":"https:\/\/unox.com.tr\/fr\/vanne-a-commande-proportionnelle-motorisee-a-3-voies\/","title":{"rendered":"Vanne de R\u00e9gulation Proportionnelle Motoris\u00e9e \u00e0 3 Voies &#8211; 33609"},"content":{"rendered":"<div id=\"ez-toc-container\" class=\"ez-toc-v2_0_82_2 counter-hierarchy ez-toc-counter ez-toc-grey ez-toc-container-direction\">\n<div class=\"ez-toc-title-container\">\n<p class=\"ez-toc-title\" style=\"cursor:inherit\">Sayfa \u0130\u00e7eri\u011fi<\/p>\n<span class=\"ez-toc-title-toggle\"><a href=\"#\" class=\"ez-toc-pull-right ez-toc-btn ez-toc-btn-xs ez-toc-btn-default ez-toc-toggle\" aria-label=\"Toggle Table of Content\"><span class=\"ez-toc-js-icon-con\"><span class=\"\"><span class=\"eztoc-hide\" style=\"display:none;\">Toggle<\/span><span class=\"ez-toc-icon-toggle-span\"><svg style=\"fill: #999;color:#999\" xmlns=\"http:\/\/www.w3.org\/2000\/svg\" class=\"list-377408\" width=\"20px\" height=\"20px\" viewBox=\"0 0 24 24\" fill=\"none\"><path d=\"M6 6H4v2h2V6zm14 0H8v2h12V6zM4 11h2v2H4v-2zm16 0H8v2h12v-2zM4 16h2v2H4v-2zm16 0H8v2h12v-2z\" fill=\"currentColor\"><\/path><\/svg><svg style=\"fill: #999;color:#999\" class=\"arrow-unsorted-368013\" xmlns=\"http:\/\/www.w3.org\/2000\/svg\" width=\"10px\" height=\"10px\" viewBox=\"0 0 24 24\" version=\"1.2\" baseProfile=\"tiny\"><path d=\"M18.2 9.3l-6.2-6.3-6.2 6.3c-.2.2-.3.4-.3.7s.1.5.3.7c.2.2.4.3.7.3h11c.3 0 .5-.1.7-.3.2-.2.3-.5.3-.7s-.1-.5-.3-.7zM5.8 14.7l6.2 6.3 6.2-6.3c.2-.2.3-.5.3-.7s-.1-.5-.3-.7c-.2-.2-.4-.3-.7-.3h-11c-.3 0-.5.1-.7.3-.2.2-.3.5-.3.7s.1.5.3.7z\"\/><\/svg><\/span><\/span><\/span><\/a><\/span><\/div>\n<nav><ul class='ez-toc-list ez-toc-list-level-1 ' ><li class='ez-toc-page-1 ez-toc-heading-level-2'><a class=\"ez-toc-link ez-toc-heading-1\" href=\"https:\/\/unox.com.tr\/fr\/vanne-a-commande-proportionnelle-motorisee-a-3-voies\/#Quest-ce_quune_vanne_de_commande_proportionnelle_a_moteur_a_3_voies\" >Qu&rsquo;est-ce qu&rsquo;une vanne de commande proportionnelle \u00e0 moteur \u00e0 3 voies ?<\/a><\/li><li class='ez-toc-page-1 ez-toc-heading-level-2'><a class=\"ez-toc-link ez-toc-heading-2\" href=\"https:\/\/unox.com.tr\/fr\/vanne-a-commande-proportionnelle-motorisee-a-3-voies\/#Quest-ce_que_le_principe_de_travail_proportionnel\" >Qu&rsquo;est-ce que le principe de travail proportionnel ?<\/a><\/li><li class='ez-toc-page-1 ez-toc-heading-level-2'><a class=\"ez-toc-link ez-toc-heading-3\" href=\"https:\/\/unox.com.tr\/fr\/vanne-a-commande-proportionnelle-motorisee-a-3-voies\/#Caracteristiques_Generales\" >Caract\u00e9ristiques G\u00e9n\u00e9rales<\/a><\/li><li class='ez-toc-page-1 ez-toc-heading-level-2'><a class=\"ez-toc-link ez-toc-heading-4\" href=\"https:\/\/unox.com.tr\/fr\/vanne-a-commande-proportionnelle-motorisee-a-3-voies\/#Caracteristiques_du_moteur_electrique\" >Caract\u00e9ristiques du moteur \u00e9lectrique<\/a><\/li><li class='ez-toc-page-1 ez-toc-heading-level-2'><a class=\"ez-toc-link ez-toc-heading-5\" href=\"https:\/\/unox.com.tr\/fr\/vanne-a-commande-proportionnelle-motorisee-a-3-voies\/#Proprietes_materielles\" >Propri\u00e9t\u00e9s mat\u00e9rielles<\/a><ul class='ez-toc-list-level-3' ><li class='ez-toc-heading-level-3'><a class=\"ez-toc-link ez-toc-heading-6\" href=\"https:\/\/unox.com.tr\/fr\/vanne-a-commande-proportionnelle-motorisee-a-3-voies\/#Accessoires\" >Accessoires<\/a><\/li><\/ul><\/li><\/ul><\/nav><\/div>\n<h2><span class=\"ez-toc-section\" id=\"Quest-ce_quune_vanne_de_commande_proportionnelle_a_moteur_a_3_voies\"><\/span><span style=\"font-size: 22px;\">Qu&rsquo;est-ce qu&rsquo;une vanne de commande proportionnelle \u00e0 moteur \u00e0 3 voies ?<\/span><span class=\"ez-toc-section-end\"><\/span><\/h2>\n<p>Vanne de commande proportionnelle motoris\u00e9e \u00e0 3 voies ; Vanne utilis\u00e9e pour contr\u00f4ler le fluide en modifiant la taille du passage d&rsquo;\u00e9coulement selon les instructions d&rsquo;un signal provenant d&rsquo;un contr\u00f4leur. La vanne de r\u00e9gulation proportionnelle motoris\u00e9e \u00e0 3 voies permet de contr\u00f4ler la pression, la temp\u00e9rature, le d\u00e9bit et le niveau dans tous les processus o\u00f9 du fluide est pr\u00e9sent. La vanne de r\u00e9gulation proportionnelle motoris\u00e9e \u00e0 3 voies est utilis\u00e9e pour l&rsquo;eau froide, l&rsquo;eau chaude, la vapeur, l&rsquo;eau surchauff\u00e9e, la vapeur et le gaz, etc. produits en consommant de l&rsquo;\u00e9nergie dans les entreprises. Il garantit que les fluides peuvent \u00eatre transport\u00e9s et contr\u00f4l\u00e9s sans aucune perte.<\/p>\n<h2><span class=\"ez-toc-section\" id=\"Quest-ce_que_le_principe_de_travail_proportionnel\"><\/span><span style=\"font-size: 22px;\">Qu&rsquo;est-ce que le principe de travail proportionnel ?<\/span><span class=\"ez-toc-section-end\"><\/span><\/h2>\n<p>Le principe de fonctionnement proportionnel est un concept de syst\u00e8me de contr\u00f4le qui se r\u00e9f\u00e8re \u00e0 l&rsquo;utilisation d&rsquo;un signal de contr\u00f4le qui est directement proportionnel \u00e0 l&rsquo;erreur entre le point de consigne souhait\u00e9 et la valeur de processus r\u00e9elle. En d&rsquo;autres termes, le signal de commande est ajust\u00e9 proportionnellement \u00e0 la taille et \u00e0 la direction de l&rsquo;erreur. Ce type de syst\u00e8me de contr\u00f4le est utilis\u00e9 dans diverses applications o\u00f9 il est n\u00e9cessaire de maintenir une variable de processus \u00e0 un certain point de consigne ou dans une certaine plage.<\/p>\n<p>Dans le syst\u00e8me de contr\u00f4le proportionnel, le signal de contr\u00f4le est g\u00e9n\u00e9r\u00e9 par un contr\u00f4leur qui compare le point de consigne \u00e0 la valeur de processus et calcule l&rsquo;erreur. Le contr\u00f4leur applique alors un signal de commande proportionnel \u00e0 l&rsquo;erreur au processus. Le signal de commande est g\u00e9n\u00e9ralement appliqu\u00e9 via un \u00e9l\u00e9ment de commande, tel qu&rsquo;une vanne, qui peut r\u00e9gler le d\u00e9bit d&rsquo;un fluide ou la position d&rsquo;un m\u00e9canisme pour modifier la variable de processus.<\/p>\n<h2><span class=\"ez-toc-section\" id=\"Caracteristiques_Generales\"><\/span><span style=\"font-size: 22px;\">Caract\u00e9ristiques G\u00e9n\u00e9rales<\/span><span class=\"ez-toc-section-end\"><\/span><\/h2>\n<ul>\n<li><strong>Produit<\/strong> : Vanne de r\u00e9gulation proportionnelle motoris\u00e9e \u00e0 3 voies (avec ajout de soufflet m\u00e9tallique)<\/li>\n<li><strong>Dimensions:<\/strong> DN15 \/ DN20 \/ DN25 \/ DN32 \/ DN40 \/ DN50 \/ DN65 \/ DN80 \/ DN100 \/ DN125 \/ DN150<\/li>\n<li><strong>Domaine d&rsquo;utilisation<\/strong> : Conduites de vapeur et d&rsquo;huile chaude sous pression<\/li>\n<li><strong>Fonction<\/strong> : M\u00e9langeur Distributeur<\/li>\n<li><strong>Classe d&rsquo;\u00e9tanch\u00e9it\u00e9<\/strong> : CLASSE VI (Joint souple en PTFE)<\/li>\n<li><strong>Norme de Connexion : Connexion \u00e0 Bride (DIN1092-2)<\/strong><\/li>\n<li><strong>Classe de Pression<\/strong> : PN16- PN25 (PN40 en option)<\/li>\n<li><strong>Max. Temp\u00e9rature de Fonctionnement : <\/strong> 220 \u00b0C<\/li>\n<li><strong>\u00c9tanch\u00e9it\u00e9 du col<\/strong> : V &#8211; Colis<\/li>\n<li><strong>Caract\u00e9ristique<\/strong> : Pourcentage \u00e9gal &#8211; Lin\u00e9aire<\/li>\n<li><strong>Signal de contr\u00f4le<\/strong> : 4-20 mA &#8211; 0-10 VCC<\/li>\n<li><strong>Signal de retour<\/strong> : 4-20mA &#8211; 0-10 VDC<\/li>\n<\/ul>\n<p>Il maintient sa position lorsque l&rsquo;alimentation est coup\u00e9e.<\/p>\n<h2><span class=\"ez-toc-section\" id=\"Caracteristiques_du_moteur_electrique\"><\/span><span style=\"font-size: 22px;\">Caract\u00e9ristiques du moteur \u00e9lectrique<\/span><span class=\"ez-toc-section-end\"><\/span><\/h2>\n<ul>\n<li><strong>Alimentation<\/strong> : 24 VAC &#8211; 24 VDC &#8211; 220 VAC (commande flottante 3 points)<\/li>\n<li><strong>Force d&rsquo;entra\u00eenement<\/strong> : (N) 1000N \u2013 2200N &#8211; 2500N \u2013 3000N<\/li>\n<li><strong>Course<\/strong> : 20 mm pour DN 15 \u2013 50 ; 30 mm pour DN 50-100<\/li>\n<li><strong>Temps de fin de course<\/strong> : 20 s pour DN 15 \u2013 50 ; 30 s pour DN 50-100<\/li>\n<\/ul>\n<h2><span class=\"ez-toc-section\" id=\"Proprietes_materielles\"><\/span><span style=\"font-size: 22px;\">Propri\u00e9t\u00e9s mat\u00e9rielles<\/span><span class=\"ez-toc-section-end\"><\/span><\/h2>\n<ul>\n<li><strong>Corps<\/strong> : GGG &#8211; 40.3 Fonte Ductile<\/li>\n<li><strong>Couverture<\/strong> : GGG &#8211; 40,3 Fonte Ductile<\/li>\n<li><strong>Connecteur de cou<\/strong> : ST44- 3 (S275J0)<\/li>\n<li><strong>Corps de l&rsquo;actionneur<\/strong> : AL6063 ENJ. &#8211; Plastique ABS<\/li>\n<li><strong>Si\u00e8ge<\/strong> : Acier Inoxydable 1.4571 (AISI316)<\/li>\n<\/ul>\n<h3><span class=\"ez-toc-section\" id=\"Accessoires\"><\/span><span style=\"font-size: 20px;\">Accessoires<\/span><span class=\"ez-toc-section-end\"><\/span><\/h3>\n<p><em>Demandez l&rsquo;ajout d&rsquo;un bo\u00eetier d&rsquo;interrupteur de fin de course.<\/em><\/p>\n<p><em>Demandez l&rsquo;ajout d&rsquo;un potentiom\u00e8tre 0-1 Kohm\u2026<\/em><\/p>\n<p><em>Demandez un contr\u00f4le proportionnel 4-20 mA \/ 0-10V DC et un signal de retour.<\/em><\/p>\n<p><em>Demandez des Delta P \u00e9lev\u00e9s.<\/em><\/p>\n<p><em>Demandez une alimentation 220V AC &#8211; 24V DC.<\/em><\/p>\n<p><em>Renseignez-vous pour les hautes temp\u00e9ratures et les applications sp\u00e9ciales.<\/em><\/p>\n<p><em>Le mat\u00e9riau du corps DN100, DN125, DN150 est en fonte PN16.<\/em><\/p>\n<p><em>Veuillez nous consulter pour des mat\u00e9riaux de carrosserie diff\u00e9rents.<\/em><\/p>\n","protected":false},"excerpt":{"rendered":"<p><a href=\"https:\/\/unox.com.tr\/wp-content\/uploads\/2023\/02\/3-Yollu-Motorlu-Oransal-Kontrol-Vanasi-%E2%80%93-33609.pdf\" target=\"_blank\" rel=\"noopener\"><button style=\"background-color: #11224b; color: #ffffff; padding: 10px 15px; font-family: montserrat; font-weight: bold; font-size: 19px; border-radius: 10px;\"><img decoding=\"async\" style=\"width: 25px; height: 25px;\" src=\"https:\/\/unox.com.tr\/wp-content\/uploads\/2023\/02\/pdf-1.png\">CATALOGUE DES PRODUITS<\/button><\/a><\/p>\n<p><button style=\"background-color: #11224b; margin-top: 5px; color: white; padding: 0px 15px; width: 150px; height: 55px; border-radius: 10px; border: none; cursor: pointer;\"><br \/>\n<img decoding=\"async\" style=\"width: 120px; height: 30px;\" src=\"https:\/\/unox.com.tr\/wp-content\/uploads\/2023\/02\/4-1.svg\"><\/button><\/p>\n","protected":false},"featured_media":69009,"comment_status":"closed","ping_status":"closed","template":"","meta":{"_joinchat":[]},"product_brand":[],"product_cat":[1071,1072],"product_tag":[],"class_list":{"0":"post-34602","1":"product","2":"type-product","3":"status-publish","4":"has-post-thumbnail","6":"product_cat-vannes-de-controle","7":"product_cat-vannes-de-controle-avec-motorisation-electrique","9":"first","10":"instock","11":"shipping-taxable","12":"product-type-simple"},"_links":{"self":[{"href":"https:\/\/unox.com.tr\/fr\/wp-json\/wp\/v2\/product\/34602","targetHints":{"allow":["GET"]}}],"collection":[{"href":"https:\/\/unox.com.tr\/fr\/wp-json\/wp\/v2\/product"}],"about":[{"href":"https:\/\/unox.com.tr\/fr\/wp-json\/wp\/v2\/types\/product"}],"replies":[{"embeddable":true,"href":"https:\/\/unox.com.tr\/fr\/wp-json\/wp\/v2\/comments?post=34602"}],"version-history":[{"count":0,"href":"https:\/\/unox.com.tr\/fr\/wp-json\/wp\/v2\/product\/34602\/revisions"}],"wp:featuredmedia":[{"embeddable":true,"href":"https:\/\/unox.com.tr\/fr\/wp-json\/wp\/v2\/media\/69009"}],"wp:attachment":[{"href":"https:\/\/unox.com.tr\/fr\/wp-json\/wp\/v2\/media?parent=34602"}],"wp:term":[{"taxonomy":"product_brand","embeddable":true,"href":"https:\/\/unox.com.tr\/fr\/wp-json\/wp\/v2\/product_brand?post=34602"},{"taxonomy":"product_cat","embeddable":true,"href":"https:\/\/unox.com.tr\/fr\/wp-json\/wp\/v2\/product_cat?post=34602"},{"taxonomy":"product_tag","embeddable":true,"href":"https:\/\/unox.com.tr\/fr\/wp-json\/wp\/v2\/product_tag?post=34602"}],"curies":[{"name":"wp","href":"https:\/\/api.w.org\/{rel}","templated":true}]}}