{"id":34617,"date":"2021-08-24T14:17:24","date_gmt":"2021-08-24T14:17:24","guid":{"rendered":"https:\/\/www.unox.com.tr\/urun\/mini-vanne-a-bille-motorisee\/"},"modified":"2023-05-12T09:02:20","modified_gmt":"2023-05-12T06:02:20","slug":"mini-vanne-rotative-motorisee","status":"publish","type":"product","link":"https:\/\/unox.com.tr\/fr\/mini-vanne-rotative-motorisee\/","title":{"rendered":"Mini Vanne \u00e0 Bille Motoris\u00e9e"},"content":{"rendered":"<h2><span style=\"font-size: 22px;\">Qu&rsquo;est-ce qu&rsquo;une mini vanne \u00e0 boisseau sph\u00e9rique motoris\u00e9e ?<\/span><\/h2>\n<p>Une mini vanne \u00e0 boisseau sph\u00e9rique motoris\u00e9e est une vanne de petite taille qui utilise un moteur \u00e9lectrique pour ouvrir et fermer un \u00e9l\u00e9ment en forme de boule qui contr\u00f4le le d\u00e9bit de fluide \u00e0 travers une canalisation. La bille est g\u00e9n\u00e9ralement en m\u00e9tal ou en un autre mat\u00e9riau durable et est plac\u00e9e \u00e0 l&rsquo;int\u00e9rieur du corps de la vanne et comporte un trou en son centre qui permet au fluide de passer lorsque la vanne est ouverte. Le moteur \u00e9lectrique entra\u00eene un m\u00e9canisme qui fait tourner la bille pour ouvrir ou fermer la vanne, g\u00e9n\u00e9ralement en utilisant un mouvement d&rsquo;un quart de tour.<\/p>\n<h2><span class=\"ez-toc-section\" id=\"Ou_la_mini_vanne_a_boisseau_spherique_motorisee_est-elle_utilisee\"><\/span><span style=\"font-size: 22px;\">O\u00f9 la mini vanne \u00e0 boisseau sph\u00e9rique motoris\u00e9e est-elle utilis\u00e9e ?<\/span><span class=\"ez-toc-section-end\"><\/span><\/h2>\n<p>Les mini-vannes \u00e0 boisseau sph\u00e9rique motoris\u00e9es sont utilis\u00e9es dans une vari\u00e9t\u00e9 d&rsquo;applications o\u00f9 un contr\u00f4le pr\u00e9cis du d\u00e9bit de fluide est requis. Voici quelques exemples courants :<\/p>\n<ul>\n<li>Il est souvent utilis\u00e9 dans l&rsquo;industrie p\u00e9troli\u00e8re et gazi\u00e8re pour contr\u00f4ler le d\u00e9bit de liquides tels que le p\u00e9trole et le gaz naturel dans les pipelines.<\/li>\n<li>Il est utilis\u00e9 dans les usines de traitement de l&rsquo;eau pour contr\u00f4ler le d\u00e9bit d&rsquo;eau dans les tuyaux et pour r\u00e9guler le m\u00e9lange de produits chimiques utilis\u00e9s dans le processus de traitement.<\/li>\n<li>Syst\u00e8mes HVAC : Les mini vannes \u00e0 boisseau sph\u00e9rique motoris\u00e9es sont utilis\u00e9es dans les syst\u00e8mes de chauffage, de ventilation et de climatisation (HVAC) pour contr\u00f4ler le d\u00e9bit d&rsquo;air et r\u00e9guler la temp\u00e9rature dans les b\u00e2timents et autres structures.<\/li>\n<li>Il est utilis\u00e9 dans les usines de traitement de produits chimiques pour contr\u00f4ler le flux de produits chimiques et d&rsquo;autres mati\u00e8res dangereuses dans les pipelines.<\/li>\n<li>Il est utilis\u00e9 dans l&rsquo;industrie alimentaire et des boissons pour contr\u00f4ler le d\u00e9bit de liquides tels que le lait et la bi\u00e8re dans les canalisations.<\/li>\n<li>Il est utilis\u00e9 dans les industries m\u00e9dicales et pharmaceutiques pour contr\u00f4ler le flux de liquides tels que les m\u00e9dicaments et autres substances \u00e0 travers les pipelines.<\/li>\n<\/ul>\n<h2><span class=\"ez-toc-section\" id=\"Caracteristiques_du_Produit\"><\/span><span style=\"font-size: 22px;\">Caract\u00e9ristiques du Produit<\/span><span class=\"ez-toc-section-end\"><\/span><\/h2>\n<ul>\n<li><strong>Connexion<\/strong> : Filetage interne<\/li>\n<li><strong>Contr\u00f4le de flux<\/strong> : Activ\u00e9 &#8211; D\u00e9sactiv\u00e9<\/li>\n<li><strong>Couple<\/strong> : 2 Nm &#8211; 4 Nm<\/li>\n<li><strong>Temps de travail<\/strong> : Allum\u00e9 : 15 s | Arr\u00eat : 15s<\/li>\n<li><strong>Environnement de fonctionnement<\/strong> : 2 &#8211; 80 <b>\u00b0<\/b>C<\/li>\n<li><strong>Corps de vanne<\/strong> : Laiton forg\u00e9<\/li>\n<li><strong>Type de moteur<\/strong> : Marche\/Arr\u00eat AC24V \/ AC230V, 50\/60Hz, IP65<\/li>\n<\/ul>\n","protected":false},"excerpt":{"rendered":"<p><a href=\"https:\/\/unox.com.tr\/wp-content\/uploads\/2023\/01\/Mini-Motorlu-Vanalar.pdf\" target=\"_blank\" rel=\"noopener\"><button style=\"background-color: #11224b; color: #ffffff; padding: 10px 15px; font-family: montserrat; font-weight: bold; font-size: 19px; border-radius: 10px;\"><img decoding=\"async\" style=\"width: 25px; height: 25px;\" src=\"https:\/\/unox.com.tr\/wp-content\/uploads\/2023\/02\/pdf-1.png\">CATALOGUE DES PRODUITS<\/button><\/a><\/p>\n<p><button style=\"background-color: #11224b; margin-top: 5px; color: white; padding: 0px 15px; width: 150px; height: 55px; border-radius: 10px; border: none; cursor: pointer;\"><br \/>\n<img decoding=\"async\" style=\"width: 120px; height: 30px;\" src=\"https:\/\/unox.com.tr\/wp-content\/uploads\/2023\/02\/4-1.svg\"><\/button><\/p>\n","protected":false},"featured_media":68981,"comment_status":"closed","ping_status":"closed","template":"","meta":[],"product_brand":[],"product_cat":[1004,1020,1121],"product_tag":[],"class_list":{"0":"post-34617","1":"product","2":"type-product","3":"status-publish","4":"has-post-thumbnail","6":"product_cat-vannes-electriques","7":"product_cat-mini-vannes-motorisees","8":"product_cat-vannes-actionnees","10":"first","11":"instock","12":"shipping-taxable","13":"product-type-simple"},"_links":{"self":[{"href":"https:\/\/unox.com.tr\/fr\/wp-json\/wp\/v2\/product\/34617","targetHints":{"allow":["GET"]}}],"collection":[{"href":"https:\/\/unox.com.tr\/fr\/wp-json\/wp\/v2\/product"}],"about":[{"href":"https:\/\/unox.com.tr\/fr\/wp-json\/wp\/v2\/types\/product"}],"replies":[{"embeddable":true,"href":"https:\/\/unox.com.tr\/fr\/wp-json\/wp\/v2\/comments?post=34617"}],"version-history":[{"count":0,"href":"https:\/\/unox.com.tr\/fr\/wp-json\/wp\/v2\/product\/34617\/revisions"}],"wp:featuredmedia":[{"embeddable":true,"href":"https:\/\/unox.com.tr\/fr\/wp-json\/wp\/v2\/media\/68981"}],"wp:attachment":[{"href":"https:\/\/unox.com.tr\/fr\/wp-json\/wp\/v2\/media?parent=34617"}],"wp:term":[{"taxonomy":"product_brand","embeddable":true,"href":"https:\/\/unox.com.tr\/fr\/wp-json\/wp\/v2\/product_brand?post=34617"},{"taxonomy":"product_cat","embeddable":true,"href":"https:\/\/unox.com.tr\/fr\/wp-json\/wp\/v2\/product_cat?post=34617"},{"taxonomy":"product_tag","embeddable":true,"href":"https:\/\/unox.com.tr\/fr\/wp-json\/wp\/v2\/product_tag?post=34617"}],"curies":[{"name":"wp","href":"https:\/\/api.w.org\/{rel}","templated":true}]}}