{"id":34622,"date":"2021-08-11T14:37:11","date_gmt":"2021-08-11T11:37:11","guid":{"rendered":"https:\/\/www.unox.com.tr\/urun\/vanne-de-controle-de-niveau-vanne-a-flotteur-electrique\/"},"modified":"2023-05-12T09:16:51","modified_gmt":"2023-05-12T06:16:51","slug":"vanne-de-controle-de-nivellement-electrique","status":"publish","type":"product","link":"https:\/\/unox.com.tr\/fr\/vanne-de-controle-de-nivellement-electrique\/","title":{"rendered":"Vanne de Contr\u00f4le de Niveau &#8211; Flotteur Electrique"},"content":{"rendered":"<div id=\"ez-toc-container\" class=\"ez-toc-v2_0_82_2 counter-hierarchy ez-toc-counter ez-toc-grey ez-toc-container-direction\">\n<div class=\"ez-toc-title-container\">\n<p class=\"ez-toc-title\" style=\"cursor:inherit\">Sayfa \u0130\u00e7eri\u011fi<\/p>\n<span class=\"ez-toc-title-toggle\"><a href=\"#\" class=\"ez-toc-pull-right ez-toc-btn ez-toc-btn-xs ez-toc-btn-default ez-toc-toggle\" aria-label=\"Toggle Table of Content\"><span class=\"ez-toc-js-icon-con\"><span class=\"\"><span class=\"eztoc-hide\" style=\"display:none;\">Toggle<\/span><span class=\"ez-toc-icon-toggle-span\"><svg style=\"fill: #999;color:#999\" xmlns=\"http:\/\/www.w3.org\/2000\/svg\" class=\"list-377408\" width=\"20px\" height=\"20px\" viewBox=\"0 0 24 24\" fill=\"none\"><path d=\"M6 6H4v2h2V6zm14 0H8v2h12V6zM4 11h2v2H4v-2zm16 0H8v2h12v-2zM4 16h2v2H4v-2zm16 0H8v2h12v-2z\" fill=\"currentColor\"><\/path><\/svg><svg style=\"fill: #999;color:#999\" class=\"arrow-unsorted-368013\" xmlns=\"http:\/\/www.w3.org\/2000\/svg\" width=\"10px\" height=\"10px\" viewBox=\"0 0 24 24\" version=\"1.2\" baseProfile=\"tiny\"><path d=\"M18.2 9.3l-6.2-6.3-6.2 6.3c-.2.2-.3.4-.3.7s.1.5.3.7c.2.2.4.3.7.3h11c.3 0 .5-.1.7-.3.2-.2.3-.5.3-.7s-.1-.5-.3-.7zM5.8 14.7l6.2 6.3 6.2-6.3c.2-.2.3-.5.3-.7s-.1-.5-.3-.7c-.2-.2-.4-.3-.7-.3h-11c-.3 0-.5.1-.7.3-.2.2-.3.5-.3.7s.1.5.3.7z\"\/><\/svg><\/span><\/span><\/span><\/a><\/span><\/div>\n<nav><ul class='ez-toc-list ez-toc-list-level-1 ' ><li class='ez-toc-page-1 ez-toc-heading-level-2'><a class=\"ez-toc-link ez-toc-heading-1\" href=\"https:\/\/unox.com.tr\/fr\/vanne-de-controle-de-nivellement-electrique\/#Quest-ce_quune_vanne_de_controle_de_niveau\" >Qu&rsquo;est-ce qu&rsquo;une vanne de contr\u00f4le de niveau ?<\/a><\/li><li class='ez-toc-page-1 ez-toc-heading-level-2'><a class=\"ez-toc-link ez-toc-heading-2\" href=\"https:\/\/unox.com.tr\/fr\/vanne-de-controle-de-nivellement-electrique\/#Caracteristiques_de_la_vanne_de_controle_de_niveau_a_flotteur_electrique\" >Caract\u00e9ristiques de la vanne de contr\u00f4le de niveau \u00e0 flotteur \u00e9lectrique<\/a><\/li><li class='ez-toc-page-1 ez-toc-heading-level-2'><a class=\"ez-toc-link ez-toc-heading-3\" href=\"https:\/\/unox.com.tr\/fr\/vanne-de-controle-de-nivellement-electrique\/#Manuel_dinstructions\" >Manuel d&rsquo;instructions<\/a><\/li><\/ul><\/nav><\/div>\n<h2><span class=\"ez-toc-section\" id=\"Quest-ce_quune_vanne_de_controle_de_niveau\"><\/span><span style=\"font-size: 22px;\">Qu&rsquo;est-ce qu&rsquo;une vanne de contr\u00f4le de niveau ?<\/span><span class=\"ez-toc-section-end\"><\/span><\/h2>\n<p>Vannes de contr\u00f4le de niveau \u00e0 flotteur, r\u00e9servoirs d&rsquo;eau, r\u00e9servoirs, disjoncteurs de pression, etc. dans les lignes de transmission. sont des vannes de r\u00e9gulation hydrauliques utilis\u00e9es pour contr\u00f4ler le niveau d&rsquo;eau dans les structures qui stockent l&rsquo;eau.  Pour que la vanne principale puisse s&rsquo;ouvrir et se fermer, il doit y avoir un minimum de 7 m\u00e8tres de pression d&rsquo;eau dans le r\u00e9seau existant.<\/p>\n<p>Les \u00e9lectrovannes de commande sont des vannes de commande hydrauliques qui ex\u00e9cutent la fonction marche-arr\u00eat \u00e0 distance en utilisant en pratique l&rsquo;\u00e9nergie \u00e9lectrique.<\/p>\n<p>Il assure la commande d&rsquo;\u00e9lectrovannes de commande au moyen d&rsquo;un dispositif de commande pouvant donner un signal \u00e9lectrique, d&rsquo;unit\u00e9s de commande PLC ou de relais temporis\u00e9s.<\/p>\n<h2><span class=\"ez-toc-section\" id=\"Caracteristiques_de_la_vanne_de_controle_de_niveau_a_flotteur_electrique\"><\/span><span style=\"font-size: 22px;\">Caract\u00e9ristiques de la vanne de contr\u00f4le de niveau \u00e0 flotteur \u00e9lectrique<\/span><span class=\"ez-toc-section-end\"><\/span><\/h2>\n<ul>\n<li>La structure de la vanne de r\u00e9gulation de niveau \u00e0 flotteur \u00e9tant tr\u00e8s simple, son utilisation pr\u00e9sente \u00e9galement un grand avantage pour l&rsquo;utilisateur.<\/li>\n<li>Le flotteur \u00e9lectrique de la vanne est modulaire. Il peut \u00eatre facilement mont\u00e9 sur la structure \u00e0 contr\u00f4ler de niveau dans la forme souhait\u00e9e.<\/li>\n<li>Gr\u00e2ce au flotteur \u00e9lectrique, la plage de contr\u00f4le du niveau peut \u00eatre facilement ajust\u00e9e aux dimensions souhait\u00e9es.<\/li>\n<li>Un dispositif de contr\u00f4le simple est situ\u00e9 entre la vanne principale et le flotteur \u00e9lectrique.<\/li>\n<li>Gr\u00e2ce \u00e0 la vanne \u00e0 bille sur la vanne principale, la fonction marche-arr\u00eat peut \u00eatre contr\u00f4l\u00e9e manuellement.<\/li>\n<li>La vanne fonctionne de mani\u00e8re enti\u00e8rement hydraulique avec la pression de la ligne sans n\u00e9cessiter d&rsquo;\u00e9nergie suppl\u00e9mentaire.<\/li>\n<\/ul>\n<h2><span class=\"ez-toc-section\" id=\"Manuel_dinstructions\"><\/span><span style=\"font-size: 22px;\">Manuel d&rsquo;instructions<\/span><span class=\"ez-toc-section-end\"><\/span><\/h2>\n<ul>\n<li>Installez la vanne en fonction de la fl\u00e8che qui indique le sens du d\u00e9bit.<\/li>\n<li>Pour faciliter l&rsquo;entretien de la vanne, il est recommand\u00e9 d&rsquo;installer des vannes d&rsquo;isolement (vanne, papillon ou \u00e0 bille, etc.) pour couper l&rsquo;eau dans la ligne amont.<\/li>\n<li>Pour que la valve fonctionne efficacement, il est recommand\u00e9 de placer une ventouse devant la valve.<\/li>\n<li>Installez le flotteur \u00e9lectrique de la vanne de contr\u00f4le de niveau avec interrupteur \u00e0 flotteur \u00e9lectrique dans le r\u00e9servoir dans une position fixe.<\/li>\n<li>Raccordez le flotteur \u00e9lectrique et l&rsquo;\u00e9lectrovanne de la vanne principale au dispositif de commande en respectant les valeurs de tension.<\/li>\n<li>Si l&rsquo;unit\u00e9 de commande est correctement connect\u00e9e, la vanne fonctionnera en position automatique.<\/li>\n<li>Les vannes de r\u00e9gulation assurent la fonction marche-arr\u00eat avec la pression du syst\u00e8me. Si la pression du syst\u00e8me est proche de z\u00e9ro pendant le remplissage du r\u00e9servoir, la vanne ne fonctionnera pas. V\u00e9rifiez la valeur de la pression d&rsquo;entr\u00e9e de la valve.<\/li>\n<li>Pour actionner la vanne manuellement, utilisez la vanne de d\u00e9charge \u00e0 bille, indiqu\u00e9e par 3. Si la vanne fonctionne en mode automatique, la vanne \u00e0 bille doit \u00eatre en position ferm\u00e9e.<\/li>\n<li>Pour prot\u00e9ger la vanne du gel pendant les mois d&rsquo;hiver, \u00e9vacuez l&rsquo;eau de l&rsquo;actionneur de la vanne vers l&rsquo;atmosph\u00e8re.<\/li>\n<\/ul>\n<p>&nbsp;<\/p>\n<p><img decoding=\"async\" class=\"alignnone size-medium wp-image-37713\" src=\"https:\/\/unox.com.tr\/wp-content\/themes\/woodmart\/images\/lazy.svg\" data-src=\"https:\/\/unox.com.tr\/wp-content\/uploads\/2021\/08\/flatorlu-300x175.png\" alt=\"\" width=\"300\" height=\"175\" title=\"\" srcset=\"\" data-srcset=\"https:\/\/unox.com.tr\/wp-content\/uploads\/2021\/08\/flatorlu-300x175.png 300w, https:\/\/unox.com.tr\/wp-content\/uploads\/2021\/08\/flatorlu-150x88.png 150w, https:\/\/unox.com.tr\/wp-content\/uploads\/2021\/08\/flatorlu-367x214.png 367w, https:\/\/unox.com.tr\/wp-content\/uploads\/2021\/08\/flatorlu.png 373w\" sizes=\"(max-width: 300px) 100vw, 300px\" \/><\/p>\n<ol>\n<li>Soupape de commande hydraulique<\/li>\n<li>Flotteur<\/li>\n<li>Soupape \u00e0 Pointeau<\/li>\n<li>Vanne \u00e0 Bille<\/li>\n<li>Passoire<\/li>\n<\/ol>\n","protected":false},"excerpt":{"rendered":"<p><a href=\"https:\/\/unox.com.tr\/wp-content\/uploads\/2023\/01\/Elektrik-Flatorlu-Kontrol-Vanasi.pdf\" target=\"_blank\" rel=\"noopener\"><button style=\"background-color: #11224b; color: #ffffff; padding: 10px 15px; font-family: montserrat; font-weight: bold; font-size: 19px; border-radius: 10px;\"><img decoding=\"async\" style=\"width: 25px; height: 25px;\" src=\"https:\/\/unox.com.tr\/wp-content\/uploads\/2023\/02\/pdf-1.png\">CATALOGUE DES PRODUITS<\/button><\/a><\/p>\n<p><button style=\"background-color: #11224b; margin-top: 5px; color: white; padding: 0px 15px; width: 150px; height: 55px; border-radius: 10px; border: none; cursor: pointer;\"><br \/>\n<img decoding=\"async\" style=\"width: 120px; height: 30px;\" src=\"https:\/\/unox.com.tr\/wp-content\/uploads\/2023\/02\/4-1.svg\"><\/button><\/p>\n","protected":false},"featured_media":29596,"comment_status":"open","ping_status":"closed","template":"","meta":{"_joinchat":[]},"product_brand":[],"product_cat":[1073],"product_tag":[],"class_list":{"0":"post-34622","1":"product","2":"type-product","3":"status-publish","4":"has-post-thumbnail","6":"product_cat-vannes-de-controle-hydrauliques","8":"first","9":"instock","10":"shipping-taxable","11":"product-type-simple"},"_links":{"self":[{"href":"https:\/\/unox.com.tr\/fr\/wp-json\/wp\/v2\/product\/34622","targetHints":{"allow":["GET"]}}],"collection":[{"href":"https:\/\/unox.com.tr\/fr\/wp-json\/wp\/v2\/product"}],"about":[{"href":"https:\/\/unox.com.tr\/fr\/wp-json\/wp\/v2\/types\/product"}],"replies":[{"embeddable":true,"href":"https:\/\/unox.com.tr\/fr\/wp-json\/wp\/v2\/comments?post=34622"}],"version-history":[{"count":0,"href":"https:\/\/unox.com.tr\/fr\/wp-json\/wp\/v2\/product\/34622\/revisions"}],"wp:featuredmedia":[{"embeddable":true,"href":"https:\/\/unox.com.tr\/fr\/wp-json\/wp\/v2\/media\/29596"}],"wp:attachment":[{"href":"https:\/\/unox.com.tr\/fr\/wp-json\/wp\/v2\/media?parent=34622"}],"wp:term":[{"taxonomy":"product_brand","embeddable":true,"href":"https:\/\/unox.com.tr\/fr\/wp-json\/wp\/v2\/product_brand?post=34622"},{"taxonomy":"product_cat","embeddable":true,"href":"https:\/\/unox.com.tr\/fr\/wp-json\/wp\/v2\/product_cat?post=34622"},{"taxonomy":"product_tag","embeddable":true,"href":"https:\/\/unox.com.tr\/fr\/wp-json\/wp\/v2\/product_tag?post=34622"}],"curies":[{"name":"wp","href":"https:\/\/api.w.org\/{rel}","templated":true}]}}