{"id":35800,"date":"2022-11-02T07:26:45","date_gmt":"2022-11-02T07:26:45","guid":{"rendered":"https:\/\/www.unox.com.tr\/?post_type=product&#038;p=35800"},"modified":"2022-11-02T07:26:46","modified_gmt":"2022-11-02T07:26:46","slug":"vanne-papillon-en-acier-inoxydable-de-qualite-alimentaire","status":"publish","type":"product","link":"https:\/\/unox.com.tr\/fr\/vanne-papillon-en-acier-inoxydable-de-qualite-alimentaire\/","title":{"rendered":"Vanne papillon en acier inoxydable de qualit\u00e9 alimentaire"},"content":{"rendered":"<h3>Vanne papillon en acier inoxydable de qualit\u00e9 alimentaire<\/h3>\n<p><strong>Vanne papillon en acier inoxydable de qualit\u00e9 alimentaire, le contr\u00f4le s&rsquo;effectue de deux mani\u00e8res :<\/strong><br \/>\n&#8211; Commande tout ou rien et commande proportionnelle.<br \/>\n\u2756 Les profil\u00e9s en aluminium sont tr\u00e8s r\u00e9sistants \u00e0 la corrosion interne et externe, ils ont une longue dur\u00e9e de vie et un faible coefficient de friction.<br \/>\nsurface du cylindre obtenue par une technique d&rsquo;usinage de pr\u00e9cision<br \/>\n\u2756 Position de montage sym\u00e9trique et facile ; fonctionnement rapide et en m\u00eame temps, les pistons peuvent \u00eatre invers\u00e9s en rempla\u00e7ant simplement les pistons.<br \/>\nPistons compacts en alliage d&rsquo;aluminium sp\u00e9cial, permettant un fonctionnement directionnel.<br \/>\n\u2756 Sur demande, il peut \u00eatre mont\u00e9 \u00e0 des angles de 45\u00b0- 90\u00b0 et en m\u00eame temps avec une course de piston dans chaque angle de montage.<br \/>\npignon sym\u00e9trique, r\u00e9sistant \u00e0 la corrosion, en acier de haute qualit\u00e9.<\/p>\n<p>\u2756 Temps d&rsquo;ouverture et de fermeture les plus courts, faible coefficient de friction, minimisant l&rsquo;abrasion des surfaces de friction,<br \/>\n\u00e9l\u00e9ments de roulement en plastique dur industriel.<br \/>\n\u2756 Piston et pignon, silencieux, compatibles, ouverts dans des machines de pr\u00e9cision avec une technique de traitement sp\u00e9ciale pour fonctionner \u00e0 une efficacit\u00e9 maximale.<br \/>\nles engrenages du module.<br \/>\n\u2756 Fixations en acier inoxydable r\u00e9sistant \u00e0 la corrosion \u00e0 long terme.<br \/>\n\u2756 Conformit\u00e9 totale avec les derni\u00e8res sp\u00e9cifications. Montage et d\u00e9montage faciles des sol\u00e9no\u00efdes, des interrupteurs de fin de course et d&rsquo;autres accessoires.<br \/>\nNormes ISI 5211, DIN 3337 et VDI\/VDE 3845NAMUR et normes d&rsquo;interchangeabilit\u00e9 des produits<br \/>\nest conforme aux normes.<\/p>\n","protected":false},"excerpt":{"rendered":"<p><a href=\"https:\/\/www.unox.com.tr\/wp-content\/uploads\/2022\/08\/pnomatik-aktuatorler.pdf\" target=\"_blank\" rel=\"noopener\"><img decoding=\"async\" class=\"alignnone wp-image-9151 size-full\" src=\"https:\/\/unox.com.tr\/wp-content\/themes\/woodmart\/images\/lazy.svg\" data-src=\"https:\/\/www.unox.com.tr\/wp-content\/uploads\/2021\/09\/KULLANIM-TALIMATI-2-e1645447575328.png\" alt=\"\" width=\"200\" height=\"40\" \/><\/a><\/p>\n<p><img decoding=\"async\" class=\"alignnone wp-image-6828\" src=\"https:\/\/unox.com.tr\/wp-content\/themes\/woodmart\/images\/lazy.svg\" data-src=\"https:\/\/www.unox.com.tr\/wp-content\/uploads\/2021\/06\/suluk-havalik-buharlik.png\" alt=\"\" width=\"200\" height=\"75\" \/><\/p>\n","protected":false},"featured_media":34345,"comment_status":"open","ping_status":"closed","template":"","meta":{"_joinchat":[]},"product_brand":[],"product_cat":[1186,1106],"product_tag":[],"class_list":{"0":"post-35800","1":"product","2":"type-product","3":"status-publish","4":"has-post-thumbnail","6":"product_cat-accessoires-pour-actionneurs-pneumatiques","7":"product_cat-vannes-pneumatiques","9":"first","10":"instock","11":"shipping-taxable","12":"product-type-simple"},"_links":{"self":[{"href":"https:\/\/unox.com.tr\/fr\/wp-json\/wp\/v2\/product\/35800","targetHints":{"allow":["GET"]}}],"collection":[{"href":"https:\/\/unox.com.tr\/fr\/wp-json\/wp\/v2\/product"}],"about":[{"href":"https:\/\/unox.com.tr\/fr\/wp-json\/wp\/v2\/types\/product"}],"replies":[{"embeddable":true,"href":"https:\/\/unox.com.tr\/fr\/wp-json\/wp\/v2\/comments?post=35800"}],"version-history":[{"count":0,"href":"https:\/\/unox.com.tr\/fr\/wp-json\/wp\/v2\/product\/35800\/revisions"}],"wp:featuredmedia":[{"embeddable":true,"href":"https:\/\/unox.com.tr\/fr\/wp-json\/wp\/v2\/media\/34345"}],"wp:attachment":[{"href":"https:\/\/unox.com.tr\/fr\/wp-json\/wp\/v2\/media?parent=35800"}],"wp:term":[{"taxonomy":"product_brand","embeddable":true,"href":"https:\/\/unox.com.tr\/fr\/wp-json\/wp\/v2\/product_brand?post=35800"},{"taxonomy":"product_cat","embeddable":true,"href":"https:\/\/unox.com.tr\/fr\/wp-json\/wp\/v2\/product_cat?post=35800"},{"taxonomy":"product_tag","embeddable":true,"href":"https:\/\/unox.com.tr\/fr\/wp-json\/wp\/v2\/product_tag?post=35800"}],"curies":[{"name":"wp","href":"https:\/\/api.w.org\/{rel}","templated":true}]}}