{"id":55132,"date":"2023-01-12T07:00:52","date_gmt":"2023-01-12T04:00:52","guid":{"rendered":"https:\/\/unox.com.tr\/urun\/actionneur-electrique-domestique-rotatif\/"},"modified":"2023-01-12T07:00:52","modified_gmt":"2023-01-12T04:00:52","slug":"actionneur-electrique-domestique-rotatif","status":"publish","type":"product","link":"https:\/\/unox.com.tr\/fr\/actionneur-electrique-domestique-rotatif\/","title":{"rendered":"Actionneur Electrique Domestique Rotatif"},"content":{"rendered":"<h2>Qu&rsquo;est-ce qu&rsquo;un actionneur \u00e9lectrique domestique rotatif ?<\/h2>\n<p>Un actionneur \u00e9lectrique domestique rotatif est un type d&rsquo;appareil qui utilise un moteur \u00e9lectrique pour faire tourner un arbre ou un autre composant m\u00e9canique de mani\u00e8re contr\u00f4l\u00e9e. G\u00e9n\u00e9ralement class\u00e9s par types d&rsquo;entra\u00eenement, qui peuvent \u00eatre lin\u00e9aires ou rotatifs. Les actionneurs \u00e9lectriques lin\u00e9aires utilisent un moteur lin\u00e9aire pour entra\u00eener un piston ou un autre composant lin\u00e9aire, tandis que les actionneurs \u00e9lectriques rotatifs utilisent un moteur rotatif pour faire tourner un arbre ou un autre composant rotatif.<\/p>\n<p>Les actionneurs \u00e9lectriques rotatifs peuvent \u00eatre class\u00e9s en fonction de leur conception, tels que les actionneurs \u00e0 vis \u00e0 billes, les actionneurs \u00e0 courroie et les actionneurs \u00e0 engrenages. Ils peuvent \u00e9galement \u00eatre class\u00e9s par leur source d&rsquo;alimentation, comme les moteurs \u00e0 courant alternatif ou \u00e0 courant continu, ou par des m\u00e9thodes de contr\u00f4le telles que le contr\u00f4le en boucle ouverte ou en boucle ferm\u00e9e.<\/p>\n<h2>O\u00f9 l&rsquo;actionneur \u00e9lectrique domestique rotatif est-il utilis\u00e9 ?<\/h2>\n<p>Il est largement utilis\u00e9 dans une vari\u00e9t\u00e9 d&rsquo;applications, y compris l&rsquo;automatisation, la manutention et le contr\u00f4le de processus en raison de sa capacit\u00e9 \u00e0 fournir un contr\u00f4le de mouvement pr\u00e9cis et reproductible. De plus, ils sont souvent pr\u00e9f\u00e9r\u00e9s aux actionneurs hydrauliques ou pneumatiques car ils sont plus \u00e9conomes en \u00e9nergie et n\u00e9cessitent moins d&rsquo;entretien. Il est souvent utilis\u00e9 pour contr\u00f4ler le mouvement des vannes, des vannes, des volets et d&rsquo;autres composants m\u00e9caniques dans diverses industries, notamment la fabrication, l&rsquo;automobile, l&rsquo;a\u00e9rospatiale, etc.<\/p>\n<h2><span class=\"ez-toc-section\" id=\"Structure_generale\"><\/span>Structure g\u00e9n\u00e9rale<span class=\"ez-toc-section-end\"><\/span><\/h2>\n<p>Actionneurs \u00e9lectriques ; Il se compose d&rsquo;un moteur triphas\u00e9, d&rsquo;un r\u00e9gulateur de vitesse, d&rsquo;un contr\u00f4le de couple, d&rsquo;un indicateur d&rsquo;ouverture de contr\u00f4le de course, d&rsquo;interrupteurs \u00e9lectriques manuels, d&rsquo;un engrenage manuel et de pi\u00e8ces \u00e9lectriques. Il existe deux types, 24V DC, 220V AC.<\/p>\n<h2><span class=\"ez-toc-section\" id=\"Reglage_du_couple\"><\/span>R\u00e9glage du couple<span class=\"ez-toc-section-end\"><\/span><\/h2>\n<p>L&rsquo;actionneur contient un m\u00e9canisme de couple r\u00e9glable m\u00e9caniquement. Les r\u00e9glages de contr\u00f4le de couple n\u00e9cessaires ont \u00e9t\u00e9 effectu\u00e9s en usine. Cependant, si un r\u00e9glage est encore n\u00e9cessaire, il peut \u00eatre effectu\u00e9 m\u00e9caniquement.<\/p>\n<h2><span class=\"ez-toc-section\" id=\"Caracteristiques_du_Produit\"><\/span><span style=\"font-size: 22px;\">Caract\u00e9ristiques du Produit<\/span><span class=\"ez-toc-section-end\"><\/span><\/h2>\n<ul>\n<li><strong>Corps<\/strong> : Aluminium<\/li>\n<li><strong>Classe de protection<\/strong> : IP 67<\/li>\n<li><strong>Temp\u00e9rature de Fonctionnement<\/strong> : -10 \/ +80\u00b0C<\/li>\n<li><strong>Source d&rsquo;\u00e9nergie:<\/strong> 85-265 V AC \/ 24 V DC<\/li>\n<li><strong>Signal de contr\u00f4le<\/strong> : Contr\u00f4le marche-arr\u00eat 24 V DC<\/li>\n<li><strong>Temps de travail<\/strong> : 8-10 sec.<\/li>\n<li><strong>Temp\u00e9rature Ambiante<\/strong> : -20&#8230;.+60\u00b0C<\/li>\n<li><strong>Commande Manuelle<\/strong> : Volant<\/li>\n<li><strong>Indicateur de position<\/strong> : marche\/arr\u00eat continu<\/li>\n<li><strong>Moteur<\/strong> : Moteur \u00e0 balais 24 V CC 6 W<\/li>\n<li><strong>Connexion<\/strong> : ISO 5211<\/li>\n<li><strong>Connexion Electrique<\/strong> : 1\/2\u2033 \u00e9tanche \u00e0 l&rsquo;eau<\/li>\n<\/ul>\n<p>Nos gammes d&rsquo;actionneurs \u00e9lectriques UNOX ; Vanne papillon actionn\u00e9e, vanne \u00e0 bille actionn\u00e9e et vanne \u00e0 actionnement \u00e9lectrique lin\u00e9aire, mini vannes \u00e0 bille actionn\u00e9es \u00e9lectriquement.<\/p>\n","protected":false},"excerpt":{"rendered":"<p><button style=\"background-color: #11224b; color: #ffffff; padding: 10px 15px; font-family: montserrat; font-weight: bold; font-size: 19px; border-radius: 10px;\"><img decoding=\"async\" style=\"width: 25px; height: 25px;\" src=\"https:\/\/unox.com.tr\/wp-content\/uploads\/2023\/02\/pdf-1.png\">CATALOGUE DES PRODUITS<\/button><\/p>\n<p><button style=\"background-color: #11224b; margin-top: 5px; color: white; padding: 0px 15px; width: 150px; height: 55px; border-radius: 10px; border: none; cursor: pointer;\"><br \/>\n<img decoding=\"async\" style=\"width: 120px; height: 30px;\" src=\"https:\/\/unox.com.tr\/wp-content\/uploads\/2023\/02\/4-1.svg\"><\/button><\/p>\n","protected":false},"featured_media":43012,"comment_status":"open","ping_status":"closed","template":"","meta":[],"product_brand":[],"product_cat":[1576,1010],"product_tag":[],"class_list":{"0":"post-55132","1":"product","2":"type-product","3":"status-publish","4":"has-post-thumbnail","6":"product_cat-actionneurs","7":"product_cat-actionneurs-electriques","9":"first","10":"instock","11":"shipping-taxable","12":"product-type-simple"},"_links":{"self":[{"href":"https:\/\/unox.com.tr\/fr\/wp-json\/wp\/v2\/product\/55132","targetHints":{"allow":["GET"]}}],"collection":[{"href":"https:\/\/unox.com.tr\/fr\/wp-json\/wp\/v2\/product"}],"about":[{"href":"https:\/\/unox.com.tr\/fr\/wp-json\/wp\/v2\/types\/product"}],"replies":[{"embeddable":true,"href":"https:\/\/unox.com.tr\/fr\/wp-json\/wp\/v2\/comments?post=55132"}],"version-history":[{"count":0,"href":"https:\/\/unox.com.tr\/fr\/wp-json\/wp\/v2\/product\/55132\/revisions"}],"wp:featuredmedia":[{"embeddable":true,"href":"https:\/\/unox.com.tr\/fr\/wp-json\/wp\/v2\/media\/43012"}],"wp:attachment":[{"href":"https:\/\/unox.com.tr\/fr\/wp-json\/wp\/v2\/media?parent=55132"}],"wp:term":[{"taxonomy":"product_brand","embeddable":true,"href":"https:\/\/unox.com.tr\/fr\/wp-json\/wp\/v2\/product_brand?post=55132"},{"taxonomy":"product_cat","embeddable":true,"href":"https:\/\/unox.com.tr\/fr\/wp-json\/wp\/v2\/product_cat?post=55132"},{"taxonomy":"product_tag","embeddable":true,"href":"https:\/\/unox.com.tr\/fr\/wp-json\/wp\/v2\/product_tag?post=55132"}],"curies":[{"name":"wp","href":"https:\/\/api.w.org\/{rel}","templated":true}]}}