{"id":55133,"date":"2023-01-05T06:32:28","date_gmt":"2023-01-05T03:32:28","guid":{"rendered":"https:\/\/unox.com.tr\/urun\/vanne-papillon-a-commande-pneumatique-u-pvc\/"},"modified":"2023-01-05T06:32:28","modified_gmt":"2023-01-05T03:32:28","slug":"vanne-papillon-a-commande-pneumatique-u-pvc","status":"publish","type":"product","link":"https:\/\/unox.com.tr\/fr\/vanne-papillon-a-commande-pneumatique-u-pvc\/","title":{"rendered":"Vanne Papillon \u00e0 Commande Pneumatique U-PVC"},"content":{"rendered":"<div id=\"ez-toc-container\" class=\"ez-toc-v2_0_82_2 counter-hierarchy ez-toc-counter ez-toc-grey ez-toc-container-direction\">\n<div class=\"ez-toc-title-container\">\n<p class=\"ez-toc-title\" style=\"cursor:inherit\">Sayfa \u0130\u00e7eri\u011fi<\/p>\n<span class=\"ez-toc-title-toggle\"><a href=\"#\" class=\"ez-toc-pull-right ez-toc-btn ez-toc-btn-xs ez-toc-btn-default ez-toc-toggle\" aria-label=\"Toggle Table of Content\"><span class=\"ez-toc-js-icon-con\"><span class=\"\"><span class=\"eztoc-hide\" style=\"display:none;\">Toggle<\/span><span class=\"ez-toc-icon-toggle-span\"><svg style=\"fill: #999;color:#999\" xmlns=\"http:\/\/www.w3.org\/2000\/svg\" class=\"list-377408\" width=\"20px\" height=\"20px\" viewBox=\"0 0 24 24\" fill=\"none\"><path d=\"M6 6H4v2h2V6zm14 0H8v2h12V6zM4 11h2v2H4v-2zm16 0H8v2h12v-2zM4 16h2v2H4v-2zm16 0H8v2h12v-2z\" fill=\"currentColor\"><\/path><\/svg><svg style=\"fill: #999;color:#999\" class=\"arrow-unsorted-368013\" xmlns=\"http:\/\/www.w3.org\/2000\/svg\" width=\"10px\" height=\"10px\" viewBox=\"0 0 24 24\" version=\"1.2\" baseProfile=\"tiny\"><path d=\"M18.2 9.3l-6.2-6.3-6.2 6.3c-.2.2-.3.4-.3.7s.1.5.3.7c.2.2.4.3.7.3h11c.3 0 .5-.1.7-.3.2-.2.3-.5.3-.7s-.1-.5-.3-.7zM5.8 14.7l6.2 6.3 6.2-6.3c.2-.2.3-.5.3-.7s-.1-.5-.3-.7c-.2-.2-.4-.3-.7-.3h-11c-.3 0-.5.1-.7.3-.2.2-.3.5-.3.7s.1.5.3.7z\"\/><\/svg><\/span><\/span><\/span><\/a><\/span><\/div>\n<nav><ul class='ez-toc-list ez-toc-list-level-1 ' ><li class='ez-toc-page-1 ez-toc-heading-level-2'><a class=\"ez-toc-link ez-toc-heading-1\" href=\"https:\/\/unox.com.tr\/fr\/vanne-papillon-a-commande-pneumatique-u-pvc\/#Quest-ce_quune_vanne_papillon_a_commande_pneumatique_U-PVC\" >Qu&rsquo;est-ce qu&rsquo;une vanne papillon \u00e0 commande pneumatique U-PVC?<\/a><\/li><li class='ez-toc-page-1 ez-toc-heading-level-2'><a class=\"ez-toc-link ez-toc-heading-2\" href=\"https:\/\/unox.com.tr\/fr\/vanne-papillon-a-commande-pneumatique-u-pvc\/#Ou_la_vanne_papillon_U-PVC_a_commande_pneumatique_est-elle_utilisee\" >O\u00f9 la vanne papillon U-PVC \u00e0 commande pneumatique est-elle utilis\u00e9e ?<\/a><\/li><\/ul><\/nav><\/div>\n<h2><span class=\"ez-toc-section\" id=\"Quest-ce_quune_vanne_papillon_a_commande_pneumatique_U-PVC\"><\/span><span style=\"font-size: 22px;\">Qu&rsquo;est-ce qu&rsquo;une vanne papillon \u00e0 commande pneumatique U-PVC?<\/span><span class=\"ez-toc-section-end\"><\/span><\/h2>\n<p>La vanne papillon en kit U-PVC (chlorure de polyvinyle non plastifi\u00e9) avec actionneur pneumatique est un type de vanne papillon contr\u00f4l\u00e9e par une pression pneumatique (air) et est constitu\u00e9e d&rsquo;un type de plastique appel\u00e9 PVC. C&rsquo;est-\u00e0-dire qu&rsquo;il a un \u00e9l\u00e9ment de fermeture en forme de disque tournant \u00e0 l&rsquo;int\u00e9rieur du corps de vanne pour ouvrir et fermer l&rsquo;\u00e9coulement de fluide depuis la vanne.<\/p>\n<p>Dans les vannes papillon en U-PVC \u00e0 actionnement pneumatique, le disque est reli\u00e9 \u00e0 un arbre s&rsquo;\u00e9tendant vers l&rsquo;ext\u00e9rieur depuis le corps de la vanne. Lorsque la pression d&rsquo;air est appliqu\u00e9e \u00e0 la tige, elle fait tourner le disque et ouvre et ferme la vanne. Le mat\u00e9riau U-PVC est un type de plastique couramment utilis\u00e9 dans la construction de vannes papillon en raison de sa r\u00e9sistance \u00e0 la corrosion et de son co\u00fbt relativement faible.<\/p>\n<h2><span class=\"ez-toc-section\" id=\"Ou_la_vanne_papillon_U-PVC_a_commande_pneumatique_est-elle_utilisee\"><\/span><span style=\"font-size: 22px;\">O\u00f9 la vanne papillon U-PVC \u00e0 commande pneumatique est-elle utilis\u00e9e ?<\/span><span class=\"ez-toc-section-end\"><\/span><\/h2>\n<ul>\n<li>Il est souvent utilis\u00e9 dans les stations d&rsquo;\u00e9puration pour contr\u00f4ler le d\u00e9bit d&rsquo;eau lors de diverses \u00e9tapes de traitement telles que la filtration et la d\u00e9sinfection.<\/li>\n<li>Les vannes papillon U-PVC r\u00e9sistent \u00e0 de nombreux produits chimiques, ce qui en fait un bon choix pour une utilisation dans les usines de traitement chimique o\u00f9 des mat\u00e9riaux corrosifs sont pr\u00e9sents.<\/li>\n<li>Il est utilis\u00e9 dans l&rsquo;industrie alimentaire et des boissons pour contr\u00f4ler le d\u00e9bit de liquides et de gaz tels que l&rsquo;air ou la vapeur dans les canalisations.<\/li>\n<li>Il est utilis\u00e9 pour contr\u00f4ler le d\u00e9bit d&rsquo;air dans les conduits et les \u00e9vents des syst\u00e8mes de chauffage, de ventilation et de climatisation (CVC).<\/li>\n<li>Il est utilis\u00e9 dans les syst\u00e8mes d&rsquo;irrigation agricole pour contr\u00f4ler le d\u00e9bit d&rsquo;eau vers les champs et les cultures.<\/li>\n<li>Il est utilis\u00e9 pour contr\u00f4ler le d\u00e9bit d&rsquo;eau dans les tuyaux et les raccords des syst\u00e8mes de plomberie.<\/li>\n<li>Il est \u00e9galement utilis\u00e9 dans diverses autres applications industrielles telles que la production de p\u00e9trole et de gaz, la production pharmaceutique et les centrales \u00e9lectriques.<\/li>\n<\/ul>\n<p><strong>Les caract\u00e9ristiques g\u00e9n\u00e9rales du poly\u00e9thyl\u00e8ne sont les suivantes :<\/strong><\/p>\n<ul>\n<li>C&rsquo;est solide<\/li>\n<li>R\u00e9sistant aux acides, bases et solvants<\/li>\n<li>Les propri\u00e9t\u00e9s di\u00e9lectriques sont sup\u00e9rieures<\/li>\n<li>Il est r\u00e9sistant aux conditions environnementales.<\/li>\n<\/ul>\n","protected":false},"excerpt":{"rendered":"<p><button style=\"background-color: #11224b; color: #ffffff; padding: 10px 15px; font-family: montserrat; font-weight: bold; font-size: 19px; border-radius: 10px;\"><img decoding=\"async\" style=\"width: 25px; height: 25px;\" src=\"https:\/\/unox.com.tr\/wp-content\/uploads\/2023\/02\/pdf-1.png\">CATALOGUE DES PRODUITS<\/button><\/p>\n<p><button style=\"background-color: #11224b; margin-top: 5px; color: white; padding: 0px 15px; width: 150px; height: 55px; border-radius: 10px; border: none; cursor: pointer;\"><br \/>\n<img decoding=\"async\" style=\"width: 120px; height: 30px;\" src=\"https:\/\/unox.com.tr\/wp-content\/uploads\/2023\/02\/4-1.svg\"><\/button><\/p>\n","protected":false},"featured_media":42817,"comment_status":"open","ping_status":"closed","template":"","meta":[],"product_brand":[],"product_cat":[1120,1121,1106],"product_tag":[],"class_list":{"0":"post-55133","1":"product","2":"type-product","3":"status-publish","4":"has-post-thumbnail","6":"product_cat-vannes-a-actionnement-pneumatique","7":"product_cat-vannes-actionnees","8":"product_cat-vannes-pneumatiques","10":"first","11":"instock","12":"shipping-taxable","13":"product-type-simple"},"_links":{"self":[{"href":"https:\/\/unox.com.tr\/fr\/wp-json\/wp\/v2\/product\/55133","targetHints":{"allow":["GET"]}}],"collection":[{"href":"https:\/\/unox.com.tr\/fr\/wp-json\/wp\/v2\/product"}],"about":[{"href":"https:\/\/unox.com.tr\/fr\/wp-json\/wp\/v2\/types\/product"}],"replies":[{"embeddable":true,"href":"https:\/\/unox.com.tr\/fr\/wp-json\/wp\/v2\/comments?post=55133"}],"version-history":[{"count":0,"href":"https:\/\/unox.com.tr\/fr\/wp-json\/wp\/v2\/product\/55133\/revisions"}],"wp:featuredmedia":[{"embeddable":true,"href":"https:\/\/unox.com.tr\/fr\/wp-json\/wp\/v2\/media\/42817"}],"wp:attachment":[{"href":"https:\/\/unox.com.tr\/fr\/wp-json\/wp\/v2\/media?parent=55133"}],"wp:term":[{"taxonomy":"product_brand","embeddable":true,"href":"https:\/\/unox.com.tr\/fr\/wp-json\/wp\/v2\/product_brand?post=55133"},{"taxonomy":"product_cat","embeddable":true,"href":"https:\/\/unox.com.tr\/fr\/wp-json\/wp\/v2\/product_cat?post=55133"},{"taxonomy":"product_tag","embeddable":true,"href":"https:\/\/unox.com.tr\/fr\/wp-json\/wp\/v2\/product_tag?post=55133"}],"curies":[{"name":"wp","href":"https:\/\/api.w.org\/{rel}","templated":true}]}}