{"id":55134,"date":"2023-01-02T11:49:40","date_gmt":"2023-01-02T11:49:40","guid":{"rendered":"https:\/\/unox.com.tr\/urun\/d-40-hygrostat-dambiance\/"},"modified":"2023-01-02T11:49:40","modified_gmt":"2023-01-02T08:49:40","slug":"d-40-hygrostat-dambiance","status":"publish","type":"product","link":"https:\/\/unox.com.tr\/fr\/d-40-hygrostat-dambiance\/","title":{"rendered":"D 40 Hygrostat d&rsquo;ambiance"},"content":{"rendered":"<div id=\"ez-toc-container\" class=\"ez-toc-v2_0_82_2 counter-hierarchy ez-toc-counter ez-toc-grey ez-toc-container-direction\">\n<div class=\"ez-toc-title-container\">\n<p class=\"ez-toc-title\" style=\"cursor:inherit\">Sayfa \u0130\u00e7eri\u011fi<\/p>\n<span class=\"ez-toc-title-toggle\"><a href=\"#\" class=\"ez-toc-pull-right ez-toc-btn ez-toc-btn-xs ez-toc-btn-default ez-toc-toggle\" aria-label=\"Toggle Table of Content\"><span class=\"ez-toc-js-icon-con\"><span class=\"\"><span class=\"eztoc-hide\" style=\"display:none;\">Toggle<\/span><span class=\"ez-toc-icon-toggle-span\"><svg style=\"fill: #999;color:#999\" xmlns=\"http:\/\/www.w3.org\/2000\/svg\" class=\"list-377408\" width=\"20px\" height=\"20px\" viewBox=\"0 0 24 24\" fill=\"none\"><path d=\"M6 6H4v2h2V6zm14 0H8v2h12V6zM4 11h2v2H4v-2zm16 0H8v2h12v-2zM4 16h2v2H4v-2zm16 0H8v2h12v-2z\" fill=\"currentColor\"><\/path><\/svg><svg style=\"fill: #999;color:#999\" class=\"arrow-unsorted-368013\" xmlns=\"http:\/\/www.w3.org\/2000\/svg\" width=\"10px\" height=\"10px\" viewBox=\"0 0 24 24\" version=\"1.2\" baseProfile=\"tiny\"><path d=\"M18.2 9.3l-6.2-6.3-6.2 6.3c-.2.2-.3.4-.3.7s.1.5.3.7c.2.2.4.3.7.3h11c.3 0 .5-.1.7-.3.2-.2.3-.5.3-.7s-.1-.5-.3-.7zM5.8 14.7l6.2 6.3 6.2-6.3c.2-.2.3-.5.3-.7s-.1-.5-.3-.7c-.2-.2-.4-.3-.7-.3h-11c-.3 0-.5.1-.7.3-.2.2-.3.5-.3.7s.1.5.3.7z\"\/><\/svg><\/span><\/span><\/span><\/a><\/span><\/div>\n<nav><ul class='ez-toc-list ez-toc-list-level-1 ' ><li class='ez-toc-page-1 ez-toc-heading-level-2'><a class=\"ez-toc-link ez-toc-heading-1\" href=\"https:\/\/unox.com.tr\/fr\/d-40-hygrostat-dambiance\/#Quest-ce_quun_hygrostat_dambiance\" >Qu&rsquo;est-ce qu&rsquo;un hygrostat d&rsquo;ambiance ?<\/a><\/li><li class='ez-toc-page-1 ez-toc-heading-level-2'><a class=\"ez-toc-link ez-toc-heading-2\" href=\"https:\/\/unox.com.tr\/fr\/d-40-hygrostat-dambiance\/#Caracteristiques_Generales\" >Caract\u00e9ristiques G\u00e9n\u00e9rales<\/a><\/li><li class='ez-toc-page-1 ez-toc-heading-level-2'><a class=\"ez-toc-link ez-toc-heading-3\" href=\"https:\/\/unox.com.tr\/fr\/d-40-hygrostat-dambiance\/#Caracteristiques_Electriques\" >Caract\u00e9ristiques Electriques<\/a><\/li><\/ul><\/nav><\/div>\n<h2><span class=\"ez-toc-section\" id=\"Quest-ce_quun_hygrostat_dambiance\"><\/span><span style=\"font-size: 22px;\">Qu&rsquo;est-ce qu&rsquo;un hygrostat d&rsquo;ambiance ?<\/span><span class=\"ez-toc-section-end\"><\/span><\/h2>\n<p>Un hygrostat d&rsquo;ambiance est un appareil qui mesure l&rsquo;humidit\u00e9 d&rsquo;une pi\u00e8ce et la maintient au niveau souhait\u00e9. L&rsquo;hygrostat mesure l&rsquo;humidit\u00e9 dans la pi\u00e8ce \u00e0 l&rsquo;aide de capteurs d&rsquo;humidit\u00e9 et utilise ces donn\u00e9es pour prendre les mesures appropri\u00e9es pour maintenir l&rsquo;humidit\u00e9 au niveau souhait\u00e9. Par exemple, si l&rsquo;humidit\u00e9 de l&rsquo;hygrostat est trop \u00e9lev\u00e9e, il fera fonctionner un refroidisseur tel qu&rsquo;un r\u00e9frig\u00e9rateur ou fera fonctionner l&rsquo;\u00e9vaporateur pour r\u00e9duire l&rsquo;humidit\u00e9. Si l&rsquo;humidit\u00e9 de l&rsquo;hygrostat est trop basse, l&rsquo;humidificateur fera fonctionner l&rsquo;appareil, augmentant l&rsquo;humidit\u00e9. Une humidit\u00e9 faible ou \u00e9lev\u00e9e peut causer de l&rsquo;inconfort ou des probl\u00e8mes de sant\u00e9, c&rsquo;est pourquoi l&rsquo;utilisation d&rsquo;hygrostats est tr\u00e8s utile.<\/p>\n<h2><span class=\"ez-toc-section\" id=\"Caracteristiques_Generales\"><\/span><span class=\"subTitle\" style=\"font-size: 22px;\">Caract\u00e9ristiques G\u00e9n\u00e9rales<\/span><span class=\"ez-toc-section-end\"><\/span><\/h2>\n<div class=\"prod-text-cnt\">\n<div class=\"twoCol\">\n<ul>\n<li>Indicateur LED : \u00ab\u00a0On\u00a0\u00bb lorsque l&rsquo;humidit\u00e9 ambiante est sup\u00e9rieure \u00e0 la valeur d\u00e9finie.<\/li>\n<li>Bo\u00eetier en mat\u00e9riau thermoplastique VO autoextinguible et antichoc.<\/li>\n<li>Poids unitaire : 0,16 kg.<\/li>\n<\/ul>\n<\/div>\n<div>\n<h2><span class=\"ez-toc-section\" id=\"Caracteristiques_Electriques\"><\/span><span class=\"subsubTitle\" style=\"font-size: 22px;\">Caract\u00e9ristiques Electriques<\/span><span class=\"ez-toc-section-end\"><\/span><\/h2>\n<ul>\n<li>Alimentation : 230Vac 50Hz.<\/li>\n<li>La puissance maximale dissip\u00e9e est de 2VA.<\/li>\n<li>Contact : 6(3)A 250 Vca.<\/li>\n<li>Type de mouvement : 1B (sans lien Micro)<\/li>\n<li>Contacts de commutation sans tension.<\/li>\n<\/ul>\n<\/div>\n<\/div>\n","protected":false},"excerpt":{"rendered":"<p><a href=\"https:\/\/unox.com.tr\/wp-content\/uploads\/2022\/07\/d40-en-technical-data-sheet.pdf\" target=\"_blank\" rel=\"noopener\"><button style=\"background-color: #11224b; color: #ffffff; padding: 10px 15px; font-family: montserrat; font-weight: bold; font-size: 19px; border-radius: 10px;\"><img decoding=\"async\" style=\"width: 25px; height: 25px;\" src=\"https:\/\/unox.com.tr\/wp-content\/uploads\/2023\/02\/pdf-1.png\">CATALOGUE DES PRODUITS<\/button><\/a><\/p>\n<p><button style=\"background-color: #11224b; margin-top: 5px; color: white; padding: 0px 15px; width: 150px; height: 55px; border-radius: 10px; border: none; cursor: pointer;\"><br \/>\n<img decoding=\"async\" style=\"width: 120px; height: 30px;\" src=\"https:\/\/unox.com.tr\/wp-content\/uploads\/2023\/02\/4-1.svg\"><\/button><\/p>\n","protected":false},"featured_media":42259,"comment_status":"open","ping_status":"closed","template":"","meta":{"_joinchat":[]},"product_brand":[],"product_cat":[1592],"product_tag":[],"class_list":{"0":"post-55134","1":"product","2":"type-product","3":"status-publish","4":"has-post-thumbnail","6":"product_cat-fantini-cosmi-fr","8":"first","9":"instock","10":"shipping-taxable","11":"product-type-simple"},"_links":{"self":[{"href":"https:\/\/unox.com.tr\/fr\/wp-json\/wp\/v2\/product\/55134","targetHints":{"allow":["GET"]}}],"collection":[{"href":"https:\/\/unox.com.tr\/fr\/wp-json\/wp\/v2\/product"}],"about":[{"href":"https:\/\/unox.com.tr\/fr\/wp-json\/wp\/v2\/types\/product"}],"replies":[{"embeddable":true,"href":"https:\/\/unox.com.tr\/fr\/wp-json\/wp\/v2\/comments?post=55134"}],"version-history":[{"count":0,"href":"https:\/\/unox.com.tr\/fr\/wp-json\/wp\/v2\/product\/55134\/revisions"}],"wp:featuredmedia":[{"embeddable":true,"href":"https:\/\/unox.com.tr\/fr\/wp-json\/wp\/v2\/media\/42259"}],"wp:attachment":[{"href":"https:\/\/unox.com.tr\/fr\/wp-json\/wp\/v2\/media?parent=55134"}],"wp:term":[{"taxonomy":"product_brand","embeddable":true,"href":"https:\/\/unox.com.tr\/fr\/wp-json\/wp\/v2\/product_brand?post=55134"},{"taxonomy":"product_cat","embeddable":true,"href":"https:\/\/unox.com.tr\/fr\/wp-json\/wp\/v2\/product_cat?post=55134"},{"taxonomy":"product_tag","embeddable":true,"href":"https:\/\/unox.com.tr\/fr\/wp-json\/wp\/v2\/product_tag?post=55134"}],"curies":[{"name":"wp","href":"https:\/\/api.w.org\/{rel}","templated":true}]}}