{"id":55144,"date":"2022-12-12T05:54:05","date_gmt":"2022-12-12T02:54:05","guid":{"rendered":"https:\/\/unox.com.tr\/urun\/clapet-anti-retour-a-bride\/"},"modified":"2022-12-12T05:54:05","modified_gmt":"2022-12-12T02:54:05","slug":"clapet-anti-retour-a-bride","status":"publish","type":"product","link":"https:\/\/unox.com.tr\/fr\/clapet-anti-retour-a-bride\/","title":{"rendered":"Clapet Anti-Retour \u00e0 Bride"},"content":{"rendered":"<h2><span style=\"font-size: 22px;\">Qu&rsquo;est-ce qu&rsquo;un clapet anti-retour \u00e0 bride?<\/span><\/h2>\n<p>Les clapets anti-retour \u00e0 brides sont des dispositifs qui permettent le passage unidirectionnel des liquides. Ces dispositifs, qui poss\u00e8dent deux points de raccordement dont l&rsquo;un donne l&rsquo;entr\u00e9e du fluide \u00e0 la sortie du fluide, sont aussi appel\u00e9s \u00ab\u00a0clapets anti-retour\u00a0\u00bb ou \u00ab\u00a0clapets anti-retour\u00a0\u00bb sur le march\u00e9, car ils permettent le passage du fluide dans une direction. Pour que les clapets anti-retour fonctionnent, une diff\u00e9rence de pression est n\u00e9cessaire entre l&rsquo;entr\u00e9e et la sortie du fluide. Pour que le clapet anti-retour permette le d\u00e9bit, la pression \u00e0 l&rsquo;entr\u00e9e doit \u00eatre sup\u00e9rieure \u00e0 la sortie. Le clapet anti-retour se ferme lorsque la pression c\u00f4t\u00e9 sortie est sup\u00e9rieure \u00e0 la pression d&rsquo;entr\u00e9e. Les clapets anti-retour ont diff\u00e9rents m\u00e9canismes de fermeture. Contrairement aux autres vannes, elles n&rsquo;ont pas besoin d&rsquo;\u00e9nergies auxiliaires (commande manuelle, actionneurs \u00e9lectriques ou pneumatiques) pour se fermer.<\/p>\n<p>Les clapets anti-retour sont pr\u00e9f\u00e9r\u00e9s dans les applications o\u00f9 le refoulement posera des probl\u00e8mes (pr\u00e9vention du retour des eaux us\u00e9es us\u00e9es, possibilit\u00e9 d&rsquo;endommager un \u00e9quipement, applications d&rsquo;osmose inverse, etc.).<\/p>\n<p>Une autre raison pour laquelle les clapets anti-retour sont pr\u00e9f\u00e9r\u00e9s est qu&rsquo;ils sont bon march\u00e9 et facilement disponibles. C&rsquo;est un produit de rayon et peut \u00eatre trouv\u00e9 en stock en g\u00e9n\u00e9ral.<\/p>\n<h2><span class=\"ez-toc-section\" id=\"Principe_de_fonctionnement_du_clapet_anti-retour_a_bride\"><\/span><span style=\"font-size: 22px;\">Principe de fonctionnement du clapet anti-retour \u00e0 bride<\/span><span class=\"ez-toc-section-end\"><\/span><\/h2>\n<p>Pour que les clapets anti-retour s&rsquo;ouvrent, la pression au moment de l&rsquo;ouverture est appel\u00e9e \u00ab\u00a0pression de s\u00e9paration\u00a0\u00bb ou \u00ab\u00a0pression d&rsquo;ouverture\u00a0\u00bb. D\u00e8s que la pression du c\u00f4t\u00e9 entr\u00e9e du clapet anti-retour devient \u00e9gale et sup\u00e9rieure \u00e0 la pression d&rsquo;\u00e9coulement, le clapet anti-retour commence \u00e0 s&rsquo;ouvrir et le fluide peut passer. Selon la conception, lorsque la pression sur l&rsquo;entr\u00e9e commence \u00e0 chuter, un volet, une bille ou un diaphragme, selon la conception, se d\u00e9place dans le sens contraire de l&rsquo;\u00e9coulement, fermant l&rsquo;orifice. Cette fermeture est tant\u00f4t assur\u00e9e par un ressort et tant\u00f4t en profitant de la gravit\u00e9.<\/p>\n<p>&nbsp;<\/p>\n","protected":false},"excerpt":{"rendered":"<p><a href=\"https:\/\/unox.com.tr\/wp-content\/uploads\/2022\/12\/PN16-FLAN-LIFT-CEK-VANA-PIK-DOKUM.pdf\" target=\"_blank\" rel=\"noopener\"><button style=\"background-color: #11224b; color: #ffffff; padding: 10px 15px; font-family: montserrat; font-weight: bold; font-size: 19px; border-radius: 10px;\"><img decoding=\"async\" style=\"width: 25px; height: 25px;\" src=\"https:\/\/unox.com.tr\/wp-content\/uploads\/2023\/02\/pdf-1.png\">CATALOGUE DES PRODUITS<\/button><\/a><\/p>\n<p><button style=\"background-color: #11224b; margin-top: 5px; color: white; padding: 0px 15px; width: 150px; height: 55px; border-radius: 10px; border: none; cursor: pointer;\"><br \/>\n<img decoding=\"async\" style=\"width: 120px; height: 30px;\" src=\"https:\/\/unox.com.tr\/wp-content\/uploads\/2023\/02\/4-1.svg\"><\/button><\/p>\n","protected":false},"featured_media":59277,"comment_status":"open","ping_status":"closed","template":"","meta":[],"product_brand":[],"product_cat":[1572,1138],"product_tag":[],"class_list":{"0":"post-55144","1":"product","2":"type-product","3":"status-publish","4":"has-post-thumbnail","6":"product_cat-clapets-anti-retour","7":"product_cat-groupe-de-vanne","9":"first","10":"instock","11":"shipping-taxable","12":"product-type-simple"},"_links":{"self":[{"href":"https:\/\/unox.com.tr\/fr\/wp-json\/wp\/v2\/product\/55144","targetHints":{"allow":["GET"]}}],"collection":[{"href":"https:\/\/unox.com.tr\/fr\/wp-json\/wp\/v2\/product"}],"about":[{"href":"https:\/\/unox.com.tr\/fr\/wp-json\/wp\/v2\/types\/product"}],"replies":[{"embeddable":true,"href":"https:\/\/unox.com.tr\/fr\/wp-json\/wp\/v2\/comments?post=55144"}],"version-history":[{"count":0,"href":"https:\/\/unox.com.tr\/fr\/wp-json\/wp\/v2\/product\/55144\/revisions"}],"wp:featuredmedia":[{"embeddable":true,"href":"https:\/\/unox.com.tr\/fr\/wp-json\/wp\/v2\/media\/59277"}],"wp:attachment":[{"href":"https:\/\/unox.com.tr\/fr\/wp-json\/wp\/v2\/media?parent=55144"}],"wp:term":[{"taxonomy":"product_brand","embeddable":true,"href":"https:\/\/unox.com.tr\/fr\/wp-json\/wp\/v2\/product_brand?post=55144"},{"taxonomy":"product_cat","embeddable":true,"href":"https:\/\/unox.com.tr\/fr\/wp-json\/wp\/v2\/product_cat?post=55144"},{"taxonomy":"product_tag","embeddable":true,"href":"https:\/\/unox.com.tr\/fr\/wp-json\/wp\/v2\/product_tag?post=55144"}],"curies":[{"name":"wp","href":"https:\/\/api.w.org\/{rel}","templated":true}]}}