{"id":55145,"date":"2022-12-09T14:54:40","date_gmt":"2022-12-09T14:54:40","guid":{"rendered":"https:\/\/unox.com.tr\/urun\/crepine-a-bride\/"},"modified":"2022-12-09T14:54:40","modified_gmt":"2022-12-09T11:54:40","slug":"crepine-a-bride","status":"publish","type":"product","link":"https:\/\/unox.com.tr\/fr\/crepine-a-bride\/","title":{"rendered":"Cr\u00e9pine \u00e0 Bride"},"content":{"rendered":"<h2><span style=\"font-size: 22px;\">Qu&rsquo;est-ce qu&rsquo;une cr\u00e9pine \u00e0 bride ?<\/span><\/h2>\n<p>Il peut \u00eatre d\u00e9fini comme un raccord de tuyau qui agit comme un \u00e9cran ou un filtre utilis\u00e9 pour emp\u00eacher les solides de se m\u00e9langer dans ou dans le flux de liquide. Il capture les r\u00e9sidus de pipeline tels que le tartre, la rouille, la p\u00e2te \u00e0 joint et le m\u00e9tal de soudure dans les pipelines, prot\u00e9geant l&rsquo;\u00e9quipement et les processus de leurs effets nocifs, r\u00e9duisant ainsi les temps d&rsquo;arr\u00eat et la maintenance. Utiliser les bons filtres aux bons endroits, pompes, d\u00e9bitm\u00e8tres, pi\u00e8ges, vannes de r\u00e9gulation, etc. C&rsquo;est un must pour les \u00e9quipements de d\u00e9bit co\u00fbteux et critiques tels que la sant\u00e9 et le fonctionnement de longue dur\u00e9e.  Ces \u00e9quipements m\u00e9caniques, faciles \u00e0 nettoyer sans d\u00e9montage, sont \u00e9galement tr\u00e8s faciles \u00e0 entretenir.<\/p>\n<h2><span class=\"ez-toc-section\" id=\"Ou_la_crepine_est-elle_utilisee\"><\/span><span style=\"font-size: 22px;\">O\u00f9 la cr\u00e9pine est-elle utilis\u00e9e ?<\/span><span class=\"ez-toc-section-end\"><\/span><\/h2>\n<p>Les cr\u00e9pines sont utilis\u00e9es dans divers syst\u00e8mes de plomberie. Ces syst\u00e8mes de plomberie comprennent divers syst\u00e8mes tels que les syst\u00e8mes de plomberie, de gaz, de ventilation, de chauffage et de refroidissement. Il est utilis\u00e9 pour emp\u00eacher l&rsquo;\u00e9coulement de salet\u00e9, de salet\u00e9 et d&rsquo;autres d\u00e9chets dans les vannes, afin que le fonctionnement des syst\u00e8mes d&rsquo;installation se poursuive de mani\u00e8re r\u00e9guli\u00e8re. C&rsquo;est un \u00e9l\u00e9ment important pour maintenir le fonctionnement des syst\u00e8mes de plomberie de mani\u00e8re ordonn\u00e9e et est donc utilis\u00e9 \u00e0 divers endroits.<\/p>\n<h2><span style=\"font-size: 22px;\">Champ d&rsquo;application<\/span><\/h2>\n<ul>\n<li>Ce<\/li>\n<li>Eau chaude<\/li>\n<li>Eau chaude<\/li>\n<li>Air comprim\u00e9<\/li>\n<li>Gaz ininflammables<\/li>\n<li>Applications industrielles<\/li>\n<\/ul>\n","protected":false},"excerpt":{"rendered":"<p><a href=\"https:\/\/unox.com.tr\/wp-content\/uploads\/2022\/12\/pislik-tutucu-1.pdf\" target=\"_blank\" rel=\"noopener\"><button style=\"background-color: #11224b; color: #ffffff; padding: 10px 15px; font-family: montserrat; font-weight: bold; font-size: 19px; border-radius: 10px;\"><img decoding=\"async\" style=\"width: 25px; height: 25px;\" src=\"https:\/\/unox.com.tr\/wp-content\/uploads\/2023\/02\/pdf-1.png\">CATALOGUE DES PRODUITS<\/button><\/a><\/p>\n<p><button style=\"background-color: #11224b; margin-top: 5px; color: white; padding: 0px 15px; width: 150px; height: 55px; border-radius: 10px; border: none; cursor: pointer;\"><br \/>\n<img decoding=\"async\" style=\"width: 120px; height: 30px;\" src=\"https:\/\/unox.com.tr\/wp-content\/uploads\/2023\/02\/4-1.svg\"><\/button><\/p>\n","protected":false},"featured_media":59301,"comment_status":"open","ping_status":"closed","template":"","meta":[],"product_brand":[],"product_cat":[1571,1138],"product_tag":[],"class_list":{"0":"post-55145","1":"product","2":"type-product","3":"status-publish","4":"has-post-thumbnail","6":"product_cat-crepines-de-type-y","7":"product_cat-groupe-de-vanne","9":"first","10":"instock","11":"shipping-taxable","12":"product-type-simple"},"_links":{"self":[{"href":"https:\/\/unox.com.tr\/fr\/wp-json\/wp\/v2\/product\/55145","targetHints":{"allow":["GET"]}}],"collection":[{"href":"https:\/\/unox.com.tr\/fr\/wp-json\/wp\/v2\/product"}],"about":[{"href":"https:\/\/unox.com.tr\/fr\/wp-json\/wp\/v2\/types\/product"}],"replies":[{"embeddable":true,"href":"https:\/\/unox.com.tr\/fr\/wp-json\/wp\/v2\/comments?post=55145"}],"version-history":[{"count":0,"href":"https:\/\/unox.com.tr\/fr\/wp-json\/wp\/v2\/product\/55145\/revisions"}],"wp:featuredmedia":[{"embeddable":true,"href":"https:\/\/unox.com.tr\/fr\/wp-json\/wp\/v2\/media\/59301"}],"wp:attachment":[{"href":"https:\/\/unox.com.tr\/fr\/wp-json\/wp\/v2\/media?parent=55145"}],"wp:term":[{"taxonomy":"product_brand","embeddable":true,"href":"https:\/\/unox.com.tr\/fr\/wp-json\/wp\/v2\/product_brand?post=55145"},{"taxonomy":"product_cat","embeddable":true,"href":"https:\/\/unox.com.tr\/fr\/wp-json\/wp\/v2\/product_cat?post=55145"},{"taxonomy":"product_tag","embeddable":true,"href":"https:\/\/unox.com.tr\/fr\/wp-json\/wp\/v2\/product_tag?post=55145"}],"curies":[{"name":"wp","href":"https:\/\/api.w.org\/{rel}","templated":true}]}}