{"id":55150,"date":"2022-12-05T10:31:25","date_gmt":"2022-12-05T07:31:25","guid":{"rendered":"https:\/\/unox.com.tr\/urun\/piege-a-vapeur-dair-ejecteur-de-liquide-dans-les-systemes-dair\/"},"modified":"2022-12-05T10:31:25","modified_gmt":"2022-12-05T07:31:25","slug":"piege-a-vapeur-dair-ejecteur-de-liquide-dans-les-systemes-dair","status":"publish","type":"product","link":"https:\/\/unox.com.tr\/fr\/piege-a-vapeur-dair-ejecteur-de-liquide-dans-les-systemes-dair\/","title":{"rendered":"Pi\u00e8ge \u00e0 Vapeur d&rsquo;Air \u00ab\u00a0\u00c9jecteur de Liquide Dans Les Syst\u00e8mes d&rsquo;Air\u00a0\u00bb"},"content":{"rendered":"<div id=\"ez-toc-container\" class=\"ez-toc-v2_0_82_2 counter-hierarchy ez-toc-counter ez-toc-grey ez-toc-container-direction\">\n<div class=\"ez-toc-title-container\">\n<p class=\"ez-toc-title\" style=\"cursor:inherit\">Sayfa \u0130\u00e7eri\u011fi<\/p>\n<span class=\"ez-toc-title-toggle\"><a href=\"#\" class=\"ez-toc-pull-right ez-toc-btn ez-toc-btn-xs ez-toc-btn-default ez-toc-toggle\" aria-label=\"Toggle Table of Content\"><span class=\"ez-toc-js-icon-con\"><span class=\"\"><span class=\"eztoc-hide\" style=\"display:none;\">Toggle<\/span><span class=\"ez-toc-icon-toggle-span\"><svg style=\"fill: #999;color:#999\" xmlns=\"http:\/\/www.w3.org\/2000\/svg\" class=\"list-377408\" width=\"20px\" height=\"20px\" viewBox=\"0 0 24 24\" fill=\"none\"><path d=\"M6 6H4v2h2V6zm14 0H8v2h12V6zM4 11h2v2H4v-2zm16 0H8v2h12v-2zM4 16h2v2H4v-2zm16 0H8v2h12v-2z\" fill=\"currentColor\"><\/path><\/svg><svg style=\"fill: #999;color:#999\" class=\"arrow-unsorted-368013\" xmlns=\"http:\/\/www.w3.org\/2000\/svg\" width=\"10px\" height=\"10px\" viewBox=\"0 0 24 24\" version=\"1.2\" baseProfile=\"tiny\"><path d=\"M18.2 9.3l-6.2-6.3-6.2 6.3c-.2.2-.3.4-.3.7s.1.5.3.7c.2.2.4.3.7.3h11c.3 0 .5-.1.7-.3.2-.2.3-.5.3-.7s-.1-.5-.3-.7zM5.8 14.7l6.2 6.3 6.2-6.3c.2-.2.3-.5.3-.7s-.1-.5-.3-.7c-.2-.2-.4-.3-.7-.3h-11c-.3 0-.5.1-.7.3-.2.2-.3.5-.3.7s.1.5.3.7z\"\/><\/svg><\/span><\/span><\/span><\/a><\/span><\/div>\n<nav><ul class='ez-toc-list ez-toc-list-level-1 ' ><li class='ez-toc-page-1 ez-toc-heading-level-2'><a class=\"ez-toc-link ez-toc-heading-1\" href=\"https:\/\/unox.com.tr\/fr\/piege-a-vapeur-dair-ejecteur-de-liquide-dans-les-systemes-dair\/#Quest-ce_quun_purgeur_dair\" >Qu&rsquo;est-ce qu&rsquo;un purgeur d&rsquo;air ?<\/a><\/li><li class='ez-toc-page-1 ez-toc-heading-level-2'><a class=\"ez-toc-link ez-toc-heading-2\" href=\"https:\/\/unox.com.tr\/fr\/piege-a-vapeur-dair-ejecteur-de-liquide-dans-les-systemes-dair\/#Quels_sont_les_types_de_pieges_a_air\" >Quels sont les types de pi\u00e8ges \u00e0 air ?<\/a><\/li><li class='ez-toc-page-1 ez-toc-heading-level-2'><a class=\"ez-toc-link ez-toc-heading-3\" href=\"https:\/\/unox.com.tr\/fr\/piege-a-vapeur-dair-ejecteur-de-liquide-dans-les-systemes-dair\/#Ou_le_piege_a_air_est-il_utilise\" >O\u00f9 le pi\u00e8ge \u00e0 air est-il utilis\u00e9 ?<\/a><\/li><li class='ez-toc-page-1 ez-toc-heading-level-2'><a class=\"ez-toc-link ez-toc-heading-4\" href=\"https:\/\/unox.com.tr\/fr\/piege-a-vapeur-dair-ejecteur-de-liquide-dans-les-systemes-dair\/#Caracteristiques_du_Produit\" >Caract\u00e9ristiques du Produit<\/a><\/li><li class='ez-toc-page-1 ez-toc-heading-level-2'><a class=\"ez-toc-link ez-toc-heading-5\" href=\"https:\/\/unox.com.tr\/fr\/piege-a-vapeur-dair-ejecteur-de-liquide-dans-les-systemes-dair\/#Zones_dutilisation_du_piege_a_air\" >Zones d&rsquo;utilisation du pi\u00e8ge \u00e0 air<\/a><\/li><\/ul><\/nav><\/div>\n<h2><span class=\"ez-toc-section\" id=\"Quest-ce_quun_purgeur_dair\"><\/span><span style=\"font-size: 22px;\">Qu&rsquo;est-ce qu&rsquo;un purgeur d&rsquo;air ?<\/span><span class=\"ez-toc-section-end\"><\/span><\/h2>\n<p>Un purgeur d&rsquo;air est un dispositif ou un syst\u00e8me utilis\u00e9 pour emp\u00eacher l&rsquo;air d&rsquo;entrer ou de s&rsquo;\u00e9chapper d&rsquo;un syst\u00e8me. Il est souvent utilis\u00e9 pour emp\u00eacher l&rsquo;air d&rsquo;entrer ou de sortir des tuyaux ou des conduits dans les syst\u00e8mes de plomberie ou de CVC (chauffage, ventilation et climatisation). Les pi\u00e8ges \u00e0 air fonctionnent en utilisant une chambre ou un autre m\u00e9canisme pour pi\u00e9ger ou s\u00e9parer l&rsquo;air du flux d&rsquo;eau ou d&rsquo;autres liquides dans le syst\u00e8me.<\/p>\n<h2><span class=\"ez-toc-section\" id=\"Quels_sont_les_types_de_pieges_a_air\"><\/span><span style=\"font-size: 22px;\">Quels sont les types de pi\u00e8ges \u00e0 air ?<\/span><span class=\"ez-toc-section-end\"><\/span><\/h2>\n<p>Il existe plusieurs types de pi\u00e8ges \u00e0 air, y compris les pi\u00e8ges \u00e0 flotteur, les pi\u00e8ges \u00e0 seau invers\u00e9 et les pi\u00e8ges thermodynamiques. Les pi\u00e8ges \u00e0 flotteur utilisent un flotteur pour ouvrir et fermer une vanne afin de permettre \u00e0 l&rsquo;air d&rsquo;\u00eatre emprisonn\u00e9 ou lib\u00e9r\u00e9 du syst\u00e8me. Les pi\u00e8ges \u00e0 seau invers\u00e9 utilisent un seau invers\u00e9 qui flotte au-dessus du liquide pour pi\u00e9ger l&rsquo;air dans le syst\u00e8me. Les pi\u00e8ges thermodynamiques utilisent un \u00e9l\u00e9ment sensible \u00e0 la temp\u00e9rature pour ouvrir et fermer une vanne afin de permettre \u00e0 l&rsquo;air d&rsquo;\u00eatre pi\u00e9g\u00e9 ou lib\u00e9r\u00e9 du syst\u00e8me.<\/p>\n<h2><span class=\"ez-toc-section\" id=\"Ou_le_piege_a_air_est-il_utilise\"><\/span><span style=\"font-size: 22px;\">O\u00f9 le pi\u00e8ge \u00e0 air est-il utilis\u00e9 ?<\/span><span class=\"ez-toc-section-end\"><\/span><\/h2>\n<p>Il est utilis\u00e9 dans une vari\u00e9t\u00e9 d&rsquo;applications, y compris les pi\u00e8ges \u00e0 air, les chaudi\u00e8res, les \u00e9changeurs de chaleur et d&rsquo;autres \u00e9quipements qui utilisent de l&rsquo;eau ou d&rsquo;autres fluides pour transf\u00e9rer de la chaleur ou de l&rsquo;\u00e9nergie. Ils sont \u00e9galement utilis\u00e9s dans les syst\u00e8mes de refroidissement pour emp\u00eacher l&rsquo;air d&rsquo;entrer ou de s&rsquo;\u00e9chapper du syst\u00e8me. Cela peut aider \u00e0 augmenter l&rsquo;efficacit\u00e9 du syst\u00e8me en emp\u00eachant l&rsquo;air d&rsquo;entrer ou de s&rsquo;\u00e9chapper, ce qui peut entra\u00eener des probl\u00e8mes tels qu&rsquo;un d\u00e9bit r\u00e9duit ou un transfert de chaleur r\u00e9duit.<\/p>\n<h2><span class=\"ez-toc-section\" id=\"Caracteristiques_du_Produit\"><\/span><span style=\"font-size: 22px;\">Caract\u00e9ristiques du Produit<\/span><span class=\"ez-toc-section-end\"><\/span><\/h2>\n<ul>\n<li><strong>Corps<\/strong> : GGG 40.3 Fonte Ductile<\/li>\n<li><strong>Couvercle<\/strong> : Fonte Ductile GGG<\/li>\n<li><strong>Max. Pression de Service : <\/strong> 16 Bar<\/li>\n<li><strong>Max. Temp\u00e9rature de Fonctionnement <\/strong>: 250\u00b0C<\/li>\n<li><strong>\u25b2p:<\/strong> 4,5 &#8211; 10 &#8211; 14bar<\/li>\n<\/ul>\n<h2><span class=\"ez-toc-section\" id=\"Zones_dutilisation_du_piege_a_air\"><\/span><span style=\"font-size: 22px;\">Zones d&rsquo;utilisation du pi\u00e8ge \u00e0 air<\/span><span class=\"ez-toc-section-end\"><\/span><\/h2>\n<ul>\n<li>R\u00e9servoirs<\/li>\n<li>Echangeurs de Chaleur<\/li>\n<li>Batteries Chauffantes<\/li>\n<li>Fours<\/li>\n<li>Remplissage et vidange des conteneurs<\/li>\n<li>Chaudi\u00e8res \u00e0 eau chaude<\/li>\n<li>Circuits liquides<\/li>\n<\/ul>\n<p>&nbsp;<\/p>\n<p>Vous pouvez regarder notre vid\u00e9o pour avoir des informations plus d\u00e9taill\u00e9es sur les purgeurs de vapeur.<\/p>\n<p><iframe title=\"Kondenstop nedir? \u00c7al\u0131\u015fma Prensibi nedir? What is a steam trap? What is the Working Principle? #10\" width=\"500\" height=\"281\" src=\"https:\/\/www.youtube.com\/embed\/RYm9XG8YP_E?feature=oembed\" frameborder=\"0\" allow=\"accelerometer; autoplay; clipboard-write; encrypted-media; gyroscope; picture-in-picture; web-share\" referrerpolicy=\"strict-origin-when-cross-origin\" allowfullscreen><\/iframe><\/p>\n","protected":false},"excerpt":{"rendered":"<p><a href=\"https:\/\/unox.com.tr\/wp-content\/uploads\/2023\/01\/Hava-Kondenstopu-Hava-Sistemlerinde-Sivi-Atici.pdf\" target=\"_blank\" rel=\"noopener\"><button style=\"background-color: #11224b; color: #ffffff; padding: 10px 15px; font-family: montserrat; font-weight: bold; font-size: 19px; border-radius: 10px;\"><img decoding=\"async\" style=\"width: 25px; height: 25px;\" src=\"https:\/\/unox.com.tr\/wp-content\/uploads\/2023\/02\/pdf-1.png\">CATALOGUE DES PRODUITS<\/button><\/a><\/p>\n<p><button style=\"background-color: #11224b; margin-top: 5px; color: white; padding: 0px 15px; width: 150px; height: 55px; border-radius: 10px; border: none; cursor: pointer;\"><br \/>\n<img decoding=\"async\" style=\"width: 120px; height: 30px;\" src=\"https:\/\/unox.com.tr\/wp-content\/uploads\/2023\/02\/4-1.svg\"><\/button><\/p>\n","protected":false},"featured_media":37431,"comment_status":"open","ping_status":"closed","template":"","meta":[],"product_brand":[],"product_cat":[1067,1068],"product_tag":[],"class_list":{"0":"post-55150","1":"product","2":"type-product","3":"status-publish","4":"has-post-thumbnail","6":"product_cat-purgeurs-de-vapeur","7":"product_cat-purgeur-de-vapeur","9":"first","10":"instock","11":"shipping-taxable","12":"product-type-simple"},"_links":{"self":[{"href":"https:\/\/unox.com.tr\/fr\/wp-json\/wp\/v2\/product\/55150","targetHints":{"allow":["GET"]}}],"collection":[{"href":"https:\/\/unox.com.tr\/fr\/wp-json\/wp\/v2\/product"}],"about":[{"href":"https:\/\/unox.com.tr\/fr\/wp-json\/wp\/v2\/types\/product"}],"replies":[{"embeddable":true,"href":"https:\/\/unox.com.tr\/fr\/wp-json\/wp\/v2\/comments?post=55150"}],"version-history":[{"count":0,"href":"https:\/\/unox.com.tr\/fr\/wp-json\/wp\/v2\/product\/55150\/revisions"}],"wp:featuredmedia":[{"embeddable":true,"href":"https:\/\/unox.com.tr\/fr\/wp-json\/wp\/v2\/media\/37431"}],"wp:attachment":[{"href":"https:\/\/unox.com.tr\/fr\/wp-json\/wp\/v2\/media?parent=55150"}],"wp:term":[{"taxonomy":"product_brand","embeddable":true,"href":"https:\/\/unox.com.tr\/fr\/wp-json\/wp\/v2\/product_brand?post=55150"},{"taxonomy":"product_cat","embeddable":true,"href":"https:\/\/unox.com.tr\/fr\/wp-json\/wp\/v2\/product_cat?post=55150"},{"taxonomy":"product_tag","embeddable":true,"href":"https:\/\/unox.com.tr\/fr\/wp-json\/wp\/v2\/product_tag?post=55150"}],"curies":[{"name":"wp","href":"https:\/\/api.w.org\/{rel}","templated":true}]}}