{"id":55153,"date":"2022-11-25T06:27:41","date_gmt":"2022-11-25T03:27:41","guid":{"rendered":"https:\/\/unox.com.tr\/urun\/vanne-papillon-a-commande-electrique-u-pvc\/"},"modified":"2022-11-25T06:27:41","modified_gmt":"2022-11-25T03:27:41","slug":"vanne-papillon-a-commande-electrique-u-pvc","status":"publish","type":"product","link":"https:\/\/unox.com.tr\/fr\/vanne-papillon-a-commande-electrique-u-pvc\/","title":{"rendered":"Vanne Papillon \u00e0 Commande Electrique U-PVC"},"content":{"rendered":"<div id=\"ez-toc-container\" class=\"ez-toc-v2_0_82_2 counter-hierarchy ez-toc-counter ez-toc-grey ez-toc-container-direction\">\n<div class=\"ez-toc-title-container\">\n<p class=\"ez-toc-title\" style=\"cursor:inherit\">Sayfa \u0130\u00e7eri\u011fi<\/p>\n<span class=\"ez-toc-title-toggle\"><a href=\"#\" class=\"ez-toc-pull-right ez-toc-btn ez-toc-btn-xs ez-toc-btn-default ez-toc-toggle\" aria-label=\"Toggle Table of Content\"><span class=\"ez-toc-js-icon-con\"><span class=\"\"><span class=\"eztoc-hide\" style=\"display:none;\">Toggle<\/span><span class=\"ez-toc-icon-toggle-span\"><svg style=\"fill: #999;color:#999\" xmlns=\"http:\/\/www.w3.org\/2000\/svg\" class=\"list-377408\" width=\"20px\" height=\"20px\" viewBox=\"0 0 24 24\" fill=\"none\"><path d=\"M6 6H4v2h2V6zm14 0H8v2h12V6zM4 11h2v2H4v-2zm16 0H8v2h12v-2zM4 16h2v2H4v-2zm16 0H8v2h12v-2z\" fill=\"currentColor\"><\/path><\/svg><svg style=\"fill: #999;color:#999\" class=\"arrow-unsorted-368013\" xmlns=\"http:\/\/www.w3.org\/2000\/svg\" width=\"10px\" height=\"10px\" viewBox=\"0 0 24 24\" version=\"1.2\" baseProfile=\"tiny\"><path d=\"M18.2 9.3l-6.2-6.3-6.2 6.3c-.2.2-.3.4-.3.7s.1.5.3.7c.2.2.4.3.7.3h11c.3 0 .5-.1.7-.3.2-.2.3-.5.3-.7s-.1-.5-.3-.7zM5.8 14.7l6.2 6.3 6.2-6.3c.2-.2.3-.5.3-.7s-.1-.5-.3-.7c-.2-.2-.4-.3-.7-.3h-11c-.3 0-.5.1-.7.3-.2.2-.3.5-.3.7s.1.5.3.7z\"\/><\/svg><\/span><\/span><\/span><\/a><\/span><\/div>\n<nav><ul class='ez-toc-list ez-toc-list-level-1 ' ><li class='ez-toc-page-1 ez-toc-heading-level-2'><a class=\"ez-toc-link ez-toc-heading-1\" href=\"https:\/\/unox.com.tr\/fr\/vanne-papillon-a-commande-electrique-u-pvc\/#Quest-ce_quune_vanne_papillon_a_commande_electrique_U-PVC\" >Qu&rsquo;est-ce qu&rsquo;une vanne papillon \u00e0 commande \u00e9lectrique U-PVC?<\/a><\/li><li class='ez-toc-page-1 ez-toc-heading-level-2'><a class=\"ez-toc-link ez-toc-heading-2\" href=\"https:\/\/unox.com.tr\/fr\/vanne-papillon-a-commande-electrique-u-pvc\/#Ou_est_utilisee_la_vanne_papillon_U-PVC_avec_actionnement_electrique\" >O\u00f9 est utilis\u00e9e la vanne papillon U-PVC avec actionnement \u00e9lectrique ?<\/a><\/li><\/ul><\/nav><\/div>\n<h2><span class=\"ez-toc-section\" id=\"Quest-ce_quune_vanne_papillon_a_commande_electrique_U-PVC\"><\/span><span style=\"font-size: 22px;\">Qu&rsquo;est-ce qu&rsquo;une vanne papillon \u00e0 commande \u00e9lectrique U-PVC?<\/span><span class=\"ez-toc-section-end\"><\/span><\/h2>\n<p>La vanne papillon en kit U-PVC \u00e0 commande \u00e9lectrique est un type de vanne de r\u00e9gulation utilis\u00e9e pour r\u00e9guler le d\u00e9bit de liquides tels que les gaz, les liquides et les boues dans un syst\u00e8me de tuyauterie. Il se compose d&rsquo;un \u00e9l\u00e9ment circulaire en forme de disque, connu sous le nom de papillon, mont\u00e9 sur une broche et mis en rotation dans le syst\u00e8me de tuyauterie pour ouvrir et fermer le flux de fluide. La vanne est actionn\u00e9e ou contr\u00f4l\u00e9e par un moteur \u00e9lectrique qui fait tourner la tige et l&rsquo;\u00e9tranglement dans la position souhait\u00e9e.<\/p>\n<p>Le mat\u00e9riau U-PVC est un type de plastique largement utilis\u00e9 dans les applications de tuyaux et de vannes en raison de sa r\u00e9sistance \u00e0 la corrosion, de sa durabilit\u00e9 et de son faible co\u00fbt. La vanne papillon est con\u00e7ue avec un disque en forme de U qui lui permet de s&rsquo;ouvrir et de se fermer avec une pression et un couple minimaux, ce qui la rend adapt\u00e9e \u00e0 une utilisation dans des syst\u00e8mes \u00e0 faibles pressions et d\u00e9bits.<\/p>\n<h2><span class=\"ez-toc-section\" id=\"Ou_est_utilisee_la_vanne_papillon_U-PVC_avec_actionnement_electrique\"><\/span><span style=\"font-size: 22px;\">O\u00f9 est utilis\u00e9e la vanne papillon U-PVC avec actionnement \u00e9lectrique ?<\/span><span class=\"ez-toc-section-end\"><\/span><\/h2>\n<p>Les vannes papillon U-PVC \u00e0 commande \u00e9lectrique sont largement utilis\u00e9es dans une grande vari\u00e9t\u00e9 d&rsquo;applications industrielles et commerciales, y compris le traitement de l&rsquo;eau, le traitement chimique, la production de p\u00e9trole et de gaz, l&rsquo;industrie mini\u00e8re, la construction navale et les installations de forage, les entreprises alimentaires et chimiques, les syst\u00e8mes d&rsquo;extinction d&rsquo;incendie et l&rsquo;alimentation \u00e9lectrique. g\u00e9n\u00e9ration.utilis\u00e9 comme. Ils sont \u00e9galement utilis\u00e9s dans les syst\u00e8mes CVC (chauffage, ventilation et climatisation) et autres syst\u00e8mes de tuyauterie o\u00f9 le contr\u00f4le du d\u00e9bit est requis.<\/p>\n<p><strong>Les caract\u00e9ristiques g\u00e9n\u00e9rales du poly\u00e9thyl\u00e8ne sont les suivantes :<\/strong><\/p>\n<ul>\n<li>C&rsquo;est solide<\/li>\n<li>R\u00e9sistant aux acides, bases et solvants<\/li>\n<li>Les propri\u00e9t\u00e9s di\u00e9lectriques sont sup\u00e9rieures<\/li>\n<li>Il est r\u00e9sistant aux conditions environnementales.<\/li>\n<\/ul>\n","protected":false},"excerpt":{"rendered":"<p><a href=\"https:\/\/unox.com.tr\/wp-content\/uploads\/2022\/12\/ELEKTRIK-AKTUATORLU-U-PVC-TAKIM-KELEBEK-VANA-.pdf\" target=\"_blank\" rel=\"noopener\"><button style=\"background-color: #11224b; color: #ffffff; padding: 10px 15px; font-family: montserrat; font-weight: bold; font-size: 19px; border-radius: 10px;\"><img decoding=\"async\" style=\"width: 25px; height: 25px;\" src=\"https:\/\/unox.com.tr\/wp-content\/uploads\/2023\/02\/pdf-1.png\">CATALOGUE DES PRODUITS<\/button><\/a><\/p>\n<p><button style=\"background-color: #11224b; margin-top: 5px; color: white; padding: 0px 15px; width: 150px; height: 55px; border-radius: 10px; border: none; cursor: pointer;\"><br \/>\n<img decoding=\"async\" style=\"width: 120px; height: 30px;\" src=\"https:\/\/unox.com.tr\/wp-content\/uploads\/2023\/02\/4-1.svg\"><\/button><\/p>\n","protected":false},"featured_media":36440,"comment_status":"open","ping_status":"closed","template":"","meta":[],"product_brand":[],"product_cat":[1015,1121,1004],"product_tag":[],"class_list":{"0":"post-55153","1":"product","2":"type-product","3":"status-publish","4":"has-post-thumbnail","6":"product_cat-vannes-a-commande-electrique","7":"product_cat-vannes-actionnees","8":"product_cat-vannes-electriques","10":"first","11":"instock","12":"shipping-taxable","13":"product-type-simple"},"_links":{"self":[{"href":"https:\/\/unox.com.tr\/fr\/wp-json\/wp\/v2\/product\/55153","targetHints":{"allow":["GET"]}}],"collection":[{"href":"https:\/\/unox.com.tr\/fr\/wp-json\/wp\/v2\/product"}],"about":[{"href":"https:\/\/unox.com.tr\/fr\/wp-json\/wp\/v2\/types\/product"}],"replies":[{"embeddable":true,"href":"https:\/\/unox.com.tr\/fr\/wp-json\/wp\/v2\/comments?post=55153"}],"version-history":[{"count":0,"href":"https:\/\/unox.com.tr\/fr\/wp-json\/wp\/v2\/product\/55153\/revisions"}],"wp:featuredmedia":[{"embeddable":true,"href":"https:\/\/unox.com.tr\/fr\/wp-json\/wp\/v2\/media\/36440"}],"wp:attachment":[{"href":"https:\/\/unox.com.tr\/fr\/wp-json\/wp\/v2\/media?parent=55153"}],"wp:term":[{"taxonomy":"product_brand","embeddable":true,"href":"https:\/\/unox.com.tr\/fr\/wp-json\/wp\/v2\/product_brand?post=55153"},{"taxonomy":"product_cat","embeddable":true,"href":"https:\/\/unox.com.tr\/fr\/wp-json\/wp\/v2\/product_cat?post=55153"},{"taxonomy":"product_tag","embeddable":true,"href":"https:\/\/unox.com.tr\/fr\/wp-json\/wp\/v2\/product_tag?post=55153"}],"curies":[{"name":"wp","href":"https:\/\/api.w.org\/{rel}","templated":true}]}}