{"id":55154,"date":"2022-11-21T08:09:27","date_gmt":"2022-11-21T08:09:27","guid":{"rendered":"https:\/\/unox.com.tr\/urun\/brise-vide-en-acier-inoxydable\/"},"modified":"2024-03-12T07:15:55","modified_gmt":"2024-03-12T04:15:55","slug":"brise-vide-en-acier-inoxydable","status":"publish","type":"product","link":"https:\/\/unox.com.tr\/fr\/brise-vide-en-acier-inoxydable\/","title":{"rendered":"Brise-Vide en Acier Inoxydable"},"content":{"rendered":"<h2><span style=\"font-size: 22px;\">Qu&rsquo;est-ce qu&rsquo;un casse-vide en acier inoxydable ?<\/span><\/h2>\n<p>Un casse-vide est un dispositif con\u00e7u pour emp\u00eacher la formation de vide dans le syst\u00e8me de plomberie. Pour ce faire, il permet \u00e0 l&rsquo;air d&rsquo;entrer dans le syst\u00e8me lorsqu&rsquo;il y a un vide, brisant le vide et emp\u00eachant le syst\u00e8me de s&rsquo;arr\u00eater compl\u00e8tement. Les casse-vide sont couramment utilis\u00e9s dans les syst\u00e8mes de plomberie pour emp\u00eacher le refoulement, qui est l&rsquo;inversion du d\u00e9bit d&rsquo;eau normal dans un syst\u00e8me.<\/p>\n<p>Il existe deux principaux types de casse-vide : les casse-vide atmosph\u00e9riques et les casse-vide \u00e0 pression. Les brise-vide atmosph\u00e9riques sont g\u00e9n\u00e9ralement fix\u00e9s \u00e0 l&rsquo;extr\u00e9mit\u00e9 d&rsquo;un bavoir de tuyau ou d&rsquo;un autre robinet ext\u00e9rieur et sont con\u00e7us pour emp\u00eacher le refoulement en brisant le vide en permettant \u00e0 l&rsquo;air d&rsquo;entrer dans le syst\u00e8me lorsque le d\u00e9bit d&rsquo;eau est coup\u00e9. Les casse-vide \u00e0 pression, d&rsquo;autre part, sont con\u00e7us pour emp\u00eacher le refoulement en cassant \u00e0 nouveau le vide en faisant entrer de l&rsquo;air dans le syst\u00e8me lorsque la pression de l&rsquo;eau descend en dessous d&rsquo;un certain niveau.<\/p>\n<h2><span class=\"ez-toc-section\" id=\"Principe_de_fonctionnement\"><\/span><span style=\"font-size: 22px;\">Principe de fonctionnement<\/span><span class=\"ez-toc-section-end\"><\/span><\/h2>\n<p>La condensation est ind\u00e9sirable dans les installations \u00e0 vapeur. Condensation; La vapeur dans l&rsquo;environnement se produit avec le refroidissement de l&rsquo;installation lorsque la ligne est coup\u00e9e \u00e0 des pressions \u00e9lev\u00e9es. La vapeur, qui se transforme en eau avec condensation, provoque une r\u00e9duction de volume dans l&rsquo;environnement et la pression dans l&rsquo;environnement diminue progressivement et un vide se forme dans le syst\u00e8me.<\/p>\n<p>Brise-vide en acier inoxydable UNOX UKV-70DP ; Il est plac\u00e9 \u00e0 des endroits appropri\u00e9s de l&rsquo;installation afin d&rsquo;\u00e9quilibrer la pression dans l&rsquo;environnement. En principe, il agit comme un clapet anti-retour dans les conduites de vapeur. Si la pression dans l&rsquo;environnement baisse, il \u00e9quilibre la pression en aspirant de l&rsquo;air, ou lorsque la haute pression dans l&rsquo;environnement commence \u00e0 se former, il se ferme et maintient la pression en \u00e9quilibre. Ce sont des produits \u00e0 usage g\u00e9n\u00e9ral fabriqu\u00e9s en petites tailles, con\u00e7us pour \u00eatre utilis\u00e9s dans des lignes passant de la vapeur et formant des condensats.<\/p>\n<p>Le casse-vide en acier inoxydable UKV-70DP doit \u00eatre mont\u00e9 verticalement avec la connexion du syst\u00e8me en bas.<\/p>\n<h2><span class=\"ez-toc-section\" id=\"Caracteristiques_du_Produit\"><\/span><span style=\"font-size: 22px;\">Caract\u00e9ristiques du Produit<\/span><span class=\"ez-toc-section-end\"><\/span><\/h2>\n<ul>\n<li><strong>Mod\u00e8le<\/strong> : UKV-70DP<\/li>\n<li><strong>Taille<\/strong> : 1\/2&Prime;<\/li>\n<li><strong>Corps<\/strong> : Acier Inoxydable AISI304<\/li>\n<li><strong>Int\u00e9rieur<\/strong> : Acier Inoxydable AISI304<\/li>\n<li><strong>Max. Pression de Fonctionnement :  <\/strong>40 BAR<\/li>\n<li><strong>Max. Temp\u00e9rature de fonctionnement : <\/strong> 400\u00b0C<\/li>\n<li><strong>Min. Pression d&rsquo;ouverture \u0394P :  <\/strong>0.17 bar<\/li>\n<li><span style=\"font-size: 16px;\"><strong>Connexions<\/strong><\/span> : Filet\u00e9es<\/li>\n<li><strong>Poids du Mat\u00e9riau<\/strong> : 380 gr.<\/li>\n<\/ul>\n<h2><span style=\"font-size: 22px;\">Champ d&rsquo;application<\/span><\/h2>\n<ul>\n<li>Syst\u00e8mes Serpentins<\/li>\n<li>Echangeurs de chaleur<\/li>\n<li>Rupture de ligne dans les syst\u00e8mes \u00e0 vapeur<\/li>\n<li>Collecteurs de vapeur<\/li>\n<\/ul>\n","protected":false},"excerpt":{"rendered":"<p><a href=\"https:\/\/unox.com.tr\/wp-content\/uploads\/2023\/01\/Paslanmaz-Vakum-Kirici.pdf\" target=\"_blank\" rel=\"noopener\"><button style=\"background-color: #11224b; color: #ffffff; padding: 10px 15px; font-family: montserrat; font-weight: bold; font-size: 19px; border-radius: 10px;\"><img decoding=\"async\" style=\"width: 25px; height: 25px;\" src=\"https:\/\/unox.com.tr\/wp-content\/uploads\/2023\/02\/pdf-1.png\">CATALOGUE DES PRODUITS<\/button><\/a><\/p>\n<p><button style=\"background-color: #11224b; margin-top: 5px; color: white; padding: 0px 15px; width: 150px; height: 55px; border-radius: 10px; border: none; cursor: pointer;\"><br \/>\n<img decoding=\"async\" style=\"width: 120px; height: 30px;\" src=\"https:\/\/unox.com.tr\/wp-content\/uploads\/2023\/02\/4-1.svg\"><\/button><\/p>\n","protected":false},"featured_media":69417,"comment_status":"closed","ping_status":"closed","template":"","meta":[],"product_brand":[],"product_cat":[1070,1067],"product_tag":[],"class_list":{"0":"post-55154","1":"product","2":"type-product","3":"status-publish","4":"has-post-thumbnail","6":"product_cat-brise-vide","7":"product_cat-purgeurs-de-vapeur","9":"first","10":"instock","11":"shipping-taxable","12":"product-type-simple"},"_links":{"self":[{"href":"https:\/\/unox.com.tr\/fr\/wp-json\/wp\/v2\/product\/55154","targetHints":{"allow":["GET"]}}],"collection":[{"href":"https:\/\/unox.com.tr\/fr\/wp-json\/wp\/v2\/product"}],"about":[{"href":"https:\/\/unox.com.tr\/fr\/wp-json\/wp\/v2\/types\/product"}],"replies":[{"embeddable":true,"href":"https:\/\/unox.com.tr\/fr\/wp-json\/wp\/v2\/comments?post=55154"}],"version-history":[{"count":0,"href":"https:\/\/unox.com.tr\/fr\/wp-json\/wp\/v2\/product\/55154\/revisions"}],"wp:featuredmedia":[{"embeddable":true,"href":"https:\/\/unox.com.tr\/fr\/wp-json\/wp\/v2\/media\/69417"}],"wp:attachment":[{"href":"https:\/\/unox.com.tr\/fr\/wp-json\/wp\/v2\/media?parent=55154"}],"wp:term":[{"taxonomy":"product_brand","embeddable":true,"href":"https:\/\/unox.com.tr\/fr\/wp-json\/wp\/v2\/product_brand?post=55154"},{"taxonomy":"product_cat","embeddable":true,"href":"https:\/\/unox.com.tr\/fr\/wp-json\/wp\/v2\/product_cat?post=55154"},{"taxonomy":"product_tag","embeddable":true,"href":"https:\/\/unox.com.tr\/fr\/wp-json\/wp\/v2\/product_tag?post=55154"}],"curies":[{"name":"wp","href":"https:\/\/api.w.org\/{rel}","templated":true}]}}