{"id":55155,"date":"2022-11-16T08:11:47","date_gmt":"2022-11-16T08:11:47","guid":{"rendered":"https:\/\/unox.com.tr\/urun\/b70a-05-7-bars-pressostat\/"},"modified":"2022-11-16T08:11:47","modified_gmt":"2022-11-16T05:11:47","slug":"b70a-05-7-bars-pressostat","status":"publish","type":"product","link":"https:\/\/unox.com.tr\/fr\/b70a-05-7-bars-pressostat\/","title":{"rendered":"B70A 0,5-7 Bars Pressostat"},"content":{"rendered":"<div id=\"ez-toc-container\" class=\"ez-toc-v2_0_82_2 counter-hierarchy ez-toc-counter ez-toc-grey ez-toc-container-direction\">\n<div class=\"ez-toc-title-container\">\n<p class=\"ez-toc-title\" style=\"cursor:inherit\">Sayfa \u0130\u00e7eri\u011fi<\/p>\n<span class=\"ez-toc-title-toggle\"><a href=\"#\" class=\"ez-toc-pull-right ez-toc-btn ez-toc-btn-xs ez-toc-btn-default ez-toc-toggle\" aria-label=\"Toggle Table of Content\"><span class=\"ez-toc-js-icon-con\"><span class=\"\"><span class=\"eztoc-hide\" style=\"display:none;\">Toggle<\/span><span class=\"ez-toc-icon-toggle-span\"><svg style=\"fill: #999;color:#999\" xmlns=\"http:\/\/www.w3.org\/2000\/svg\" class=\"list-377408\" width=\"20px\" height=\"20px\" viewBox=\"0 0 24 24\" fill=\"none\"><path d=\"M6 6H4v2h2V6zm14 0H8v2h12V6zM4 11h2v2H4v-2zm16 0H8v2h12v-2zM4 16h2v2H4v-2zm16 0H8v2h12v-2z\" fill=\"currentColor\"><\/path><\/svg><svg style=\"fill: #999;color:#999\" class=\"arrow-unsorted-368013\" xmlns=\"http:\/\/www.w3.org\/2000\/svg\" width=\"10px\" height=\"10px\" viewBox=\"0 0 24 24\" version=\"1.2\" baseProfile=\"tiny\"><path d=\"M18.2 9.3l-6.2-6.3-6.2 6.3c-.2.2-.3.4-.3.7s.1.5.3.7c.2.2.4.3.7.3h11c.3 0 .5-.1.7-.3.2-.2.3-.5.3-.7s-.1-.5-.3-.7zM5.8 14.7l6.2 6.3 6.2-6.3c.2-.2.3-.5.3-.7s-.1-.5-.3-.7c-.2-.2-.4-.3-.7-.3h-11c-.3 0-.5.1-.7.3-.2.2-.3.5-.3.7s.1.5.3.7z\"\/><\/svg><\/span><\/span><\/span><\/a><\/span><\/div>\n<nav><ul class='ez-toc-list ez-toc-list-level-1 ' ><li class='ez-toc-page-1 ez-toc-heading-level-2'><a class=\"ez-toc-link ez-toc-heading-1\" href=\"https:\/\/unox.com.tr\/fr\/b70a-05-7-bars-pressostat\/#Quest-ce_quun_pressostat\" >Qu&rsquo;est-ce qu&rsquo;un pressostat ?<\/a><\/li><li class='ez-toc-page-1 ez-toc-heading-level-2'><a class=\"ez-toc-link ez-toc-heading-2\" href=\"https:\/\/unox.com.tr\/fr\/b70a-05-7-bars-pressostat\/#Caracteristiques_Generales\" >Caract\u00e9ristiques G\u00e9n\u00e9rales<\/a><\/li><li class='ez-toc-page-1 ez-toc-heading-level-2'><a class=\"ez-toc-link ez-toc-heading-3\" href=\"https:\/\/unox.com.tr\/fr\/b70a-05-7-bars-pressostat\/#Proprietes_electriques\" >Propri\u00e9t\u00e9s \u00e9lectriques<\/a><\/li><\/ul><\/nav><\/div>\n<h2><span class=\"ez-toc-section\" id=\"Quest-ce_quun_pressostat\"><\/span><span style=\"font-size: 22px;\">Qu&rsquo;est-ce qu&rsquo;un pressostat ?<\/span><span class=\"ez-toc-section-end\"><\/span><\/h2>\n<p>L&rsquo;interrupteur Druck est un appareil de mesure de pression. Les manom\u00e8tres sont utilis\u00e9s pour mesurer la pression de l&rsquo;air, du gaz ou du liquide dans un r\u00e9cipient. L&rsquo;interrupteur Druck est activ\u00e9 lorsqu&rsquo;il atteint un certain niveau de pression et peut \u00eatre utilis\u00e9 comme signal. Par exemple, dans un compresseur d&rsquo;air, il peut \u00eatre utilis\u00e9 pour mesurer la pression de l&rsquo;air pendant que le compresseur fonctionne. Lorsque le niveau de pression atteint une certaine valeur, le fonctionnement du compresseur est arr\u00eat\u00e9. Cela permet d&rsquo;\u00e9conomiser de l&rsquo;\u00e9nergie et r\u00e9duit le risque de surpression.<\/p>\n<h2><span class=\"ez-toc-section\" id=\"Caracteristiques_Generales\"><\/span><span style=\"font-size: 22px;\">Caract\u00e9ristiques G\u00e9n\u00e9rales<\/span><span class=\"ez-toc-section-end\"><\/span><\/h2>\n<ul>\n<li>El\u00e9ment de pr\u00e9cision avec membrane de friction.<\/li>\n<li>Ayarlanabilir diferansiyel.<\/li>\n<li>Raccordement femelle G 1\/4.<\/li>\n<li>Couverture en mat\u00e9riau thermoplastique r\u00e9sistant aux chocs.<\/li>\n<li>Les pi\u00e8ces m\u00e9talliques sont en acier.<\/li>\n<li>Pince de terre.<\/li>\n<li>Connexions de sortie avec deux presse-\u00e9toupes.<\/li>\n<li>Temp\u00e9rature maximale du fluide r\u00e9gul\u00e9 : 90\u00b0C.<\/li>\n<li>Temp\u00e9rature admissible du corps du pressostat : -15 \u00f7 60\u00b0C.<\/li>\n<li>Temp\u00e9rature de stockage et de transport : -35 \u00f7 60\u00b0C.<\/li>\n<li>Poids unitaire : 0,39 Kg.<\/li>\n<\/ul>\n<h2><span class=\"ez-toc-section\" id=\"Proprietes_electriques\"><\/span><span style=\"font-size: 22px;\">Propri\u00e9t\u00e9s \u00e9lectriques<\/span><span class=\"ez-toc-section-end\"><\/span><\/h2>\n<ul>\n<li>Tension nominale d&rsquo;isolation Ui 415V~<\/li>\n<li>Courant nominal de travail continu Ith 25A<\/li>\n<\/ul>\n","protected":false},"excerpt":{"rendered":"<p><a href=\"https:\/\/unox.com.tr\/wp-content\/uploads\/2022\/07\/copia1_b70a-2.pdf\" target=\"_blank\" rel=\"noopener\"><button style=\"background-color: #11224b; color: #ffffff; padding: 10px 15px; font-family: montserrat; font-weight: bold; font-size: 19px; border-radius: 10px;\"><img decoding=\"async\" style=\"width: 25px; height: 25px;\" src=\"https:\/\/unox.com.tr\/wp-content\/uploads\/2023\/02\/pdf-1.png\">CATALOGUE DES PRODUITS<\/button><\/a><\/p>\n<p><button style=\"background-color: #11224b; margin-top: 5px; color: white; padding: 0px 15px; width: 150px; height: 55px; border-radius: 10px; border: none; cursor: pointer;\"><br \/>\n<img decoding=\"async\" style=\"width: 120px; height: 30px;\" src=\"https:\/\/unox.com.tr\/wp-content\/uploads\/2023\/02\/4-1.svg\"><\/button><\/p>\n","protected":false},"featured_media":39240,"comment_status":"open","ping_status":"closed","template":"","meta":{"_joinchat":[]},"product_brand":[],"product_cat":[1592],"product_tag":[],"class_list":{"0":"post-55155","1":"product","2":"type-product","3":"status-publish","4":"has-post-thumbnail","6":"product_cat-fantini-cosmi-fr","8":"first","9":"instock","10":"shipping-taxable","11":"product-type-simple"},"_links":{"self":[{"href":"https:\/\/unox.com.tr\/fr\/wp-json\/wp\/v2\/product\/55155","targetHints":{"allow":["GET"]}}],"collection":[{"href":"https:\/\/unox.com.tr\/fr\/wp-json\/wp\/v2\/product"}],"about":[{"href":"https:\/\/unox.com.tr\/fr\/wp-json\/wp\/v2\/types\/product"}],"replies":[{"embeddable":true,"href":"https:\/\/unox.com.tr\/fr\/wp-json\/wp\/v2\/comments?post=55155"}],"version-history":[{"count":0,"href":"https:\/\/unox.com.tr\/fr\/wp-json\/wp\/v2\/product\/55155\/revisions"}],"wp:featuredmedia":[{"embeddable":true,"href":"https:\/\/unox.com.tr\/fr\/wp-json\/wp\/v2\/media\/39240"}],"wp:attachment":[{"href":"https:\/\/unox.com.tr\/fr\/wp-json\/wp\/v2\/media?parent=55155"}],"wp:term":[{"taxonomy":"product_brand","embeddable":true,"href":"https:\/\/unox.com.tr\/fr\/wp-json\/wp\/v2\/product_brand?post=55155"},{"taxonomy":"product_cat","embeddable":true,"href":"https:\/\/unox.com.tr\/fr\/wp-json\/wp\/v2\/product_cat?post=55155"},{"taxonomy":"product_tag","embeddable":true,"href":"https:\/\/unox.com.tr\/fr\/wp-json\/wp\/v2\/product_tag?post=55155"}],"curies":[{"name":"wp","href":"https:\/\/api.w.org\/{rel}","templated":true}]}}