{"id":55159,"date":"2022-11-02T05:25:13","date_gmt":"2022-11-02T05:25:13","guid":{"rendered":"https:\/\/unox.com.tr\/urun\/electrovanne-utilitaire-a-passage-integral-normalement-fermee-tgm\/"},"modified":"2022-11-02T05:25:13","modified_gmt":"2022-11-02T02:25:13","slug":"electrovanne-utilitaire-a-passage-integral-normalement-fermee-tgm","status":"publish","type":"product","link":"https:\/\/unox.com.tr\/fr\/electrovanne-utilitaire-a-passage-integral-normalement-fermee-tgm\/","title":{"rendered":"\u00c9lectrovanne Utilitaire \u00e0 Passage Int\u00e9gral &#8211; Normalement Ferm\u00e9e &#8211; TGM"},"content":{"rendered":"<div>\n<div id=\"ez-toc-container\" class=\"ez-toc-v2_0_82_2 counter-hierarchy ez-toc-counter ez-toc-grey ez-toc-container-direction\">\n<div class=\"ez-toc-title-container\">\n<p class=\"ez-toc-title\" style=\"cursor:inherit\">Sayfa \u0130\u00e7eri\u011fi<\/p>\n<span class=\"ez-toc-title-toggle\"><a href=\"#\" class=\"ez-toc-pull-right ez-toc-btn ez-toc-btn-xs ez-toc-btn-default ez-toc-toggle\" aria-label=\"Toggle Table of Content\"><span class=\"ez-toc-js-icon-con\"><span class=\"\"><span class=\"eztoc-hide\" style=\"display:none;\">Toggle<\/span><span class=\"ez-toc-icon-toggle-span\"><svg style=\"fill: #999;color:#999\" xmlns=\"http:\/\/www.w3.org\/2000\/svg\" class=\"list-377408\" width=\"20px\" height=\"20px\" viewBox=\"0 0 24 24\" fill=\"none\"><path d=\"M6 6H4v2h2V6zm14 0H8v2h12V6zM4 11h2v2H4v-2zm16 0H8v2h12v-2zM4 16h2v2H4v-2zm16 0H8v2h12v-2z\" fill=\"currentColor\"><\/path><\/svg><svg style=\"fill: #999;color:#999\" class=\"arrow-unsorted-368013\" xmlns=\"http:\/\/www.w3.org\/2000\/svg\" width=\"10px\" height=\"10px\" viewBox=\"0 0 24 24\" version=\"1.2\" baseProfile=\"tiny\"><path d=\"M18.2 9.3l-6.2-6.3-6.2 6.3c-.2.2-.3.4-.3.7s.1.5.3.7c.2.2.4.3.7.3h11c.3 0 .5-.1.7-.3.2-.2.3-.5.3-.7s-.1-.5-.3-.7zM5.8 14.7l6.2 6.3 6.2-6.3c.2-.2.3-.5.3-.7s-.1-.5-.3-.7c-.2-.2-.4-.3-.7-.3h-11c-.3 0-.5.1-.7.3-.2.2-.3.5-.3.7s.1.5.3.7z\"\/><\/svg><\/span><\/span><\/span><\/a><\/span><\/div>\n<nav><ul class='ez-toc-list ez-toc-list-level-1 ' ><li class='ez-toc-page-1 ez-toc-heading-level-2'><a class=\"ez-toc-link ez-toc-heading-1\" href=\"https:\/\/unox.com.tr\/fr\/electrovanne-utilitaire-a-passage-integral-normalement-fermee-tgm\/#Quest-ce_quune_electrovanne_a_usage_general_a_passage_integral\" >Qu&rsquo;est-ce qu&rsquo;une \u00e9lectrovanne \u00e0 usage g\u00e9n\u00e9ral \u00e0 passage int\u00e9gral ?<\/a><\/li><li class='ez-toc-page-1 ez-toc-heading-level-2'><a class=\"ez-toc-link ez-toc-heading-2\" href=\"https:\/\/unox.com.tr\/fr\/electrovanne-utilitaire-a-passage-integral-normalement-fermee-tgm\/#Ou_lelectrovanne_a_usage_general_a_passage_integral_est-elle_utilisee\" >O\u00f9 l&rsquo;\u00e9lectrovanne \u00e0 usage g\u00e9n\u00e9ral \u00e0 passage int\u00e9gral est-elle utilis\u00e9e ?<\/a><\/li><li class='ez-toc-page-1 ez-toc-heading-level-2'><a class=\"ez-toc-link ez-toc-heading-3\" href=\"https:\/\/unox.com.tr\/fr\/electrovanne-utilitaire-a-passage-integral-normalement-fermee-tgm\/#Systeme_dexploitation_normalement_ferme\" >Syst\u00e8me d&rsquo;exploitation normalement ferm\u00e9<\/a><\/li><li class='ez-toc-page-1 ez-toc-heading-level-2'><a class=\"ez-toc-link ez-toc-heading-4\" href=\"https:\/\/unox.com.tr\/fr\/electrovanne-utilitaire-a-passage-integral-normalement-fermee-tgm\/#Caracteristiques_Generales\" >Caract\u00e9ristiques G\u00e9n\u00e9rales<\/a><ul class='ez-toc-list-level-3' ><li class='ez-toc-heading-level-3'><a class=\"ez-toc-link ez-toc-heading-5\" href=\"https:\/\/unox.com.tr\/fr\/electrovanne-utilitaire-a-passage-integral-normalement-fermee-tgm\/#Suggestions\" >Suggestions<\/a><\/li><\/ul><\/li><li class='ez-toc-page-1 ez-toc-heading-level-2'><a class=\"ez-toc-link ez-toc-heading-6\" href=\"https:\/\/unox.com.tr\/fr\/electrovanne-utilitaire-a-passage-integral-normalement-fermee-tgm\/#Elements_a_prendre_en_compte_lors_du_choix_dune_electrovanne\" >\u00c9l\u00e9ments \u00e0 prendre en compte lors du choix d&rsquo;une \u00e9lectrovanne :<\/a><\/li><\/ul><\/nav><\/div>\n<h2><span class=\"ez-toc-section\" id=\"Quest-ce_quune_electrovanne_a_usage_general_a_passage_integral\"><\/span><span style=\"font-size: 22px;\">Qu&rsquo;est-ce qu&rsquo;une \u00e9lectrovanne \u00e0 usage g\u00e9n\u00e9ral \u00e0 passage int\u00e9gral ?<\/span><span class=\"ez-toc-section-end\"><\/span><\/h2>\n<p>L&rsquo;\u00e9lectrovanne \u00e0 usage g\u00e9n\u00e9ral \u00e0 passage int\u00e9gral est une \u00e9lectrovanne. Le sol\u00e9no\u00efde s&rsquo;allume et s&rsquo;\u00e9teint en d\u00e9pla\u00e7ant une armature autour de la bobine. Permet \u00e0 un canal d&rsquo;\u00eatre ouvert et ferm\u00e9 par une \u00e9lectrovanne, une vanne pilote ou un autre syst\u00e8me. L&rsquo;\u00e9lectrovanne \u00e0 usage g\u00e9n\u00e9ral \u00e0 passage int\u00e9gral est g\u00e9n\u00e9ralement d&rsquo;une construction \u00e9tanche \u00e0 l&rsquo;eau, \u00e0 l&rsquo;air ou au gaz et est utilis\u00e9e dans de nombreuses applications industrielles diff\u00e9rentes. Les \u00e9lectrovannes \u00e0 usage g\u00e9n\u00e9ral \u00e0 passage int\u00e9gral sont particuli\u00e8rement utilis\u00e9es dans les applications \u00e0 faible d\u00e9bit et gr\u00e2ce \u00e0 la fonction de passage int\u00e9gral, la totalit\u00e9 du d\u00e9bit peut \u00eatre transmise lorsque la vanne est ouverte.<\/p>\n<h2><span class=\"ez-toc-section\" id=\"Ou_lelectrovanne_a_usage_general_a_passage_integral_est-elle_utilisee\"><\/span><span style=\"font-size: 22px;\">O\u00f9 l&rsquo;\u00e9lectrovanne \u00e0 usage g\u00e9n\u00e9ral \u00e0 passage int\u00e9gral est-elle utilis\u00e9e ?<\/span><span class=\"ez-toc-section-end\"><\/span><\/h2>\n<p>Les \u00e9lectrovannes \u00e0 usage g\u00e9n\u00e9ral \u00e0 passage int\u00e9gral sont utilis\u00e9es dans de nombreuses applications industrielles diff\u00e9rentes. Par exemple:<\/p>\n<ol>\n<li>Il est utilis\u00e9 pour g\u00e9rer le d\u00e9bit d&rsquo;air dans les syst\u00e8mes de ventilation et ouvre et ferme les conduits d&rsquo;air.<\/li>\n<li>Il est utilis\u00e9 pour g\u00e9rer le d\u00e9bit d&rsquo;eau dans les syst\u00e8mes de plomberie et ouvre et ferme les canaux d&rsquo;eau.<\/li>\n<li>Dans les syst\u00e8mes d&rsquo;irrigation automatiques, il ouvre et ferme les canaux d&rsquo;irrigation et automatise ainsi le processus d&rsquo;irrigation.<\/li>\n<li>Il est utilis\u00e9 pour g\u00e9rer la transition du produit dans les lignes de production industrielle et assure ou emp\u00eache la transition du produit.<\/li>\n<\/ol>\n<p>Les \u00e9lectrovannes sont fabriqu\u00e9es en deux types: normalement ferm\u00e9es (pour ouvrir la vanne ferm\u00e9e lorsque la bobine re\u00e7oit de l&rsquo;\u00e9nergie) et normalement ouvertes (pour fermer la vanne ouverte lorsqu&rsquo;elle re\u00e7oit de l&rsquo;\u00e9nergie de la bobine).<\/p>\n<div>\n<h2><span class=\"ez-toc-section\" id=\"Systeme_dexploitation_normalement_ferme\"><\/span><span style=\"font-size: 22px;\">Syst\u00e8me d&rsquo;exploitation normalement ferm\u00e9<\/span><span class=\"ez-toc-section-end\"><\/span><\/h2>\n<p>L&rsquo;\u00e9lectrovanne normalement ferm\u00e9e permet initialement le passage du fluide. Pour que la vanne s&rsquo;ouvre, la bobine commence \u00e0 agir avec le courant \u00e9lectrique venant de la bobine, tire le noyau vers le haut et ouvre l&#8217;embouchure du trou de l&rsquo;orifice, et ainsi, le fluide sous haute pression se d\u00e9place rapidement vers la sortie du trou de d\u00e9rivation. Avec cette progression, la pression \u00e0 l&rsquo;int\u00e9rieur chute tr\u00e8s rapidement et une diff\u00e9rence de pression se produit \u00e0 l&rsquo;int\u00e9rieur. En raison de cette diff\u00e9rence, le diaphragme surmonte la force du ressort et monte vers le haut et le passage du fluide est autoris\u00e9, de sorte que la vanne est en position ouverte. Tout cela se passe en tr\u00e8s peu de temps. Notre produit est con\u00e7u pour obtenir la meilleure efficacit\u00e9.<\/p>\n<h2><span class=\"ez-toc-section\" id=\"Caracteristiques_Generales\"><\/span><span style=\"font-size: 22px;\">Caract\u00e9ristiques G\u00e9n\u00e9rales<\/span><span class=\"ez-toc-section-end\"><\/span><\/h2>\n<ul>\n<li><strong>Joint<\/strong> : PTFE \/ Viton<\/li>\n<li><strong>Manche<\/strong> : Laiton<\/li>\n<li><strong>Corps<\/strong> : Laiton<\/li>\n<li><strong>Noyau<\/strong> : Inox<\/li>\n<li><strong>Temp\u00e9rature<\/strong> : -10 \/ +90 \u00b0C<\/li>\n<li><strong>Bobine<\/strong> : Douille<\/li>\n<\/ul>\n<h3><span class=\"ez-toc-section\" id=\"Suggestions\"><\/span><span style=\"font-size: 20px;\">Suggestions<\/span><span class=\"ez-toc-section-end\"><\/span><\/h3>\n<p>Monter l&rsquo;\u00e9lectrovanne de sorte que la bobine soit vers le haut. Dans l&rsquo;installation, comme une cr\u00e9pine avant l&rsquo;\u00e9lectrovanne, etc. utiliser des filtres. Nous utilisons un mat\u00e9riau de diaphragme et de joint plus durable pour les temp\u00e9ratures \u00e9lev\u00e9es.<br \/>\nPr\u00e9cisez votre demande de diaphragme et de joint pour haute temp\u00e9rature dans vos commandes.<\/p>\n<h2><span class=\"ez-toc-section\" id=\"Elements_a_prendre_en_compte_lors_du_choix_dune_electrovanne\"><\/span><span style=\"font-size: 22px;\">\u00c9l\u00e9ments \u00e0 prendre en compte lors du choix d&rsquo;une \u00e9lectrovanne :<\/span><span class=\"ez-toc-section-end\"><\/span><\/h2>\n<ul>\n<li>La bobine doit \u00eatre s\u00e9lectionn\u00e9e en fonction de la tension de fonctionnement (AC-DC) \u00e0 utiliser. La protection et l&rsquo;isolation doivent \u00eatre pr\u00e9vues en fonction de l&rsquo;endroit o\u00f9 elles seront appliqu\u00e9es. (L&rsquo;\u00e9lectricit\u00e9 s&rsquo;allume lorsque l&rsquo;air entre et s&rsquo;\u00e9teint lorsque vous coupez l&rsquo;\u00e9lectricit\u00e9)<\/li>\n<li>Dans la ligne ou le syst\u00e8me que vous utiliserez, min et max. les valeurs de pression sont tr\u00e8s importantes dans le choix de la vanne. <\/li>\n<li>La qualit\u00e9 et la temp\u00e9rature du fluide sont un facteur direct dans le choix de la vanne.<\/li>\n<li>Le sens du fluide et la fl\u00e8che sur le corps sont dans le m\u00eame sens et il faut faire attention au montage.<\/li>\n<li>\u00c9tant donn\u00e9 que l&rsquo;\u00e9lectrovanne ne fonctionne pas comme un clapet anti-retour, le fluide reflue \u00e0 des pressions inverses. Dans ces cas, l&rsquo;installation d&rsquo;un clapet anti-retour apr\u00e8s l&rsquo;\u00e9lectrovanne est correcte pour la connexion.<\/li>\n<li>La ligne \u00e0 laquelle la vanne est attach\u00e9e doit \u00eatre exempte d&rsquo;impuret\u00e9s.<\/li>\n<\/ul>\n<p>&nbsp;<\/p>\n<\/div>\n<\/div>\n<p>[table id=\u00a0\u00bb14&Prime; \/]<\/p>\n<p>&nbsp;<\/p>\n<p>Vous pouvez consulter notre page<a href=\"\/?page_id=8324\" target=\"_blank\" rel=\"noopener noreferrer\">\u00ab\u00a0Electrovanne<\/a>\u00a0\u00bb pour obtenir des informations plus d\u00e9taill\u00e9es sur le sujet ou pour trouver des solutions aux probl\u00e8mes que vous rencontrez.<\/p>\n","protected":false},"excerpt":{"rendered":"<p><a href=\"https:\/\/unox.com.tr\/wp-content\/uploads\/2022\/12\/TAM-GECISLI-N.K-3-4-TGM2004.pdf\" target=\"_blank\" rel=\"noopener\"><button style=\"background-color: #11224b; color: #ffffff; padding: 10px 15px; font-family: montserrat; font-weight: bold; font-size: 19px; border-radius: 10px;\"><img decoding=\"async\" style=\"width: 25px; height: 25px;\" src=\"https:\/\/unox.com.tr\/wp-content\/uploads\/2023\/02\/pdf-1.png\">CATALOGUE DES PRODUITS<\/button><\/a><\/p>\n<p><button style=\"background-color: #11224b; margin-top: 5px; color: white; padding: 0px 15px; width: 150px; height: 55px; border-radius: 10px; border: none; cursor: pointer;\"><br \/>\n<img decoding=\"async\" style=\"width: 120px; height: 30px;\" src=\"https:\/\/unox.com.tr\/wp-content\/uploads\/2023\/02\/4-1.svg\"><\/button><\/p>\n","protected":false},"featured_media":68631,"comment_status":"closed","ping_status":"closed","template":"","meta":[],"product_brand":[],"product_cat":[1580,1200],"product_tag":[],"class_list":{"0":"post-55159","1":"product","2":"type-product","3":"status-publish","4":"has-post-thumbnail","6":"product_cat-electrovannes-a-passage-integral","7":"product_cat-electrovannes","9":"first","10":"instock","11":"shipping-taxable","12":"product-type-simple"},"_links":{"self":[{"href":"https:\/\/unox.com.tr\/fr\/wp-json\/wp\/v2\/product\/55159","targetHints":{"allow":["GET"]}}],"collection":[{"href":"https:\/\/unox.com.tr\/fr\/wp-json\/wp\/v2\/product"}],"about":[{"href":"https:\/\/unox.com.tr\/fr\/wp-json\/wp\/v2\/types\/product"}],"replies":[{"embeddable":true,"href":"https:\/\/unox.com.tr\/fr\/wp-json\/wp\/v2\/comments?post=55159"}],"version-history":[{"count":0,"href":"https:\/\/unox.com.tr\/fr\/wp-json\/wp\/v2\/product\/55159\/revisions"}],"wp:featuredmedia":[{"embeddable":true,"href":"https:\/\/unox.com.tr\/fr\/wp-json\/wp\/v2\/media\/68631"}],"wp:attachment":[{"href":"https:\/\/unox.com.tr\/fr\/wp-json\/wp\/v2\/media?parent=55159"}],"wp:term":[{"taxonomy":"product_brand","embeddable":true,"href":"https:\/\/unox.com.tr\/fr\/wp-json\/wp\/v2\/product_brand?post=55159"},{"taxonomy":"product_cat","embeddable":true,"href":"https:\/\/unox.com.tr\/fr\/wp-json\/wp\/v2\/product_cat?post=55159"},{"taxonomy":"product_tag","embeddable":true,"href":"https:\/\/unox.com.tr\/fr\/wp-json\/wp\/v2\/product_tag?post=55159"}],"curies":[{"name":"wp","href":"https:\/\/api.w.org\/{rel}","templated":true}]}}