{"id":55166,"date":"2022-10-31T10:02:01","date_gmt":"2022-10-31T07:02:01","guid":{"rendered":"https:\/\/unox.com.tr\/urun\/purgeur-a-flotteur-inverse-a-brides\/"},"modified":"2024-03-01T12:34:39","modified_gmt":"2024-03-01T09:34:39","slug":"purgeur-a-flotteur-inverse-a-brides","status":"publish","type":"product","link":"https:\/\/unox.com.tr\/fr\/purgeur-a-flotteur-inverse-a-brides\/","title":{"rendered":"Purgeur \u00e0 Flotteur Invers\u00e9 &#8211; \u00e0 Brides"},"content":{"rendered":"<div id=\"ez-toc-container\" class=\"ez-toc-v2_0_82_2 counter-hierarchy ez-toc-counter ez-toc-grey ez-toc-container-direction\">\n<div class=\"ez-toc-title-container\">\n<p class=\"ez-toc-title\" style=\"cursor:inherit\">Sayfa \u0130\u00e7eri\u011fi<\/p>\n<span class=\"ez-toc-title-toggle\"><a href=\"#\" class=\"ez-toc-pull-right ez-toc-btn ez-toc-btn-xs ez-toc-btn-default ez-toc-toggle\" aria-label=\"Toggle Table of Content\"><span class=\"ez-toc-js-icon-con\"><span class=\"\"><span class=\"eztoc-hide\" style=\"display:none;\">Toggle<\/span><span class=\"ez-toc-icon-toggle-span\"><svg style=\"fill: #999;color:#999\" xmlns=\"http:\/\/www.w3.org\/2000\/svg\" class=\"list-377408\" width=\"20px\" height=\"20px\" viewBox=\"0 0 24 24\" fill=\"none\"><path d=\"M6 6H4v2h2V6zm14 0H8v2h12V6zM4 11h2v2H4v-2zm16 0H8v2h12v-2zM4 16h2v2H4v-2zm16 0H8v2h12v-2z\" fill=\"currentColor\"><\/path><\/svg><svg style=\"fill: #999;color:#999\" class=\"arrow-unsorted-368013\" xmlns=\"http:\/\/www.w3.org\/2000\/svg\" width=\"10px\" height=\"10px\" viewBox=\"0 0 24 24\" version=\"1.2\" baseProfile=\"tiny\"><path d=\"M18.2 9.3l-6.2-6.3-6.2 6.3c-.2.2-.3.4-.3.7s.1.5.3.7c.2.2.4.3.7.3h11c.3 0 .5-.1.7-.3.2-.2.3-.5.3-.7s-.1-.5-.3-.7zM5.8 14.7l6.2 6.3 6.2-6.3c.2-.2.3-.5.3-.7s-.1-.5-.3-.7c-.2-.2-.4-.3-.7-.3h-11c-.3 0-.5.1-.7.3-.2.2-.3.5-.3.7s.1.5.3.7z\"\/><\/svg><\/span><\/span><\/span><\/a><\/span><\/div>\n<nav><ul class='ez-toc-list ez-toc-list-level-1 ' ><li class='ez-toc-page-1 ez-toc-heading-level-2'><a class=\"ez-toc-link ez-toc-heading-1\" href=\"https:\/\/unox.com.tr\/fr\/purgeur-a-flotteur-inverse-a-brides\/#Quest-ce_quun_purgeur_a_flotteur_inverse\" >Qu&rsquo;est-ce qu&rsquo;un purgeur \u00e0 flotteur invers\u00e9 ?<\/a><\/li><li class='ez-toc-page-1 ez-toc-heading-level-2'><a class=\"ez-toc-link ez-toc-heading-2\" href=\"https:\/\/unox.com.tr\/fr\/purgeur-a-flotteur-inverse-a-brides\/#Caracteristiques_du_Produit\" >Caract\u00e9ristiques du Produit<\/a><\/li><li class='ez-toc-page-1 ez-toc-heading-level-2'><a class=\"ez-toc-link ez-toc-heading-3\" href=\"https:\/\/unox.com.tr\/fr\/purgeur-a-flotteur-inverse-a-brides\/#Champ_dapplication\" >Champ d&rsquo;application<\/a><\/li><\/ul><\/nav><\/div>\n<h2><span class=\"ez-toc-section\" id=\"Quest-ce_quun_purgeur_a_flotteur_inverse\"><\/span><span style=\"font-size: 22px;\">Qu&rsquo;est-ce qu&rsquo;un purgeur \u00e0 flotteur invers\u00e9 ?<\/span><span class=\"ez-toc-section-end\"><\/span><\/h2>\n<p>Le purgeur \u00e0 godet invers\u00e9 est un purgeur m\u00e9canique qui utilise un godet lest\u00e9 pour s\u00e9parer le condensat et l&rsquo;air de la vapeur. Le pi\u00e8ge est con\u00e7u pour que le seau soit suspendu \u00e0 l&rsquo;envers dans le flux de vapeur. Lorsque la vapeur s&rsquo;\u00e9coule du purgeur, le godet est soulev\u00e9 de son si\u00e8ge et la vapeur peut passer. Lorsque le condensat et l&rsquo;air p\u00e9n\u00e8trent dans le purgeur, ils sont plus lourds que la vapeur et font retomber le godet en place, fermant le flux de vapeur et permettant l&rsquo;\u00e9vacuation du condensat et de l&rsquo;air.<\/p>\n<p>Le purgeur \u00e0 flotteur invers\u00e9 est g\u00e9n\u00e9ralement utilis\u00e9 dans les syst\u00e8mes de distribution de vapeur o\u00f9 de grands volumes de condensat doivent \u00eatre \u00e9limin\u00e9s. Il est tr\u00e8s appropri\u00e9 pour une utilisation dans des syst\u00e8mes avec des pressions et des d\u00e9bits \u00e9lev\u00e9s et des syst\u00e8mes avec des conditions de charge variables. L&rsquo;un des principaux avantages du pi\u00e8ge \u00e0 godet invers\u00e9 est qu&rsquo;il peut traiter de grands volumes d&rsquo;air et d&rsquo;autres gaz non condensables qui peuvent causer des probl\u00e8mes avec d&rsquo;autres types de pi\u00e8ges.<\/p>\n<h2><span class=\"ez-toc-section\" id=\"Caracteristiques_du_Produit\"><\/span><span style=\"font-size: 22px;\">Caract\u00e9ristiques du Produit<\/span><span class=\"ez-toc-section-end\"><\/span><\/h2>\n<ul>\n<li><strong>Corps<\/strong> : GGG 40.3 Fonte Ductile<\/li>\n<li><strong>Couvercle<\/strong> : Fonte Ductile GGG<\/li>\n<li><strong>Max. Pression de Fonctionnement : <\/strong> 16 Bar<\/li>\n<li><strong>Max. Temp\u00e9rature de Fonctionnement : <\/strong> 250 \u00b0C<\/li>\n<\/ul>\n<h2><span class=\"ez-toc-section\" id=\"Champ_dapplication\"><\/span><span style=\"font-size: 22px;\">Champ d&rsquo;application<\/span><span class=\"ez-toc-section-end\"><\/span><\/h2>\n<p>Les purgeurs \u00e0 godets invers\u00e9s sont g\u00e9n\u00e9ralement fabriqu\u00e9s en fonte ou en acier et ont des raccords filet\u00e9s pour une installation et un entretien faciles. C&rsquo;est un choix durable et fiable pour les applications de purge et il est souvent utilis\u00e9 dans une grande vari\u00e9t\u00e9 d&rsquo;environnements industriels et commerciaux.<\/p>\n<p>Les purgeurs de vapeur \u00e0 godet invers\u00e9 UNOX sont r\u00e9sistants aux coups de b\u00e9lier de par leur conception. La caract\u00e9ristique la plus importante des purgeurs \u00e0 flotteur invers\u00e9 est qu&rsquo;ils \u00e9vacuent le condensat d\u00e8s qu&rsquo;il se produit. Par cons\u00e9quent, l&rsquo;efficacit\u00e9 thermique est tr\u00e8s \u00e9lev\u00e9e.<\/p>\n<ul>\n<li>R\u00e9servoirs<\/li>\n<li>Echangeurs de Chaleur<\/li>\n<li>Batteries Chauffantes<\/li>\n<li>Fours<\/li>\n<li>Remplissage et vidange des conteneurs<\/li>\n<li>Chaudi\u00e8res \u00e0 eau chaude<\/li>\n<li>Circuits liquides<\/li>\n<\/ul>\n<p>&nbsp;<\/p>\n<p>Vous pouvez regarder notre vid\u00e9o pour avoir des informations plus d\u00e9taill\u00e9es sur les purgeurs de vapeur.<\/p>\n<p>&nbsp;<\/p>\n<p><iframe title=\"Kondenstop nedir? \u00c7al\u0131\u015fma Prensibi nedir? What is a steam trap? What is the Working Principle? #10\" width=\"500\" height=\"281\" src=\"https:\/\/www.youtube.com\/embed\/RYm9XG8YP_E?start=7&#038;feature=oembed\" frameborder=\"0\" allow=\"accelerometer; autoplay; clipboard-write; encrypted-media; gyroscope; picture-in-picture; web-share\" referrerpolicy=\"strict-origin-when-cross-origin\" allowfullscreen><\/iframe><\/p>\n","protected":false},"excerpt":{"rendered":"<p><a href=\"https:\/\/unox.com.tr\/wp-content\/uploads\/2023\/01\/Ters-Kovali-Kondenstop-Flanged.pdf\" target=\"_blank\" rel=\"noopener\"><button style=\"background-color: #11224b; color: #ffffff; padding: 10px 15px; font-family: montserrat; font-weight: bold; font-size: 19px; border-radius: 10px;\"><img decoding=\"async\" style=\"width: 25px; height: 25px;\" src=\"https:\/\/unox.com.tr\/wp-content\/uploads\/2023\/02\/pdf-1.png\">CATALOGUE DES PRODUITS<\/button><\/a><\/p>\n<p><button style=\"background-color: #11224b; margin-top: 5px; color: white; padding: 0px 15px; width: 150px; height: 55px; border-radius: 10px; border: none; cursor: pointer;\"><br \/>\n<img decoding=\"async\" style=\"width: 120px; height: 30px;\" src=\"https:\/\/unox.com.tr\/wp-content\/uploads\/2023\/02\/4-1.svg\"><\/button><\/p>\n","protected":false},"featured_media":30916,"comment_status":"open","ping_status":"closed","template":"","meta":{"_joinchat":[]},"product_brand":[],"product_cat":[1067,1068],"product_tag":[],"class_list":{"0":"post-55166","1":"product","2":"type-product","3":"status-publish","4":"has-post-thumbnail","6":"product_cat-purgeurs-de-vapeur","7":"product_cat-purgeur-de-vapeur","9":"first","10":"instock","11":"shipping-taxable","12":"product-type-simple"},"_links":{"self":[{"href":"https:\/\/unox.com.tr\/fr\/wp-json\/wp\/v2\/product\/55166","targetHints":{"allow":["GET"]}}],"collection":[{"href":"https:\/\/unox.com.tr\/fr\/wp-json\/wp\/v2\/product"}],"about":[{"href":"https:\/\/unox.com.tr\/fr\/wp-json\/wp\/v2\/types\/product"}],"replies":[{"embeddable":true,"href":"https:\/\/unox.com.tr\/fr\/wp-json\/wp\/v2\/comments?post=55166"}],"version-history":[{"count":0,"href":"https:\/\/unox.com.tr\/fr\/wp-json\/wp\/v2\/product\/55166\/revisions"}],"wp:featuredmedia":[{"embeddable":true,"href":"https:\/\/unox.com.tr\/fr\/wp-json\/wp\/v2\/media\/30916"}],"wp:attachment":[{"href":"https:\/\/unox.com.tr\/fr\/wp-json\/wp\/v2\/media?parent=55166"}],"wp:term":[{"taxonomy":"product_brand","embeddable":true,"href":"https:\/\/unox.com.tr\/fr\/wp-json\/wp\/v2\/product_brand?post=55166"},{"taxonomy":"product_cat","embeddable":true,"href":"https:\/\/unox.com.tr\/fr\/wp-json\/wp\/v2\/product_cat?post=55166"},{"taxonomy":"product_tag","embeddable":true,"href":"https:\/\/unox.com.tr\/fr\/wp-json\/wp\/v2\/product_tag?post=55166"}],"curies":[{"name":"wp","href":"https:\/\/api.w.org\/{rel}","templated":true}]}}