{"id":55167,"date":"2022-10-28T06:00:50","date_gmt":"2022-10-28T06:00:50","guid":{"rendered":"https:\/\/unox.com.tr\/urun\/electrovanne-utilitaire-normalement-ouverte-gem-a\/"},"modified":"2024-05-31T16:11:12","modified_gmt":"2024-05-31T13:11:12","slug":"electrovanne-utilitaire-normalement-ouverte","status":"publish","type":"product","link":"https:\/\/unox.com.tr\/fr\/electrovanne-utilitaire-normalement-ouverte\/","title":{"rendered":"\u00c9lectrovanne Utilitaire &#8211; Normalement Ouverte (GEM A)"},"content":{"rendered":"<p><strong><span style=\"font-size: 22px;\">Qu&rsquo;est-ce qu&rsquo;une \u00c9lectrovanne Usage G\u00e9n\u00e9ral ?<\/span><\/strong><\/p>\n<p>L&rsquo;\u00e9lectrovanne \u00e0 usage g\u00e9n\u00e9ral est un dispositif m\u00e9canique qui se d\u00e9place sous l&rsquo;effet d&rsquo;un champ magn\u00e9tique autour d&rsquo;une bobine \u00e0 travers laquelle passe un courant \u00e9lectrique. Il est g\u00e9n\u00e9ralement utilis\u00e9 pour contr\u00f4ler le d\u00e9bit de liquides ou de gaz tels que l&rsquo;eau, l&rsquo;air, l&rsquo;huile ou le gaz. Ces vannes ; La vanne pilote peut \u00eatre activ\u00e9e et d\u00e9sactiv\u00e9e en se connectant \u00e0 un syst\u00e8me de commande tel qu&rsquo;un interrupteur ou un dispositif de commande. Les \u00e9lectrovannes sont largement utilis\u00e9es en raison de leur petite taille et de leur facilit\u00e9 de commande.<\/p>\n<p>Les \u00e9lectrovannes sont fabriqu\u00e9es en deux types: normalement ferm\u00e9es (pour ouvrir la vanne ferm\u00e9e lorsque la bobine re\u00e7oit de l&rsquo;\u00e9nergie) et normalement ouvertes (pour fermer la vanne ouverte lorsqu&rsquo;elle re\u00e7oit de l&rsquo;\u00e9nergie de la bobine).<\/p>\n<p><strong><span style=\"font-size: 22px;\">O\u00f9 sont utilis\u00e9es les \u00e9lectrovannes \u00e0 usage g\u00e9n\u00e9ral ?<\/span><\/strong><\/p>\n<p>Les \u00e9lectrovannes \u00e0 usage g\u00e9n\u00e9ral sont un type d&rsquo;instrument \u00e9lectromagn\u00e9tique utilis\u00e9 pour contr\u00f4ler le d\u00e9bit de liquides et de gaz tels que l&rsquo;eau, l&rsquo;air, le p\u00e9trole ou le gaz. Ils sont g\u00e9n\u00e9ralement utilis\u00e9s dans diff\u00e9rents domaines tels que l&rsquo;automobile, les produits blancs, les machines et syst\u00e8mes industriels. Par exemple, ils peuvent \u00eatre utilis\u00e9s dans les syst\u00e8mes de fertilisation des moteurs automobiles ou dans les syst\u00e8mes de refroidissement des appareils \u00e9lectrom\u00e9nagers tels que les r\u00e9frig\u00e9rateurs. Ils peuvent \u00e9galement \u00eatre utilis\u00e9s pour contr\u00f4ler le d\u00e9bit de liquide et de gaz dans les processus industriels ou les usines.<\/p>\n<p><strong><span style=\"font-size: 22px;\">Syst\u00e8me d&rsquo;exploitation \u00e0 \u00e9tat normalement ouvert<\/span><\/strong><\/p>\n<p>L&rsquo;\u00e9lectrovanne normalement ouverte permet initialement le passage du fluide. Afin de fermer la vanne, la bobine se d\u00e9place avec le courant \u00e9lectrique venant de la bobine, poussant le noyau vers le bas et fermant l&#8217;embouchure du trou de l&rsquo;orifice, et dans ce cas, la pression \u00e0 l&rsquo;int\u00e9rieur augmente progressivement et pousse le diaphragme vers le bas et ferme le Orifice par lequel passe le fluide. En peu de temps, la pression se r\u00e9partit de mani\u00e8re homog\u00e8ne sur la membrane et la pression sup\u00e9rieure \u00e0 la pression du fluide emp\u00eache le fluide de soulever la membrane, la vanne est donc en position ferm\u00e9e. Tout cela se passe en tr\u00e8s peu de temps. Notre produit est con\u00e7u pour obtenir la meilleure efficacit\u00e9.<\/p>\n<p><strong><span style=\"font-size: 22px;\">Caract\u00e9ristiques G\u00e9n\u00e9rales<\/span><\/strong><\/p>\n<ul>\n<li><strong>Joint<\/strong> : NBR<\/li>\n<li><strong>Manche<\/strong> : Laiton<\/li>\n<li><strong>Corps<\/strong> : Laiton<\/li>\n<li><strong>Noyau<\/strong> : Inox<\/li>\n<li><strong>Temp\u00e9rature<\/strong> : -10 \/ +90 \u00b0C<\/li>\n<li><strong>Bobine<\/strong> : Douille<\/li>\n<\/ul>\n<p><strong><span style=\"font-size: 20px;\">Suggestions<\/span><\/strong><\/p>\n<p>Monter l&rsquo;\u00e9lectrovanne de sorte que la bobine soit vers le haut. Dans l&rsquo;installation, comme une cr\u00e9pine avant l&rsquo;\u00e9lectrovanne, etc. utiliser des filtres. Nous utilisons un mat\u00e9riau de diaphragme et de joint plus durable pour les temp\u00e9ratures \u00e9lev\u00e9es. Pr\u00e9cisez votre demande de diaphragme et de joint pour haute temp\u00e9rature dans vos commandes.<\/p>\n<p><strong><span style=\"font-size: 22px;\">\u00c9l\u00e9ments \u00e0 prendre en compte lors du choix d&rsquo;une \u00e9lectrovanne :<\/span><\/strong><\/p>\n<ul>\n<li>La bobine doit \u00eatre s\u00e9lectionn\u00e9e en fonction de la tension de fonctionnement (AC-DC). La protection et l&rsquo;isolation doivent \u00eatre pr\u00e9vues en fonction de l&rsquo;endroit o\u00f9 elles seront appliqu\u00e9es. (L&rsquo;\u00e9lectricit\u00e9 s&rsquo;allume lorsque l&rsquo;air entre et s&rsquo;\u00e9teint lorsque vous coupez l&rsquo;\u00e9lectricit\u00e9)<\/li>\n<li>Dans la ligne ou le syst\u00e8me que vous utiliserez, min et max. les valeurs de pression sont tr\u00e8s importantes dans le choix de la vanne. <\/li>\n<li>La qualit\u00e9 et la temp\u00e9rature du fluide sont un facteur direct dans le choix de la vanne.<\/li>\n<li>Le sens du fluide et la fl\u00e8che sur le corps sont dans le m\u00eame sens et il faut faire attention au montage.<\/li>\n<li>\u00c9tant donn\u00e9 que l&rsquo;\u00e9lectrovanne ne fonctionne pas comme un clapet anti-retour, le fluide reflue \u00e0 des pressions inverses. Dans ces cas, l&rsquo;installation d&rsquo;un clapet anti-retour apr\u00e8s l&rsquo;\u00e9lectrovanne est correcte pour la connexion.<\/li>\n<li>La ligne \u00e0 laquelle la vanne est attach\u00e9e doit \u00eatre exempte d&rsquo;impuret\u00e9s.<\/li>\n<\/ul>\n<p>&nbsp;<\/p>\n<p>[table id=\u00a0\u00bb7&Prime; \/]<\/p>\n<p>Vous pouvez consulter notre page<a href=\"\/?page_id=8324\" target=\"_blank\" rel=\"noopener noreferrer\">\u00ab\u00a0Electrovanne<\/a>\u00a0\u00bb pour obtenir des informations plus d\u00e9taill\u00e9es sur le sujet ou pour trouver des solutions aux probl\u00e8mes que vous rencontrez.<\/p>\n","protected":false},"excerpt":{"rendered":"<p><a href=\"https:\/\/unox.com.tr\/wp-content\/uploads\/2024\/05\/GENEL-MAKSAT-N.A.pdf\" target=\"_blank\" rel=\"noopener\"><button style=\"background-color: #11224b; color: #ffffff; padding: 10px 15px; font-family: montserrat; font-weight: bold; font-size: 19px; border-radius: 10px;\"><img decoding=\"async\" style=\"width: 25px; height: 25px;\" src=\"https:\/\/unox.com.tr\/wp-content\/uploads\/2023\/02\/pdf-1.png\">CATALOGUE DES PRODUITS<\/button><\/a><\/p>\n<p><button style=\"background-color: #11224b; margin-top: 5px; color: white; padding: 0px 15px; width: 150px; height: 55px; border-radius: 10px; border: none; cursor: pointer;\"><br \/>\n<img decoding=\"async\" style=\"width: 120px; height: 30px;\" src=\"https:\/\/unox.com.tr\/wp-content\/uploads\/2023\/02\/4-1.svg\"><\/button><\/p>\n","protected":false},"featured_media":68638,"comment_status":"closed","ping_status":"closed","template":"","meta":[],"product_brand":[],"product_cat":[1233,1200],"product_tag":[],"class_list":{"0":"post-55167","1":"product","2":"type-product","3":"status-publish","4":"has-post-thumbnail","6":"product_cat-electrovannes-a-usage-general","7":"product_cat-electrovannes","9":"first","10":"instock","11":"shipping-taxable","12":"product-type-simple"},"_links":{"self":[{"href":"https:\/\/unox.com.tr\/fr\/wp-json\/wp\/v2\/product\/55167","targetHints":{"allow":["GET"]}}],"collection":[{"href":"https:\/\/unox.com.tr\/fr\/wp-json\/wp\/v2\/product"}],"about":[{"href":"https:\/\/unox.com.tr\/fr\/wp-json\/wp\/v2\/types\/product"}],"replies":[{"embeddable":true,"href":"https:\/\/unox.com.tr\/fr\/wp-json\/wp\/v2\/comments?post=55167"}],"version-history":[{"count":0,"href":"https:\/\/unox.com.tr\/fr\/wp-json\/wp\/v2\/product\/55167\/revisions"}],"wp:featuredmedia":[{"embeddable":true,"href":"https:\/\/unox.com.tr\/fr\/wp-json\/wp\/v2\/media\/68638"}],"wp:attachment":[{"href":"https:\/\/unox.com.tr\/fr\/wp-json\/wp\/v2\/media?parent=55167"}],"wp:term":[{"taxonomy":"product_brand","embeddable":true,"href":"https:\/\/unox.com.tr\/fr\/wp-json\/wp\/v2\/product_brand?post=55167"},{"taxonomy":"product_cat","embeddable":true,"href":"https:\/\/unox.com.tr\/fr\/wp-json\/wp\/v2\/product_cat?post=55167"},{"taxonomy":"product_tag","embeddable":true,"href":"https:\/\/unox.com.tr\/fr\/wp-json\/wp\/v2\/product_tag?post=55167"}],"curies":[{"name":"wp","href":"https:\/\/api.w.org\/{rel}","templated":true}]}}