{"id":55168,"date":"2022-10-31T09:56:19","date_gmt":"2022-10-31T09:56:19","guid":{"rendered":"https:\/\/unox.com.tr\/urun\/dispositif-dinondation-de-chaudiere-a-bride-a-2f-fantini\/"},"modified":"2022-10-31T09:56:19","modified_gmt":"2022-10-31T06:56:19","slug":"a-2f-fantini-bride-chaudiere-dispositif-de-vidange","status":"publish","type":"product","link":"https:\/\/unox.com.tr\/fr\/a-2f-fantini-bride-chaudiere-dispositif-de-vidange\/","title":{"rendered":"Dispositif d&rsquo;Inondation de Chaudi\u00e8re \u00e0 Bride A-2F Fantini"},"content":{"rendered":"<div id=\"ez-toc-container\" class=\"ez-toc-v2_0_82_2 counter-hierarchy ez-toc-counter ez-toc-grey ez-toc-container-direction\">\n<div class=\"ez-toc-title-container\">\n<p class=\"ez-toc-title\" style=\"cursor:inherit\">Sayfa \u0130\u00e7eri\u011fi<\/p>\n<span class=\"ez-toc-title-toggle\"><a href=\"#\" class=\"ez-toc-pull-right ez-toc-btn ez-toc-btn-xs ez-toc-btn-default ez-toc-toggle\" aria-label=\"Toggle Table of Content\"><span class=\"ez-toc-js-icon-con\"><span class=\"\"><span class=\"eztoc-hide\" style=\"display:none;\">Toggle<\/span><span class=\"ez-toc-icon-toggle-span\"><svg style=\"fill: #999;color:#999\" xmlns=\"http:\/\/www.w3.org\/2000\/svg\" class=\"list-377408\" width=\"20px\" height=\"20px\" viewBox=\"0 0 24 24\" fill=\"none\"><path d=\"M6 6H4v2h2V6zm14 0H8v2h12V6zM4 11h2v2H4v-2zm16 0H8v2h12v-2zM4 16h2v2H4v-2zm16 0H8v2h12v-2z\" fill=\"currentColor\"><\/path><\/svg><svg style=\"fill: #999;color:#999\" class=\"arrow-unsorted-368013\" xmlns=\"http:\/\/www.w3.org\/2000\/svg\" width=\"10px\" height=\"10px\" viewBox=\"0 0 24 24\" version=\"1.2\" baseProfile=\"tiny\"><path d=\"M18.2 9.3l-6.2-6.3-6.2 6.3c-.2.2-.3.4-.3.7s.1.5.3.7c.2.2.4.3.7.3h11c.3 0 .5-.1.7-.3.2-.2.3-.5.3-.7s-.1-.5-.3-.7zM5.8 14.7l6.2 6.3 6.2-6.3c.2-.2.3-.5.3-.7s-.1-.5-.3-.7c-.2-.2-.4-.3-.7-.3h-11c-.3 0-.5.1-.7.3-.2.2-.3.5-.3.7s.1.5.3.7z\"\/><\/svg><\/span><\/span><\/span><\/a><\/span><\/div>\n<nav><ul class='ez-toc-list ez-toc-list-level-1 ' ><li class='ez-toc-page-1 ez-toc-heading-level-2'><a class=\"ez-toc-link ez-toc-heading-1\" href=\"https:\/\/unox.com.tr\/fr\/a-2f-fantini-bride-chaudiere-dispositif-de-vidange\/#Quest-ce_quun_dispositif_dinondation_de_chaudiere_a_bride\" >Qu&rsquo;est-ce qu&rsquo;un dispositif d&rsquo;inondation de chaudi\u00e8re \u00e0 bride ?<\/a><\/li><li class='ez-toc-page-1 ez-toc-heading-level-2'><a class=\"ez-toc-link ez-toc-heading-2\" href=\"https:\/\/unox.com.tr\/fr\/a-2f-fantini-bride-chaudiere-dispositif-de-vidange\/#Caracteristiques_du_Produit\" >Caract\u00e9ristiques du Produit<\/a><\/li><li class='ez-toc-page-1 ez-toc-heading-level-2'><a class=\"ez-toc-link ez-toc-heading-3\" href=\"https:\/\/unox.com.tr\/fr\/a-2f-fantini-bride-chaudiere-dispositif-de-vidange\/#Caracteristiques_Generales\" >Caract\u00e9ristiques G\u00e9n\u00e9rales<\/a><\/li><\/ul><\/nav><\/div>\n<h2><span class=\"ez-toc-section\" id=\"Quest-ce_quun_dispositif_dinondation_de_chaudiere_a_bride\"><\/span><span style=\"font-size: 22px;\">Qu&rsquo;est-ce qu&rsquo;un dispositif d&rsquo;inondation de chaudi\u00e8re \u00e0 bride ?<\/span><span class=\"ez-toc-section-end\"><\/span><\/h2>\n<p>Un purgeur de chaudi\u00e8re \u00e0 bride est un dispositif utilis\u00e9 pour vidanger l&rsquo;eau ou d&rsquo;autres liquides d&rsquo;une chaudi\u00e8re. Il se compose g\u00e9n\u00e9ralement d&rsquo;une vanne ou d&rsquo;un robinet qui peut \u00eatre ouvert pour permettre au liquide de s&rsquo;\u00e9couler de la chaudi\u00e8re et d&rsquo;un tuyau ou d&rsquo;un tuyau qui dirige le liquide vers un endroit appropri\u00e9 pour son \u00e9limination. Le purgeur de chaudi\u00e8re \u00e0 bride peut \u00e9galement avoir un filtre ou un tamis pour emp\u00eacher les d\u00e9bris ou les s\u00e9diments de boucher la vanne ou le tuyau. Le purgeur de chaudi\u00e8re \u00e0 bride est largement utilis\u00e9 dans les environnements industriels et commerciaux pour l&rsquo;entretien et la r\u00e9paration des chaudi\u00e8res ainsi que la pr\u00e9vention de la corrosion et d&rsquo;autres dommages aux chaudi\u00e8res au fil du temps.<\/p>\n<h2><span class=\"ez-toc-section\" id=\"Caracteristiques_du_Produit\"><\/span><span style=\"font-size: 22px;\">Caract\u00e9ristiques du Produit<\/span><span class=\"ez-toc-section-end\"><\/span><\/h2>\n<ul>\n<li><strong>Corps<\/strong> : Fonte Ductile GGG40.3<\/li>\n<li><strong>Flotteur<\/strong> : Acier Inoxydable AISI 316<\/li>\n<li><strong>Arbre<\/strong> : Acier Inoxydable AISI 316<\/li>\n<li><strong>Soufflets<\/strong> : Acier Inoxydable AISI 316<\/li>\n<li><strong>Raccordement<\/strong> : A-1 \/ A-2 1&Prime; BSPT Filet\u00e9 A-2F DN25 Bride<\/li>\n<li><strong>Pression<\/strong> : PN16<\/li>\n<\/ul>\n<h2><span class=\"ez-toc-section\" id=\"Caracteristiques_Generales\"><\/span><span style=\"font-size: 22px;\">Caract\u00e9ristiques G\u00e9n\u00e9rales<\/span><span class=\"ez-toc-section-end\"><\/span><\/h2>\n<ul>\n<li>Ce contr\u00f4le de niveau est compos\u00e9 d&rsquo;un flotteur \u00e0 bille en inox et d&rsquo;une bride pour pression jusqu&rsquo;\u00e0 25 bar.<\/li>\n<li>Corps sph\u00e9rique en fonte r\u00e9sistante aux chocs et \u00e0 haute densit\u00e9.<\/li>\n<li>Interrupteurs \u00e0 mercure en forme de boule pour hautes temp\u00e9ratures.<\/li>\n<li>Dispositif de nivellement diff\u00e9rentiel.<\/li>\n<li>Ex\u00e9cution : blind\u00e9e.<\/li>\n<li>La fen\u00eatre de visualisation \u00e0 double vitrage pour le mercure en forme de boule change la visibilit\u00e9.<\/li>\n<li>Sorties de conducteur avec tube m\u00e9tallique flexible.<\/li>\n<li>Propri\u00e9t\u00e9s \u00e9lectriques<\/li>\n<li>Deux interrupteurs \u00e0 bulbe au mercure pour les temp\u00e9ratures \u00e9lev\u00e9es : un interrupteur de commande de la pompe, un autre pour contr\u00f4ler le br\u00fbleur et un signal d&rsquo;alarme de niveau minimum.<\/li>\n<\/ul>\n","protected":false},"excerpt":{"rendered":"<p><a href=\"https:\/\/unox.com.tr\/wp-content\/uploads\/2022\/07\/a41-a42-en-technical-data-sheet.pdf\" target=\"_blank\" rel=\"noopener\"><button style=\"background-color: #11224b; color: #ffffff; padding: 10px 15px; font-family: montserrat; font-weight: bold; font-size: 19px; border-radius: 10px;\"><img decoding=\"async\" style=\"width: 25px; height: 25px;\" src=\"https:\/\/unox.com.tr\/wp-content\/uploads\/2023\/02\/pdf-1.png\">CATALOGUE DES PRODUITS<\/button><\/a><\/p>\n<p><button style=\"background-color: #11224b; margin-top: 5px; color: white; padding: 0px 15px; width: 150px; height: 55px; border-radius: 10px; border: none; cursor: pointer;\"><br \/>\n<img decoding=\"async\" style=\"width: 120px; height: 30px;\" src=\"https:\/\/unox.com.tr\/wp-content\/uploads\/2023\/02\/4-1.svg\"><\/button><\/p>\n","protected":false},"featured_media":41772,"comment_status":"open","ping_status":"closed","template":"","meta":[],"product_brand":[],"product_cat":[1592],"product_tag":[],"class_list":{"0":"post-55168","1":"product","2":"type-product","3":"status-publish","4":"has-post-thumbnail","6":"product_cat-fantini-cosmi-fr","8":"first","9":"instock","10":"shipping-taxable","11":"product-type-simple"},"_links":{"self":[{"href":"https:\/\/unox.com.tr\/fr\/wp-json\/wp\/v2\/product\/55168","targetHints":{"allow":["GET"]}}],"collection":[{"href":"https:\/\/unox.com.tr\/fr\/wp-json\/wp\/v2\/product"}],"about":[{"href":"https:\/\/unox.com.tr\/fr\/wp-json\/wp\/v2\/types\/product"}],"replies":[{"embeddable":true,"href":"https:\/\/unox.com.tr\/fr\/wp-json\/wp\/v2\/comments?post=55168"}],"version-history":[{"count":0,"href":"https:\/\/unox.com.tr\/fr\/wp-json\/wp\/v2\/product\/55168\/revisions"}],"wp:featuredmedia":[{"embeddable":true,"href":"https:\/\/unox.com.tr\/fr\/wp-json\/wp\/v2\/media\/41772"}],"wp:attachment":[{"href":"https:\/\/unox.com.tr\/fr\/wp-json\/wp\/v2\/media?parent=55168"}],"wp:term":[{"taxonomy":"product_brand","embeddable":true,"href":"https:\/\/unox.com.tr\/fr\/wp-json\/wp\/v2\/product_brand?post=55168"},{"taxonomy":"product_cat","embeddable":true,"href":"https:\/\/unox.com.tr\/fr\/wp-json\/wp\/v2\/product_cat?post=55168"},{"taxonomy":"product_tag","embeddable":true,"href":"https:\/\/unox.com.tr\/fr\/wp-json\/wp\/v2\/product_tag?post=55168"}],"curies":[{"name":"wp","href":"https:\/\/api.w.org\/{rel}","templated":true}]}}