{"id":55219,"date":"2020-12-21T06:19:42","date_gmt":"2020-12-21T03:19:42","guid":{"rendered":"https:\/\/unox.com.tr\/urun\/vanne-papillon-de-boite-de-commutation-de-boite-de-vitesses\/"},"modified":"2020-12-21T06:19:42","modified_gmt":"2020-12-21T03:19:42","slug":"vanne-papillon-de-boite-de-commutation-de-boite-de-vitesses","status":"publish","type":"product","link":"https:\/\/unox.com.tr\/fr\/vanne-papillon-de-boite-de-commutation-de-boite-de-vitesses\/","title":{"rendered":"Vanne Papillon de Bo\u00eete de Commutation de Bo\u00eete de Vitesses"},"content":{"rendered":"<div id=\"ez-toc-container\" class=\"ez-toc-v2_0_82_2 counter-hierarchy ez-toc-counter ez-toc-grey ez-toc-container-direction\">\n<div class=\"ez-toc-title-container\">\n<p class=\"ez-toc-title\" style=\"cursor:inherit\">Sayfa \u0130\u00e7eri\u011fi<\/p>\n<span class=\"ez-toc-title-toggle\"><a href=\"#\" class=\"ez-toc-pull-right ez-toc-btn ez-toc-btn-xs ez-toc-btn-default ez-toc-toggle\" aria-label=\"Toggle Table of Content\"><span class=\"ez-toc-js-icon-con\"><span class=\"\"><span class=\"eztoc-hide\" style=\"display:none;\">Toggle<\/span><span class=\"ez-toc-icon-toggle-span\"><svg style=\"fill: #999;color:#999\" xmlns=\"http:\/\/www.w3.org\/2000\/svg\" class=\"list-377408\" width=\"20px\" height=\"20px\" viewBox=\"0 0 24 24\" fill=\"none\"><path d=\"M6 6H4v2h2V6zm14 0H8v2h12V6zM4 11h2v2H4v-2zm16 0H8v2h12v-2zM4 16h2v2H4v-2zm16 0H8v2h12v-2z\" fill=\"currentColor\"><\/path><\/svg><svg style=\"fill: #999;color:#999\" class=\"arrow-unsorted-368013\" xmlns=\"http:\/\/www.w3.org\/2000\/svg\" width=\"10px\" height=\"10px\" viewBox=\"0 0 24 24\" version=\"1.2\" baseProfile=\"tiny\"><path d=\"M18.2 9.3l-6.2-6.3-6.2 6.3c-.2.2-.3.4-.3.7s.1.5.3.7c.2.2.4.3.7.3h11c.3 0 .5-.1.7-.3.2-.2.3-.5.3-.7s-.1-.5-.3-.7zM5.8 14.7l6.2 6.3 6.2-6.3c.2-.2.3-.5.3-.7s-.1-.5-.3-.7c-.2-.2-.4-.3-.7-.3h-11c-.3 0-.5.1-.7.3-.2.2-.3.5-.3.7s.1.5.3.7z\"\/><\/svg><\/span><\/span><\/span><\/a><\/span><\/div>\n<nav><ul class='ez-toc-list ez-toc-list-level-1 ' ><li class='ez-toc-page-1 ez-toc-heading-level-2'><a class=\"ez-toc-link ez-toc-heading-1\" href=\"https:\/\/unox.com.tr\/fr\/vanne-papillon-de-boite-de-commutation-de-boite-de-vitesses\/#Quest-ce_quune_vanne_papillon_de_boite_de_commutation_de_boite_de_vitesses\" >Qu&rsquo;est-ce qu&rsquo;une vanne papillon de bo\u00eete de commutation de bo\u00eete de vitesses ?<\/a><\/li><li class='ez-toc-page-1 ez-toc-heading-level-2'><a class=\"ez-toc-link ez-toc-heading-2\" href=\"https:\/\/unox.com.tr\/fr\/vanne-papillon-de-boite-de-commutation-de-boite-de-vitesses\/#Quest-ce_quun_reducteur\" >Qu&rsquo;est-ce qu&rsquo;un r\u00e9ducteur ?<\/a><\/li><li class='ez-toc-page-1 ez-toc-heading-level-2'><a class=\"ez-toc-link ez-toc-heading-3\" href=\"https:\/\/unox.com.tr\/fr\/vanne-papillon-de-boite-de-commutation-de-boite-de-vitesses\/#Quest-ce_que_la_boite_a_cles\" >Qu&rsquo;est-ce que la bo\u00eete \u00e0 cl\u00e9s ?<\/a><\/li><li class='ez-toc-page-1 ez-toc-heading-level-2'><a class=\"ez-toc-link ez-toc-heading-4\" href=\"https:\/\/unox.com.tr\/fr\/vanne-papillon-de-boite-de-commutation-de-boite-de-vitesses\/#Champ_dapplication\" >Champ d&rsquo;application<\/a><\/li><\/ul><\/nav><\/div>\n<h2><span class=\"ez-toc-section\" id=\"Quest-ce_quune_vanne_papillon_de_boite_de_commutation_de_boite_de_vitesses\"><\/span><span style=\"font-size: 22px;\">Qu&rsquo;est-ce qu&rsquo;une vanne papillon de bo\u00eete de commutation de bo\u00eete de vitesses ?<\/span><span class=\"ez-toc-section-end\"><\/span><\/h2>\n<p>Les vannes papillon effectuent l&rsquo;op\u00e9ration tout ou rien en faisant tourner des disques en nickel, en acier inoxydable ou en diff\u00e9rents mat\u00e9riaux (AISI304,AISI316,AL-BR) fix\u00e9s autour d&rsquo;un arbre au centre. Il remplit la fonction de d\u00e9marrage, de ralentissement ou de blocage complet du flux de liquide ou de gaz en comprimant le disque autour de l&rsquo;arbre avec un joint en caoutchouc ou en plastique. C&rsquo;est l&rsquo;\u00e9quipement permettant d&rsquo;arr\u00eater, de r\u00e9guler ou de d\u00e9marrer le d\u00e9bit, qui comporte un volet pouvant effectuer un quart de tour sur lui-m\u00eame et un joint d&rsquo;\u00e9tanch\u00e9it\u00e9.<\/p>\n<h2><span class=\"ez-toc-section\" id=\"Quest-ce_quun_reducteur\"><\/span><span style=\"font-size: 22px;\">Qu&rsquo;est-ce qu&rsquo;un r\u00e9ducteur ?<\/span><span class=\"ez-toc-section-end\"><\/span><\/h2>\n<p>Un r\u00e9ducteur est un moyen de r\u00e9duire l&rsquo;\u00e9nergie ou la puissance de mouvement dans un syst\u00e8me m\u00e9canique. Il est g\u00e9n\u00e9ralement utilis\u00e9 pour r\u00e9duire ou modifier la puissance de rotation des moteurs. Il peut \u00e9galement \u00eatre utilis\u00e9 pour augmenter la vitesse et le couple des syst\u00e8mes m\u00e9caniques. Les bo\u00eetes de vitesses se composent d&rsquo;une s\u00e9rie d&rsquo;engrenages et d&rsquo;arbres et sont g\u00e9n\u00e9ralement constitu\u00e9es de mat\u00e9riaux m\u00e9talliques. Ses domaines d&rsquo;utilisation sont tr\u00e8s larges et il peut \u00eatre utilis\u00e9 dans les machines et \u00e9quipements industriels, les v\u00e9hicules, les appareils \u00e9lectrom\u00e9nagers et m\u00eame certains jouets.<\/p>\n<p>Il offre une facilit\u00e9 de mouvement de 80 % dans les syst\u00e8mes avec une rotation de 90\u00b0 dans les vannes \u00e0 boisseau sph\u00e9rique, papillon et \u00e0 boisseau. Il est recommand\u00e9 de l&rsquo;utiliser en particulier dans les tailles DN150 &#8211; DN300. Il est obligatoire d&rsquo;utiliser dans des diam\u00e8tres de DN350 et plus.<\/p>\n<h2><span class=\"ez-toc-section\" id=\"Quest-ce_que_la_boite_a_cles\"><\/span>Qu&rsquo;est-ce que la bo\u00eete \u00e0 cl\u00e9s ?<span class=\"ez-toc-section-end\"><\/span><\/h2>\n<p>Switch Box est une sorte de dispositif de commande \u00e9lectrique utilis\u00e9 pour contr\u00f4ler le mouvement des machines ou des \u00e9quipements. Il se compose d&rsquo;un bo\u00eetier contenant un ou plusieurs interrupteurs de fin de course, qui sont des dispositifs m\u00e9caniques destin\u00e9s \u00e0 d\u00e9tecter la pr\u00e9sence ou l&rsquo;absence d&rsquo;un objet. Il est g\u00e9n\u00e9ralement reli\u00e9 \u00e0 la machine ou \u00e0 l&rsquo;\u00e9quipement qu&rsquo;il contr\u00f4le et permet d&rsquo;activer ou de d\u00e9sactiver certaines fonctions ou certains mouvements en fonction de la localisation de l&rsquo;objet suivi.<\/p>\n<h2><span class=\"ez-toc-section\" id=\"Champ_dapplication\"><\/span><span style=\"font-size: 22px;\">Champ d&rsquo;application<\/span><span class=\"ez-toc-section-end\"><\/span><\/h2>\n<ul>\n<li>Syst\u00e8mes de chauffage, ventilation et climatisation<\/li>\n<li>Syst\u00e8mes de traitement et de distribution d&rsquo;eau<\/li>\n<li>Eau chaude, eau froide, eaux us\u00e9es<\/li>\n<li>Applications industrielles<\/li>\n<li>Fluides alimentaires et chimiques<\/li>\n<li>P\u00e9trole et gaz<\/li>\n<li>Syst\u00e8mes d&rsquo;extinction d&rsquo;incendie<\/li>\n<\/ul>\n","protected":false},"excerpt":{"rendered":"<p><a href=\"https:\/\/unox.com.tr\/wp-content\/uploads\/2023\/01\/Reduktorlu-Switch-Box-Kelebek-Vana.pdf\" target=\"_blank\" rel=\"noopener\"><button style=\"background-color: #11224b; color: #ffffff; padding: 10px 15px; font-family: montserrat; font-weight: bold; font-size: 19px; border-radius: 10px;\"><img decoding=\"async\" style=\"width: 25px; height: 25px;\" src=\"https:\/\/unox.com.tr\/wp-content\/uploads\/2023\/02\/pdf-1.png\">CATALOGUE DES PRODUITS<\/button><\/a><\/p>\n<p><button style=\"background-color: #11224b; margin-top: 5px; color: white; padding: 0px 15px; width: 150px; height: 55px; border-radius: 10px; border: none; cursor: pointer;\"><br \/>\n<img decoding=\"async\" style=\"width: 120px; height: 30px;\" src=\"https:\/\/unox.com.tr\/wp-content\/uploads\/2023\/02\/4-1.svg\"><\/button><\/p>\n","protected":false},"featured_media":42862,"comment_status":"open","ping_status":"closed","template":"","meta":[],"product_brand":[],"product_cat":[1593,1138,1573],"product_tag":[],"class_list":{"0":"post-55219","1":"product","2":"type-product","3":"status-publish","4":"has-post-thumbnail","6":"product_cat-boites-de-vitesses","7":"product_cat-groupe-de-vanne","8":"product_cat-vannes-vapillon","10":"first","11":"instock","12":"shipping-taxable","13":"product-type-simple"},"_links":{"self":[{"href":"https:\/\/unox.com.tr\/fr\/wp-json\/wp\/v2\/product\/55219","targetHints":{"allow":["GET"]}}],"collection":[{"href":"https:\/\/unox.com.tr\/fr\/wp-json\/wp\/v2\/product"}],"about":[{"href":"https:\/\/unox.com.tr\/fr\/wp-json\/wp\/v2\/types\/product"}],"replies":[{"embeddable":true,"href":"https:\/\/unox.com.tr\/fr\/wp-json\/wp\/v2\/comments?post=55219"}],"version-history":[{"count":0,"href":"https:\/\/unox.com.tr\/fr\/wp-json\/wp\/v2\/product\/55219\/revisions"}],"wp:featuredmedia":[{"embeddable":true,"href":"https:\/\/unox.com.tr\/fr\/wp-json\/wp\/v2\/media\/42862"}],"wp:attachment":[{"href":"https:\/\/unox.com.tr\/fr\/wp-json\/wp\/v2\/media?parent=55219"}],"wp:term":[{"taxonomy":"product_brand","embeddable":true,"href":"https:\/\/unox.com.tr\/fr\/wp-json\/wp\/v2\/product_brand?post=55219"},{"taxonomy":"product_cat","embeddable":true,"href":"https:\/\/unox.com.tr\/fr\/wp-json\/wp\/v2\/product_cat?post=55219"},{"taxonomy":"product_tag","embeddable":true,"href":"https:\/\/unox.com.tr\/fr\/wp-json\/wp\/v2\/product_tag?post=55219"}],"curies":[{"name":"wp","href":"https:\/\/api.w.org\/{rel}","templated":true}]}}