{"id":55221,"date":"2020-12-04T12:27:06","date_gmt":"2020-12-04T09:27:06","guid":{"rendered":"https:\/\/unox.com.tr\/urun\/actionneur-pneumatique-vanne-directionnelle-boite-de-commutation-vanne-papillon\/"},"modified":"2020-12-04T12:27:06","modified_gmt":"2020-12-04T09:27:06","slug":"actionneur-pneumatique-vanne-directionnelle-boite-de-commutation-vanne-papillon","status":"publish","type":"product","link":"https:\/\/unox.com.tr\/fr\/actionneur-pneumatique-vanne-directionnelle-boite-de-commutation-vanne-papillon\/","title":{"rendered":"Actionneur Pneumatique Vanne Directionnelle Bo\u00eete de Commutation Vanne Papillon"},"content":{"rendered":"<h2><span style=\"font-size: 22px;\">Vanne directionnelle \u00e0 actionneur pneumatique Qu&rsquo;est-ce qu&rsquo;une vanne papillon de bo\u00eete de commutation?<\/span><\/h2>\n<p>La vanne papillon est utilis\u00e9e pour contr\u00f4ler le d\u00e9bit de liquides ou de gaz tels que le gaz, l&rsquo;eau ou l&rsquo;air. Il se compose d&rsquo;une paire de capuchons et ces capuchons tournent autour d&rsquo;un axe. Lorsqu&rsquo;un clapet est ouvert, l&rsquo;autre est ferm\u00e9 pour contr\u00f4ler le d\u00e9bit. Les vannes papillon sont g\u00e9n\u00e9ralement utilis\u00e9es pour les tuyaux ou tuyaux de grand diam\u00e8tre et sont souvent utilis\u00e9es dans les usines, les usines et les installations industrielles pour contr\u00f4ler le d\u00e9bit de substances telles que l&rsquo;eau, le gaz ou l&rsquo;air.<\/p>\n<p>Des actionneurs variant entre 9 nm et 400 nm de forces selon les diam\u00e8tres de raccordement, ainsi que des bo\u00eetiers de <strong>commutation<\/strong> et des <strong>vannes directionnelles<\/strong> sont utilis\u00e9s comme \u00e9l\u00e9ments auxiliaires optionnels.<\/p>\n<p><strong>Selon leurs codes, nos actionneurs pneumatiques, informations de force et applications de vannes sont les suivants :<\/strong><\/p>\n<ul>\n<li><strong>UDA 040 =<\/strong> 9 nm<\/li>\n<li><strong>UDA 052 = <\/strong>25 nm<\/li>\n<li><strong>UDA 063 = <\/strong>50 nm<\/li>\n<li><strong>UDA 083<\/strong> = 94 nm<\/li>\n<li><strong>UDA 092 =<\/strong> 135 nm<\/li>\n<li><strong>UDA 105 =<\/strong> 270 nm<\/li>\n<li><strong>UDA 125 =<\/strong> 400 nm<\/li>\n<\/ul>\n<h3><span class=\"ez-toc-section\" id=\"Il_est_controle_de_deux_manieres\"><\/span><span style=\"font-size: 20px;\">Il est contr\u00f4l\u00e9 de deux mani\u00e8res :<\/span><span class=\"ez-toc-section-end\"><\/span><\/h3>\n<ol>\n<li>Contr\u00f4le marche-arr\u00eat<\/li>\n<li>Contr\u00f4le proportionnel.<\/li>\n<\/ol>\n<h3><span class=\"ez-toc-section\" id=\"Construction\"><\/span><span style=\"font-size: 20px;\">Construction<\/span><span class=\"ez-toc-section-end\"><\/span><\/h3>\n<ul>\n<li>Extrusion d&rsquo;aluminium, r\u00e9sistant \u00e0 la corrosion interne et externe, longue dur\u00e9e de vie et surface de cylindre obtenue avec une technique de traitement tr\u00e8s sensible pour un faible coefficient de frottement<\/li>\n<li> Position de montage sym\u00e9trique et facile ; pistons compacts en alliage d&rsquo;aluminium sp\u00e9cial, qui permettent un fonctionnement rapide et permettent en m\u00eame temps aux pistons de travailler dans le sens oppos\u00e9 en les rempla\u00e7ant simplement.<\/li>\n<li> Un pignon en acier de haute qualit\u00e9 sym\u00e9trique et r\u00e9sistant \u00e0 la corrosion qui permet un montage \u00e0 des angles de 45\u00b0 \u00e0 90\u00b0, si d\u00e9sir\u00e9, et fonctionne \u00e9galement en harmonie avec la course du piston dans chaque montage d&rsquo;angle.<\/li>\n<li>\u00c9l\u00e9ments de roulement en plastique dur industriel, qui permettent l&rsquo;ouverture et la fermeture dans les plus brefs d\u00e9lais, faible coefficient de frottement, minimisant l&rsquo;usure des surfaces de frottement.<\/li>\n<li> Engrenages de module ouverts dans des machines de pr\u00e9cision avec une technique de processus sp\u00e9ciale qui fonctionnera silencieusement, harmonieusement, avec une efficacit\u00e9 maximale pour le piston et le pignon.<\/li>\n<li> Fixations en acier inoxydable r\u00e9sistantes \u00e0 la corrosion \u00e0 long terme.<\/li>\n<li>Conformit\u00e9 totale aux derni\u00e8res sp\u00e9cifications. Afin de monter et d\u00e9monter facilement les sol\u00e9no\u00efdes, les interrupteurs de fin de course et autres accessoires et d&rsquo;\u00e9changer des produits entre eux ; Il est conforme aux normes et normes ISI 5211, DIN 3337 et VDI\/VDE 3845NAMUR.<\/li>\n<\/ul>\n<p>Autres produits dans cette cat\u00e9gorie <a href=\"\/?product_cat=aktuatorlu-vanalar\">Vannes actionn\u00e9es<\/a><\/p>\n","protected":false},"excerpt":{"rendered":"<p><a href=\"https:\/\/unox.com.tr\/wp-content\/uploads\/2022\/12\/PNOMATIK-AKTUATORLU-YON-VALFI-KELEBEK-VANA.pdf\" target=\"_blank\" rel=\"noopener\"><button style=\"background-color: #11224b; color: #ffffff; padding: 10px 15px; font-family: montserrat; font-weight: bold; font-size: 19px; border-radius: 10px;\"><img decoding=\"async\" style=\"width: 25px; height: 25px;\" src=\"https:\/\/unox.com.tr\/wp-content\/uploads\/2023\/02\/pdf-1.png\">CATALOGUE DES PRODUITS<\/button><\/a><\/p>\n<p><button style=\"background-color: #11224b; margin-top: 5px; color: white; padding: 0px 15px; width: 150px; height: 55px; border-radius: 10px; border: none; cursor: pointer;\"><br \/>\n<img decoding=\"async\" style=\"width: 120px; height: 30px;\" src=\"https:\/\/unox.com.tr\/wp-content\/uploads\/2023\/02\/4-1.svg\"><\/button><\/p>\n","protected":false},"featured_media":33622,"comment_status":"open","ping_status":"closed","template":"","meta":[],"product_brand":[],"product_cat":[1120,1121,1106],"product_tag":[],"class_list":{"0":"post-55221","1":"product","2":"type-product","3":"status-publish","4":"has-post-thumbnail","6":"product_cat-vannes-a-actionnement-pneumatique","7":"product_cat-vannes-actionnees","8":"product_cat-vannes-pneumatiques","10":"first","11":"instock","12":"shipping-taxable","13":"product-type-simple"},"_links":{"self":[{"href":"https:\/\/unox.com.tr\/fr\/wp-json\/wp\/v2\/product\/55221","targetHints":{"allow":["GET"]}}],"collection":[{"href":"https:\/\/unox.com.tr\/fr\/wp-json\/wp\/v2\/product"}],"about":[{"href":"https:\/\/unox.com.tr\/fr\/wp-json\/wp\/v2\/types\/product"}],"replies":[{"embeddable":true,"href":"https:\/\/unox.com.tr\/fr\/wp-json\/wp\/v2\/comments?post=55221"}],"version-history":[{"count":0,"href":"https:\/\/unox.com.tr\/fr\/wp-json\/wp\/v2\/product\/55221\/revisions"}],"wp:featuredmedia":[{"embeddable":true,"href":"https:\/\/unox.com.tr\/fr\/wp-json\/wp\/v2\/media\/33622"}],"wp:attachment":[{"href":"https:\/\/unox.com.tr\/fr\/wp-json\/wp\/v2\/media?parent=55221"}],"wp:term":[{"taxonomy":"product_brand","embeddable":true,"href":"https:\/\/unox.com.tr\/fr\/wp-json\/wp\/v2\/product_brand?post=55221"},{"taxonomy":"product_cat","embeddable":true,"href":"https:\/\/unox.com.tr\/fr\/wp-json\/wp\/v2\/product_cat?post=55221"},{"taxonomy":"product_tag","embeddable":true,"href":"https:\/\/unox.com.tr\/fr\/wp-json\/wp\/v2\/product_tag?post=55221"}],"curies":[{"name":"wp","href":"https:\/\/api.w.org\/{rel}","templated":true}]}}