{"id":55227,"date":"2020-11-11T13:10:01","date_gmt":"2020-11-11T10:10:01","guid":{"rendered":"https:\/\/unox.com.tr\/urun\/soupape-de-commande-de-decompression-de-decharge\/"},"modified":"2020-11-11T13:10:01","modified_gmt":"2020-11-11T10:10:01","slug":"soupape-de-commande-de-decompression-de-decharge","status":"publish","type":"product","link":"https:\/\/unox.com.tr\/fr\/soupape-de-commande-de-decompression-de-decharge\/","title":{"rendered":"Soupape de Commande de D\u00e9compression de D\u00e9charge"},"content":{"rendered":"<div id=\"ez-toc-container\" class=\"ez-toc-v2_0_82_2 counter-hierarchy ez-toc-counter ez-toc-grey ez-toc-container-direction\">\n<div class=\"ez-toc-title-container\">\n<p class=\"ez-toc-title\" style=\"cursor:inherit\">Sayfa \u0130\u00e7eri\u011fi<\/p>\n<span class=\"ez-toc-title-toggle\"><a href=\"#\" class=\"ez-toc-pull-right ez-toc-btn ez-toc-btn-xs ez-toc-btn-default ez-toc-toggle\" aria-label=\"Toggle Table of Content\"><span class=\"ez-toc-js-icon-con\"><span class=\"\"><span class=\"eztoc-hide\" style=\"display:none;\">Toggle<\/span><span class=\"ez-toc-icon-toggle-span\"><svg style=\"fill: #999;color:#999\" xmlns=\"http:\/\/www.w3.org\/2000\/svg\" class=\"list-377408\" width=\"20px\" height=\"20px\" viewBox=\"0 0 24 24\" fill=\"none\"><path d=\"M6 6H4v2h2V6zm14 0H8v2h12V6zM4 11h2v2H4v-2zm16 0H8v2h12v-2zM4 16h2v2H4v-2zm16 0H8v2h12v-2z\" fill=\"currentColor\"><\/path><\/svg><svg style=\"fill: #999;color:#999\" class=\"arrow-unsorted-368013\" xmlns=\"http:\/\/www.w3.org\/2000\/svg\" width=\"10px\" height=\"10px\" viewBox=\"0 0 24 24\" version=\"1.2\" baseProfile=\"tiny\"><path d=\"M18.2 9.3l-6.2-6.3-6.2 6.3c-.2.2-.3.4-.3.7s.1.5.3.7c.2.2.4.3.7.3h11c.3 0 .5-.1.7-.3.2-.2.3-.5.3-.7s-.1-.5-.3-.7zM5.8 14.7l6.2 6.3 6.2-6.3c.2-.2.3-.5.3-.7s-.1-.5-.3-.7c-.2-.2-.4-.3-.7-.3h-11c-.3 0-.5.1-.7.3-.2.2-.3.5-.3.7s.1.5.3.7z\"\/><\/svg><\/span><\/span><\/span><\/a><\/span><\/div>\n<nav><ul class='ez-toc-list ez-toc-list-level-1 ' ><li class='ez-toc-page-1 ez-toc-heading-level-2'><a class=\"ez-toc-link ez-toc-heading-1\" href=\"https:\/\/unox.com.tr\/fr\/soupape-de-commande-de-decompression-de-decharge\/#Quest-ce_que_la_soupape_de_commande_de_decharge_de_pression\" >Qu&rsquo;est-ce que la soupape de commande de d\u00e9charge de pression ?<\/a><\/li><li class='ez-toc-page-1 ez-toc-heading-level-2'><a class=\"ez-toc-link ez-toc-heading-2\" href=\"https:\/\/unox.com.tr\/fr\/soupape-de-commande-de-decompression-de-decharge\/#Caracteristiques_de_la_soupape_de_commande_de_decharge_de_pression\" >Caract\u00e9ristiques de la soupape de commande de d\u00e9charge de pression<\/a><\/li><\/ul><\/nav><\/div>\n<h2><span class=\"ez-toc-section\" id=\"Quest-ce_que_la_soupape_de_commande_de_decharge_de_pression\"><\/span><span style=\"font-size: 22px;\">Qu&rsquo;est-ce que la soupape de commande de d\u00e9charge de pression ?<\/span><span class=\"ez-toc-section-end\"><\/span><\/h2>\n<p>Soupape de commande de d\u00e9compression de d\u00e9charge, soupapes de commande de d\u00e9compression rapide ; Lorsque la pression dans le syst\u00e8me d\u00e9passe une certaine valeur limite, il est utilis\u00e9 pour soulager le syst\u00e8me en ouvrant la surpression. Lorsque la pression du syst\u00e8me chute \u00e0 la valeur limite d\u00e9finie par la vanne, la vanne se referme. La valeur de pression des soupapes de d\u00e9charge est ajust\u00e9e par la soupape pilote utilis\u00e9e dessus. La valeur de consigne de la vanne pilote n&rsquo;est pas affect\u00e9e par la contre-pression \u00e0 la sortie.<\/p>\n<h2><span class=\"ez-toc-section\" id=\"Caracteristiques_de_la_soupape_de_commande_de_decharge_de_pression\"><\/span><span style=\"font-size: 22px;\">Caract\u00e9ristiques de la soupape de commande de d\u00e9charge de pression <\/span><span class=\"ez-toc-section-end\"><\/span><\/h2>\n<ul>\n<li>La vanne prot\u00e8ge le syst\u00e8me de tuyauterie et les autres armatures en \u00e9vacuant rapidement la surpression qui peut se produire dans la pression du r\u00e9seau vers l&rsquo;atmosph\u00e8re.<\/li>\n<li>Les vannes de r\u00e9gulation de d\u00e9charge maintiennent la pression constante dans le syst\u00e8me, quels que soient les changements de d\u00e9bit.<\/li>\n<li>Le m\u00e9canisme de commande de la soupape pilote de d\u00e9charge s&rsquo;ouvre rapidement pour maintenir la pression du syst\u00e8me constante lorsque le d\u00e9bit du syst\u00e8me diminue. Lorsque la pression du syst\u00e8me chute \u00e0 la valeur r\u00e9gl\u00e9e par la vanne, celle-ci se ferme sans provoquer de choc.<\/li>\n<li>La vanne s&rsquo;ouvre rapidement et apr\u00e8s avoir termin\u00e9 le processus de d\u00e9charge, elle se ferme lentement sans cr\u00e9er \u00e0 nouveau de fluctuation de pression dans le r\u00e9seau.<\/li>\n<li>La vanne fonctionne enti\u00e8rement de mani\u00e8re hydraulique avec la pression de ligne sans n\u00e9cessiter de source d&rsquo;\u00e9nergie suppl\u00e9mentaire.<\/li>\n<li>La conception de la vanne \u00e9tant de type globe, sa maintenance est tr\u00e8s simple et peu co\u00fbteuse.<\/li>\n<li>La vanne fonctionne de mani\u00e8re fiable m\u00eame dans les installations horizontales et verticales.<\/li>\n<li>Des vannes de r\u00e9gulation de d\u00e9charge sont install\u00e9es dans le r\u00e9seau en tant que TEE.<\/li>\n<\/ul>\n<p>&nbsp;<\/p>\n<p><img decoding=\"async\" class=\"alignnone size-full wp-image-37704\" src=\"https:\/\/unox.com.tr\/wp-content\/themes\/woodmart\/images\/lazy.svg\" data-src=\"https:\/\/unox.com.tr\/wp-content\/uploads\/2020\/11\/relief.png\" alt=\"\" width=\"270\" height=\"203\" title=\"\" srcset=\"\" data-srcset=\"https:\/\/unox.com.tr\/wp-content\/uploads\/2020\/11\/relief.png 270w, https:\/\/unox.com.tr\/wp-content\/uploads\/2020\/11\/relief-150x113.png 150w, https:\/\/unox.com.tr\/wp-content\/uploads\/2020\/11\/relief-200x150.png 200w\" sizes=\"(max-width: 270px) 100vw, 270px\" \/><\/p>\n<ol>\n<li>Soupape de commande hydraulique<\/li>\n<li>Vanne pilote<\/li>\n<li>Boulon de r\u00e9glage de la soupape pilote<\/li>\n<li>Vanne \u00e0 Bille<\/li>\n<li>Passoire<\/li>\n<li>Soupape \u00e0 Pointeau<\/li>\n<li>Manom\u00e8tre<\/li>\n<\/ol>\n","protected":false},"excerpt":{"rendered":"<p><a href=\"https:\/\/unox.com.tr\/wp-content\/uploads\/2023\/01\/Relief-Basinc-Tahliye-Kontrol-Vanasi.pdf\" target=\"_blank\" rel=\"noopener\"><button style=\"background-color: #11224b; color: #ffffff; padding: 10px 15px; font-family: montserrat; font-weight: bold; font-size: 19px; border-radius: 10px;\"><img decoding=\"async\" style=\"width: 25px; height: 25px;\" src=\"https:\/\/unox.com.tr\/wp-content\/uploads\/2023\/02\/pdf-1.png\">CATALOGUE DES PRODUITS<\/button><\/a><\/p>\n<p><button style=\"background-color: #11224b; margin-top: 5px; color: white; padding: 0px 15px; width: 150px; height: 55px; border-radius: 10px; border: none; cursor: pointer;\"><br \/>\n<img decoding=\"async\" style=\"width: 120px; height: 30px;\" src=\"https:\/\/unox.com.tr\/wp-content\/uploads\/2023\/02\/4-1.svg\"><\/button><\/p>\n","protected":false},"featured_media":30472,"comment_status":"open","ping_status":"closed","template":"","meta":{"_joinchat":[]},"product_brand":[],"product_cat":[1073],"product_tag":[],"class_list":{"0":"post-55227","1":"product","2":"type-product","3":"status-publish","4":"has-post-thumbnail","6":"product_cat-vannes-de-controle-hydrauliques","8":"first","9":"instock","10":"shipping-taxable","11":"product-type-simple"},"_links":{"self":[{"href":"https:\/\/unox.com.tr\/fr\/wp-json\/wp\/v2\/product\/55227","targetHints":{"allow":["GET"]}}],"collection":[{"href":"https:\/\/unox.com.tr\/fr\/wp-json\/wp\/v2\/product"}],"about":[{"href":"https:\/\/unox.com.tr\/fr\/wp-json\/wp\/v2\/types\/product"}],"replies":[{"embeddable":true,"href":"https:\/\/unox.com.tr\/fr\/wp-json\/wp\/v2\/comments?post=55227"}],"version-history":[{"count":0,"href":"https:\/\/unox.com.tr\/fr\/wp-json\/wp\/v2\/product\/55227\/revisions"}],"wp:featuredmedia":[{"embeddable":true,"href":"https:\/\/unox.com.tr\/fr\/wp-json\/wp\/v2\/media\/30472"}],"wp:attachment":[{"href":"https:\/\/unox.com.tr\/fr\/wp-json\/wp\/v2\/media?parent=55227"}],"wp:term":[{"taxonomy":"product_brand","embeddable":true,"href":"https:\/\/unox.com.tr\/fr\/wp-json\/wp\/v2\/product_brand?post=55227"},{"taxonomy":"product_cat","embeddable":true,"href":"https:\/\/unox.com.tr\/fr\/wp-json\/wp\/v2\/product_cat?post=55227"},{"taxonomy":"product_tag","embeddable":true,"href":"https:\/\/unox.com.tr\/fr\/wp-json\/wp\/v2\/product_tag?post=55227"}],"curies":[{"name":"wp","href":"https:\/\/api.w.org\/{rel}","templated":true}]}}