{"id":55229,"date":"2020-11-11T12:54:16","date_gmt":"2020-11-11T09:54:16","guid":{"rendered":"https:\/\/unox.com.tr\/urun\/soupape-de-commande-de-reduction-de-pression\/"},"modified":"2020-11-11T12:54:16","modified_gmt":"2020-11-11T09:54:16","slug":"soupape-de-commande-de-reduction-de-pression","status":"publish","type":"product","link":"https:\/\/unox.com.tr\/fr\/soupape-de-commande-de-reduction-de-pression\/","title":{"rendered":"Soupape de Commande de R\u00e9duction de Pression"},"content":{"rendered":"<div id=\"ez-toc-container\" class=\"ez-toc-v2_0_82_2 counter-hierarchy ez-toc-counter ez-toc-grey ez-toc-container-direction\">\n<div class=\"ez-toc-title-container\">\n<p class=\"ez-toc-title\" style=\"cursor:inherit\">Sayfa \u0130\u00e7eri\u011fi<\/p>\n<span class=\"ez-toc-title-toggle\"><a href=\"#\" class=\"ez-toc-pull-right ez-toc-btn ez-toc-btn-xs ez-toc-btn-default ez-toc-toggle\" aria-label=\"Toggle Table of Content\"><span class=\"ez-toc-js-icon-con\"><span class=\"\"><span class=\"eztoc-hide\" style=\"display:none;\">Toggle<\/span><span class=\"ez-toc-icon-toggle-span\"><svg style=\"fill: #999;color:#999\" xmlns=\"http:\/\/www.w3.org\/2000\/svg\" class=\"list-377408\" width=\"20px\" height=\"20px\" viewBox=\"0 0 24 24\" fill=\"none\"><path d=\"M6 6H4v2h2V6zm14 0H8v2h12V6zM4 11h2v2H4v-2zm16 0H8v2h12v-2zM4 16h2v2H4v-2zm16 0H8v2h12v-2z\" fill=\"currentColor\"><\/path><\/svg><svg style=\"fill: #999;color:#999\" class=\"arrow-unsorted-368013\" xmlns=\"http:\/\/www.w3.org\/2000\/svg\" width=\"10px\" height=\"10px\" viewBox=\"0 0 24 24\" version=\"1.2\" baseProfile=\"tiny\"><path d=\"M18.2 9.3l-6.2-6.3-6.2 6.3c-.2.2-.3.4-.3.7s.1.5.3.7c.2.2.4.3.7.3h11c.3 0 .5-.1.7-.3.2-.2.3-.5.3-.7s-.1-.5-.3-.7zM5.8 14.7l6.2 6.3 6.2-6.3c.2-.2.3-.5.3-.7s-.1-.5-.3-.7c-.2-.2-.4-.3-.7-.3h-11c-.3 0-.5.1-.7.3-.2.2-.3.5-.3.7s.1.5.3.7z\"\/><\/svg><\/span><\/span><\/span><\/a><\/span><\/div>\n<nav><ul class='ez-toc-list ez-toc-list-level-1 ' ><li class='ez-toc-page-1 ez-toc-heading-level-2'><a class=\"ez-toc-link ez-toc-heading-1\" href=\"https:\/\/unox.com.tr\/fr\/soupape-de-commande-de-reduction-de-pression\/#Quest-ce_quune_vanne_de_regulation_de_reduction_de_pression\" >Qu&rsquo;est-ce qu&rsquo;une vanne de r\u00e9gulation de r\u00e9duction de pression ?<\/a><\/li><li class='ez-toc-page-1 ez-toc-heading-level-2'><a class=\"ez-toc-link ez-toc-heading-2\" href=\"https:\/\/unox.com.tr\/fr\/soupape-de-commande-de-reduction-de-pression\/#Comment_fonctionne_une_vanne_de_regulation_de_reduction_de_pression\" >Comment fonctionne une vanne de r\u00e9gulation de r\u00e9duction de pression ?<\/a><\/li><li class='ez-toc-page-1 ez-toc-heading-level-2'><a class=\"ez-toc-link ez-toc-heading-3\" href=\"https:\/\/unox.com.tr\/fr\/soupape-de-commande-de-reduction-de-pression\/#Quest-ce_quune_vanne_de_regulation\" >Qu&rsquo;est-ce qu&rsquo;une vanne de r\u00e9gulation ?<\/a><\/li><li class='ez-toc-page-1 ez-toc-heading-level-2'><a class=\"ez-toc-link ez-toc-heading-4\" href=\"https:\/\/unox.com.tr\/fr\/soupape-de-commande-de-reduction-de-pression\/#Caracteristiques_Generales\" >Caract\u00e9ristiques G\u00e9n\u00e9rales<\/a><\/li><\/ul><\/nav><\/div>\n<h2><span class=\"ez-toc-section\" id=\"Quest-ce_quune_vanne_de_regulation_de_reduction_de_pression\"><\/span><span style=\"font-size: 22px;\">Qu&rsquo;est-ce qu&rsquo;une vanne de r\u00e9gulation de r\u00e9duction de pression ?<\/span><span class=\"ez-toc-section-end\"><\/span><\/h2>\n<p>Une vanne de r\u00e9gulation de r\u00e9duction de pression est un type de vanne de r\u00e9gulation utilis\u00e9e pour r\u00e9guler la pression du fluide dans un syst\u00e8me. Il est souvent utilis\u00e9 dans les applications industrielles et commerciales pour maintenir une pression constante dans le syst\u00e8me, quelles que soient les fluctuations de la demande ou d&rsquo;autres facteurs externes. La vanne fonctionne en ajustant automatiquement le d\u00e9bit du fluide \u00e0 travers la vanne pour maintenir la pression souhait\u00e9e. Cela se fait g\u00e9n\u00e9ralement \u00e0 l&rsquo;aide d&rsquo;un diaphragme \u00e0 ressort ou d&rsquo;un piston coulissant qui se d\u00e9place en r\u00e9ponse aux changements de pression. La vanne peut \u00eatre contr\u00f4l\u00e9e manuellement ou via un syst\u00e8me de contr\u00f4le automatique, en fonction de l&rsquo;application sp\u00e9cifique.<\/p>\n<h2><span class=\"ez-toc-section\" id=\"Comment_fonctionne_une_vanne_de_regulation_de_reduction_de_pression\"><\/span><span style=\"font-size: 22px;\">Comment fonctionne une vanne de r\u00e9gulation de r\u00e9duction de pression ?<\/span><span class=\"ez-toc-section-end\"><\/span><\/h2>\n<p>Les vannes de commande hydrauliques de r\u00e9duction de pression sont utilis\u00e9es pour r\u00e9duire la valeur de haute pression dans les conduites du r\u00e9seau de transport d&rsquo;eau \u00e0 une valeur inf\u00e9rieure souhait\u00e9e. Les vannes de r\u00e9gulation de r\u00e9duction de pression maintiennent la valeur de pression de sortie ajust\u00e9e sans \u00eatre affect\u00e9es par le d\u00e9bit et les changements de d\u00e9bit dans le r\u00e9seau. Le diam\u00e8tre du tuyau n&rsquo;est pas pris en compte lors du choix du diam\u00e8tre de la vanne. Le diam\u00e8tre de la vanne peut \u00eatre s\u00e9lectionn\u00e9 comme petit ou un plus grand que le diam\u00e8tre du tuyau. Les valeurs de cavitation doivent \u00eatre prises en compte lors du choix du diam\u00e8tre de la vanne.<\/p>\n<h2><span class=\"ez-toc-section\" id=\"Quest-ce_quune_vanne_de_regulation\"><\/span><span style=\"font-size: 22px;\">Qu&rsquo;est-ce qu&rsquo;une vanne de r\u00e9gulation ?<\/span><span class=\"ez-toc-section-end\"><\/span><\/h2>\n<p>Soupape de commande; Vanne utilis\u00e9e pour contr\u00f4ler le fluide en modifiant la taille du passage d&rsquo;\u00e9coulement selon les instructions d&rsquo;un signal provenant d&rsquo;un contr\u00f4leur. Les vannes de r\u00e9gulation assurent le contr\u00f4le de la pression, de la temp\u00e9rature, du d\u00e9bit et du niveau dans tous les processus o\u00f9 du fluide est pr\u00e9sent. Les vannes de r\u00e9gulation sont utilis\u00e9es pour l&rsquo;eau froide, l&rsquo;eau chaude, la vapeur, l&rsquo;eau surchauff\u00e9e, la vapeur et le gaz, etc. produits par la consommation d&rsquo;\u00e9nergie dans les entreprises. Il garantit que les fluides peuvent \u00eatre transport\u00e9s et contr\u00f4l\u00e9s sans aucune perte. <\/p>\n<h2><span class=\"ez-toc-section\" id=\"Caracteristiques_Generales\"><\/span><span style=\"font-size: 22px;\">Caract\u00e9ristiques G\u00e9n\u00e9rales<\/span><span class=\"ez-toc-section-end\"><\/span><\/h2>\n<ul>\n<li>La vanne de commande hydraulique de r\u00e9duction de pression fonctionne de mani\u00e8re enti\u00e8rement automatique avec la pression du r\u00e9seau sans avoir besoin d&rsquo;\u00e9nergie externe.<\/li>\n<li>Le d\u00e9tendeur pilote 2 voies utilis\u00e9 sur la vanne de r\u00e9gulation permet de r\u00e9duire la pression de sortie \u00e0 la valeur souhait\u00e9e sans \u00eatre affect\u00e9 par les variations de d\u00e9bit du r\u00e9seau.<\/li>\n<li>Lorsque la valeur de la pression d&rsquo;entr\u00e9e dans le r\u00e9seau descend en dessous de la valeur de pression de sortie souhait\u00e9e, la vanne s&rsquo;ouvre compl\u00e8tement.<\/li>\n<li>Dans les r\u00e9seaux de distribution d&rsquo;eau \u00e0 d\u00e9bit variable, il est recommand\u00e9 de raccorder au r\u00e9seau un d\u00e9tendeur de r\u00e9gulation de diam\u00e8tre inf\u00e9rieur au d\u00e9tendeur existant en tant que ligne de d\u00e9rivation.<\/li>\n<li>Lorsqu&rsquo;il n&rsquo;y a pas d&rsquo;eau dans le r\u00e9seau, la vanne se ferme automatiquement.<\/li>\n<\/ul>\n<p><img decoding=\"async\" class=\"alignnone size-medium wp-image-37564\" src=\"https:\/\/unox.com.tr\/wp-content\/themes\/woodmart\/images\/lazy.svg\" data-src=\"https:\/\/unox.com.tr\/wp-content\/uploads\/2020\/11\/basinc-dusurucu-hidrolik-300x193.png\" alt=\"\" width=\"300\" height=\"193\" title=\"\" srcset=\"\" data-srcset=\"https:\/\/unox.com.tr\/wp-content\/uploads\/2020\/11\/basinc-dusurucu-hidrolik-300x193.png 300w, https:\/\/unox.com.tr\/wp-content\/uploads\/2020\/11\/basinc-dusurucu-hidrolik-150x96.png 150w, https:\/\/unox.com.tr\/wp-content\/uploads\/2020\/11\/basinc-dusurucu-hidrolik.png 328w\" sizes=\"(max-width: 300px) 100vw, 300px\" \/><\/p>\n<ol>\n<li>Soupape de commande hydraulique<\/li>\n<li>Vanne pilote<\/li>\n<li>Boulon de r\u00e9glage de la soupape pilote<\/li>\n<li>Vanne \u00e0 Bille<\/li>\n<li>Passoire<\/li>\n<li>Soupape \u00e0 Pointeau<\/li>\n<li>Manom\u00e8tre<\/li>\n<\/ol>\n","protected":false},"excerpt":{"rendered":"<p><a href=\"https:\/\/unox.com.tr\/wp-content\/uploads\/2023\/01\/Basinc-Dusurucu-Kontrol-Vanasi.pdf\" target=\"_blank\" rel=\"noopener\"><button style=\"background-color: #11224b; color: #ffffff; padding: 10px 15px; font-family: montserrat; font-weight: bold; font-size: 19px; border-radius: 10px;\"><img decoding=\"async\" style=\"width: 25px; height: 25px;\" src=\"https:\/\/unox.com.tr\/wp-content\/uploads\/2023\/02\/pdf-1.png\">CATALOGUE DES PRODUITS<\/button><\/a><\/p>\n<p><button style=\"background-color: #11224b; margin-top: 5px; color: white; padding: 0px 15px; width: 150px; height: 55px; border-radius: 10px; border: none; cursor: pointer;\"><br \/>\n<img decoding=\"async\" style=\"width: 120px; height: 30px;\" src=\"https:\/\/unox.com.tr\/wp-content\/uploads\/2023\/02\/4-1.svg\"><\/button><\/p>\n","protected":false},"featured_media":28094,"comment_status":"open","ping_status":"closed","template":"","meta":{"_joinchat":[]},"product_brand":[],"product_cat":[1073],"product_tag":[],"class_list":{"0":"post-55229","1":"product","2":"type-product","3":"status-publish","4":"has-post-thumbnail","6":"product_cat-vannes-de-controle-hydrauliques","8":"first","9":"instock","10":"shipping-taxable","11":"product-type-simple"},"_links":{"self":[{"href":"https:\/\/unox.com.tr\/fr\/wp-json\/wp\/v2\/product\/55229","targetHints":{"allow":["GET"]}}],"collection":[{"href":"https:\/\/unox.com.tr\/fr\/wp-json\/wp\/v2\/product"}],"about":[{"href":"https:\/\/unox.com.tr\/fr\/wp-json\/wp\/v2\/types\/product"}],"replies":[{"embeddable":true,"href":"https:\/\/unox.com.tr\/fr\/wp-json\/wp\/v2\/comments?post=55229"}],"version-history":[{"count":0,"href":"https:\/\/unox.com.tr\/fr\/wp-json\/wp\/v2\/product\/55229\/revisions"}],"wp:featuredmedia":[{"embeddable":true,"href":"https:\/\/unox.com.tr\/fr\/wp-json\/wp\/v2\/media\/28094"}],"wp:attachment":[{"href":"https:\/\/unox.com.tr\/fr\/wp-json\/wp\/v2\/media?parent=55229"}],"wp:term":[{"taxonomy":"product_brand","embeddable":true,"href":"https:\/\/unox.com.tr\/fr\/wp-json\/wp\/v2\/product_brand?post=55229"},{"taxonomy":"product_cat","embeddable":true,"href":"https:\/\/unox.com.tr\/fr\/wp-json\/wp\/v2\/product_cat?post=55229"},{"taxonomy":"product_tag","embeddable":true,"href":"https:\/\/unox.com.tr\/fr\/wp-json\/wp\/v2\/product_tag?post=55229"}],"curies":[{"name":"wp","href":"https:\/\/api.w.org\/{rel}","templated":true}]}}