{"id":55234,"date":"2020-10-01T13:41:24","date_gmt":"2020-10-01T13:41:24","guid":{"rendered":"https:\/\/unox.com.tr\/urun\/sous-lelectrovanne-de-dechargement-du-reservoir\/"},"modified":"2020-10-01T13:41:24","modified_gmt":"2020-10-01T10:41:24","slug":"sous-lelectrovanne-de-dechargement-du-reservoir","status":"publish","type":"product","link":"https:\/\/unox.com.tr\/fr\/sous-lelectrovanne-de-dechargement-du-reservoir\/","title":{"rendered":"Sous l&rsquo;Electrovanne de D\u00e9chargement du R\u00e9servoir"},"content":{"rendered":"<div id=\"ez-toc-container\" class=\"ez-toc-v2_0_82_2 counter-hierarchy ez-toc-counter ez-toc-grey ez-toc-container-direction\">\n<div class=\"ez-toc-title-container\">\n<p class=\"ez-toc-title\" style=\"cursor:inherit\">Sayfa \u0130\u00e7eri\u011fi<\/p>\n<span class=\"ez-toc-title-toggle\"><a href=\"#\" class=\"ez-toc-pull-right ez-toc-btn ez-toc-btn-xs ez-toc-btn-default ez-toc-toggle\" aria-label=\"Toggle Table of Content\"><span class=\"ez-toc-js-icon-con\"><span class=\"\"><span class=\"eztoc-hide\" style=\"display:none;\">Toggle<\/span><span class=\"ez-toc-icon-toggle-span\"><svg style=\"fill: #999;color:#999\" xmlns=\"http:\/\/www.w3.org\/2000\/svg\" class=\"list-377408\" width=\"20px\" height=\"20px\" viewBox=\"0 0 24 24\" fill=\"none\"><path d=\"M6 6H4v2h2V6zm14 0H8v2h12V6zM4 11h2v2H4v-2zm16 0H8v2h12v-2zM4 16h2v2H4v-2zm16 0H8v2h12v-2z\" fill=\"currentColor\"><\/path><\/svg><svg style=\"fill: #999;color:#999\" class=\"arrow-unsorted-368013\" xmlns=\"http:\/\/www.w3.org\/2000\/svg\" width=\"10px\" height=\"10px\" viewBox=\"0 0 24 24\" version=\"1.2\" baseProfile=\"tiny\"><path d=\"M18.2 9.3l-6.2-6.3-6.2 6.3c-.2.2-.3.4-.3.7s.1.5.3.7c.2.2.4.3.7.3h11c.3 0 .5-.1.7-.3.2-.2.3-.5.3-.7s-.1-.5-.3-.7zM5.8 14.7l6.2 6.3 6.2-6.3c.2-.2.3-.5.3-.7s-.1-.5-.3-.7c-.2-.2-.4-.3-.7-.3h-11c-.3 0-.5.1-.7.3-.2.2-.3.5-.3.7s.1.5.3.7z\"\/><\/svg><\/span><\/span><\/span><\/a><\/span><\/div>\n<nav><ul class='ez-toc-list ez-toc-list-level-1 ' ><li class='ez-toc-page-1 ez-toc-heading-level-2'><a class=\"ez-toc-link ez-toc-heading-1\" href=\"https:\/\/unox.com.tr\/fr\/sous-lelectrovanne-de-dechargement-du-reservoir\/#Quest-ce_quune_electrovanne_de_dechargement_sous_reservoir\" >Qu&rsquo;est-ce qu&rsquo;une \u00e9lectrovanne de d\u00e9chargement sous r\u00e9servoir ?<\/a><ul class='ez-toc-list-level-3' ><li class='ez-toc-heading-level-3'><a class=\"ez-toc-link ez-toc-heading-2\" href=\"https:\/\/unox.com.tr\/fr\/sous-lelectrovanne-de-dechargement-du-reservoir\/#Caracteristiques_du_produit\" >Caract\u00e9ristiques du produit<\/a><\/li><\/ul><\/li><li class='ez-toc-page-1 ez-toc-heading-level-2'><a class=\"ez-toc-link ez-toc-heading-3\" href=\"https:\/\/unox.com.tr\/fr\/sous-lelectrovanne-de-dechargement-du-reservoir\/#Ou_utiliser_lelectrovanne_de_dechargement_sous_le_reservoir\" >O\u00f9 utiliser l&rsquo;\u00e9lectrovanne de d\u00e9chargement sous le r\u00e9servoir<\/a><\/li><li class='ez-toc-page-1 ez-toc-heading-level-2'><a class=\"ez-toc-link ez-toc-heading-4\" href=\"https:\/\/unox.com.tr\/fr\/sous-lelectrovanne-de-dechargement-du-reservoir\/#Fonctionnement_de_lelectrovanne_de_purge_sous_le_reservoir\" >Fonctionnement de l&rsquo;\u00e9lectrovanne de purge sous le r\u00e9servoir<\/a><\/li><\/ul><\/nav><\/div>\n<h2><span class=\"ez-toc-section\" id=\"Quest-ce_quune_electrovanne_de_dechargement_sous_reservoir\"><\/span><span style=\"font-size: 22px;\">Qu&rsquo;est-ce qu&rsquo;une \u00e9lectrovanne de d\u00e9chargement sous r\u00e9servoir ?<\/span><span class=\"ez-toc-section-end\"><\/span><\/h2>\n<p>La vanne de vidange automatique peu co\u00fbteuse et fiable (soupape de d\u00e9charge) \u00e9limine automatiquement le condensat de votre syst\u00e8me d&rsquo;air. Il dispose d&rsquo;une cr\u00e9pine int\u00e9gr\u00e9e pour \u00e9viter le colmatage et permet d&rsquo;\u00e9conomiser du temps et de l&rsquo;argent en \u00e9liminant le besoin de vidange manuelle. Avec des r\u00e9glages d&rsquo;ouverture de vanne et de temps de cycle r\u00e9glables, toutes les soupapes de d\u00e9charge de la s\u00e9rie U-728A peuvent \u00eatre ajust\u00e9es \u00e0 vos conditions de fonctionnement.<\/p>\n<p>Le temps d&rsquo;ouverture de la vanne est r\u00e9glable de 10 \u00e0 60 secondes et le temps de cycle est r\u00e9glable de 1 \u00e0 60 minutes.<\/p>\n<p>Ces soupapes de d\u00e9charge sont les soupapes de d\u00e9charge les plus \u00e9conomiques du march\u00e9. Ils utilisent un sol\u00e9no\u00efde pour ouvrir et fermer une vanne. L&rsquo;\u00e9lectrovanne temporis\u00e9e UNOX serait la solution parfaite.<\/p>\n<h3><span class=\"ez-toc-section\" id=\"Caracteristiques_du_produit\"><\/span><span style=\"font-size: 20px;\">Caract\u00e9ristiques du produit<\/span><span class=\"ez-toc-section-end\"><\/span><\/h3>\n<ul>\n<li><strong>Taille<\/strong> : 1\/2&Prime;<\/li>\n<li><strong>Mod\u00e8le<\/strong> : U-728A<\/li>\n<\/ul>\n<h2><span class=\"ez-toc-section\" id=\"Ou_utiliser_lelectrovanne_de_dechargement_sous_le_reservoir\"><\/span><span style=\"font-size: 22px;\">O\u00f9 utiliser l&rsquo;\u00e9lectrovanne de d\u00e9chargement sous le r\u00e9servoir<\/span><span class=\"ez-toc-section-end\"><\/span><\/h2>\n<p>L&rsquo;\u00e9lectrovanne de purge sous le r\u00e9servoir est principalement utilis\u00e9e dans les syst\u00e8mes de pompage de carburant que l&rsquo;on trouve dans les automobiles et autres v\u00e9hicules \u00e0 moteur. Ces soupapes s&rsquo;ouvrent lorsque le moteur tourne, permettant au carburant d&rsquo;\u00eatre pomp\u00e9, et se ferment lorsque le moteur est arr\u00eat\u00e9, ce qui arr\u00eate le pompage du carburant. Ces vannes sont g\u00e9r\u00e9es par un syst\u00e8me de contr\u00f4le \u00e9lectronique dans le v\u00e9hicule et sont g\u00e9n\u00e9ralement contr\u00f4l\u00e9es par des capteurs et d&rsquo;autres dispositifs \u00e9lectroniques dans le v\u00e9hicule. Les \u00e9lectrovannes de d\u00e9charge sous le r\u00e9servoir pompent le carburant n\u00e9cessaire au bon fonctionnement des v\u00e9hicules dans le moteur \u00e0 la bonne quantit\u00e9 et au bon moment. De cette fa\u00e7on, les v\u00e9hicules fonctionnent en douceur et \u00e9conomisent du carburant.<\/p>\n<h2><span class=\"ez-toc-section\" id=\"Fonctionnement_de_lelectrovanne_de_purge_sous_le_reservoir\"><\/span><span style=\"font-size: 22px;\">Fonctionnement de l&rsquo;\u00e9lectrovanne de purge sous le r\u00e9servoir<\/span><span class=\"ez-toc-section-end\"><\/span><\/h2>\n<p>L&rsquo;\u00e9lectrovanne de purge sous cuve est une vanne \u00e9lectrom\u00e9canique utilis\u00e9e pour \u00e9vacuer un liquide \u00e0 l&rsquo;int\u00e9rieur d&rsquo;un tube ou d&rsquo;une cuve. Cette vanne est actionn\u00e9e par une bobine \u00e9lectromagn\u00e9tique appel\u00e9e sol\u00e9no\u00efde.<\/p>\n<p>Lors du fonctionnement de l&rsquo;\u00e9lectrovanne, un courant \u00e9lectrique est introduit dans la bobine \u00e9lectromagn\u00e9tique. Cela d\u00e9place un volet ou un piston \u00e0 l&rsquo;int\u00e9rieur de la vanne, augmentant le champ magn\u00e9tique \u00e0 l&rsquo;int\u00e9rieur de la bobine. Cette action provoque l&rsquo;ouverture de la vanne et la vidange du fluide.<\/p>\n<p>L&rsquo;\u00e9lectrovanne peut \u00eatre g\u00e9r\u00e9e par un contr\u00f4leur situ\u00e9 \u00e0 l&rsquo;int\u00e9rieur du tube ou du r\u00e9servoir. Ce dispositif contr\u00f4le l&rsquo;ouverture et la fermeture de la vanne et d\u00e9termine la fr\u00e9quence et la dur\u00e9e de vidange du fluide. Ainsi, l&rsquo;\u00e9lectrovanne de d\u00e9charge sous cuve permet de d\u00e9charger le liquide dans un tube ou une cuve au moment voulu et dans la quantit\u00e9 voulue.<\/p>\n","protected":false},"excerpt":{"rendered":"<p><a href=\"https:\/\/unox.com.tr\/wp-content\/uploads\/2022\/12\/Tank-Alti-Kazan-Bosaltma-Valfi-1-2-.pdf\" target=\"_blank\" rel=\"noopener\"><button style=\"background-color: #11224b; color: #ffffff; padding: 10px 15px; font-family: montserrat; font-weight: bold; font-size: 19px; border-radius: 10px;\"><img decoding=\"async\" style=\"width: 25px; height: 25px;\" src=\"https:\/\/unox.com.tr\/wp-content\/uploads\/2023\/02\/pdf-1.png\">CATALOGUE DES PRODUITS<\/button><\/a><\/p>\n<p><button style=\"background-color: #11224b; margin-top: 5px; color: white; padding: 0px 15px; width: 150px; height: 55px; border-radius: 10px; border: none; cursor: pointer;\"><br \/>\n<img decoding=\"async\" style=\"width: 120px; height: 30px;\" src=\"https:\/\/unox.com.tr\/wp-content\/uploads\/2023\/02\/4-1.svg\"><\/button><\/p>\n","protected":false},"featured_media":68900,"comment_status":"closed","ping_status":"closed","template":"","meta":[],"product_brand":[],"product_cat":[1200,1582],"product_tag":[],"class_list":{"0":"post-55234","1":"product","2":"type-product","3":"status-publish","4":"has-post-thumbnail","6":"product_cat-electrovannes","7":"product_cat-electrovannes-de-purge","9":"first","10":"instock","11":"shipping-taxable","12":"product-type-simple"},"_links":{"self":[{"href":"https:\/\/unox.com.tr\/fr\/wp-json\/wp\/v2\/product\/55234","targetHints":{"allow":["GET"]}}],"collection":[{"href":"https:\/\/unox.com.tr\/fr\/wp-json\/wp\/v2\/product"}],"about":[{"href":"https:\/\/unox.com.tr\/fr\/wp-json\/wp\/v2\/types\/product"}],"replies":[{"embeddable":true,"href":"https:\/\/unox.com.tr\/fr\/wp-json\/wp\/v2\/comments?post=55234"}],"version-history":[{"count":0,"href":"https:\/\/unox.com.tr\/fr\/wp-json\/wp\/v2\/product\/55234\/revisions"}],"wp:featuredmedia":[{"embeddable":true,"href":"https:\/\/unox.com.tr\/fr\/wp-json\/wp\/v2\/media\/68900"}],"wp:attachment":[{"href":"https:\/\/unox.com.tr\/fr\/wp-json\/wp\/v2\/media?parent=55234"}],"wp:term":[{"taxonomy":"product_brand","embeddable":true,"href":"https:\/\/unox.com.tr\/fr\/wp-json\/wp\/v2\/product_brand?post=55234"},{"taxonomy":"product_cat","embeddable":true,"href":"https:\/\/unox.com.tr\/fr\/wp-json\/wp\/v2\/product_cat?post=55234"},{"taxonomy":"product_tag","embeddable":true,"href":"https:\/\/unox.com.tr\/fr\/wp-json\/wp\/v2\/product_tag?post=55234"}],"curies":[{"name":"wp","href":"https:\/\/api.w.org\/{rel}","templated":true}]}}