{"id":55235,"date":"2020-10-01T13:23:39","date_gmt":"2020-10-01T13:23:39","guid":{"rendered":"https:\/\/unox.com.tr\/urun\/electrovanne-haute-pression-de-compresseur-en-acier-inoxydable-normalement-fermee-ikm-a\/"},"modified":"2020-10-01T13:23:39","modified_gmt":"2020-10-01T10:23:39","slug":"electrovanne-haute-pression-de-compresseur-en-acier-inoxydable-normalement-fermee-ikm-a","status":"publish","type":"product","link":"https:\/\/unox.com.tr\/fr\/electrovanne-haute-pression-de-compresseur-en-acier-inoxydable-normalement-fermee-ikm-a\/","title":{"rendered":"\u00c9lectrovanne Haute Pression de Compresseur en Acier Inoxydable &#8211; Normalement Ferm\u00e9e (IKM A)"},"content":{"rendered":"<div id=\"ez-toc-container\" class=\"ez-toc-v2_0_82_2 counter-hierarchy ez-toc-counter ez-toc-grey ez-toc-container-direction\">\n<div class=\"ez-toc-title-container\">\n<p class=\"ez-toc-title\" style=\"cursor:inherit\">Sayfa \u0130\u00e7eri\u011fi<\/p>\n<span class=\"ez-toc-title-toggle\"><a href=\"#\" class=\"ez-toc-pull-right ez-toc-btn ez-toc-btn-xs ez-toc-btn-default ez-toc-toggle\" aria-label=\"Toggle Table of Content\"><span class=\"ez-toc-js-icon-con\"><span class=\"\"><span class=\"eztoc-hide\" style=\"display:none;\">Toggle<\/span><span class=\"ez-toc-icon-toggle-span\"><svg style=\"fill: #999;color:#999\" xmlns=\"http:\/\/www.w3.org\/2000\/svg\" class=\"list-377408\" width=\"20px\" height=\"20px\" viewBox=\"0 0 24 24\" fill=\"none\"><path d=\"M6 6H4v2h2V6zm14 0H8v2h12V6zM4 11h2v2H4v-2zm16 0H8v2h12v-2zM4 16h2v2H4v-2zm16 0H8v2h12v-2z\" fill=\"currentColor\"><\/path><\/svg><svg style=\"fill: #999;color:#999\" class=\"arrow-unsorted-368013\" xmlns=\"http:\/\/www.w3.org\/2000\/svg\" width=\"10px\" height=\"10px\" viewBox=\"0 0 24 24\" version=\"1.2\" baseProfile=\"tiny\"><path d=\"M18.2 9.3l-6.2-6.3-6.2 6.3c-.2.2-.3.4-.3.7s.1.5.3.7c.2.2.4.3.7.3h11c.3 0 .5-.1.7-.3.2-.2.3-.5.3-.7s-.1-.5-.3-.7zM5.8 14.7l6.2 6.3 6.2-6.3c.2-.2.3-.5.3-.7s-.1-.5-.3-.7c-.2-.2-.4-.3-.7-.3h-11c-.3 0-.5.1-.7.3-.2.2-.3.5-.3.7s.1.5.3.7z\"\/><\/svg><\/span><\/span><\/span><\/a><\/span><\/div>\n<nav><ul class='ez-toc-list ez-toc-list-level-1 ' ><li class='ez-toc-page-1 ez-toc-heading-level-2'><a class=\"ez-toc-link ez-toc-heading-1\" href=\"https:\/\/unox.com.tr\/fr\/electrovanne-haute-pression-de-compresseur-en-acier-inoxydable-normalement-fermee-ikm-a\/#Quest-ce_quune_electrovanne_haute_pression_de_compresseur_en_acier_inoxydable\" >Qu&rsquo;est-ce qu&rsquo;une \u00e9lectrovanne haute pression de compresseur en acier inoxydable ?<\/a><\/li><li class='ez-toc-page-1 ez-toc-heading-level-2'><a class=\"ez-toc-link ez-toc-heading-2\" href=\"https:\/\/unox.com.tr\/fr\/electrovanne-haute-pression-de-compresseur-en-acier-inoxydable-normalement-fermee-ikm-a\/#Ou_lelectrovanne_haute_pression_de_compresseur_en_acier_inoxydable_est-elle_utilisee\" >O\u00f9 l&rsquo;\u00e9lectrovanne haute pression de compresseur en acier inoxydable est-elle utilis\u00e9e ?<\/a><\/li><li class='ez-toc-page-1 ez-toc-heading-level-2'><a class=\"ez-toc-link ez-toc-heading-3\" href=\"https:\/\/unox.com.tr\/fr\/electrovanne-haute-pression-de-compresseur-en-acier-inoxydable-normalement-fermee-ikm-a\/#Systeme_dexploitation_normalement_ferme\" >Syst\u00e8me d&rsquo;exploitation normalement ferm\u00e9<\/a><\/li><li class='ez-toc-page-1 ez-toc-heading-level-2'><a class=\"ez-toc-link ez-toc-heading-4\" href=\"https:\/\/unox.com.tr\/fr\/electrovanne-haute-pression-de-compresseur-en-acier-inoxydable-normalement-fermee-ikm-a\/#Caracteristiques_Generales\" >Caract\u00e9ristiques G\u00e9n\u00e9rales<\/a><ul class='ez-toc-list-level-3' ><li class='ez-toc-heading-level-3'><a class=\"ez-toc-link ez-toc-heading-5\" href=\"https:\/\/unox.com.tr\/fr\/electrovanne-haute-pression-de-compresseur-en-acier-inoxydable-normalement-fermee-ikm-a\/#Suggestions\" >Suggestions<\/a><\/li><\/ul><\/li><li class='ez-toc-page-1 ez-toc-heading-level-2'><a class=\"ez-toc-link ez-toc-heading-6\" href=\"https:\/\/unox.com.tr\/fr\/electrovanne-haute-pression-de-compresseur-en-acier-inoxydable-normalement-fermee-ikm-a\/#Elements_a_prendre_en_compte_lors_du_choix_dune_electrovanne\" >\u00c9l\u00e9ments \u00e0 prendre en compte lors du choix d&rsquo;une \u00e9lectrovanne :<\/a><\/li><\/ul><\/nav><\/div>\n<h2><span class=\"ez-toc-section\" id=\"Quest-ce_quune_electrovanne_haute_pression_de_compresseur_en_acier_inoxydable\"><\/span><span style=\"font-size: 22px;\">Qu&rsquo;est-ce qu&rsquo;une \u00e9lectrovanne haute pression de compresseur en acier inoxydable ?<\/span><span class=\"ez-toc-section-end\"><\/span><\/h2>\n<p>Un compresseur est une machine utilis\u00e9e pour comprimer de l&rsquo;air ou un autre gaz. Une \u00e9lectrovanne haute pression est un type d&rsquo;\u00e9lectrovanne et est une pi\u00e8ce qui r\u00e9gule le d\u00e9bit d&rsquo;air ou d&rsquo;autres gaz de mani\u00e8re contr\u00f4lable. Cette soupape laisse passer de l&rsquo;air ou du gaz sous haute pression pendant le fonctionnement du compresseur.<\/p>\n<h2><span class=\"ez-toc-section\" id=\"Ou_lelectrovanne_haute_pression_de_compresseur_en_acier_inoxydable_est-elle_utilisee\"><\/span><span style=\"font-size: 22px;\">O\u00f9 l&rsquo;\u00e9lectrovanne haute pression de compresseur en acier inoxydable est-elle utilis\u00e9e ?<\/span><span class=\"ez-toc-section-end\"><\/span><\/h2>\n<p>Les \u00e9lectrovannes haute pression de compresseur en acier inoxydable sont utilis\u00e9es lorsque l&rsquo;air ou d&rsquo;autres gaz doivent passer sous haute pression. Par exemple, on peut le trouver dans les compresseurs d&rsquo;air et les syst\u00e8mes utilis\u00e9s pour pressuriser l&rsquo;air ou le gaz. Il peut \u00e9galement \u00eatre utilis\u00e9 pour emp\u00eacher l&rsquo;air ou le gaz de tomber en dessous d&rsquo;un certain niveau de pression.<\/p>\n<p>Les \u00e9lectrovannes sont fabriqu\u00e9es en deux types : normalement ferm\u00e9es (pour ouvrir la vanne ferm\u00e9e lorsque la bobine re\u00e7oit de l&rsquo;\u00e9nergie) et normalement ouvertes (pour fermer la vanne ouverte lorsqu&rsquo;elle re\u00e7oit de l&rsquo;\u00e9nergie de la bobine).<\/p>\n<h2><span class=\"ez-toc-section\" id=\"Systeme_dexploitation_normalement_ferme\"><\/span><span style=\"font-size: 22px;\">Syst\u00e8me d&rsquo;exploitation normalement ferm\u00e9<\/span><span class=\"ez-toc-section-end\"><\/span><\/h2>\n<p>L&rsquo;\u00e9lectrovanne normalement ferm\u00e9e permet initialement le passage du fluide. Pour que la vanne s&rsquo;ouvre, la bobine commence \u00e0 agir avec le courant \u00e9lectrique venant de la bobine, tire le noyau vers le haut et ouvre l&#8217;embouchure du trou de l&rsquo;orifice, et ainsi, le fluide sous haute pression se d\u00e9place rapidement vers la sortie du trou de d\u00e9rivation. Avec cette progression, la pression \u00e0 l&rsquo;int\u00e9rieur chute tr\u00e8s rapidement et une diff\u00e9rence de pression se produit \u00e0 l&rsquo;int\u00e9rieur. En raison de cette diff\u00e9rence, le diaphragme surmonte la force du ressort et monte vers le haut et le passage du fluide est autoris\u00e9, de sorte que la vanne est en position ouverte. Tout cela se passe en tr\u00e8s peu de temps. Notre produit est con\u00e7u pour obtenir la meilleure efficacit\u00e9.<\/p>\n<h2><span class=\"ez-toc-section\" id=\"Caracteristiques_Generales\"><\/span><span style=\"font-size: 22px;\">Caract\u00e9ristiques G\u00e9n\u00e9rales<\/span><span class=\"ez-toc-section-end\"><\/span><\/h2>\n<ul>\n<li><strong>Joint<\/strong> : Viton<\/li>\n<li><strong>Manchon<\/strong> : Inox<\/li>\n<li><strong>Corps<\/strong> : Inox AISI 316<\/li>\n<li><strong>Noyau<\/strong> : Inox<\/li>\n<li><strong>Temp\u00e9rature<\/strong> : -10 \/ +150 \u00b0C<\/li>\n<li><strong>Bobine<\/strong> : Douille<\/li>\n<\/ul>\n<h3><span class=\"ez-toc-section\" id=\"Suggestions\"><\/span><span style=\"font-size: 20px;\">Suggestions<\/span><span class=\"ez-toc-section-end\"><\/span><\/h3>\n<p>Monter l&rsquo;\u00e9lectrovanne de sorte que la bobine soit vers le haut. Dans l&rsquo;installation, comme une cr\u00e9pine avant l&rsquo;\u00e9lectrovanne, etc. utiliser des filtres. Nous utilisons un mat\u00e9riau de diaphragme et de joint plus durable pour les temp\u00e9ratures \u00e9lev\u00e9es<br \/>\nVeuillez sp\u00e9cifier votre demande de diaphragme et de joint pour haute temp\u00e9rature dans vos commandes.<\/p>\n<h2><span class=\"ez-toc-section\" id=\"Elements_a_prendre_en_compte_lors_du_choix_dune_electrovanne\"><\/span><span style=\"font-size: 22px;\">\u00c9l\u00e9ments \u00e0 prendre en compte lors du choix d&rsquo;une \u00e9lectrovanne :<\/span><span class=\"ez-toc-section-end\"><\/span><\/h2>\n<ul>\n<li>La bobine doit \u00eatre s\u00e9lectionn\u00e9e en fonction de la tension de fonctionnement (AC-DC). La protection et l&rsquo;isolation doivent \u00eatre pr\u00e9vues en fonction de l&rsquo;endroit o\u00f9 elles seront appliqu\u00e9es. (L&rsquo;\u00e9lectricit\u00e9 s&rsquo;allume lorsque l&rsquo;air entre et s&rsquo;\u00e9teint lorsque vous coupez l&rsquo;\u00e9lectricit\u00e9)<\/li>\n<li>Dans la ligne ou le syst\u00e8me que vous utiliserez, min et max. les valeurs de pression sont tr\u00e8s importantes dans le choix de la vanne. <\/li>\n<li>La qualit\u00e9 et la temp\u00e9rature du fluide sont un facteur direct dans le choix de la vanne.<\/li>\n<li>Le sens du fluide et la fl\u00e8che sur le corps sont dans le m\u00eame sens et il faut faire attention au montage.<\/li>\n<li>\u00c9tant donn\u00e9 que l&rsquo;\u00e9lectrovanne ne fonctionne pas comme un clapet anti-retour, le fluide reflue \u00e0 des pressions inverses. Dans ces cas, l&rsquo;installation d&rsquo;un clapet anti-retour apr\u00e8s l&rsquo;\u00e9lectrovanne est correcte pour la connexion.<\/li>\n<li>La ligne \u00e0 laquelle la vanne est attach\u00e9e doit \u00eatre exempte d&rsquo;impuret\u00e9s.<\/li>\n<\/ul>\n<p>&nbsp;<\/p>\n<p>[table id=\u00a0\u00bb39&Prime; \/]<\/p>\n<p>&nbsp;<\/p>\n<p>Vous pouvez consulter notre page<a href=\"\/?page_id=8324\" target=\"_blank\" rel=\"noopener noreferrer\">\u00ab\u00a0Electrovanne<\/a>\u00a0\u00bb pour obtenir des informations plus d\u00e9taill\u00e9es sur le sujet ou pour trouver des solutions aux probl\u00e8mes que vous rencontrez.<\/p>\n","protected":false},"excerpt":{"rendered":"<p><a href=\"https:\/\/unox.com.tr\/wp-content\/uploads\/2022\/12\/PASLANMAZ-YUKSEK-BASINC-N.K-3-8-IKM1902YB.pdf\" target=\"_blank\" rel=\"noopener\"><button style=\"background-color: #11224b; color: #ffffff; padding: 10px 15px; font-family: montserrat; font-weight: bold; font-size: 19px; border-radius: 10px;\"><img decoding=\"async\" style=\"width: 25px; height: 25px;\" src=\"https:\/\/unox.com.tr\/wp-content\/uploads\/2023\/02\/pdf-1.png\">CATALOGUE DES PRODUITS<\/button><\/a><\/p>\n<p><button style=\"background-color: #11224b; margin-top: 5px; color: white; padding: 0px 15px; width: 150px; height: 55px; border-radius: 10px; border: none; cursor: pointer;\"><br \/>\n<img decoding=\"async\" style=\"width: 120px; height: 30px;\" src=\"https:\/\/unox.com.tr\/wp-content\/uploads\/2023\/02\/4-1.svg\"><\/button><\/p>\n","protected":false},"featured_media":68829,"comment_status":"closed","ping_status":"closed","template":"","meta":[],"product_brand":[],"product_cat":[1579,1200,1228,1210],"product_tag":[],"class_list":{"0":"post-55235","1":"product","2":"type-product","3":"status-publish","4":"has-post-thumbnail","6":"product_cat-electrovannes-de-compresseur-en-acier-inoxydable","7":"product_cat-electrovannes","8":"product_cat-electrovannes-a-compresseurs","9":"product_cat-electrovannes-en-acier-inoxydable","11":"first","12":"instock","13":"shipping-taxable","14":"product-type-simple"},"_links":{"self":[{"href":"https:\/\/unox.com.tr\/fr\/wp-json\/wp\/v2\/product\/55235","targetHints":{"allow":["GET"]}}],"collection":[{"href":"https:\/\/unox.com.tr\/fr\/wp-json\/wp\/v2\/product"}],"about":[{"href":"https:\/\/unox.com.tr\/fr\/wp-json\/wp\/v2\/types\/product"}],"replies":[{"embeddable":true,"href":"https:\/\/unox.com.tr\/fr\/wp-json\/wp\/v2\/comments?post=55235"}],"version-history":[{"count":0,"href":"https:\/\/unox.com.tr\/fr\/wp-json\/wp\/v2\/product\/55235\/revisions"}],"wp:featuredmedia":[{"embeddable":true,"href":"https:\/\/unox.com.tr\/fr\/wp-json\/wp\/v2\/media\/68829"}],"wp:attachment":[{"href":"https:\/\/unox.com.tr\/fr\/wp-json\/wp\/v2\/media?parent=55235"}],"wp:term":[{"taxonomy":"product_brand","embeddable":true,"href":"https:\/\/unox.com.tr\/fr\/wp-json\/wp\/v2\/product_brand?post=55235"},{"taxonomy":"product_cat","embeddable":true,"href":"https:\/\/unox.com.tr\/fr\/wp-json\/wp\/v2\/product_cat?post=55235"},{"taxonomy":"product_tag","embeddable":true,"href":"https:\/\/unox.com.tr\/fr\/wp-json\/wp\/v2\/product_tag?post=55235"}],"curies":[{"name":"wp","href":"https:\/\/api.w.org\/{rel}","templated":true}]}}