{"id":55237,"date":"2020-10-01T11:51:38","date_gmt":"2020-10-01T11:51:38","guid":{"rendered":"https:\/\/unox.com.tr\/urun\/electrovanne-a-vapeur-en-acier-inoxydable-normalement-ouverte-ibr-a\/"},"modified":"2020-10-01T11:51:38","modified_gmt":"2020-10-01T08:51:38","slug":"electrovanne-a-vapeur-en-acier-inoxydable-normalement-ouverte-ibr-a","status":"publish","type":"product","link":"https:\/\/unox.com.tr\/fr\/electrovanne-a-vapeur-en-acier-inoxydable-normalement-ouverte-ibr-a\/","title":{"rendered":"\u00c9lectrovanne \u00e0 Vapeur en Acier Inoxydable &#8211; Normalement Ouverte &#8211; IBR A"},"content":{"rendered":"<div id=\"ez-toc-container\" class=\"ez-toc-v2_0_82_2 counter-hierarchy ez-toc-counter ez-toc-grey ez-toc-container-direction\">\n<div class=\"ez-toc-title-container\">\n<p class=\"ez-toc-title\" style=\"cursor:inherit\">Sayfa \u0130\u00e7eri\u011fi<\/p>\n<span class=\"ez-toc-title-toggle\"><a href=\"#\" class=\"ez-toc-pull-right ez-toc-btn ez-toc-btn-xs ez-toc-btn-default ez-toc-toggle\" aria-label=\"Toggle Table of Content\"><span class=\"ez-toc-js-icon-con\"><span class=\"\"><span class=\"eztoc-hide\" style=\"display:none;\">Toggle<\/span><span class=\"ez-toc-icon-toggle-span\"><svg style=\"fill: #999;color:#999\" xmlns=\"http:\/\/www.w3.org\/2000\/svg\" class=\"list-377408\" width=\"20px\" height=\"20px\" viewBox=\"0 0 24 24\" fill=\"none\"><path d=\"M6 6H4v2h2V6zm14 0H8v2h12V6zM4 11h2v2H4v-2zm16 0H8v2h12v-2zM4 16h2v2H4v-2zm16 0H8v2h12v-2z\" fill=\"currentColor\"><\/path><\/svg><svg style=\"fill: #999;color:#999\" class=\"arrow-unsorted-368013\" xmlns=\"http:\/\/www.w3.org\/2000\/svg\" width=\"10px\" height=\"10px\" viewBox=\"0 0 24 24\" version=\"1.2\" baseProfile=\"tiny\"><path d=\"M18.2 9.3l-6.2-6.3-6.2 6.3c-.2.2-.3.4-.3.7s.1.5.3.7c.2.2.4.3.7.3h11c.3 0 .5-.1.7-.3.2-.2.3-.5.3-.7s-.1-.5-.3-.7zM5.8 14.7l6.2 6.3 6.2-6.3c.2-.2.3-.5.3-.7s-.1-.5-.3-.7c-.2-.2-.4-.3-.7-.3h-11c-.3 0-.5.1-.7.3-.2.2-.3.5-.3.7s.1.5.3.7z\"\/><\/svg><\/span><\/span><\/span><\/a><\/span><\/div>\n<nav><ul class='ez-toc-list ez-toc-list-level-1 ' ><li class='ez-toc-page-1 ez-toc-heading-level-2'><a class=\"ez-toc-link ez-toc-heading-1\" href=\"https:\/\/unox.com.tr\/fr\/electrovanne-a-vapeur-en-acier-inoxydable-normalement-ouverte-ibr-a\/#Quest-ce_quune_electrovanne_vapeur_en_acier_inoxydable\" >Qu&rsquo;est-ce qu&rsquo;une \u00e9lectrovanne vapeur en acier inoxydable ?<\/a><\/li><li class='ez-toc-page-1 ez-toc-heading-level-2'><a class=\"ez-toc-link ez-toc-heading-2\" href=\"https:\/\/unox.com.tr\/fr\/electrovanne-a-vapeur-en-acier-inoxydable-normalement-ouverte-ibr-a\/#Ou_lelectrovanne_vapeur_en_acier_inoxydable_est-elle_utilisee\" >O\u00f9 l&rsquo;\u00e9lectrovanne vapeur en acier inoxydable est-elle utilis\u00e9e ?<\/a><\/li><li class='ez-toc-page-1 ez-toc-heading-level-2'><a class=\"ez-toc-link ez-toc-heading-3\" href=\"https:\/\/unox.com.tr\/fr\/electrovanne-a-vapeur-en-acier-inoxydable-normalement-ouverte-ibr-a\/#Systeme_dexploitation_a_etat_normalement_ouvert\" >Syst\u00e8me d&rsquo;exploitation \u00e0 \u00e9tat normalement ouvert<\/a><\/li><li class='ez-toc-page-1 ez-toc-heading-level-2'><a class=\"ez-toc-link ez-toc-heading-4\" href=\"https:\/\/unox.com.tr\/fr\/electrovanne-a-vapeur-en-acier-inoxydable-normalement-ouverte-ibr-a\/#Caracteristiques_Generales\" >Caract\u00e9ristiques G\u00e9n\u00e9rales<\/a><ul class='ez-toc-list-level-3' ><li class='ez-toc-heading-level-3'><a class=\"ez-toc-link ez-toc-heading-5\" href=\"https:\/\/unox.com.tr\/fr\/electrovanne-a-vapeur-en-acier-inoxydable-normalement-ouverte-ibr-a\/#Suggestions\" >Suggestions<\/a><\/li><\/ul><\/li><li class='ez-toc-page-1 ez-toc-heading-level-2'><a class=\"ez-toc-link ez-toc-heading-6\" href=\"https:\/\/unox.com.tr\/fr\/electrovanne-a-vapeur-en-acier-inoxydable-normalement-ouverte-ibr-a\/#Elements_a_prendre_en_compte_lors_du_choix_dune_electrovanne_vapeur\" >\u00c9l\u00e9ments \u00e0 prendre en compte lors du choix d&rsquo;une \u00e9lectrovanne vapeur :<\/a><\/li><\/ul><\/nav><\/div>\n<h2><span class=\"ez-toc-section\" id=\"Quest-ce_quune_electrovanne_vapeur_en_acier_inoxydable\"><\/span><span style=\"font-size: 22px;\">Qu&rsquo;est-ce qu&rsquo;une \u00e9lectrovanne vapeur en acier inoxydable ?<\/span><span class=\"ez-toc-section-end\"><\/span><\/h2>\n<p>L&rsquo;\u00e9lectrovanne \u00e0 vapeur est une vanne \u00e9lectrom\u00e9canique qui permet ou bloque le mouvement de la vapeur dans une direction dans une canalisation. Cette vanne est contr\u00f4l\u00e9e par une bobine magn\u00e9tique appel\u00e9e sol\u00e9no\u00efde et est souvent utilis\u00e9e dans un syst\u00e8me tel qu&rsquo;une chaudi\u00e8re \u00e0 vapeur. L&rsquo;\u00e9lectrovanne vapeur augmente l&rsquo;efficacit\u00e9 du syst\u00e8me et assure sa s\u00e9curit\u00e9 en assurant le mouvement de la vapeur dans la bonne direction.<\/p>\n<h2><span class=\"ez-toc-section\" id=\"Ou_lelectrovanne_vapeur_en_acier_inoxydable_est-elle_utilisee\"><\/span><span style=\"font-size: 22px;\">O\u00f9 l&rsquo;\u00e9lectrovanne vapeur en acier inoxydable est-elle utilis\u00e9e ?<\/span><span class=\"ez-toc-section-end\"><\/span><\/h2>\n<p>Les \u00e9lectrovannes vapeur sont con\u00e7ues pour les installations \u00e0 haute temp\u00e9rature (80\u00b0C &#8211; 180\u00b0C). Il est g\u00e9n\u00e9ralement utilis\u00e9 dans l&rsquo;industrie et les installations pour contr\u00f4ler la vapeur. Il peut \u00eatre utilis\u00e9 dans les syst\u00e8mes \u00e0 vapeur pour contr\u00f4ler la distribution de la vapeur, pour s&rsquo;assurer que la vapeur est envoy\u00e9e aux bonnes zones et pour r\u00e9guler le d\u00e9bit de vapeur. Il peut \u00e9galement \u00eatre utilis\u00e9 pour assurer le fonctionnement des appareils \u00e0 vapeur et l&rsquo;utilisation s\u00fbre de la vapeur.<\/p>\n<p>Les \u00e9lectrovannes sont fabriqu\u00e9es en deux types: normalement ferm\u00e9es (pour ouvrir la vanne ferm\u00e9e lorsque la bobine re\u00e7oit de l&rsquo;\u00e9nergie) et normalement ouvertes (pour fermer la vanne ouverte lorsqu&rsquo;elle re\u00e7oit de l&rsquo;\u00e9nergie de la bobine).<\/p>\n<h2><span class=\"ez-toc-section\" id=\"Systeme_dexploitation_a_etat_normalement_ouvert\"><\/span><span style=\"font-size: 22px;\">Syst\u00e8me d&rsquo;exploitation \u00e0 \u00e9tat normalement ouvert<\/span><span class=\"ez-toc-section-end\"><\/span><\/h2>\n<p>L&rsquo;\u00e9lectrovanne normalement ouverte permet initialement le passage du fluide. Afin de fermer la vanne, la bobine se d\u00e9place avec le courant \u00e9lectrique venant de la bobine, poussant le noyau vers le bas et fermant l&#8217;embouchure du trou de l&rsquo;orifice, et dans ce cas, la pression \u00e0 l&rsquo;int\u00e9rieur augmente progressivement et pousse le diaphragme vers le bas et ferme le Orifice par lequel passe le fluide. En peu de temps, la pression se r\u00e9partit de mani\u00e8re homog\u00e8ne sur la membrane et la pression sup\u00e9rieure \u00e0 la pression du fluide emp\u00eache le fluide de soulever la membrane, la vanne est donc en position ferm\u00e9e. Tout cela se passe en tr\u00e8s peu de temps. Notre produit est con\u00e7u pour obtenir la meilleure efficacit\u00e9.<\/p>\n<h2><span class=\"ez-toc-section\" id=\"Caracteristiques_Generales\"><\/span><span style=\"font-size: 22px;\">Caract\u00e9ristiques G\u00e9n\u00e9rales<\/span><span class=\"ez-toc-section-end\"><\/span><\/h2>\n<ul>\n<li><strong>Joint<\/strong> : PTFE \/ EPDM<\/li>\n<li><strong>Manchon<\/strong> : Inox<\/li>\n<li><strong>Corps<\/strong> : Inox AISI 316<\/li>\n<li><strong>Noyau<\/strong> : Inox<\/li>\n<li><strong>Temp\u00e9rature<\/strong> : -10 \/ +180 \u00b0C<\/li>\n<li><strong>Bobine<\/strong> : Douille<\/li>\n<\/ul>\n<h3><span class=\"ez-toc-section\" id=\"Suggestions\"><\/span><span style=\"font-size: 20px;\">Suggestions<\/span><span class=\"ez-toc-section-end\"><\/span><\/h3>\n<p>Monter l&rsquo;\u00e9lectrovanne de sorte que la bobine soit vers le haut. Dans l&rsquo;installation, comme une cr\u00e9pine avant l&rsquo;\u00e9lectrovanne, etc. utiliser des filtres. Nous utilisons un mat\u00e9riau de diaphragme et de joint plus durable pour les temp\u00e9ratures \u00e9lev\u00e9es<br \/>\nVeuillez sp\u00e9cifier votre demande de diaphragme et de joint pour haute temp\u00e9rature dans vos commandes.<\/p>\n<h2><span class=\"ez-toc-section\" id=\"Elements_a_prendre_en_compte_lors_du_choix_dune_electrovanne_vapeur\"><\/span><span style=\"font-size: 22px;\">\u00c9l\u00e9ments \u00e0 prendre en compte lors du choix d&rsquo;une \u00e9lectrovanne vapeur :<\/span><span class=\"ez-toc-section-end\"><\/span><\/h2>\n<ul>\n<li>La bobine doit \u00eatre s\u00e9lectionn\u00e9e en fonction de la tension de fonctionnement (AC-DC) \u00e0 utiliser. La protection et l&rsquo;isolation doivent \u00eatre pr\u00e9vues en fonction de l&rsquo;endroit o\u00f9 elles seront appliqu\u00e9es. (L&rsquo;\u00e9lectricit\u00e9 s&rsquo;allume lorsque l&rsquo;air entre et s&rsquo;\u00e9teint lorsque vous coupez l&rsquo;\u00e9lectricit\u00e9)<\/li>\n<li>Dans la ligne ou le syst\u00e8me que vous utiliserez, min et max. les valeurs de pression sont tr\u00e8s importantes dans le choix de la vanne. <\/li>\n<li>La qualit\u00e9 et la temp\u00e9rature du fluide sont un facteur direct dans le choix de la vanne.<\/li>\n<li>Le sens du fluide et la fl\u00e8che sur le corps sont dans le m\u00eame sens et il faut faire attention au montage.<\/li>\n<li>\u00c9tant donn\u00e9 que l&rsquo;\u00e9lectrovanne ne fonctionne pas comme un clapet anti-retour, le fluide reflue \u00e0 des pressions inverses. Dans ces cas, l&rsquo;installation d&rsquo;un clapet anti-retour apr\u00e8s l&rsquo;\u00e9lectrovanne est correcte pour la connexion.<\/li>\n<li>La ligne \u00e0 laquelle la vanne est attach\u00e9e doit \u00eatre exempte d&rsquo;impuret\u00e9s.<\/li>\n<\/ul>\n<p>&nbsp;<\/p>\n<p>[table id=\u00a0\u00bb27&Prime; \/]<\/p>\n<p>&nbsp;<\/p>\n<p>Vous pouvez consulter notre page<a href=\"\/?page_id=8324\" target=\"_blank\" rel=\"noopener noreferrer\">\u00ab\u00a0Electrovanne<\/a>\u00a0\u00bb pour obtenir des informations plus d\u00e9taill\u00e9es sur le sujet ou pour trouver des solutions aux probl\u00e8mes que vous rencontrez.<\/p>\n","protected":false},"excerpt":{"rendered":"<p><a href=\"https:\/\/unox.com.tr\/wp-content\/uploads\/2022\/12\/PASLANMAZ-BUHAR-N.A-3-8-IBRA1702.pdf\" target=\"_blank\" rel=\"noopener\"><button style=\"background-color: #11224b; color: #ffffff; padding: 10px 15px; font-family: montserrat; font-weight: bold; font-size: 19px; border-radius: 10px;\"><img decoding=\"async\" style=\"width: 25px; height: 25px;\" src=\"https:\/\/unox.com.tr\/wp-content\/uploads\/2023\/02\/pdf-1.png\">CATALOGUE DES PRODUITS<\/button><\/a><\/p>\n<p><button style=\"background-color: #11224b; margin-top: 5px; color: white; padding: 0px 15px; width: 150px; height: 55px; border-radius: 10px; border: none; cursor: pointer;\"><br \/>\n<img decoding=\"async\" style=\"width: 120px; height: 30px;\" src=\"https:\/\/unox.com.tr\/wp-content\/uploads\/2023\/02\/4-1.svg\"><\/button><\/p>\n","protected":false},"featured_media":68843,"comment_status":"closed","ping_status":"closed","template":"","meta":[],"product_brand":[],"product_cat":[1583,1200,1210],"product_tag":[],"class_list":{"0":"post-55237","1":"product","2":"type-product","3":"status-publish","4":"has-post-thumbnail","6":"product_cat-electrovannes-a-vapeur-en-acier-inoxydable","7":"product_cat-electrovannes","8":"product_cat-electrovannes-en-acier-inoxydable","10":"first","11":"instock","12":"shipping-taxable","13":"product-type-simple"},"_links":{"self":[{"href":"https:\/\/unox.com.tr\/fr\/wp-json\/wp\/v2\/product\/55237","targetHints":{"allow":["GET"]}}],"collection":[{"href":"https:\/\/unox.com.tr\/fr\/wp-json\/wp\/v2\/product"}],"about":[{"href":"https:\/\/unox.com.tr\/fr\/wp-json\/wp\/v2\/types\/product"}],"replies":[{"embeddable":true,"href":"https:\/\/unox.com.tr\/fr\/wp-json\/wp\/v2\/comments?post=55237"}],"version-history":[{"count":0,"href":"https:\/\/unox.com.tr\/fr\/wp-json\/wp\/v2\/product\/55237\/revisions"}],"wp:featuredmedia":[{"embeddable":true,"href":"https:\/\/unox.com.tr\/fr\/wp-json\/wp\/v2\/media\/68843"}],"wp:attachment":[{"href":"https:\/\/unox.com.tr\/fr\/wp-json\/wp\/v2\/media?parent=55237"}],"wp:term":[{"taxonomy":"product_brand","embeddable":true,"href":"https:\/\/unox.com.tr\/fr\/wp-json\/wp\/v2\/product_brand?post=55237"},{"taxonomy":"product_cat","embeddable":true,"href":"https:\/\/unox.com.tr\/fr\/wp-json\/wp\/v2\/product_cat?post=55237"},{"taxonomy":"product_tag","embeddable":true,"href":"https:\/\/unox.com.tr\/fr\/wp-json\/wp\/v2\/product_tag?post=55237"}],"curies":[{"name":"wp","href":"https:\/\/api.w.org\/{rel}","templated":true}]}}