{"id":55247,"date":"2020-09-29T12:07:51","date_gmt":"2020-09-29T12:07:51","guid":{"rendered":"https:\/\/unox.com.tr\/urun\/electrovanne-vapeur-normalement-ouverte-bhr-a\/"},"modified":"2024-05-31T17:09:10","modified_gmt":"2024-05-31T14:09:10","slug":"electrovanne-vapeur-normalement-ouverte","status":"publish","type":"product","link":"https:\/\/unox.com.tr\/fr\/electrovanne-vapeur-normalement-ouverte\/","title":{"rendered":"\u00c9lectrovanne Vapeur &#8211; Normalement Ouverte (BHR A)"},"content":{"rendered":"<p><strong><span style=\"font-size: 22px;\">Qu&rsquo;est-ce qu&rsquo;une \u00e9lectrovanne vapeur ?<\/span><\/strong><\/p>\n<p>L&rsquo;\u00e9lectrovanne \u00e0 vapeur est une vanne \u00e9lectrom\u00e9canique qui permet ou bloque le mouvement de la vapeur dans une direction dans une canalisation. Cette vanne est contr\u00f4l\u00e9e par une bobine magn\u00e9tique appel\u00e9e sol\u00e9no\u00efde et est souvent utilis\u00e9e dans un syst\u00e8me tel qu&rsquo;une chaudi\u00e8re \u00e0 vapeur. L&rsquo;\u00e9lectrovanne vapeur augmente l&rsquo;efficacit\u00e9 du syst\u00e8me et assure sa s\u00e9curit\u00e9 en assurant le mouvement de la vapeur dans la bonne direction.<\/p>\n<p>Electrovannes; Il est fabriqu\u00e9 en deux types : normalement ferm\u00e9 (pour ouvrir la vanne ferm\u00e9e lorsqu&rsquo;il re\u00e7oit de l&rsquo;\u00e9nergie de la bobine) et normalement ouvert (pour fermer la vanne ouverte lorsqu&rsquo;il re\u00e7oit de l&rsquo;\u00e9nergie de la bobine).<\/p>\n<p><strong><span style=\"font-size: 22px;\">O\u00f9 l&rsquo;\u00e9lectrovanne vapeur est-elle utilis\u00e9e ?<\/span><\/strong><\/p>\n<p>Les \u00e9lectrovannes vapeur sont con\u00e7ues pour les installations \u00e0 hautes temp\u00e9ratures (80\u00b0C \u2013 180\u00b0C). Il est g\u00e9n\u00e9ralement utilis\u00e9 dans l&rsquo;industrie et les installations pour contr\u00f4ler la vapeur. Il peut \u00eatre utilis\u00e9 dans les syst\u00e8mes \u00e0 vapeur pour contr\u00f4ler la distribution de la vapeur, pour s&rsquo;assurer que la vapeur est envoy\u00e9e aux bonnes zones et pour r\u00e9guler le d\u00e9bit de vapeur. Il peut \u00e9galement \u00eatre utilis\u00e9 pour assurer le fonctionnement des appareils \u00e0 vapeur et l&rsquo;utilisation s\u00fbre de la vapeur.<\/p>\n<p><strong><span style=\"font-size: 22px;\">Syst\u00e8me d&rsquo;exploitation \u00e0 \u00e9tat normalement ouvert<\/span><\/strong><\/p>\n<p>L&rsquo;\u00e9lectrovanne normalement ouverte permet initialement le passage du fluide. Afin de fermer la vanne, la bobine se d\u00e9place avec le courant \u00e9lectrique venant de la bobine, poussant le noyau vers le bas et fermant l&#8217;embouchure du trou de l&rsquo;orifice, et dans ce cas, la pression \u00e0 l&rsquo;int\u00e9rieur augmente progressivement et pousse le diaphragme vers le bas et ferme le Orifice par lequel passe le fluide. En peu de temps, la pression se r\u00e9partit de mani\u00e8re homog\u00e8ne sur la membrane et la pression sup\u00e9rieure \u00e0 la pression du fluide emp\u00eache le fluide de soulever la membrane, la vanne est donc en position ferm\u00e9e. Tout cela se passe en tr\u00e8s peu de temps. Notre produit est con\u00e7u pour obtenir la meilleure efficacit\u00e9.<\/p>\n<p><strong><span style=\"font-size: 22px;\">Caract\u00e9ristiques G\u00e9n\u00e9rales<\/span><\/strong><\/p>\n<ul>\n<li><strong>Joint<\/strong> : PTFE \/ EPDM<\/li>\n<li><strong>Manche<\/strong> : Laiton<\/li>\n<li><strong>Corps<\/strong> : Laiton<\/li>\n<li><strong>Noyau<\/strong> : Inox<\/li>\n<li><strong>Temp\u00e9rature<\/strong> : -10 \/ +180 \u00b0C<\/li>\n<li><strong>Bobine<\/strong> : Douille<\/li>\n<\/ul>\n<p><strong>Suggestions<\/strong><\/p>\n<p>Monter l&rsquo;\u00e9lectrovanne de sorte que la bobine soit vers le haut. Dans l&rsquo;installation, comme une cr\u00e9pine avant l&rsquo;\u00e9lectrovanne, etc. utiliser des filtres. Nous utilisons un mat\u00e9riau de diaphragme et de joint plus durable pour les temp\u00e9ratures \u00e9lev\u00e9es. Pr\u00e9cisez votre demande de diaphragme et de joint pour haute temp\u00e9rature dans vos commandes.<\/p>\n<p><strong><span style=\"font-size: 22px;\">\u00c9l\u00e9ments \u00e0 prendre en compte lors du choix d&rsquo;une \u00e9lectrovanne vapeur :<\/span><\/strong><\/p>\n<ul>\n<li>La bobine doit \u00eatre s\u00e9lectionn\u00e9e en fonction de la tension de fonctionnement (AC-DC) \u00e0 utiliser. La protection et l&rsquo;isolation doivent \u00eatre pr\u00e9vues en fonction de l&rsquo;endroit o\u00f9 elles seront appliqu\u00e9es. (L&rsquo;\u00e9lectricit\u00e9 s&rsquo;allume lorsque l&rsquo;air entre et s&rsquo;\u00e9teint lorsque vous coupez l&rsquo;\u00e9lectricit\u00e9)<\/li>\n<li>Dans la ligne ou le syst\u00e8me que vous utiliserez, min et max. les valeurs de pression sont tr\u00e8s importantes dans le choix de la vanne. <\/li>\n<li>La qualit\u00e9 et la temp\u00e9rature du fluide sont un facteur direct dans le choix de la vanne.<\/li>\n<li>Le sens du fluide et la fl\u00e8che sur le corps sont dans le m\u00eame sens et il faut faire attention au montage.<\/li>\n<li>\u00c9tant donn\u00e9 que l&rsquo;\u00e9lectrovanne ne fonctionne pas comme un clapet anti-retour, le fluide reflue \u00e0 des pressions inverses. Dans ces cas, l&rsquo;installation d&rsquo;un clapet anti-retour apr\u00e8s l&rsquo;\u00e9lectrovanne est correcte pour la connexion.<\/li>\n<li>La ligne \u00e0 laquelle la vanne est attach\u00e9e doit \u00eatre exempte d&rsquo;impuret\u00e9s.<\/li>\n<\/ul>\n<p>[table id=\u00a0\u00bb6&Prime; \/]<\/p>\n","protected":false},"excerpt":{"rendered":"<p><a href=\"https:\/\/unox.com.tr\/wp-content\/uploads\/2024\/05\/BUHAR-N.A.pdf\" target=\"_blank\" rel=\"noopener\"><button style=\"background-color: #11224b; color: #ffffff; padding: 10px 15px; font-family: montserrat; font-weight: bold; font-size: 19px; border-radius: 10px;\"><img decoding=\"async\" style=\"width: 25px; height: 25px;\" src=\"https:\/\/unox.com.tr\/wp-content\/uploads\/2023\/02\/pdf-1.png\">CATALOGUE DES PRODUITS<\/button><\/a><\/p>\n<p><button style=\"background-color: #11224b; margin-top: 5px; color: white; padding: 0px 15px; width: 150px; height: 55px; border-radius: 10px; border: none; cursor: default;\"><br \/>\n<img decoding=\"async\" style=\"width: 120px; height: 30px;\" src=\"https:\/\/unox.com.tr\/wp-content\/uploads\/2023\/02\/4-1.svg\"><\/button><\/p>\n","protected":false},"featured_media":68717,"comment_status":"closed","ping_status":"closed","template":"","meta":[],"product_brand":[],"product_cat":[1585,1200],"product_tag":[],"class_list":{"0":"post-55247","1":"product","2":"type-product","3":"status-publish","4":"has-post-thumbnail","6":"product_cat-electrovannes-a-vapeur","7":"product_cat-electrovannes","9":"first","10":"instock","11":"shipping-taxable","12":"product-type-simple"},"_links":{"self":[{"href":"https:\/\/unox.com.tr\/fr\/wp-json\/wp\/v2\/product\/55247","targetHints":{"allow":["GET"]}}],"collection":[{"href":"https:\/\/unox.com.tr\/fr\/wp-json\/wp\/v2\/product"}],"about":[{"href":"https:\/\/unox.com.tr\/fr\/wp-json\/wp\/v2\/types\/product"}],"replies":[{"embeddable":true,"href":"https:\/\/unox.com.tr\/fr\/wp-json\/wp\/v2\/comments?post=55247"}],"version-history":[{"count":0,"href":"https:\/\/unox.com.tr\/fr\/wp-json\/wp\/v2\/product\/55247\/revisions"}],"wp:featuredmedia":[{"embeddable":true,"href":"https:\/\/unox.com.tr\/fr\/wp-json\/wp\/v2\/media\/68717"}],"wp:attachment":[{"href":"https:\/\/unox.com.tr\/fr\/wp-json\/wp\/v2\/media?parent=55247"}],"wp:term":[{"taxonomy":"product_brand","embeddable":true,"href":"https:\/\/unox.com.tr\/fr\/wp-json\/wp\/v2\/product_brand?post=55247"},{"taxonomy":"product_cat","embeddable":true,"href":"https:\/\/unox.com.tr\/fr\/wp-json\/wp\/v2\/product_cat?post=55247"},{"taxonomy":"product_tag","embeddable":true,"href":"https:\/\/unox.com.tr\/fr\/wp-json\/wp\/v2\/product_tag?post=55247"}],"curies":[{"name":"wp","href":"https:\/\/api.w.org\/{rel}","templated":true}]}}