{"id":55248,"date":"2020-09-29T12:00:54","date_gmt":"2020-09-29T12:00:54","guid":{"rendered":"https:\/\/unox.com.tr\/urun\/electrovanne-vapeur-normalement-fermee-bhr\/"},"modified":"2024-05-31T17:15:32","modified_gmt":"2024-05-31T14:15:32","slug":"electrovanne-vapeur-normalement-fermee","status":"publish","type":"product","link":"https:\/\/unox.com.tr\/fr\/electrovanne-vapeur-normalement-fermee\/","title":{"rendered":"\u00c9lectrovanne Vapeur &#8211; Normalement Ferm\u00e9e (BHR)"},"content":{"rendered":"<p><strong><span style=\"font-size: 22px;\">Qu&rsquo;est-ce qu&rsquo;une \u00e9lectrovanne vapeur ?<\/span><\/strong><\/p>\n<p>L&rsquo;\u00e9lectrovanne \u00e0 vapeur est une vanne \u00e9lectrom\u00e9canique qui permet ou bloque le mouvement de la vapeur dans une direction dans une canalisation. Cette vanne est contr\u00f4l\u00e9e par une bobine magn\u00e9tique appel\u00e9e sol\u00e9no\u00efde et est souvent utilis\u00e9e dans un syst\u00e8me tel qu&rsquo;une chaudi\u00e8re \u00e0 vapeur. L&rsquo;\u00e9lectrovanne vapeur augmente l&rsquo;efficacit\u00e9 du syst\u00e8me et assure sa s\u00e9curit\u00e9 en assurant le mouvement de la vapeur dans la bonne direction.<\/p>\n<p><strong><span style=\"font-size: 22px;\">O\u00f9 l&rsquo;\u00e9lectrovanne vapeur est-elle utilis\u00e9e ?<\/span><\/strong><\/p>\n<p>Les \u00e9lectrovannes vapeur sont con\u00e7ues pour les installations \u00e0 hautes temp\u00e9ratures (80\u00b0C \u2013 180\u00b0C). Il est g\u00e9n\u00e9ralement utilis\u00e9 dans l&rsquo;industrie et les installations pour contr\u00f4ler la vapeur. Il peut \u00eatre utilis\u00e9 dans les syst\u00e8mes \u00e0 vapeur pour contr\u00f4ler la distribution de la vapeur, pour s&rsquo;assurer que la vapeur est envoy\u00e9e aux bonnes zones et pour r\u00e9guler le d\u00e9bit de vapeur. Il peut \u00e9galement \u00eatre utilis\u00e9 pour assurer le fonctionnement des appareils \u00e0 vapeur et l&rsquo;utilisation s\u00fbre de la vapeur.<\/p>\n<p>Electrovannes; Il est fabriqu\u00e9 en deux types : normalement ferm\u00e9 (pour ouvrir la vanne ferm\u00e9e lorsqu&rsquo;il re\u00e7oit de l&rsquo;\u00e9nergie de la bobine) et normalement ouvert (pour fermer la vanne ouverte lorsqu&rsquo;il re\u00e7oit de l&rsquo;\u00e9nergie de la bobine).<\/p>\n<p><strong><span style=\"font-size: 22px;\">Syst\u00e8me d&rsquo;exploitation normalement ferm\u00e9<\/span><\/strong><\/p>\n<p>L&rsquo;\u00e9lectrovanne normalement ferm\u00e9e permet initialement le passage du fluide. Pour que la vanne s&rsquo;ouvre, la bobine commence \u00e0 agir avec le courant \u00e9lectrique venant de la bobine, tire le noyau vers le haut et ouvre l&#8217;embouchure du trou de l&rsquo;orifice, et ainsi, le fluide sous haute pression se d\u00e9place rapidement vers la sortie du trou de d\u00e9rivation. Avec cette progression, la pression \u00e0 l&rsquo;int\u00e9rieur chute tr\u00e8s rapidement et une diff\u00e9rence de pression se produit \u00e0 l&rsquo;int\u00e9rieur. En raison de cette diff\u00e9rence, le diaphragme surmonte la force du ressort et monte vers le haut et le passage du fluide est autoris\u00e9, de sorte que la vanne est en position ouverte. Tout cela se passe en tr\u00e8s peu de temps. Notre produit est con\u00e7u pour obtenir la meilleure efficacit\u00e9.<\/p>\n<p><strong><span style=\"font-size: 22px;\">Caract\u00e9ristiques G\u00e9n\u00e9rales<\/span><\/strong><\/p>\n<ul>\n<li><strong>Joint<\/strong> : PTFE \/ EPDM<\/li>\n<li><strong>Manchon<\/strong> : Inox<\/li>\n<li><strong>Corps<\/strong> : Laiton<\/li>\n<li><strong>Noyau<\/strong> : Inox<\/li>\n<li><strong>Temp\u00e9rature<\/strong> : -10 \/ +180 \u00b0C<\/li>\n<li><strong>Bobine<\/strong> : Douille<\/li>\n<\/ul>\n<p><strong>Suggestions<\/strong><\/p>\n<p>Monter l&rsquo;\u00e9lectrovanne de sorte que la bobine soit vers le haut. Dans l&rsquo;installation, comme une cr\u00e9pine avant l&rsquo;\u00e9lectrovanne, etc. utiliser des filtres. Nous utilisons un mat\u00e9riau de diaphragme et de joint plus durable pour les temp\u00e9ratures \u00e9lev\u00e9es. Pr\u00e9cisez votre demande de diaphragme et de joint pour haute temp\u00e9rature dans vos commandes.<\/p>\n<p><strong><span style=\"font-size: 22px;\">\u00c9l\u00e9ments \u00e0 prendre en compte lors du choix d&rsquo;une \u00e9lectrovanne :<\/span><\/strong><\/p>\n<ul>\n<li>La bobine doit \u00eatre s\u00e9lectionn\u00e9e en fonction de la tension de fonctionnement (AC-DC) \u00e0 utiliser. La protection et l&rsquo;isolation doivent \u00eatre pr\u00e9vues en fonction de l&rsquo;endroit o\u00f9 elles seront appliqu\u00e9es. (L&rsquo;\u00e9lectricit\u00e9 s&rsquo;allume lorsque l&rsquo;air entre et s&rsquo;\u00e9teint lorsque vous coupez l&rsquo;\u00e9lectricit\u00e9)<\/li>\n<li>Dans la ligne ou le syst\u00e8me que vous utiliserez, min et max. les valeurs de pression sont tr\u00e8s importantes dans le choix de la vanne. <\/li>\n<li>La qualit\u00e9 et la temp\u00e9rature du fluide sont un facteur direct dans le choix de la vanne.<\/li>\n<li>Le sens du fluide et la fl\u00e8che sur le corps sont dans le m\u00eame sens et il faut faire attention au montage.<\/li>\n<li>\u00c9tant donn\u00e9 que l&rsquo;\u00e9lectrovanne ne fonctionne pas comme un clapet anti-retour, le fluide reflue \u00e0 des pressions inverses. Dans ces cas, l&rsquo;installation d&rsquo;un clapet anti-retour apr\u00e8s l&rsquo;\u00e9lectrovanne est correcte pour la connexion.<\/li>\n<li>La ligne \u00e0 laquelle la vanne est attach\u00e9e doit \u00eatre exempte d&rsquo;impuret\u00e9s.<\/li>\n<\/ul>\n<p>&nbsp;<\/p>\n<p>[table id=\u00a0\u00bb5&Prime; \/]<\/p>\n<p>Vous pouvez consulter notre page<a href=\"https:\/\/unox.com.tr\/fr\/electrovannes\/\" target=\"_blank\" rel=\"noopener noreferrer\">\u00ab\u00a0Electrovanne<\/a>\u00a0\u00bb pour obtenir des informations plus d\u00e9taill\u00e9es sur le sujet ou pour trouver des solutions aux probl\u00e8mes que vous rencontrez.<\/p>\n","protected":false},"excerpt":{"rendered":"<p><a href=\"https:\/\/unox.com.tr\/wp-content\/uploads\/2024\/05\/BUHAR-N.K.pdf\" target=\"_blank\" rel=\"noopener\"><button style=\"background-color: #11224b; color: #ffffff; padding: 10px 15px; font-family: montserrat; font-weight: bold; font-size: 19px; border-radius: 10px;\"><img decoding=\"async\" style=\"width: 25px; height: 25px;\" src=\"https:\/\/unox.com.tr\/wp-content\/uploads\/2023\/02\/pdf-1.png\">CATALOGUE DES PRODUITS<\/button><\/a><\/p>\n<p><button style=\"background-color: #11224b; margin-top: 5px; color: white; padding: 0px 15px; width: 150px; height: 55px; border-radius: 10px; border: none; cursor: pointer;\"><br \/>\n<img decoding=\"async\" style=\"width: 120px; height: 30px;\" src=\"https:\/\/unox.com.tr\/wp-content\/uploads\/2023\/02\/4-1.svg\"><\/button><\/p>\n","protected":false},"featured_media":68724,"comment_status":"closed","ping_status":"closed","template":"","meta":{"_joinchat":[]},"product_brand":[],"product_cat":[1585,1200],"product_tag":[],"class_list":{"0":"post-55248","1":"product","2":"type-product","3":"status-publish","4":"has-post-thumbnail","6":"product_cat-electrovannes-a-vapeur","7":"product_cat-electrovannes","9":"first","10":"instock","11":"shipping-taxable","12":"product-type-simple"},"_links":{"self":[{"href":"https:\/\/unox.com.tr\/fr\/wp-json\/wp\/v2\/product\/55248","targetHints":{"allow":["GET"]}}],"collection":[{"href":"https:\/\/unox.com.tr\/fr\/wp-json\/wp\/v2\/product"}],"about":[{"href":"https:\/\/unox.com.tr\/fr\/wp-json\/wp\/v2\/types\/product"}],"replies":[{"embeddable":true,"href":"https:\/\/unox.com.tr\/fr\/wp-json\/wp\/v2\/comments?post=55248"}],"version-history":[{"count":0,"href":"https:\/\/unox.com.tr\/fr\/wp-json\/wp\/v2\/product\/55248\/revisions"}],"wp:featuredmedia":[{"embeddable":true,"href":"https:\/\/unox.com.tr\/fr\/wp-json\/wp\/v2\/media\/68724"}],"wp:attachment":[{"href":"https:\/\/unox.com.tr\/fr\/wp-json\/wp\/v2\/media?parent=55248"}],"wp:term":[{"taxonomy":"product_brand","embeddable":true,"href":"https:\/\/unox.com.tr\/fr\/wp-json\/wp\/v2\/product_brand?post=55248"},{"taxonomy":"product_cat","embeddable":true,"href":"https:\/\/unox.com.tr\/fr\/wp-json\/wp\/v2\/product_cat?post=55248"},{"taxonomy":"product_tag","embeddable":true,"href":"https:\/\/unox.com.tr\/fr\/wp-json\/wp\/v2\/product_tag?post=55248"}],"curies":[{"name":"wp","href":"https:\/\/api.w.org\/{rel}","templated":true}]}}