{"id":55250,"date":"2020-09-29T11:08:16","date_gmt":"2020-09-29T11:08:16","guid":{"rendered":"https:\/\/unox.com.tr\/urun\/electrovanne-haute-pression-a-usage-general-normalement-fermee-gemyb\/"},"modified":"2024-05-31T17:02:02","modified_gmt":"2024-05-31T14:02:02","slug":"electrovanne-haute-pression-a-usage-general-normalement-fermee","status":"publish","type":"product","link":"https:\/\/unox.com.tr\/fr\/electrovanne-haute-pression-a-usage-general-normalement-fermee\/","title":{"rendered":"\u00c9lectrovanne Haute Pression \u00e0 Usage G\u00e9n\u00e9ral &#8211; Normalement Ferm\u00e9e (GEMYB)"},"content":{"rendered":"<div>\n<p><strong><span style=\"font-size: 22px;\">Qu&rsquo;est-ce qu&rsquo;une \u00e9lectrovanne haute pression \u00e0 usage g\u00e9n\u00e9ral ?<\/span><\/strong><\/p>\n<\/div>\n<p>Une \u00e9lectrovanne haute pression est une vanne \u00e9lectrom\u00e9canique qui contr\u00f4le le d\u00e9bit d&rsquo;un gaz ou d&rsquo;un liquide sous pression. Ces types de vannes peuvent \u00eatre ouvertes et ferm\u00e9es en actionnant le sol\u00e9no\u00efde (une bobine qui cr\u00e9e un champ magn\u00e9tique) lorsqu&rsquo;elles re\u00e7oivent un signal \u00e9lectrique. Ainsi, vous pouvez contr\u00f4ler ou arr\u00eater le d\u00e9bit dans le syst\u00e8me. Il fonctionne avec de l&rsquo;\u00e9nergie \u00e9lectrique AC et DC et assure le contr\u00f4le de diff\u00e9rents fluides (air, gaz, carburant, vapeur, eau, etc.). Il existe des variantes \u00e0 deux ou trois voies. Il se compose d&rsquo;un corps, d&rsquo;un manchon, d&rsquo;une bobine, d&rsquo;un diaphragme et d&rsquo;un noyau.<\/p>\n<p><strong><span style=\"font-size: 22px;\">O\u00f9 l&rsquo;\u00e9lectrovanne haute pression \u00e0 usage g\u00e9n\u00e9ral est-elle utilis\u00e9e ?<\/span><\/strong><\/p>\n<p>Les \u00e9lectrovannes haute pression sont con\u00e7ues pour les installations \u00e0 haute pression de ligne (entre 0,5 et 40 bar). Il est g\u00e9n\u00e9ralement utilis\u00e9 dans les syst\u00e8mes d&rsquo;automatisation industrielle. Par exemple, ce type de vanne est souvent utilis\u00e9 dans les industries chimiques, \u00e9nerg\u00e9tiques, mini\u00e8res et alimentaires. Les \u00e9lectrovannes haute pression fournissent un d\u00e9bit contr\u00f4lable dans divers syst\u00e8mes de plomberie. De cette mani\u00e8re, on s&rsquo;assure que le flux de liquide ou de gaz peut \u00eatre dirig\u00e9 et contr\u00f4l\u00e9 correctement.<\/p>\n<p>Les \u00e9lectrovannes sont fabriqu\u00e9es en deux types: normalement ferm\u00e9es (pour ouvrir la vanne ferm\u00e9e lorsque la bobine re\u00e7oit de l&rsquo;\u00e9nergie) et normalement ouvertes (pour fermer la vanne ouverte lorsqu&rsquo;elle re\u00e7oit de l&rsquo;\u00e9nergie de la bobine).<\/p>\n<p><strong><span style=\"font-size: 22px;\">Syst\u00e8me d&rsquo;exploitation normalement ferm\u00e9<\/span><\/strong><\/p>\n<p>L&rsquo;\u00e9lectrovanne normalement ferm\u00e9e permet initialement le passage du fluide. Pour que la vanne s&rsquo;ouvre, la bobine commence \u00e0 agir avec le courant \u00e9lectrique venant de la bobine, tire le noyau vers le haut et ouvre l&#8217;embouchure du trou de l&rsquo;orifice, et ainsi, le fluide sous haute pression se d\u00e9place rapidement vers la sortie du trou de d\u00e9rivation. Avec cette progression, la pression \u00e0 l&rsquo;int\u00e9rieur chute tr\u00e8s rapidement et une diff\u00e9rence de pression se produit \u00e0 l&rsquo;int\u00e9rieur. En raison de cette diff\u00e9rence, le diaphragme surmonte la force du ressort et monte vers le haut et le passage du fluide est autoris\u00e9, de sorte que la vanne est en position ouverte. Tout cela se passe en tr\u00e8s peu de temps. Notre produit est con\u00e7u pour obtenir la meilleure efficacit\u00e9.<\/p>\n<p><strong><span style=\"font-size: 22px;\">Caract\u00e9ristiques G\u00e9n\u00e9rales<\/span><\/strong><\/p>\n<ul>\n<li><strong>Joint<\/strong> : PTFE \/ Viton<\/li>\n<li><strong>Manchon<\/strong> : Inox<\/li>\n<li><strong>Corps<\/strong> : Laiton<\/li>\n<li><strong>Noyau<\/strong> : Inox<\/li>\n<li><strong>Temp\u00e9rature<\/strong> : -10 \/ +150 \u00b0C<\/li>\n<li><strong>Bobine<\/strong> : Douille<\/li>\n<li><strong>Pression<\/strong> : 0,5 &#8211; 40 Bars<\/li>\n<\/ul>\n<p><strong><span style=\"font-size: 20px;\">Suggestions<\/span><\/strong><\/p>\n<p>Monter l&rsquo;\u00e9lectrovanne de sorte que la bobine soit vers le haut. Dans l&rsquo;installation, comme une cr\u00e9pine avant l&rsquo;\u00e9lectrovanne, etc. utiliser des filtres. Nous utilisons un mat\u00e9riau de diaphragme et de joint plus durable pour les temp\u00e9ratures \u00e9lev\u00e9es. Pr\u00e9cisez votre demande de diaphragme et de joint pour haute temp\u00e9rature dans vos commandes.<\/p>\n<p><strong><span style=\"font-size: 22px;\">\u00c9l\u00e9ments \u00e0 prendre en compte lors du choix d&rsquo;une \u00e9lectrovanne :<\/span><\/strong><\/p>\n<ul>\n<li>La bobine doit \u00eatre s\u00e9lectionn\u00e9e en fonction de la tension de fonctionnement (AC-DC). La protection et l&rsquo;isolation doivent \u00eatre pr\u00e9vues en fonction de l&rsquo;endroit o\u00f9 elles seront appliqu\u00e9es. (L&rsquo;\u00e9lectricit\u00e9 s&rsquo;allume lorsque l&rsquo;air entre et s&rsquo;\u00e9teint lorsque vous coupez l&rsquo;\u00e9lectricit\u00e9)<\/li>\n<li>Dans la ligne ou le syst\u00e8me que vous utiliserez, min et max. les valeurs de pression sont tr\u00e8s importantes dans le choix de la vanne. <\/li>\n<li>La qualit\u00e9 et la temp\u00e9rature du fluide sont un facteur direct dans le choix de la vanne.<\/li>\n<li>Le sens du fluide et la fl\u00e8che sur le corps sont dans le m\u00eame sens et il faut faire attention au montage.<\/li>\n<li>\u00c9tant donn\u00e9 que l&rsquo;\u00e9lectrovanne ne fonctionne pas comme un clapet anti-retour, le fluide reflue \u00e0 des pressions inverses. Dans ces cas, l&rsquo;installation d&rsquo;un clapet anti-retour apr\u00e8s l&rsquo;\u00e9lectrovanne est correcte pour la connexion.<\/li>\n<li>La ligne \u00e0 laquelle la vanne est attach\u00e9e doit \u00eatre exempte d&rsquo;impuret\u00e9s.<\/li>\n<\/ul>\n<p>&nbsp;<\/p>\n<p>[table id=\u00a0\u00bb10&Prime; \/]<\/p>\n<p>&nbsp;<\/p>\n<p>Vous pouvez consulter notre page<a href=\"\/?page_id=8324\" target=\"_blank\" rel=\"noopener noreferrer\">\u00ab\u00a0Electrovanne<\/a>\u00a0\u00bb pour obtenir des informations plus d\u00e9taill\u00e9es sur le sujet ou pour trouver des solutions aux probl\u00e8mes que vous rencontrez.<\/p>\n","protected":false},"excerpt":{"rendered":"<p><a href=\"https:\/\/unox.com.tr\/wp-content\/uploads\/2024\/05\/GENEL-MAKSAT-Y.B-N.K.pdf\" target=\"_blank\" rel=\"noopener\"><button style=\"background-color: #11224b; color: #ffffff; padding: 10px 15px; font-family: montserrat; font-weight: bold; font-size: 19px; border-radius: 10px;\"><img decoding=\"async\" style=\"width: 25px; height: 25px;\" src=\"https:\/\/unox.com.tr\/wp-content\/uploads\/2023\/02\/pdf-1.png\">CATALOGUE DES PRODUITS<\/button><\/a><\/p>\n<p><button style=\"background-color: #11224b; margin-top: 5px; color: white; padding: 0px 15px; width: 150px; height: 55px; border-radius: 10px; border: none; cursor: pointer;\"><br \/>\n<img decoding=\"async\" style=\"width: 120px; height: 30px;\" src=\"https:\/\/unox.com.tr\/wp-content\/uploads\/2023\/02\/4-1.svg\"><\/button><\/p>\n","protected":false},"featured_media":68745,"comment_status":"closed","ping_status":"closed","template":"","meta":{"_joinchat":[]},"product_brand":[],"product_cat":[1233,1200],"product_tag":[],"class_list":{"0":"post-55250","1":"product","2":"type-product","3":"status-publish","4":"has-post-thumbnail","6":"product_cat-electrovannes-a-usage-general","7":"product_cat-electrovannes","9":"first","10":"instock","11":"shipping-taxable","12":"product-type-simple"},"_links":{"self":[{"href":"https:\/\/unox.com.tr\/fr\/wp-json\/wp\/v2\/product\/55250","targetHints":{"allow":["GET"]}}],"collection":[{"href":"https:\/\/unox.com.tr\/fr\/wp-json\/wp\/v2\/product"}],"about":[{"href":"https:\/\/unox.com.tr\/fr\/wp-json\/wp\/v2\/types\/product"}],"replies":[{"embeddable":true,"href":"https:\/\/unox.com.tr\/fr\/wp-json\/wp\/v2\/comments?post=55250"}],"version-history":[{"count":0,"href":"https:\/\/unox.com.tr\/fr\/wp-json\/wp\/v2\/product\/55250\/revisions"}],"wp:featuredmedia":[{"embeddable":true,"href":"https:\/\/unox.com.tr\/fr\/wp-json\/wp\/v2\/media\/68745"}],"wp:attachment":[{"href":"https:\/\/unox.com.tr\/fr\/wp-json\/wp\/v2\/media?parent=55250"}],"wp:term":[{"taxonomy":"product_brand","embeddable":true,"href":"https:\/\/unox.com.tr\/fr\/wp-json\/wp\/v2\/product_brand?post=55250"},{"taxonomy":"product_cat","embeddable":true,"href":"https:\/\/unox.com.tr\/fr\/wp-json\/wp\/v2\/product_cat?post=55250"},{"taxonomy":"product_tag","embeddable":true,"href":"https:\/\/unox.com.tr\/fr\/wp-json\/wp\/v2\/product_tag?post=55250"}],"curies":[{"name":"wp","href":"https:\/\/api.w.org\/{rel}","templated":true}]}}