{"id":55252,"date":"2020-09-29T07:54:40","date_gmt":"2020-09-29T07:54:40","guid":{"rendered":"https:\/\/unox.com.tr\/urun\/vanne-a-huile-chaude-proportionnelle-pneumatique-a-3-voies-33614\/"},"modified":"2024-03-17T01:29:09","modified_gmt":"2024-03-16T22:29:09","slug":"vanne-a-huile-chaude-proportionnelle-pneumatique-a-3-voies-33614","status":"publish","type":"product","link":"https:\/\/unox.com.tr\/fr\/vanne-a-huile-chaude-proportionnelle-pneumatique-a-3-voies-33614\/","title":{"rendered":"Vanne \u00e0 Huile Chaude Proportionnelle Pneumatique \u00e0 3 Voies &#8211; 33614"},"content":{"rendered":"<h2><span style=\"font-size: 22px;\">Qu&rsquo;est-ce qu&rsquo;une vanne d&rsquo;huile chaude proportionnelle pneumatique \u00e0 3 voies ?<\/span><\/h2>\n<p>Une vanne d&rsquo;huile chaude est un type de vanne con\u00e7ue pour contr\u00f4ler le d\u00e9bit d&rsquo;huile chaude ou d&rsquo;autres liquides chauds. Ces vannes sont g\u00e9n\u00e9ralement utilis\u00e9es dans des environnements industriels ou commerciaux o\u00f9 des temp\u00e9ratures et des pressions \u00e9lev\u00e9es sont impliqu\u00e9es, telles que des usines de traitement ou des centrales \u00e9lectriques. La vanne d&rsquo;huile chaude peut \u00eatre utilis\u00e9e dans une vari\u00e9t\u00e9 d&rsquo;applications, y compris le chauffage, le refroidissement, la lubrification et le contr\u00f4le de la temp\u00e9rature. En g\u00e9n\u00e9ral, ils sont constitu\u00e9s de mat\u00e9riaux r\u00e9sistants aux temp\u00e9ratures \u00e9lev\u00e9es et pouvant supporter les effets corrosifs des huiles chaudes.<\/p>\n<h2><span style=\"font-size: 22px;\">Qu&rsquo;est-ce qu&rsquo;une vanne de r\u00e9gulation ?<\/span><\/h2>\n<p>Soupape de commande; Vanne utilis\u00e9e pour contr\u00f4ler le fluide en modifiant la taille du passage d&rsquo;\u00e9coulement selon les instructions d&rsquo;un signal provenant d&rsquo;un contr\u00f4leur. Les vannes de r\u00e9gulation assurent le contr\u00f4le de la pression, de la temp\u00e9rature, du d\u00e9bit et du niveau dans tous les processus o\u00f9 du fluide est pr\u00e9sent. Les vannes de r\u00e9gulation sont utilis\u00e9es pour l&rsquo;eau froide, l&rsquo;eau chaude, la vapeur, l&rsquo;eau surchauff\u00e9e, la vapeur et le gaz, etc. produits par la consommation d&rsquo;\u00e9nergie dans les entreprises. Il garantit que les fluides peuvent \u00eatre transport\u00e9s et contr\u00f4l\u00e9s sans aucune perte.<\/p>\n<h2><span style=\"font-size: 22px;\">Qu&rsquo;est-ce que le principe de travail proportionnel ?<\/span><\/h2>\n<p>Le principe de fonctionnement proportionnel est un concept de syst\u00e8me de contr\u00f4le qui se r\u00e9f\u00e8re \u00e0 l&rsquo;utilisation d&rsquo;un signal de contr\u00f4le qui est directement proportionnel \u00e0 l&rsquo;erreur entre le point de consigne souhait\u00e9 et la valeur de processus r\u00e9elle. En d&rsquo;autres termes, le signal de commande est ajust\u00e9 proportionnellement \u00e0 la taille et \u00e0 la direction de l&rsquo;erreur.<\/p>\n<p>Ce type de syst\u00e8me de contr\u00f4le est utilis\u00e9 dans diverses applications o\u00f9 il est n\u00e9cessaire de maintenir une variable de processus \u00e0 un certain point de consigne ou dans une certaine plage. Par exemple, il est largement utilis\u00e9 dans les syst\u00e8mes de contr\u00f4le de temp\u00e9rature, les syst\u00e8mes de contr\u00f4le de pression et les syst\u00e8mes de contr\u00f4le de d\u00e9bit.<\/p>\n<p>Dans le syst\u00e8me de contr\u00f4le proportionnel, le signal de contr\u00f4le est g\u00e9n\u00e9r\u00e9 par un contr\u00f4leur qui compare le point de consigne \u00e0 la valeur de processus et calcule l&rsquo;erreur. Le contr\u00f4leur applique alors un signal de commande proportionnel \u00e0 l&rsquo;erreur au processus. Le signal de commande est g\u00e9n\u00e9ralement appliqu\u00e9 via un \u00e9l\u00e9ment de commande, tel qu&rsquo;une vanne, qui peut r\u00e9gler le d\u00e9bit d&rsquo;un fluide ou la position d&rsquo;un m\u00e9canisme pour modifier la variable de processus.<\/p>\n<h2><span class=\"ez-toc-section\" id=\"Fonctionnalites_de_base_standard\"><\/span><span style=\"font-size: 22px;\">Fonctionnalit\u00e9s de base (standard)<\/span><span class=\"ez-toc-section-end\"><\/span><\/h2>\n<ul>\n<li><strong>Produit<\/strong> : Vanne \u00e0 huile chaude proportionnelle pneumatique \u00e0 3 voies (avec ajout de soufflet m\u00e9tallique)<\/li>\n<li><strong>Dimensions<\/strong> : DN15 \/ DN20 \/ DN25 \/ DN32 \/ DN40 \/ DN50 \/ DN65 \/ DN80 \/ DN100<\/li>\n<li><strong>Domaine d&rsquo;utilisation<\/strong> : Conduites de vapeur et d&rsquo;huile chaude sous pression<\/li>\n<li><strong>Norme de Connexion : Connexion \u00e0 Bride (DIN1092-2)<\/strong><\/li>\n<li><strong>Classe de pression<\/strong> : PN25<\/li>\n<li><strong>Position de s\u00e9curit\u00e9<\/strong> : Fonction<\/li>\n<li><strong>Classe d&rsquo;\u00e9tanch\u00e9it\u00e9<\/strong> : CLASSE IV m\u00e9tal sur m\u00e9tal<\/li>\n<li><strong>Max. Temp\u00e9rature de Fonctionnement : <\/strong> 350 \u00b0C<\/li>\n<li><strong>\u00c9tanch\u00e9it\u00e9 du col<\/strong> : Avec soufflet m\u00e9tallique<\/li>\n<li><strong>Caract\u00e9ristique<\/strong> : Pourcentage \u00e9gal &#8211; Proportionnel<\/li>\n<li><strong>Pression du signal (Bar)<\/strong>: (0.2-1), (0.4-2), (0.6-3), (1.4-2.3)<\/li>\n<li><strong>Pression d&rsquo;air d&rsquo;alimentation (Bar):<\/strong> (1.8), (2.6), (3.5), (2.8)<\/li>\n<li><strong>Unit\u00e9 d&rsquo;entra\u00eenement (cm2):<\/strong> (240), (350), (700)<\/li>\n<\/ul>\n<p><strong>Positionneur non inclus.<\/strong><\/p>\n<h2><span class=\"ez-toc-section\" id=\"Proprietes_materielles\"><\/span><span style=\"font-size: 22px;\">Propri\u00e9t\u00e9s mat\u00e9rielles<\/span><span class=\"ez-toc-section-end\"><\/span><\/h2>\n<ul>\n<li><strong>Corps<\/strong> : GGG &#8211; 40.3 Fonte Ductile<\/li>\n<li><strong>Couverture<\/strong> : GGG &#8211; 40,3 Fonte Ductile<\/li>\n<li><strong>Connecteur de cou<\/strong> : ST44- 3 (S275J0)<\/li>\n<li><strong>Si\u00e8ge<\/strong> : Acier Inoxydable 1.4571 (AISI316)<\/li>\n<\/ul>\n<h3><span class=\"ez-toc-section\" id=\"Accessoires\"><\/span><span style=\"font-size: 20px;\">Accessoires<\/span><span class=\"ez-toc-section-end\"><\/span><\/h3>\n<p><em>Demandez l&rsquo;ajout d&rsquo;un bo\u00eetier d&rsquo;interrupteur de fin de course.<\/em><\/p>\n<p><em>Demandez le contr\u00f4le manuel.<\/em><\/p>\n<p><em>Le mat\u00e9riau du corps DN100, DN125, DN150 est en fonte PN16.<\/em><\/p>\n<p><em>Veuillez nous consulter pour des mat\u00e9riaux de carrosserie diff\u00e9rents.<\/em><\/p>\n","protected":false},"excerpt":{"rendered":"<p><a href=\"https:\/\/unox.com.tr\/wp-content\/uploads\/2023\/01\/3-Yollu-Pnomatik-Oransal-Kizgin-Yag-Vanasi-33614.pdf\" target=\"_blank\" rel=\"noopener\"><button style=\"background-color: #11224b; color: #ffffff; padding: 10px 15px; font-family: montserrat; font-weight: bold; font-size: 19px; border-radius: 10px;\"><img decoding=\"async\" style=\"width: 25px; height: 25px;\" src=\"https:\/\/unox.com.tr\/wp-content\/uploads\/2023\/02\/pdf-1.png\">CATALOGUE DES PRODUITS<\/button><\/a><\/p>\n<p><button style=\"background-color: #11224b; margin-top: 5px; color: white; padding: 0px 15px; width: 150px; height: 55px; border-radius: 10px; border: none; cursor: pointer;\"><br \/>\n<img decoding=\"async\" style=\"width: 120px; height: 30px;\" src=\"https:\/\/unox.com.tr\/wp-content\/uploads\/2023\/02\/4-1.svg\"><\/button><\/p>\n","protected":false},"featured_media":34096,"comment_status":"closed","ping_status":"closed","template":"","meta":[],"product_brand":[],"product_cat":[1657,1071,1075],"product_tag":[],"class_list":{"0":"post-55252","1":"product","2":"type-product","3":"status-publish","4":"has-post-thumbnail","6":"product_cat-vanne-dhuile-chaude","7":"product_cat-vannes-de-controle","8":"product_cat-vannes-de-controle-proportionnelles-pneumatiques","10":"first","11":"instock","12":"shipping-taxable","13":"product-type-simple"},"_links":{"self":[{"href":"https:\/\/unox.com.tr\/fr\/wp-json\/wp\/v2\/product\/55252","targetHints":{"allow":["GET"]}}],"collection":[{"href":"https:\/\/unox.com.tr\/fr\/wp-json\/wp\/v2\/product"}],"about":[{"href":"https:\/\/unox.com.tr\/fr\/wp-json\/wp\/v2\/types\/product"}],"replies":[{"embeddable":true,"href":"https:\/\/unox.com.tr\/fr\/wp-json\/wp\/v2\/comments?post=55252"}],"version-history":[{"count":0,"href":"https:\/\/unox.com.tr\/fr\/wp-json\/wp\/v2\/product\/55252\/revisions"}],"wp:featuredmedia":[{"embeddable":true,"href":"https:\/\/unox.com.tr\/fr\/wp-json\/wp\/v2\/media\/34096"}],"wp:attachment":[{"href":"https:\/\/unox.com.tr\/fr\/wp-json\/wp\/v2\/media?parent=55252"}],"wp:term":[{"taxonomy":"product_brand","embeddable":true,"href":"https:\/\/unox.com.tr\/fr\/wp-json\/wp\/v2\/product_brand?post=55252"},{"taxonomy":"product_cat","embeddable":true,"href":"https:\/\/unox.com.tr\/fr\/wp-json\/wp\/v2\/product_cat?post=55252"},{"taxonomy":"product_tag","embeddable":true,"href":"https:\/\/unox.com.tr\/fr\/wp-json\/wp\/v2\/product_tag?post=55252"}],"curies":[{"name":"wp","href":"https:\/\/api.w.org\/{rel}","templated":true}]}}