{"id":55254,"date":"2020-09-29T07:36:03","date_gmt":"2020-09-29T04:36:03","guid":{"rendered":"https:\/\/unox.com.tr\/urun\/vanne-dhuile-chaude-tout-ou-rien-pneumatique-a-2-voies-33612\/"},"modified":"2020-09-29T07:36:03","modified_gmt":"2020-09-29T04:36:03","slug":"vanne-dhuile-chaude-tout-ou-rien-pneumatique-a-2-voies-33612","status":"publish","type":"product","link":"https:\/\/unox.com.tr\/fr\/vanne-dhuile-chaude-tout-ou-rien-pneumatique-a-2-voies-33612\/","title":{"rendered":"Vanne d&rsquo;Huile Chaude Tout ou Rien Pneumatique \u00e0 2 Voies &#8211; 33612"},"content":{"rendered":"<div id=\"ez-toc-container\" class=\"ez-toc-v2_0_82_2 counter-hierarchy ez-toc-counter ez-toc-grey ez-toc-container-direction\">\n<div class=\"ez-toc-title-container\">\n<p class=\"ez-toc-title\" style=\"cursor:inherit\">Sayfa \u0130\u00e7eri\u011fi<\/p>\n<span class=\"ez-toc-title-toggle\"><a href=\"#\" class=\"ez-toc-pull-right ez-toc-btn ez-toc-btn-xs ez-toc-btn-default ez-toc-toggle\" aria-label=\"Toggle Table of Content\"><span class=\"ez-toc-js-icon-con\"><span class=\"\"><span class=\"eztoc-hide\" style=\"display:none;\">Toggle<\/span><span class=\"ez-toc-icon-toggle-span\"><svg style=\"fill: #999;color:#999\" xmlns=\"http:\/\/www.w3.org\/2000\/svg\" class=\"list-377408\" width=\"20px\" height=\"20px\" viewBox=\"0 0 24 24\" fill=\"none\"><path d=\"M6 6H4v2h2V6zm14 0H8v2h12V6zM4 11h2v2H4v-2zm16 0H8v2h12v-2zM4 16h2v2H4v-2zm16 0H8v2h12v-2z\" fill=\"currentColor\"><\/path><\/svg><svg style=\"fill: #999;color:#999\" class=\"arrow-unsorted-368013\" xmlns=\"http:\/\/www.w3.org\/2000\/svg\" width=\"10px\" height=\"10px\" viewBox=\"0 0 24 24\" version=\"1.2\" baseProfile=\"tiny\"><path d=\"M18.2 9.3l-6.2-6.3-6.2 6.3c-.2.2-.3.4-.3.7s.1.5.3.7c.2.2.4.3.7.3h11c.3 0 .5-.1.7-.3.2-.2.3-.5.3-.7s-.1-.5-.3-.7zM5.8 14.7l6.2 6.3 6.2-6.3c.2-.2.3-.5.3-.7s-.1-.5-.3-.7c-.2-.2-.4-.3-.7-.3h-11c-.3 0-.5.1-.7.3-.2.2-.3.5-.3.7s.1.5.3.7z\"\/><\/svg><\/span><\/span><\/span><\/a><\/span><\/div>\n<nav><ul class='ez-toc-list ez-toc-list-level-1 ' ><li class='ez-toc-page-1 ez-toc-heading-level-2'><a class=\"ez-toc-link ez-toc-heading-1\" href=\"https:\/\/unox.com.tr\/fr\/vanne-dhuile-chaude-tout-ou-rien-pneumatique-a-2-voies-33612\/#Quest-ce_quune_vanne_dhuile_chaude_pneumatique_marche-arret_a_2_voies\" >Qu&rsquo;est-ce qu&rsquo;une vanne d&rsquo;huile chaude pneumatique marche-arr\u00eat \u00e0 2 voies ?<\/a><\/li><li class='ez-toc-page-1 ez-toc-heading-level-2'><a class=\"ez-toc-link ez-toc-heading-2\" href=\"https:\/\/unox.com.tr\/fr\/vanne-dhuile-chaude-tout-ou-rien-pneumatique-a-2-voies-33612\/#Quest-ce_quune_vanne_de_regulation\" >Qu&rsquo;est-ce qu&rsquo;une vanne de r\u00e9gulation ?<\/a><\/li><li class='ez-toc-page-1 ez-toc-heading-level-2'><a class=\"ez-toc-link ez-toc-heading-3\" href=\"https:\/\/unox.com.tr\/fr\/vanne-dhuile-chaude-tout-ou-rien-pneumatique-a-2-voies-33612\/#Quest-ce_que_le_principe_de_fonctionnement_marche-arret\" >Qu&rsquo;est-ce que le principe de fonctionnement marche-arr\u00eat ?<\/a><\/li><li class='ez-toc-page-1 ez-toc-heading-level-2'><a class=\"ez-toc-link ez-toc-heading-4\" href=\"https:\/\/unox.com.tr\/fr\/vanne-dhuile-chaude-tout-ou-rien-pneumatique-a-2-voies-33612\/#Caracteristiques_Generales\" >Caract\u00e9ristiques G\u00e9n\u00e9rales<\/a><\/li><li class='ez-toc-page-1 ez-toc-heading-level-2'><a class=\"ez-toc-link ez-toc-heading-5\" href=\"https:\/\/unox.com.tr\/fr\/vanne-dhuile-chaude-tout-ou-rien-pneumatique-a-2-voies-33612\/#Proprietes_materielles\" >Propri\u00e9t\u00e9s mat\u00e9rielles<\/a><\/li><\/ul><\/nav><\/div>\n<h2><span class=\"ez-toc-section\" id=\"Quest-ce_quune_vanne_dhuile_chaude_pneumatique_marche-arret_a_2_voies\"><\/span><span style=\"font-size: 22px;\">Qu&rsquo;est-ce qu&rsquo;une vanne d&rsquo;huile chaude pneumatique marche-arr\u00eat \u00e0 2 voies ?<\/span><span class=\"ez-toc-section-end\"><\/span><\/h2>\n<p>La vanne d&rsquo;huile chaude tout ou rien pneumatique \u00e0 2 voies est un type de vanne con\u00e7ue pour contr\u00f4ler le d\u00e9bit d&rsquo;huile chaude ou d&rsquo;autres liquides chauds. Ces vannes sont g\u00e9n\u00e9ralement utilis\u00e9es dans des environnements industriels ou commerciaux o\u00f9 des temp\u00e9ratures et des pressions \u00e9lev\u00e9es sont impliqu\u00e9es, telles que des usines de traitement ou des centrales \u00e9lectriques. La vanne d&rsquo;huile chaude peut \u00eatre utilis\u00e9e dans une vari\u00e9t\u00e9 d&rsquo;applications, y compris le chauffage, le refroidissement, la lubrification et le contr\u00f4le de la temp\u00e9rature. En g\u00e9n\u00e9ral, ils sont constitu\u00e9s de mat\u00e9riaux r\u00e9sistants aux temp\u00e9ratures \u00e9lev\u00e9es et pouvant supporter les effets corrosifs des huiles chaudes.<\/p>\n<h2><span class=\"ez-toc-section\" id=\"Quest-ce_quune_vanne_de_regulation\"><\/span><span style=\"font-size: 22px;\">Qu&rsquo;est-ce qu&rsquo;une vanne de r\u00e9gulation ?<\/span><span class=\"ez-toc-section-end\"><\/span><\/h2>\n<p>Soupape de commande; Vanne utilis\u00e9e pour contr\u00f4ler le fluide en modifiant la taille du passage d&rsquo;\u00e9coulement selon les instructions d&rsquo;un signal provenant d&rsquo;un contr\u00f4leur. Les vannes de r\u00e9gulation assurent le contr\u00f4le de la pression, de la temp\u00e9rature, du d\u00e9bit et du niveau dans tous les processus o\u00f9 du fluide est pr\u00e9sent. Les vannes de r\u00e9gulation sont utilis\u00e9es pour l&rsquo;eau froide, l&rsquo;eau chaude, la vapeur, l&rsquo;eau surchauff\u00e9e, la vapeur et le gaz, etc. produits par la consommation d&rsquo;\u00e9nergie dans les entreprises. Il garantit que les fluides peuvent \u00eatre transport\u00e9s et contr\u00f4l\u00e9s sans aucune perte.<\/p>\n<h2><span class=\"ez-toc-section\" id=\"Quest-ce_que_le_principe_de_fonctionnement_marche-arret\"><\/span><span style=\"font-size: 22px;\">Qu&rsquo;est-ce que le principe de fonctionnement marche-arr\u00eat ?<\/span><span class=\"ez-toc-section-end\"><\/span><\/h2>\n<p>Le principe de fonctionnement On-Off fait r\u00e9f\u00e9rence \u00e0 un syst\u00e8me de contr\u00f4le dans lequel un appareil ou un syst\u00e8me est compl\u00e8tement ouvert ou compl\u00e8tement ferm\u00e9 sans \u00e9tats interm\u00e9diaires. Ce type de contr\u00f4le est souvent utilis\u00e9 dans des syst\u00e8mes simples o\u00f9 il est n\u00e9cessaire d&rsquo;allumer ou d&rsquo;\u00e9teindre un appareil ou un syst\u00e8me en fonction d&rsquo;une condition ou d&rsquo;une entr\u00e9e particuli\u00e8re.<\/p>\n<p>Un exemple du principe de fonctionnement On-Off est un thermostat qui contr\u00f4le le syst\u00e8me de chauffage ou de refroidissement. Lorsque le thermostat est r\u00e9gl\u00e9 sur une certaine temp\u00e9rature, il allume ou \u00e9teint le syst\u00e8me selon les besoins pour maintenir cette temp\u00e9rature. Si la temp\u00e9rature dans la pi\u00e8ce tombe en dessous du point de consigne, le syst\u00e8me de chauffage est allum\u00e9, si la temp\u00e9rature d\u00e9passe le point de consigne, le syst\u00e8me de chauffage est \u00e9teint.<\/p>\n<p>Le principe de fonctionnement On-Off est souvent utilis\u00e9 dans les syst\u00e8mes de contr\u00f4le simples, car il est relativement facile \u00e0 mettre en \u0153uvre et \u00e0 comprendre. Cependant, il peut \u00eatre moins sensible que d&rsquo;autres m\u00e9thodes de contr\u00f4le, car il ne permet pas de r\u00e9glage fin ou d&rsquo;\u00e9tats interm\u00e9diaires.<\/p>\n<h2><span class=\"ez-toc-section\" id=\"Caracteristiques_Generales\"><\/span><span style=\"font-size: 22px;\">Caract\u00e9ristiques G\u00e9n\u00e9rales<\/span><span class=\"ez-toc-section-end\"><\/span><\/h2>\n<ul>\n<li><strong>Produit<\/strong> : Vanne d&rsquo;huile chaude pneumatique marche-arr\u00eat \u00e0 2 voies (avec ajout de soufflet m\u00e9tallique)<\/li>\n<li><strong>Dimensions<\/strong> : DN15 \/ DN20 \/ DN25 \/ DN32 \/ DN40 \/ DN50 \/ DN65 \/ DN80 \/ DN100<\/li>\n<li><strong>Domaine d&rsquo;utilisation<\/strong> : Conduites de vapeur et d&rsquo;huile chaude sous pression<\/li>\n<li><strong>Norme de Connexion : Connexion \u00e0 Bride (DIN1092-2)<\/strong><\/li>\n<li><strong>Classe de pression<\/strong> : PN25<\/li>\n<li><strong>Position de s\u00e9curit\u00e9<\/strong> : Normalement ferm\u00e9 &#8211; Normalement ouvert<\/li>\n<li><strong>Classe d&rsquo;\u00e9tanch\u00e9it\u00e9<\/strong> : CLASSE IV m\u00e9tal sur m\u00e9tal<\/li>\n<li><strong>Max. Temp\u00e9rature de Fonctionnement : <\/strong> 350 \u00b0C<\/li>\n<li><strong>\u00c9tanch\u00e9it\u00e9 du col<\/strong> : Avec soufflet m\u00e9tallique V-Pack<\/li>\n<li><strong>Caract\u00e9ristique<\/strong> : Marche &#8211; Arr\u00eat<\/li>\n<\/ul>\n<h2><span class=\"ez-toc-section\" id=\"Proprietes_materielles\"><\/span><span style=\"font-size: 22px;\">Propri\u00e9t\u00e9s mat\u00e9rielles<\/span><span class=\"ez-toc-section-end\"><\/span><\/h2>\n<ul>\n<li><strong>Corps<\/strong> : GGG &#8211; 40.3 Fonte Ductile<\/li>\n<li><strong>Couverture<\/strong> : GGG &#8211; 40,3 Fonte Ductile<\/li>\n<li><strong>Connecteur de cou<\/strong> : ST44- 3 (S275J0)<\/li>\n<li><strong>Si\u00e8ge<\/strong> : Acier Inoxydable 1.4571 (AISI316)<\/li>\n<\/ul>\n<p><strong>Accessoires<\/strong><\/p>\n<p><em>Demandez l&rsquo;ajout d&rsquo;un bo\u00eetier d&rsquo;interrupteur de fin de course.<\/em><\/p>\n<p><em>Demandez le contr\u00f4le manuel.<\/em><\/p>\n<p><em>Le mat\u00e9riau du corps DN100, DN125, DN150 est en fonte PN16.<\/em><\/p>\n<p><em>Veuillez nous consulter pour des mat\u00e9riaux de carrosserie diff\u00e9rents.<\/em><\/p>\n","protected":false},"excerpt":{"rendered":"<p><a href=\"https:\/\/unox.com.tr\/wp-content\/uploads\/2023\/01\/2-Yollu-Pnomatik-On-Off-Kizgin-Yag-Vanasi-33612.pdf\" target=\"_blank\" rel=\"noopener\"><button style=\"background-color: #11224b; color: #ffffff; padding: 10px 15px; font-family: montserrat; font-weight: bold; font-size: 19px; border-radius: 10px;\"><img decoding=\"async\" style=\"width: 25px; height: 25px;\" src=\"https:\/\/unox.com.tr\/wp-content\/uploads\/2023\/02\/pdf-1.png\">CATALOGUE DES PRODUITS<\/button><\/a><\/p>\n<p><button style=\"background-color: #11224b; margin-top: 5px; color: white; padding: 0px 15px; width: 150px; height: 55px; border-radius: 10px; border: none; cursor: pointer;\"><br \/>\n<img decoding=\"async\" style=\"width: 120px; height: 30px;\" src=\"https:\/\/unox.com.tr\/wp-content\/uploads\/2023\/02\/4-1.svg\"><\/button><\/p>\n","protected":false},"featured_media":33956,"comment_status":"open","ping_status":"closed","template":"","meta":{"_joinchat":[]},"product_brand":[],"product_cat":[1657,1071,1074],"product_tag":[],"class_list":{"0":"post-55254","1":"product","2":"type-product","3":"status-publish","4":"has-post-thumbnail","6":"product_cat-vanne-dhuile-chaude","7":"product_cat-vannes-de-controle","8":"product_cat-vannes-de-controle-pneumatiques-marche-arret","10":"first","11":"instock","12":"shipping-taxable","13":"product-type-simple"},"_links":{"self":[{"href":"https:\/\/unox.com.tr\/fr\/wp-json\/wp\/v2\/product\/55254","targetHints":{"allow":["GET"]}}],"collection":[{"href":"https:\/\/unox.com.tr\/fr\/wp-json\/wp\/v2\/product"}],"about":[{"href":"https:\/\/unox.com.tr\/fr\/wp-json\/wp\/v2\/types\/product"}],"replies":[{"embeddable":true,"href":"https:\/\/unox.com.tr\/fr\/wp-json\/wp\/v2\/comments?post=55254"}],"version-history":[{"count":0,"href":"https:\/\/unox.com.tr\/fr\/wp-json\/wp\/v2\/product\/55254\/revisions"}],"wp:featuredmedia":[{"embeddable":true,"href":"https:\/\/unox.com.tr\/fr\/wp-json\/wp\/v2\/media\/33956"}],"wp:attachment":[{"href":"https:\/\/unox.com.tr\/fr\/wp-json\/wp\/v2\/media?parent=55254"}],"wp:term":[{"taxonomy":"product_brand","embeddable":true,"href":"https:\/\/unox.com.tr\/fr\/wp-json\/wp\/v2\/product_brand?post=55254"},{"taxonomy":"product_cat","embeddable":true,"href":"https:\/\/unox.com.tr\/fr\/wp-json\/wp\/v2\/product_cat?post=55254"},{"taxonomy":"product_tag","embeddable":true,"href":"https:\/\/unox.com.tr\/fr\/wp-json\/wp\/v2\/product_tag?post=55254"}],"curies":[{"name":"wp","href":"https:\/\/api.w.org\/{rel}","templated":true}]}}