{"id":55257,"date":"2020-09-28T13:29:52","date_gmt":"2020-09-28T10:29:52","guid":{"rendered":"https:\/\/unox.com.tr\/urun\/vanne-papillon-u-pvc-a-actionnement-pneumatique-simple-effet\/"},"modified":"2020-09-28T13:29:52","modified_gmt":"2020-09-28T10:29:52","slug":"vanne-papillon-u-pvc-a-actionnement-pneumatique-simple-effet","status":"publish","type":"product","link":"https:\/\/unox.com.tr\/fr\/vanne-papillon-u-pvc-a-actionnement-pneumatique-simple-effet\/","title":{"rendered":"Vanne Papillon U-PVC \u00e0 Actionnement Pneumatique &#8211; Simple Effet"},"content":{"rendered":"<h2><span style=\"font-size: 22px;\">Qu&rsquo;est-ce qu&rsquo;une vanne papillon U-PVC \u00e0 commande pneumatique ?<\/span><\/h2>\n<p>La vanne papillon U-PVC est un type de vanne papillon en polychlorure de vinyle non plastifi\u00e9 (U-PVC). Les vannes papillon sont des vannes utilis\u00e9es pour ouvrir et fermer un fluide dans un tube ou un tuyau. Les vannes papillon U-PVC sont g\u00e9n\u00e9ralement utilis\u00e9es dans la plomberie ou les canalisations. Ces types de vannes sont pr\u00e9f\u00e9r\u00e9s car ils sont l\u00e9gers et peuvent \u00eatre facilement install\u00e9s. De plus, \u00e9tant donn\u00e9 que le mat\u00e9riau U-PVC est r\u00e9sistant \u00e0 la corrosion, ces vannes devraient avoir une longue dur\u00e9e de vie.<\/p>\n<h2><span class=\"ez-toc-section\" id=\"Comment_fonctionne_la_vanne_papillon\"><\/span><span style=\"font-size: 22px;\">Comment fonctionne la vanne papillon ?<\/span><span class=\"ez-toc-section-end\"><\/span><\/h2>\n<p>Le principe de fonctionnement des vannes papillon est d&rsquo;ouvrir et de fermer une vanne en forme de papillon. Cette vanne s&rsquo;ouvre ou se ferme en tournant \u00e0 l&rsquo;aide d&rsquo;un levier ou d&rsquo;un manchon. Les vannes papillon, gr\u00e2ce \u00e0 leurs clapets semi-circulaires, assurent de faibles pertes et passent sans r\u00e9duire la vitesse du fluide.<\/p>\n<h2><span class=\"ez-toc-section\" id=\"Ou_la_vanne_papillon_U-PVC_est-elle_utilisee\"><\/span><span style=\"font-size: 22px;\">O\u00f9 la vanne papillon U-PVC est-elle utilis\u00e9e ?<\/span><span class=\"ez-toc-section-end\"><\/span><\/h2>\n<ul>\n<li>Il est souvent utilis\u00e9 dans les stations d&rsquo;\u00e9puration pour contr\u00f4ler le d\u00e9bit d&rsquo;eau lors de diverses \u00e9tapes de traitement telles que la filtration et la d\u00e9sinfection.<\/li>\n<li>Les vannes papillon U-PVC r\u00e9sistent \u00e0 de nombreux produits chimiques, ce qui en fait un bon choix pour une utilisation dans les usines de traitement chimique o\u00f9 des mat\u00e9riaux corrosifs sont pr\u00e9sents.<\/li>\n<li>Il est utilis\u00e9 dans l&rsquo;industrie alimentaire et des boissons pour contr\u00f4ler le d\u00e9bit de liquides et de gaz tels que l&rsquo;air ou la vapeur dans les canalisations.<\/li>\n<li>Il est utilis\u00e9 pour contr\u00f4ler le d\u00e9bit d&rsquo;air dans les conduits et les \u00e9vents des syst\u00e8mes de chauffage, de ventilation et de climatisation (CVC).<\/li>\n<li>Il est utilis\u00e9 dans les syst\u00e8mes d&rsquo;irrigation agricole pour contr\u00f4ler le d\u00e9bit d&rsquo;eau vers les champs et les cultures.<\/li>\n<li>Il est utilis\u00e9 pour contr\u00f4ler le d\u00e9bit d&rsquo;eau dans les tuyaux et les raccords des syst\u00e8mes de plomberie.<\/li>\n<li>Il est \u00e9galement utilis\u00e9 dans diverses autres applications industrielles telles que la production de p\u00e9trole et de gaz, la production pharmaceutique et les centrales \u00e9lectriques.<\/li>\n<\/ul>\n<p><strong>Les caract\u00e9ristiques g\u00e9n\u00e9rales du poly\u00e9thyl\u00e8ne sont les suivantes :<\/strong><\/p>\n<ul>\n<li>C&rsquo;est solide<\/li>\n<li>R\u00e9sistant aux acides, bases et solvants<\/li>\n<li>Les propri\u00e9t\u00e9s di\u00e9lectriques sont sup\u00e9rieures<\/li>\n<li>Il est r\u00e9sistant aux conditions environnementales.<\/li>\n<\/ul>\n<p>Des actionneurs variant entre 9 nm et 400 nm de forces selon les diam\u00e8tres de raccordement, ainsi que des bo\u00eetiers de commutation et des vannes directionnelles sont utilis\u00e9s comme \u00e9l\u00e9ments auxiliaires optionnels.<\/p>\n<p><strong>Nos actionneurs pneumatiques, informations de force et applications de vannes selon leurs codes sont les suivants :<\/strong><\/p>\n<ul>\n<li><strong>UDA 040 =<\/strong> 9 nm<\/li>\n<li><strong>UDA 052 =<\/strong>25 nm<\/li>\n<li><strong>UDA 063 =<\/strong>50 nm<\/li>\n<li><strong>UDA 083 =<\/strong>94 nm<\/li>\n<li><strong>UDA 092 =<\/strong> 135 nm<\/li>\n<li><strong>UDA 105 =<\/strong> 270 nm<\/li>\n<li><strong>UDA 125 =<\/strong> 400 nm<\/li>\n<\/ul>\n<h3><span class=\"ez-toc-section\" id=\"Il_est_controle_de_deux_manieres\"><\/span><span style=\"font-size: 20px;\">Il est contr\u00f4l\u00e9 de deux mani\u00e8res :<\/span><span class=\"ez-toc-section-end\"><\/span><\/h3>\n<ol>\n<li>Contr\u00f4le marche-arr\u00eat<\/li>\n<li>Contr\u00f4le proportionnel.<\/li>\n<\/ol>\n<h3><span class=\"ez-toc-section\" id=\"Construction\"><\/span><span style=\"font-size: 20px;\">Construction<\/span><span class=\"ez-toc-section-end\"><\/span><\/h3>\n<ul>\n<li>Extrusion d&rsquo;aluminium, r\u00e9sistant \u00e0 la corrosion interne et externe, longue dur\u00e9e de vie et surface de cylindre obtenue avec une technique de traitement tr\u00e8s sensible pour un faible coefficient de frottement<\/li>\n<li> Position de montage sym\u00e9trique et facile ; pistons compacts en alliage d&rsquo;aluminium sp\u00e9cial, qui permettent un fonctionnement rapide et permettent en m\u00eame temps aux pistons de travailler dans le sens oppos\u00e9 en les rempla\u00e7ant simplement.<\/li>\n<li> Un pignon en acier de haute qualit\u00e9 sym\u00e9trique et r\u00e9sistant \u00e0 la corrosion qui permet un montage \u00e0 des angles de 45\u00b0 \u00e0 90\u00b0 si d\u00e9sir\u00e9 et fonctionne \u00e9galement en harmonie avec la course du piston dans chaque montage d&rsquo;angle.<\/li>\n<li>\u00c9l\u00e9ments de roulement en plastique dur industriel, qui permettent l&rsquo;ouverture et la fermeture dans les plus brefs d\u00e9lais, faible coefficient de frottement, minimisant l&rsquo;usure des surfaces de frottement.<\/li>\n<li> Engrenages de module ouverts dans des machines de pr\u00e9cision avec une technique de processus sp\u00e9ciale qui fonctionnera silencieusement, harmonieusement, avec une efficacit\u00e9 maximale pour le piston et le pignon.<\/li>\n<li> Fixations en acier inoxydable r\u00e9sistantes \u00e0 la corrosion \u00e0 long terme.<\/li>\n<\/ul>\n<p>&nbsp;<\/p>\n<p><span style=\"font-size: 14px;\"><em>Vous pouvez cliquer sur les types de <a href=\"\/?product_cat=pnomatik-vanalar\">vannes pneumatiques.<\/a><\/em><\/span><\/p>\n","protected":false},"excerpt":{"rendered":"<p><a href=\"https:\/\/unox.com.tr\/wp-content\/uploads\/2022\/12\/PNOMATIK-AKTUATORLU-U-PVC-KELEBEK-VANA-TEK-ETKILI.pdf\" target=\"_blank\" rel=\"noopener\"><button style=\"background-color: #11224b; color: #ffffff; padding: 10px 15px; font-family: montserrat; font-weight: bold; font-size: 19px; border-radius: 10px;\"><img decoding=\"async\" style=\"width: 25px; height: 25px;\" src=\"https:\/\/unox.com.tr\/wp-content\/uploads\/2023\/02\/pdf-1.png\">CATALOGUE DES PRODUITS<\/button><\/a><\/p>\n<p><button style=\"background-color: #11224b; margin-top: 5px; color: white; padding: 0px 15px; width: 150px; height: 55px; border-radius: 10px; border: none; cursor: pointer;\"><br \/>\n<img decoding=\"async\" style=\"width: 120px; height: 30px;\" src=\"https:\/\/unox.com.tr\/wp-content\/uploads\/2023\/02\/4-1.svg\"><\/button><\/p>\n","protected":false},"featured_media":33731,"comment_status":"open","ping_status":"closed","template":"","meta":[],"product_brand":[],"product_cat":[1120,1121,1106],"product_tag":[],"class_list":{"0":"post-55257","1":"product","2":"type-product","3":"status-publish","4":"has-post-thumbnail","6":"product_cat-vannes-a-actionnement-pneumatique","7":"product_cat-vannes-actionnees","8":"product_cat-vannes-pneumatiques","10":"first","11":"instock","12":"shipping-taxable","13":"product-type-simple"},"_links":{"self":[{"href":"https:\/\/unox.com.tr\/fr\/wp-json\/wp\/v2\/product\/55257","targetHints":{"allow":["GET"]}}],"collection":[{"href":"https:\/\/unox.com.tr\/fr\/wp-json\/wp\/v2\/product"}],"about":[{"href":"https:\/\/unox.com.tr\/fr\/wp-json\/wp\/v2\/types\/product"}],"replies":[{"embeddable":true,"href":"https:\/\/unox.com.tr\/fr\/wp-json\/wp\/v2\/comments?post=55257"}],"version-history":[{"count":0,"href":"https:\/\/unox.com.tr\/fr\/wp-json\/wp\/v2\/product\/55257\/revisions"}],"wp:featuredmedia":[{"embeddable":true,"href":"https:\/\/unox.com.tr\/fr\/wp-json\/wp\/v2\/media\/33731"}],"wp:attachment":[{"href":"https:\/\/unox.com.tr\/fr\/wp-json\/wp\/v2\/media?parent=55257"}],"wp:term":[{"taxonomy":"product_brand","embeddable":true,"href":"https:\/\/unox.com.tr\/fr\/wp-json\/wp\/v2\/product_brand?post=55257"},{"taxonomy":"product_cat","embeddable":true,"href":"https:\/\/unox.com.tr\/fr\/wp-json\/wp\/v2\/product_cat?post=55257"},{"taxonomy":"product_tag","embeddable":true,"href":"https:\/\/unox.com.tr\/fr\/wp-json\/wp\/v2\/product_tag?post=55257"}],"curies":[{"name":"wp","href":"https:\/\/api.w.org\/{rel}","templated":true}]}}