{"id":55258,"date":"2020-09-18T07:20:23","date_gmt":"2020-09-18T07:20:23","guid":{"rendered":"https:\/\/unox.com.tr\/urun\/crepine-en-acier-inoxydable-de-type-y\/"},"modified":"2020-09-18T07:20:23","modified_gmt":"2020-09-18T04:20:23","slug":"crepine-en-acier-inoxydable-de-type-y","status":"publish","type":"product","link":"https:\/\/unox.com.tr\/fr\/crepine-en-acier-inoxydable-de-type-y\/","title":{"rendered":"Cr\u00e9pine en Acier Inoxydable de Type Y"},"content":{"rendered":"<div id=\"ez-toc-container\" class=\"ez-toc-v2_0_82_2 counter-hierarchy ez-toc-counter ez-toc-grey ez-toc-container-direction\">\n<div class=\"ez-toc-title-container\">\n<p class=\"ez-toc-title\" style=\"cursor:inherit\">Sayfa \u0130\u00e7eri\u011fi<\/p>\n<span class=\"ez-toc-title-toggle\"><a href=\"#\" class=\"ez-toc-pull-right ez-toc-btn ez-toc-btn-xs ez-toc-btn-default ez-toc-toggle\" aria-label=\"Toggle Table of Content\"><span class=\"ez-toc-js-icon-con\"><span class=\"\"><span class=\"eztoc-hide\" style=\"display:none;\">Toggle<\/span><span class=\"ez-toc-icon-toggle-span\"><svg style=\"fill: #999;color:#999\" xmlns=\"http:\/\/www.w3.org\/2000\/svg\" class=\"list-377408\" width=\"20px\" height=\"20px\" viewBox=\"0 0 24 24\" fill=\"none\"><path d=\"M6 6H4v2h2V6zm14 0H8v2h12V6zM4 11h2v2H4v-2zm16 0H8v2h12v-2zM4 16h2v2H4v-2zm16 0H8v2h12v-2z\" fill=\"currentColor\"><\/path><\/svg><svg style=\"fill: #999;color:#999\" class=\"arrow-unsorted-368013\" xmlns=\"http:\/\/www.w3.org\/2000\/svg\" width=\"10px\" height=\"10px\" viewBox=\"0 0 24 24\" version=\"1.2\" baseProfile=\"tiny\"><path d=\"M18.2 9.3l-6.2-6.3-6.2 6.3c-.2.2-.3.4-.3.7s.1.5.3.7c.2.2.4.3.7.3h11c.3 0 .5-.1.7-.3.2-.2.3-.5.3-.7s-.1-.5-.3-.7zM5.8 14.7l6.2 6.3 6.2-6.3c.2-.2.3-.5.3-.7s-.1-.5-.3-.7c-.2-.2-.4-.3-.7-.3h-11c-.3 0-.5.1-.7.3-.2.2-.3.5-.3.7s.1.5.3.7z\"\/><\/svg><\/span><\/span><\/span><\/a><\/span><\/div>\n<nav><ul class='ez-toc-list ez-toc-list-level-1 ' ><li class='ez-toc-page-1 ez-toc-heading-level-2'><a class=\"ez-toc-link ez-toc-heading-1\" href=\"https:\/\/unox.com.tr\/fr\/crepine-en-acier-inoxydable-de-type-y\/#Quest-ce_quune_passoire_en_acier_inoxydable\" >Qu&rsquo;est-ce qu&rsquo;une passoire en acier inoxydable ?<\/a><\/li><li class='ez-toc-page-1 ez-toc-heading-level-2'><a class=\"ez-toc-link ez-toc-heading-2\" href=\"https:\/\/unox.com.tr\/fr\/crepine-en-acier-inoxydable-de-type-y\/#Ou_la_crepine_est-elle_utilisee\" >O\u00f9 la cr\u00e9pine est-elle utilis\u00e9e ?<\/a><\/li><li class='ez-toc-page-1 ez-toc-heading-level-2'><a class=\"ez-toc-link ez-toc-heading-3\" href=\"https:\/\/unox.com.tr\/fr\/crepine-en-acier-inoxydable-de-type-y\/#Caracteristiques_du_produit\" >Caract\u00e9ristiques du produit<\/a><\/li><li class='ez-toc-page-1 ez-toc-heading-level-2'><a class=\"ez-toc-link ez-toc-heading-4\" href=\"https:\/\/unox.com.tr\/fr\/crepine-en-acier-inoxydable-de-type-y\/#Champ_dapplication\" >Champ d&rsquo;application<\/a><\/li><\/ul><\/nav><\/div>\n<h2><span class=\"ez-toc-section\" id=\"Quest-ce_quune_passoire_en_acier_inoxydable\"><\/span><span style=\"font-size: 22px;\">Qu&rsquo;est-ce qu&rsquo;une passoire en acier inoxydable ?<\/span><span class=\"ez-toc-section-end\"><\/span><\/h2>\n<p>Il peut \u00eatre d\u00e9fini comme un raccord de tuyau qui agit comme un \u00e9cran ou un filtre utilis\u00e9 pour emp\u00eacher les solides de se m\u00e9langer dans ou dans le flux de liquide. Il capture les r\u00e9sidus de pipeline tels que le tartre, la rouille, la p\u00e2te \u00e0 joint et le m\u00e9tal de soudure dans les pipelines, prot\u00e9geant l&rsquo;\u00e9quipement et les processus de leurs effets nocifs, r\u00e9duisant ainsi les temps d&rsquo;arr\u00eat et la maintenance. Utiliser les bons filtres aux bons endroits, pompes, d\u00e9bitm\u00e8tres, pi\u00e8ges, vannes de r\u00e9gulation, etc. C&rsquo;est un must pour les \u00e9quipements de d\u00e9bit co\u00fbteux et critiques tels que la sant\u00e9 et le fonctionnement de longue dur\u00e9e.  Ces \u00e9quipements m\u00e9caniques, faciles \u00e0 nettoyer sans d\u00e9montage, sont \u00e9galement tr\u00e8s faciles \u00e0 entretenir.<\/p>\n<h2><span class=\"ez-toc-section\" id=\"Ou_la_crepine_est-elle_utilisee\"><\/span><span style=\"font-size: 22px;\">O\u00f9 la cr\u00e9pine est-elle utilis\u00e9e ?<\/span><span class=\"ez-toc-section-end\"><\/span><\/h2>\n<p>Les cr\u00e9pines sont utilis\u00e9es dans divers syst\u00e8mes de plomberie. Ces syst\u00e8mes de plomberie comprennent divers syst\u00e8mes tels que les syst\u00e8mes de plomberie, de gaz, de ventilation, de chauffage et de refroidissement. Il est utilis\u00e9 pour emp\u00eacher l&rsquo;\u00e9coulement de salet\u00e9, de salet\u00e9 et d&rsquo;autres d\u00e9chets dans les vannes, afin que le fonctionnement des syst\u00e8mes d&rsquo;installation se poursuive de mani\u00e8re r\u00e9guli\u00e8re. C&rsquo;est un \u00e9l\u00e9ment important pour maintenir le fonctionnement des syst\u00e8mes de plomberie de mani\u00e8re ordonn\u00e9e et est donc utilis\u00e9 \u00e0 divers endroits.<\/p>\n<h2><span class=\"ez-toc-section\" id=\"Caracteristiques_du_produit\"><\/span><span style=\"font-size: 22px;\">Caract\u00e9ristiques du produit<\/span><span class=\"ez-toc-section-end\"><\/span><\/h2>\n<ul>\n<li><strong>Joint<\/strong> : EPDM, Viton, T\u00e9flon, Silicone<\/li>\n<li><strong>Corps<\/strong> : AISI 304 \/ AISI 316<\/li>\n<li><strong>Disque<\/strong> : AISI 304 \/ AISI 316<\/li>\n<li><strong>Type de connexion<\/strong> : Soud\u00e9\/Filet\u00e9\/Brid\u00e9<\/li>\n<li><strong>Classe de pression<\/strong> : PN6 \/ PN10<\/li>\n<\/ul>\n<h2><span class=\"ez-toc-section\" id=\"Champ_dapplication\"><\/span><span style=\"font-size: 22px;\">Champ d&rsquo;application<\/span><span class=\"ez-toc-section-end\"><\/span><\/h2>\n<p>Les filtres en Y sont utilis\u00e9s dans une grande vari\u00e9t\u00e9 d&rsquo;applications de filtration de liquide pour prot\u00e9ger les composants du syst\u00e8me en aval dans de nombreuses industries, y compris le traitement chimique, le p\u00e9trole, la production d&rsquo;\u00e9lectricit\u00e9 et la marine.<\/p>\n<p>Les applications de traitement de l&rsquo;eau sont tr\u00e8s courantes lorsque les filtres en Y sont utilis\u00e9s pour prot\u00e9ger l&rsquo;\u00e9quipement qui pourrait \u00eatre endommag\u00e9 ou obstru\u00e9 par du sable, du gravier ou d&rsquo;autres d\u00e9bris ind\u00e9sirables.<\/p>\n","protected":false},"excerpt":{"rendered":"<p><a href=\"https:\/\/unox.com.tr\/wp-content\/uploads\/2023\/01\/Y-tipi-Paslanmaz-Pislik-Tutucu.pdf\" target=\"_blank\" rel=\"noopener\"><button style=\"background-color: #11224b; color: #ffffff; padding: 10px 15px; font-family: montserrat; font-weight: bold; font-size: 19px; border-radius: 10px;\"><img decoding=\"async\" style=\"width: 25px; height: 25px;\" src=\"https:\/\/unox.com.tr\/wp-content\/uploads\/2023\/02\/pdf-1.png\">CATALOGUE DES PRODUITS<\/button><\/a><\/p>\n<p><button style=\"background-color: #11224b; margin-top: 5px; color: white; padding: 0px 15px; width: 150px; height: 55px; border-radius: 10px; border: none; cursor: pointer;\"><br \/>\n<img decoding=\"async\" style=\"width: 120px; height: 30px;\" src=\"https:\/\/unox.com.tr\/wp-content\/uploads\/2023\/02\/4-1.svg\"><\/button><\/p>\n","protected":false},"featured_media":69513,"comment_status":"closed","ping_status":"closed","template":"","meta":[],"product_brand":[],"product_cat":[1571,1138,1630],"product_tag":[],"class_list":{"0":"post-55258","1":"product","2":"type-product","3":"status-publish","4":"has-post-thumbnail","6":"product_cat-crepines-de-type-y","7":"product_cat-groupe-de-vanne","8":"product_cat-vanne-en-acier-inoxydable","10":"first","11":"instock","12":"shipping-taxable","13":"product-type-simple"},"_links":{"self":[{"href":"https:\/\/unox.com.tr\/fr\/wp-json\/wp\/v2\/product\/55258","targetHints":{"allow":["GET"]}}],"collection":[{"href":"https:\/\/unox.com.tr\/fr\/wp-json\/wp\/v2\/product"}],"about":[{"href":"https:\/\/unox.com.tr\/fr\/wp-json\/wp\/v2\/types\/product"}],"replies":[{"embeddable":true,"href":"https:\/\/unox.com.tr\/fr\/wp-json\/wp\/v2\/comments?post=55258"}],"version-history":[{"count":0,"href":"https:\/\/unox.com.tr\/fr\/wp-json\/wp\/v2\/product\/55258\/revisions"}],"wp:featuredmedia":[{"embeddable":true,"href":"https:\/\/unox.com.tr\/fr\/wp-json\/wp\/v2\/media\/69513"}],"wp:attachment":[{"href":"https:\/\/unox.com.tr\/fr\/wp-json\/wp\/v2\/media?parent=55258"}],"wp:term":[{"taxonomy":"product_brand","embeddable":true,"href":"https:\/\/unox.com.tr\/fr\/wp-json\/wp\/v2\/product_brand?post=55258"},{"taxonomy":"product_cat","embeddable":true,"href":"https:\/\/unox.com.tr\/fr\/wp-json\/wp\/v2\/product_cat?post=55258"},{"taxonomy":"product_tag","embeddable":true,"href":"https:\/\/unox.com.tr\/fr\/wp-json\/wp\/v2\/product_tag?post=55258"}],"curies":[{"name":"wp","href":"https:\/\/api.w.org\/{rel}","templated":true}]}}