{"id":55259,"date":"2020-09-18T07:19:04","date_gmt":"2020-09-18T04:19:04","guid":{"rendered":"https:\/\/unox.com.tr\/urun\/vanne-a-boisseau-spherique-a-engrenages-u-pvc\/"},"modified":"2020-09-18T07:19:04","modified_gmt":"2020-09-18T04:19:04","slug":"vanne-a-boisseau-spherique-a-engrenages-u-pvc","status":"publish","type":"product","link":"https:\/\/unox.com.tr\/fr\/vanne-a-boisseau-spherique-a-engrenages-u-pvc\/","title":{"rendered":"Vanne \u00e0 Boisseau Sph\u00e9rique \u00e0 Engrenages U-PVC"},"content":{"rendered":"<div id=\"ez-toc-container\" class=\"ez-toc-v2_0_82_2 counter-hierarchy ez-toc-counter ez-toc-grey ez-toc-container-direction\">\n<div class=\"ez-toc-title-container\">\n<p class=\"ez-toc-title\" style=\"cursor:inherit\">Sayfa \u0130\u00e7eri\u011fi<\/p>\n<span class=\"ez-toc-title-toggle\"><a href=\"#\" class=\"ez-toc-pull-right ez-toc-btn ez-toc-btn-xs ez-toc-btn-default ez-toc-toggle\" aria-label=\"Toggle Table of Content\"><span class=\"ez-toc-js-icon-con\"><span class=\"\"><span class=\"eztoc-hide\" style=\"display:none;\">Toggle<\/span><span class=\"ez-toc-icon-toggle-span\"><svg style=\"fill: #999;color:#999\" xmlns=\"http:\/\/www.w3.org\/2000\/svg\" class=\"list-377408\" width=\"20px\" height=\"20px\" viewBox=\"0 0 24 24\" fill=\"none\"><path d=\"M6 6H4v2h2V6zm14 0H8v2h12V6zM4 11h2v2H4v-2zm16 0H8v2h12v-2zM4 16h2v2H4v-2zm16 0H8v2h12v-2z\" fill=\"currentColor\"><\/path><\/svg><svg style=\"fill: #999;color:#999\" class=\"arrow-unsorted-368013\" xmlns=\"http:\/\/www.w3.org\/2000\/svg\" width=\"10px\" height=\"10px\" viewBox=\"0 0 24 24\" version=\"1.2\" baseProfile=\"tiny\"><path d=\"M18.2 9.3l-6.2-6.3-6.2 6.3c-.2.2-.3.4-.3.7s.1.5.3.7c.2.2.4.3.7.3h11c.3 0 .5-.1.7-.3.2-.2.3-.5.3-.7s-.1-.5-.3-.7zM5.8 14.7l6.2 6.3 6.2-6.3c.2-.2.3-.5.3-.7s-.1-.5-.3-.7c-.2-.2-.4-.3-.7-.3h-11c-.3 0-.5.1-.7.3-.2.2-.3.5-.3.7s.1.5.3.7z\"\/><\/svg><\/span><\/span><\/span><\/a><\/span><\/div>\n<nav><ul class='ez-toc-list ez-toc-list-level-1 ' ><li class='ez-toc-page-1 ez-toc-heading-level-2'><a class=\"ez-toc-link ez-toc-heading-1\" href=\"https:\/\/unox.com.tr\/fr\/vanne-a-boisseau-spherique-a-engrenages-u-pvc\/#Quest-ce_quun_robinet_a_tournant_spherique_a_engrenages\" >Qu&rsquo;est-ce qu&rsquo;un robinet \u00e0 tournant sph\u00e9rique \u00e0 engrenages ?<\/a><\/li><li class='ez-toc-page-1 ez-toc-heading-level-2'><a class=\"ez-toc-link ez-toc-heading-2\" href=\"https:\/\/unox.com.tr\/fr\/vanne-a-boisseau-spherique-a-engrenages-u-pvc\/#Quest-ce_quun_reducteur\" >Qu&rsquo;est-ce qu&rsquo;un r\u00e9ducteur ?<\/a><\/li><li class='ez-toc-page-1 ez-toc-heading-level-2'><a class=\"ez-toc-link ez-toc-heading-3\" href=\"https:\/\/unox.com.tr\/fr\/vanne-a-boisseau-spherique-a-engrenages-u-pvc\/#Avantages_et_inconvenients_des_robinets_a_tournant_spherique\" >Avantages et inconv\u00e9nients des robinets \u00e0 tournant sph\u00e9rique<\/a><ul class='ez-toc-list-level-3' ><li class='ez-toc-heading-level-3'><a class=\"ez-toc-link ez-toc-heading-4\" href=\"https:\/\/unox.com.tr\/fr\/vanne-a-boisseau-spherique-a-engrenages-u-pvc\/#Avantages\" >Avantages<\/a><\/li><li class='ez-toc-page-1 ez-toc-heading-level-3'><a class=\"ez-toc-link ez-toc-heading-5\" href=\"https:\/\/unox.com.tr\/fr\/vanne-a-boisseau-spherique-a-engrenages-u-pvc\/#Desavantages\" >D\u00e9savantages<\/a><\/li><\/ul><\/li><li class='ez-toc-page-1 ez-toc-heading-level-2'><a class=\"ez-toc-link ez-toc-heading-6\" href=\"https:\/\/unox.com.tr\/fr\/vanne-a-boisseau-spherique-a-engrenages-u-pvc\/#Choix\" >Choix<\/a><\/li><\/ul><\/nav><\/div>\n<h2><span class=\"ez-toc-section\" id=\"Quest-ce_quun_robinet_a_tournant_spherique_a_engrenages\"><\/span><span style=\"font-size: 22px;\">Qu&rsquo;est-ce qu&rsquo;un robinet \u00e0 tournant sph\u00e9rique \u00e0 engrenages ?<\/span><span class=\"ez-toc-section-end\"><\/span><\/h2>\n<p>R\u00e9ducteur Vanne \u00e0 bille ; Il s&rsquo;agit d&rsquo;une vanne rotative quart de tour qui utilise un disque de forme sph\u00e9rique pour arr\u00eater ou d\u00e9marrer le d\u00e9bit. Il est d\u00e9fini comme un dispositif m\u00e9canique qui dirige et module le d\u00e9bit de divers types de liquides \u00e0 travers l&rsquo;ouverture d&rsquo;une sph\u00e8re avec une ouverture au milieu de la valve. En tournant la poign\u00e9e de la vanne, il ouvre\/ferme manuellement le port qui contr\u00f4le la pression du d\u00e9bit de fluide. La durabilit\u00e9 et l&rsquo;excellente fermeture sont des caract\u00e9ristiques qui rendent la vanne \u00e0 bille avantageuse par rapport aux autres types de vannes.<\/p>\n<p>Les robinets \u00e0 tournant sph\u00e9rique con\u00e7us pour le montage d&rsquo;un actionneur fonctionnent avec un mouvement circulaire de 90 degr\u00e9s et sont compatibles avec le montage d&rsquo;un actionneur pneumatique et \u00e9lectrique.<\/p>\n<h2><span class=\"ez-toc-section\" id=\"Quest-ce_quun_reducteur\"><\/span><span style=\"font-size: 22px;\">Qu&rsquo;est-ce qu&rsquo;un r\u00e9ducteur ?<\/span><span class=\"ez-toc-section-end\"><\/span><\/h2>\n<p>Un r\u00e9ducteur est un moyen de r\u00e9duire l&rsquo;\u00e9nergie ou la puissance de mouvement dans un syst\u00e8me m\u00e9canique. Il est g\u00e9n\u00e9ralement utilis\u00e9 pour r\u00e9duire ou modifier la puissance de rotation des moteurs. Il peut \u00e9galement \u00eatre utilis\u00e9 pour augmenter la vitesse et le couple des syst\u00e8mes m\u00e9caniques. Les bo\u00eetes de vitesses se composent d&rsquo;une s\u00e9rie d&rsquo;engrenages et d&rsquo;arbres et sont g\u00e9n\u00e9ralement constitu\u00e9es de mat\u00e9riaux m\u00e9talliques. Ses domaines d&rsquo;utilisation sont tr\u00e8s larges et il peut \u00eatre utilis\u00e9 dans les machines et \u00e9quipements industriels, les v\u00e9hicules, les appareils \u00e9lectrom\u00e9nagers et m\u00eame certains jouets.<\/p>\n<h2><span class=\"ez-toc-section\" id=\"Avantages_et_inconvenients_des_robinets_a_tournant_spherique\"><\/span><span style=\"font-size: 22px;\">Avantages et inconv\u00e9nients des robinets \u00e0 tournant sph\u00e9rique<\/span><span class=\"ez-toc-section-end\"><\/span><\/h2>\n<h3><span class=\"ez-toc-section\" id=\"Avantages\"><\/span><span style=\"font-size: 20px;\">Avantages<\/span><span class=\"ez-toc-section-end\"><\/span><\/h3>\n<ul>\n<li>Fonctionnement marche-arr\u00eat rapide<\/li>\n<li>\u00c9tanch\u00e9it\u00e9 \u00e0 faible couple<\/li>\n<li>De plus petite taille que la plupart des autres vannes<\/li>\n<\/ul>\n<h3><span class=\"ez-toc-section\" id=\"Desavantages\"><\/span><span style=\"font-size: 20px;\">D\u00e9savantages<\/span><span class=\"ez-toc-section-end\"><\/span><\/h3>\n<ul>\n<li>Les vannes \u00e0 bille conventionnelles ont de mauvaises propri\u00e9t\u00e9s d&rsquo;\u00e9tranglement.<\/li>\n<li>Dans le lisier ou d&rsquo;autres applications, les particules en suspension peuvent se d\u00e9poser, \u00eatre pi\u00e9g\u00e9es dans les cavit\u00e9s du corps et provoquer une usure, des fuites ou une d\u00e9faillance des vannes.<\/li>\n<\/ul>\n<h2><span class=\"ez-toc-section\" id=\"Choix\"><\/span><span style=\"font-size: 22px;\">Choix <\/span><span class=\"ez-toc-section-end\"><\/span><\/h2>\n<ul>\n<li>Pour l&rsquo;eau (Joint NBR)<\/li>\n<li>Pour acide (joint FKM)<\/li>\n<li>Type de moufle adh\u00e9sif<\/li>\n<li>Engrenage Interne Double Face<\/li>\n<\/ul>\n<p><strong>Les caract\u00e9ristiques g\u00e9n\u00e9rales du poly\u00e9thyl\u00e8ne sont les suivantes :<\/strong><\/p>\n<ul>\n<li>C&rsquo;est solide<\/li>\n<li>R\u00e9sistant aux acides, bases et solvants<\/li>\n<li>Les propri\u00e9t\u00e9s di\u00e9lectriques sont sup\u00e9rieures<\/li>\n<li>Il est r\u00e9sistant aux conditions environnementales.<\/li>\n<\/ul>\n","protected":false},"excerpt":{"rendered":"<p><a href=\"https:\/\/unox.com.tr\/wp-content\/uploads\/2023\/01\/U-PVC-Reduktorlu-Kuresel-Vana.pdf\" target=\"_blank\" rel=\"noopener\"><button style=\"background-color: #11224b; color: #ffffff; padding: 10px 15px; font-family: montserrat; font-weight: bold; font-size: 19px; border-radius: 10px;\"><img decoding=\"async\" style=\"width: 25px; height: 25px;\" src=\"https:\/\/unox.com.tr\/wp-content\/uploads\/2023\/02\/pdf-1.png\">CATALOGUE DES PRODUITS<\/button><\/a><\/p>\n<p><button style=\"background-color: #11224b; margin-top: 5px; color: white; padding: 0px 15px; width: 150px; height: 55px; border-radius: 10px; border: none; cursor: pointer;\"><br \/>\n<img decoding=\"async\" style=\"width: 120px; height: 30px;\" src=\"https:\/\/unox.com.tr\/wp-content\/uploads\/2023\/02\/4-1.svg\"><\/button><\/p>\n","protected":false},"featured_media":37010,"comment_status":"open","ping_status":"closed","template":"","meta":{"_joinchat":[]},"product_brand":[],"product_cat":[1593,1138,1149],"product_tag":[],"class_list":{"0":"post-55259","1":"product","2":"type-product","3":"status-publish","4":"has-post-thumbnail","6":"product_cat-boites-de-vitesses","7":"product_cat-groupe-de-vanne","8":"product_cat-vannes-a-bille","10":"first","11":"instock","12":"shipping-taxable","13":"product-type-simple"},"_links":{"self":[{"href":"https:\/\/unox.com.tr\/fr\/wp-json\/wp\/v2\/product\/55259","targetHints":{"allow":["GET"]}}],"collection":[{"href":"https:\/\/unox.com.tr\/fr\/wp-json\/wp\/v2\/product"}],"about":[{"href":"https:\/\/unox.com.tr\/fr\/wp-json\/wp\/v2\/types\/product"}],"replies":[{"embeddable":true,"href":"https:\/\/unox.com.tr\/fr\/wp-json\/wp\/v2\/comments?post=55259"}],"version-history":[{"count":0,"href":"https:\/\/unox.com.tr\/fr\/wp-json\/wp\/v2\/product\/55259\/revisions"}],"wp:featuredmedia":[{"embeddable":true,"href":"https:\/\/unox.com.tr\/fr\/wp-json\/wp\/v2\/media\/37010"}],"wp:attachment":[{"href":"https:\/\/unox.com.tr\/fr\/wp-json\/wp\/v2\/media?parent=55259"}],"wp:term":[{"taxonomy":"product_brand","embeddable":true,"href":"https:\/\/unox.com.tr\/fr\/wp-json\/wp\/v2\/product_brand?post=55259"},{"taxonomy":"product_cat","embeddable":true,"href":"https:\/\/unox.com.tr\/fr\/wp-json\/wp\/v2\/product_cat?post=55259"},{"taxonomy":"product_tag","embeddable":true,"href":"https:\/\/unox.com.tr\/fr\/wp-json\/wp\/v2\/product_tag?post=55259"}],"curies":[{"name":"wp","href":"https:\/\/api.w.org\/{rel}","templated":true}]}}