{"id":55260,"date":"2020-09-18T07:18:02","date_gmt":"2020-09-18T07:18:02","guid":{"rendered":"https:\/\/unox.com.tr\/urun\/vanne-a-pointeau-en-acier-inoxydable\/"},"modified":"2020-09-18T07:18:02","modified_gmt":"2020-09-18T04:18:02","slug":"vanne-a-pointeau-en-acier-inoxydable","status":"publish","type":"product","link":"https:\/\/unox.com.tr\/fr\/vanne-a-pointeau-en-acier-inoxydable\/","title":{"rendered":"Vanne \u00e0 Pointeau en Acier Inoxydable"},"content":{"rendered":"<h2><span style=\"font-size: 22px;\">Qu&rsquo;est-ce qu&rsquo;une vanne \u00e0 pointeau ?<\/span><\/h2>\n<p><strong>Vannes \u00e0 pointeau<\/strong>, parfois appel\u00e9es <strong>vannes submersibles<\/strong> ; sont des vannes de r\u00e9gulation et permettent aux ing\u00e9nieurs de contr\u00f4ler et de r\u00e9guler avec pr\u00e9cision le d\u00e9bit et la pression de l&rsquo;eau. La pr\u00e9cision est obtenue par le mouvement fin de l&rsquo;arbre, qui permet \u00e0 la transmission de d\u00e9placer le tube de piston en mouvement coulissant vers la position ouverte ou ferm\u00e9e, selon les exigences du syst\u00e8me de commande. Les vannes \u00e0 pointeau peuvent \u00eatre utilis\u00e9es dans de nombreuses applications diff\u00e9rentes n\u00e9cessitant une r\u00e9gulation du d\u00e9bit ou de la pression. Barrages, r\u00e9servoirs, centrales \u00e9lectriques dans le traitement et la distribution de l&rsquo;eau.<\/p>\n<h2><span class=\"ez-toc-section\" id=\"Ou_la_vanne_a_pointeau_est-elle_utilisee\"><\/span><span style=\"font-size: 22px;\">O\u00f9 la vanne \u00e0 pointeau est-elle utilis\u00e9e ?<\/span><span class=\"ez-toc-section-end\"><\/span><\/h2>\n<p>Les vannes \u00e0 pointeau sont utilis\u00e9es dans une vari\u00e9t\u00e9 d&rsquo;applications o\u00f9 un contr\u00f4le pr\u00e9cis du d\u00e9bit est requis. Ils sont g\u00e9n\u00e9ralement utilis\u00e9s dans les industries suivantes :<\/p>\n<ul>\n<li>Il est utilis\u00e9 dans l&rsquo;industrie p\u00e9troli\u00e8re et gazi\u00e8re pour contr\u00f4ler le d\u00e9bit de liquide et de gaz dans les pipelines et autres syst\u00e8mes de traitement.<\/li>\n<li>Il est utilis\u00e9 pour contr\u00f4ler le d\u00e9bit de produits chimiques et d&rsquo;autres liquides dans les usines de traitement chimique.<\/li>\n<li>Il est utilis\u00e9 dans les centrales \u00e9lectriques pour contr\u00f4ler le d\u00e9bit de vapeur et d&rsquo;autres liquides.<\/li>\n<li>Il est utilis\u00e9 pour contr\u00f4ler le d\u00e9bit d&rsquo;eau et d&rsquo;autres fluides dans les stations d&rsquo;\u00e9puration.<\/li>\n<li>Dans l&rsquo;industrie pharmaceutique, il est utilis\u00e9 pour contr\u00f4ler le flux de liquides et de gaz dans le processus de fabrication.<\/li>\n<li>Il est utilis\u00e9 dans les syst\u00e8mes de chauffage, de ventilation et de climatisation (CVC) pour contr\u00f4ler le d\u00e9bit d&rsquo;air et d&rsquo;autres fluides.<\/li>\n<li>Il est utilis\u00e9 dans l&rsquo;industrie alimentaire et des boissons pour contr\u00f4ler le flux de liquides et de gaz dans le processus de production.<\/li>\n<li>Il est utilis\u00e9 dans l&rsquo;industrie automobile pour contr\u00f4ler le d\u00e9bit des fluides dans les syst\u00e8mes de carburant, d&rsquo;huile et de liquide de refroidissement.<\/li>\n<li>Il est utilis\u00e9 dans l&rsquo;industrie a\u00e9rospatiale pour contr\u00f4ler l&rsquo;\u00e9coulement des fluides dans les syst\u00e8mes d&rsquo;avions.<\/li>\n<li>Il est utilis\u00e9 dans les dispositifs m\u00e9dicaux pour contr\u00f4ler le d\u00e9bit de liquides et de gaz lors de l&rsquo;administration de m\u00e9dicaments et d&rsquo;autres liquides.<\/li>\n<\/ul>\n<h2><span class=\"ez-toc-section\" id=\"Caracteristiques_Generales\"><\/span><span style=\"font-size: 22px;\">Caract\u00e9ristiques G\u00e9n\u00e9rales<\/span><span class=\"ez-toc-section-end\"><\/span><\/h2>\n<ul>\n<li><strong>Corps<\/strong> : Acier Inoxydable AISI304<\/li>\n<li><strong>Sph\u00e8re<\/strong> : Acier Inoxydable AISI304<\/li>\n<li><strong>Connexions<\/strong> : BSP filet\u00e9<\/li>\n<li><strong>Diam\u00e8tre nominal:<\/strong> DN08 (1\/4\u201d) &#8211; DN25 (1\u201d)<\/li>\n<li><strong>Valeurs de pression :<\/strong> Maks. 63 bar <\/li>\n<li><strong>Temp\u00e9rature<\/strong> : -10\u00baC&rsquo;\/+180\u00baC&rsquo; selon la structure du mat\u00e9riau.<\/li>\n<\/ul>\n<h2><span style=\"font-size: 22px;\">Champ d&rsquo;application<\/span><\/h2>\n<ul>\n<li>Contr\u00f4le de flux<\/li>\n<li>R\u00e9gulation de la pression<\/li>\n<li>D\u00e9marrage de la pompe<\/li>\n<li>Contournement des turbines<\/li>\n<li>D\u00e9charge<\/li>\n<li>Entr\u00e9es de r\u00e9servoir<\/li>\n<li>R\u00e9gulation a\u00e9rienne<\/li>\n<\/ul>\n<p><img decoding=\"async\" class=\"alignnone wp-image-37808\" src=\"https:\/\/unox.com.tr\/wp-content\/themes\/woodmart\/images\/lazy.svg\" data-src=\"https:\/\/unox.com.tr\/wp-content\/uploads\/2020\/09\/igneli-vana-300x245.png\" alt=\"\" width=\"464\" height=\"379\" title=\"\" srcset=\"\" data-srcset=\"https:\/\/unox.com.tr\/wp-content\/uploads\/2020\/09\/igneli-vana-300x245.png 300w, https:\/\/unox.com.tr\/wp-content\/uploads\/2020\/09\/igneli-vana-150x123.png 150w, https:\/\/unox.com.tr\/wp-content\/uploads\/2020\/09\/igneli-vana-367x300.png 367w, https:\/\/unox.com.tr\/wp-content\/uploads\/2020\/09\/igneli-vana.png 395w\" sizes=\"(max-width: 464px) 100vw, 464px\" \/><\/p>\n<ol>\n<li>Corps<\/li>\n<li>Corps<\/li>\n<li>Racine<\/li>\n<li>Scellage<\/li>\n<li>Noix<\/li>\n<\/ol>\n","protected":false},"excerpt":{"rendered":"<p><a href=\"https:\/\/unox.com.tr\/wp-content\/uploads\/2023\/01\/IGNELI-VANA.pdf\" target=\"_blank\" rel=\"noopener\"><button style=\"background-color: #11224b; color: #ffffff; padding: 10px 15px; font-family: montserrat; font-weight: bold; font-size: 19px; border-radius: 10px;\"><img decoding=\"async\" style=\"width: 25px; height: 25px;\" src=\"https:\/\/unox.com.tr\/wp-content\/uploads\/2023\/02\/pdf-1.png\">CATALOGUE DES PRODUITS<\/button><\/a><\/p>\n<p><button style=\"background-color: #11224b; margin-top: 5px; color: white; padding: 0px 15px; width: 150px; height: 55px; border-radius: 10px; border: none; cursor: pointer;\"><br \/>\n<img decoding=\"async\" style=\"width: 120px; height: 30px;\" src=\"https:\/\/unox.com.tr\/wp-content\/uploads\/2023\/02\/4-1.svg\"><\/button><\/p>\n","protected":false},"featured_media":69086,"comment_status":"closed","ping_status":"closed","template":"","meta":[],"product_brand":[],"product_cat":[1149,1138,1630],"product_tag":[],"class_list":{"0":"post-55260","1":"product","2":"type-product","3":"status-publish","4":"has-post-thumbnail","6":"product_cat-vannes-a-bille","7":"product_cat-groupe-de-vanne","8":"product_cat-vanne-en-acier-inoxydable","10":"first","11":"instock","12":"shipping-taxable","13":"product-type-simple"},"_links":{"self":[{"href":"https:\/\/unox.com.tr\/fr\/wp-json\/wp\/v2\/product\/55260","targetHints":{"allow":["GET"]}}],"collection":[{"href":"https:\/\/unox.com.tr\/fr\/wp-json\/wp\/v2\/product"}],"about":[{"href":"https:\/\/unox.com.tr\/fr\/wp-json\/wp\/v2\/types\/product"}],"replies":[{"embeddable":true,"href":"https:\/\/unox.com.tr\/fr\/wp-json\/wp\/v2\/comments?post=55260"}],"version-history":[{"count":0,"href":"https:\/\/unox.com.tr\/fr\/wp-json\/wp\/v2\/product\/55260\/revisions"}],"wp:featuredmedia":[{"embeddable":true,"href":"https:\/\/unox.com.tr\/fr\/wp-json\/wp\/v2\/media\/69086"}],"wp:attachment":[{"href":"https:\/\/unox.com.tr\/fr\/wp-json\/wp\/v2\/media?parent=55260"}],"wp:term":[{"taxonomy":"product_brand","embeddable":true,"href":"https:\/\/unox.com.tr\/fr\/wp-json\/wp\/v2\/product_brand?post=55260"},{"taxonomy":"product_cat","embeddable":true,"href":"https:\/\/unox.com.tr\/fr\/wp-json\/wp\/v2\/product_cat?post=55260"},{"taxonomy":"product_tag","embeddable":true,"href":"https:\/\/unox.com.tr\/fr\/wp-json\/wp\/v2\/product_tag?post=55260"}],"curies":[{"name":"wp","href":"https:\/\/api.w.org\/{rel}","templated":true}]}}