{"id":55261,"date":"2020-09-18T07:16:06","date_gmt":"2020-09-18T07:16:06","guid":{"rendered":"https:\/\/unox.com.tr\/urun\/vanne-a-boisseau-spherique-a-3-voies-en-acier-inoxydable-bride-superieure\/"},"modified":"2024-03-01T05:14:23","modified_gmt":"2024-03-01T02:14:23","slug":"vanne-a-boisseau-spherique-a-3-voies-en-acier-inoxydable-bride-superieure","status":"publish","type":"product","link":"https:\/\/unox.com.tr\/fr\/vanne-a-boisseau-spherique-a-3-voies-en-acier-inoxydable-bride-superieure\/","title":{"rendered":"Vanne \u00e0 Boisseau Sph\u00e9rique \u00e0 3 Voies en Acier Inoxydable &#8211; Bride Sup\u00e9rieure"},"content":{"rendered":"<div id=\"ez-toc-container\" class=\"ez-toc-v2_0_82_2 counter-hierarchy ez-toc-counter ez-toc-grey ez-toc-container-direction\">\n<div class=\"ez-toc-title-container\">\n<p class=\"ez-toc-title\" style=\"cursor:inherit\">Sayfa \u0130\u00e7eri\u011fi<\/p>\n<span class=\"ez-toc-title-toggle\"><a href=\"#\" class=\"ez-toc-pull-right ez-toc-btn ez-toc-btn-xs ez-toc-btn-default ez-toc-toggle\" aria-label=\"Toggle Table of Content\"><span class=\"ez-toc-js-icon-con\"><span class=\"\"><span class=\"eztoc-hide\" style=\"display:none;\">Toggle<\/span><span class=\"ez-toc-icon-toggle-span\"><svg style=\"fill: #999;color:#999\" xmlns=\"http:\/\/www.w3.org\/2000\/svg\" class=\"list-377408\" width=\"20px\" height=\"20px\" viewBox=\"0 0 24 24\" fill=\"none\"><path d=\"M6 6H4v2h2V6zm14 0H8v2h12V6zM4 11h2v2H4v-2zm16 0H8v2h12v-2zM4 16h2v2H4v-2zm16 0H8v2h12v-2z\" fill=\"currentColor\"><\/path><\/svg><svg style=\"fill: #999;color:#999\" class=\"arrow-unsorted-368013\" xmlns=\"http:\/\/www.w3.org\/2000\/svg\" width=\"10px\" height=\"10px\" viewBox=\"0 0 24 24\" version=\"1.2\" baseProfile=\"tiny\"><path d=\"M18.2 9.3l-6.2-6.3-6.2 6.3c-.2.2-.3.4-.3.7s.1.5.3.7c.2.2.4.3.7.3h11c.3 0 .5-.1.7-.3.2-.2.3-.5.3-.7s-.1-.5-.3-.7zM5.8 14.7l6.2 6.3 6.2-6.3c.2-.2.3-.5.3-.7s-.1-.5-.3-.7c-.2-.2-.4-.3-.7-.3h-11c-.3 0-.5.1-.7.3-.2.2-.3.5-.3.7s.1.5.3.7z\"\/><\/svg><\/span><\/span><\/span><\/a><\/span><\/div>\n<nav><ul class='ez-toc-list ez-toc-list-level-1 ' ><li class='ez-toc-page-1 ez-toc-heading-level-2'><a class=\"ez-toc-link ez-toc-heading-1\" href=\"https:\/\/unox.com.tr\/fr\/vanne-a-boisseau-spherique-a-3-voies-en-acier-inoxydable-bride-superieure\/#Quest-ce_quun_robinet_a_tournant_spherique_en_acier_inoxydable_a_3_voies\" >Qu&rsquo;est-ce qu&rsquo;un robinet \u00e0 tournant sph\u00e9rique en acier inoxydable \u00e0 3 voies ?<\/a><\/li><li class='ez-toc-page-1 ez-toc-heading-level-2'><a class=\"ez-toc-link ez-toc-heading-2\" href=\"https:\/\/unox.com.tr\/fr\/vanne-a-boisseau-spherique-a-3-voies-en-acier-inoxydable-bride-superieure\/#Comment_fonctionne_une_vanne_a_boisseau_spherique_a_3_voies\" >Comment fonctionne une vanne \u00e0 boisseau sph\u00e9rique \u00e0 3 voies ?<\/a><\/li><li class='ez-toc-page-1 ez-toc-heading-level-2'><a class=\"ez-toc-link ez-toc-heading-3\" href=\"https:\/\/unox.com.tr\/fr\/vanne-a-boisseau-spherique-a-3-voies-en-acier-inoxydable-bride-superieure\/#Caracteristiques_Generales\" >Caract\u00e9ristiques G\u00e9n\u00e9rales<\/a><\/li><li class='ez-toc-page-1 ez-toc-heading-level-2'><a class=\"ez-toc-link ez-toc-heading-4\" href=\"https:\/\/unox.com.tr\/fr\/vanne-a-boisseau-spherique-a-3-voies-en-acier-inoxydable-bride-superieure\/#Champ_dapplication\" >Champ d&rsquo;application<\/a><\/li><li class='ez-toc-page-1 ez-toc-heading-level-2'><a class=\"ez-toc-link ez-toc-heading-5\" href=\"https:\/\/unox.com.tr\/fr\/vanne-a-boisseau-spherique-a-3-voies-en-acier-inoxydable-bride-superieure\/#Avantages_et_inconvenients_des_robinets_a_tournant_spherique\" >Avantages et inconv\u00e9nients des robinets \u00e0 tournant sph\u00e9rique<\/a><ul class='ez-toc-list-level-3' ><li class='ez-toc-heading-level-3'><a class=\"ez-toc-link ez-toc-heading-6\" href=\"https:\/\/unox.com.tr\/fr\/vanne-a-boisseau-spherique-a-3-voies-en-acier-inoxydable-bride-superieure\/#Avantages\" >Avantages<\/a><\/li><li class='ez-toc-page-1 ez-toc-heading-level-3'><a class=\"ez-toc-link ez-toc-heading-7\" href=\"https:\/\/unox.com.tr\/fr\/vanne-a-boisseau-spherique-a-3-voies-en-acier-inoxydable-bride-superieure\/#Desavantages\" >D\u00e9savantages<\/a><\/li><\/ul><\/li><\/ul><\/nav><\/div>\n<h2><span class=\"ez-toc-section\" id=\"Quest-ce_quun_robinet_a_tournant_spherique_en_acier_inoxydable_a_3_voies\"><\/span><span style=\"font-size: 22px;\">Qu&rsquo;est-ce qu&rsquo;un robinet \u00e0 tournant sph\u00e9rique en acier inoxydable \u00e0 3 voies ?<\/span><span class=\"ez-toc-section-end\"><\/span><\/h2>\n<p>Vanne \u00e0 bille en acier inoxydable \u00e0 3 voies ; Il s&rsquo;agit d&rsquo;une vanne rotative quart de tour qui utilise un disque de forme sph\u00e9rique pour arr\u00eater ou d\u00e9marrer le d\u00e9bit. Il est d\u00e9fini comme un dispositif m\u00e9canique qui dirige et module le d\u00e9bit de divers types de liquides \u00e0 travers l&rsquo;ouverture d&rsquo;une sph\u00e8re avec une ouverture au milieu de la valve. En tournant la poign\u00e9e de la vanne, il ouvre\/ferme manuellement le port qui contr\u00f4le la pression du d\u00e9bit de fluide. La durabilit\u00e9 et l&rsquo;excellente fermeture sont des caract\u00e9ristiques qui rendent la vanne \u00e0 bille avantageuse par rapport aux autres types de vannes.<\/p>\n<h2><span class=\"ez-toc-section\" id=\"Comment_fonctionne_une_vanne_a_boisseau_spherique_a_3_voies\"><\/span><span style=\"font-size: 22px;\">Comment fonctionne une vanne \u00e0 boisseau sph\u00e9rique \u00e0 3 voies ?<\/span><span class=\"ez-toc-section-end\"><\/span><\/h2>\n<p>Les syst\u00e8mes de contr\u00f4le plus complexes qui utilisent des vannes qui doivent r\u00e9guler le d\u00e9bit \u00e0 travers un tuyau auront besoin d&rsquo;un actionneur. L&rsquo;actionneur commande la vanne pneumatiquement ou \u00e9lectriquement et garantit que le d\u00e9bit du fluide est correctement positionn\u00e9 pour \u00eatre sensible aux variations de pression et de d\u00e9bit. Les caract\u00e9ristiques \u00e0 prendre en compte pour d\u00e9terminer la vanne appropri\u00e9e seront la temp\u00e9rature et la pression, le nombre d&rsquo;orifices, la taille de la vanne, le type de mat\u00e9riau du corps, les connexions d&rsquo;extr\u00e9mit\u00e9 et les configurations.<\/p>\n<h2><span class=\"ez-toc-section\" id=\"Caracteristiques_Generales\"><\/span><span style=\"font-size: 22px;\">Caract\u00e9ristiques G\u00e9n\u00e9rales<\/span><span class=\"ez-toc-section-end\"><\/span><\/h2>\n<ul>\n<li><strong>Corps<\/strong> : Acier Inoxydable AISI304<\/li>\n<li><strong>Sph\u00e8re<\/strong> : Acier Inoxydable AISI304<\/li>\n<li><strong>Connexions<\/strong> : BSP filet\u00e9<\/li>\n<li><strong>Diam\u00e8tre nominal:<\/strong> DN15 (1\/2\u201d) &#8211; DN100 (4\u201d)<\/li>\n<li><strong>Valeurs de pression<\/strong> : Max. 63 barres <\/li>\n<li><strong>Temp\u00e9rature<\/strong> : -10\u00baC&rsquo;\/+180\u00baC selon la structure du mat\u00e9riau<\/li>\n<\/ul>\n<h2><span class=\"ez-toc-section\" id=\"Champ_dapplication\"><\/span><span style=\"font-size: 22px;\">Champ d&rsquo;application<\/span><span class=\"ez-toc-section-end\"><\/span><\/h2>\n<ul>\n<li>Applications air, gaz et liquide<\/li>\n<li>Drains et \u00e9vents dans les services liquides, gaz et autres liquides<\/li>\n<li>Vapeur<\/li>\n<li>Installations de restauration<\/li>\n<li>Industrie Chimique<\/li>\n<li>Papier-animal de compagnie vs. zones de recyclage<\/li>\n<\/ul>\n<h2><span class=\"ez-toc-section\" id=\"Avantages_et_inconvenients_des_robinets_a_tournant_spherique\"><\/span><span style=\"font-size: 22px;\">Avantages et inconv\u00e9nients des robinets \u00e0 tournant sph\u00e9rique<\/span><span class=\"ez-toc-section-end\"><\/span><\/h2>\n<h3><span class=\"ez-toc-section\" id=\"Avantages\"><\/span><span style=\"font-size: 20px;\">Avantages<\/span><span class=\"ez-toc-section-end\"><\/span><\/h3>\n<ul>\n<li>Fonctionnement marche-arr\u00eat rapide<\/li>\n<li>\u00c9tanch\u00e9it\u00e9 \u00e0 faible couple<\/li>\n<li>De plus petite taille que la plupart des autres vannes<\/li>\n<\/ul>\n<h3><span class=\"ez-toc-section\" id=\"Desavantages\"><\/span><span style=\"font-size: 20px;\">D\u00e9savantages<\/span><span class=\"ez-toc-section-end\"><\/span><\/h3>\n<ul>\n<li>Les vannes \u00e0 bille conventionnelles ont de mauvaises propri\u00e9t\u00e9s d&rsquo;\u00e9tranglement.<\/li>\n<li>Dans le lisier ou d&rsquo;autres applications, les particules en suspension peuvent se d\u00e9poser, \u00eatre pi\u00e9g\u00e9es dans les cavit\u00e9s du corps et provoquer une usure, des fuites ou une d\u00e9faillance des vannes.<\/li>\n<\/ul>\n","protected":false},"excerpt":{"rendered":"<p><a href=\"https:\/\/unox.com.tr\/wp-content\/uploads\/2023\/01\/3-PARCALI-3-YOLLU-DISLI-PASLANMAZ-KURESEL-VANA.pdf\" target=\"_blank\" rel=\"noopener\"><button style=\"background-color: #11224b; color: #ffffff; padding: 10px 15px; font-family: montserrat; font-weight: bold; font-size: 19px; border-radius: 10px;\"><img decoding=\"async\" style=\"width: 25px; height: 25px;\" src=\"https:\/\/unox.com.tr\/wp-content\/uploads\/2023\/02\/pdf-1.png\">CATALOGUE DES PRODUITS<\/button><\/a><\/p>\n<p><button style=\"background-color: #11224b; margin-top: 5px; color: white; padding: 0px 15px; width: 150px; height: 55px; border-radius: 10px; border: none; cursor: pointer;\"><br \/>\n<img decoding=\"async\" style=\"width: 120px; height: 30px;\" src=\"https:\/\/unox.com.tr\/wp-content\/uploads\/2023\/02\/4-1.svg\"><\/button><\/p>\n","protected":false},"featured_media":69794,"comment_status":"closed","ping_status":"closed","template":"","meta":{"_joinchat":[]},"product_brand":[],"product_cat":[1149,1138,1630],"product_tag":[],"class_list":{"0":"post-55261","1":"product","2":"type-product","3":"status-publish","4":"has-post-thumbnail","6":"product_cat-vannes-a-bille","7":"product_cat-groupe-de-vanne","8":"product_cat-vanne-en-acier-inoxydable","10":"first","11":"instock","12":"shipping-taxable","13":"product-type-simple"},"_links":{"self":[{"href":"https:\/\/unox.com.tr\/fr\/wp-json\/wp\/v2\/product\/55261","targetHints":{"allow":["GET"]}}],"collection":[{"href":"https:\/\/unox.com.tr\/fr\/wp-json\/wp\/v2\/product"}],"about":[{"href":"https:\/\/unox.com.tr\/fr\/wp-json\/wp\/v2\/types\/product"}],"replies":[{"embeddable":true,"href":"https:\/\/unox.com.tr\/fr\/wp-json\/wp\/v2\/comments?post=55261"}],"version-history":[{"count":0,"href":"https:\/\/unox.com.tr\/fr\/wp-json\/wp\/v2\/product\/55261\/revisions"}],"wp:featuredmedia":[{"embeddable":true,"href":"https:\/\/unox.com.tr\/fr\/wp-json\/wp\/v2\/media\/69794"}],"wp:attachment":[{"href":"https:\/\/unox.com.tr\/fr\/wp-json\/wp\/v2\/media?parent=55261"}],"wp:term":[{"taxonomy":"product_brand","embeddable":true,"href":"https:\/\/unox.com.tr\/fr\/wp-json\/wp\/v2\/product_brand?post=55261"},{"taxonomy":"product_cat","embeddable":true,"href":"https:\/\/unox.com.tr\/fr\/wp-json\/wp\/v2\/product_cat?post=55261"},{"taxonomy":"product_tag","embeddable":true,"href":"https:\/\/unox.com.tr\/fr\/wp-json\/wp\/v2\/product_tag?post=55261"}],"curies":[{"name":"wp","href":"https:\/\/api.w.org\/{rel}","templated":true}]}}