{"id":55268,"date":"2020-09-18T07:01:07","date_gmt":"2020-09-18T07:01:07","guid":{"rendered":"https:\/\/unox.com.tr\/urun\/vanne-papillon-de-type-plaquette-vanne-en-nickel\/"},"modified":"2020-09-18T07:01:07","modified_gmt":"2020-09-18T04:01:07","slug":"vanne-papillon-de-type-plaquette-vanne-en-nickel","status":"publish","type":"product","link":"https:\/\/unox.com.tr\/fr\/vanne-papillon-de-type-plaquette-vanne-en-nickel\/","title":{"rendered":"Vanne Papillon de Type Plaquette (Vanne en Nickel)"},"content":{"rendered":"<div id=\"ez-toc-container\" class=\"ez-toc-v2_0_82_2 counter-hierarchy ez-toc-counter ez-toc-grey ez-toc-container-direction\">\n<div class=\"ez-toc-title-container\">\n<p class=\"ez-toc-title\" style=\"cursor:inherit\">Sayfa \u0130\u00e7eri\u011fi<\/p>\n<span class=\"ez-toc-title-toggle\"><a href=\"#\" class=\"ez-toc-pull-right ez-toc-btn ez-toc-btn-xs ez-toc-btn-default ez-toc-toggle\" aria-label=\"Toggle Table of Content\"><span class=\"ez-toc-js-icon-con\"><span class=\"\"><span class=\"eztoc-hide\" style=\"display:none;\">Toggle<\/span><span class=\"ez-toc-icon-toggle-span\"><svg style=\"fill: #999;color:#999\" xmlns=\"http:\/\/www.w3.org\/2000\/svg\" class=\"list-377408\" width=\"20px\" height=\"20px\" viewBox=\"0 0 24 24\" fill=\"none\"><path d=\"M6 6H4v2h2V6zm14 0H8v2h12V6zM4 11h2v2H4v-2zm16 0H8v2h12v-2zM4 16h2v2H4v-2zm16 0H8v2h12v-2z\" fill=\"currentColor\"><\/path><\/svg><svg style=\"fill: #999;color:#999\" class=\"arrow-unsorted-368013\" xmlns=\"http:\/\/www.w3.org\/2000\/svg\" width=\"10px\" height=\"10px\" viewBox=\"0 0 24 24\" version=\"1.2\" baseProfile=\"tiny\"><path d=\"M18.2 9.3l-6.2-6.3-6.2 6.3c-.2.2-.3.4-.3.7s.1.5.3.7c.2.2.4.3.7.3h11c.3 0 .5-.1.7-.3.2-.2.3-.5.3-.7s-.1-.5-.3-.7zM5.8 14.7l6.2 6.3 6.2-6.3c.2-.2.3-.5.3-.7s-.1-.5-.3-.7c-.2-.2-.4-.3-.7-.3h-11c-.3 0-.5.1-.7.3-.2.2-.3.5-.3.7s.1.5.3.7z\"\/><\/svg><\/span><\/span><\/span><\/a><\/span><\/div>\n<nav><ul class='ez-toc-list ez-toc-list-level-1 ' ><li class='ez-toc-page-1 ez-toc-heading-level-2'><a class=\"ez-toc-link ez-toc-heading-1\" href=\"https:\/\/unox.com.tr\/fr\/vanne-papillon-de-type-plaquette-vanne-en-nickel\/#Quest-ce_quune_vanne_papillon_de_type_Wafer\" >Qu&rsquo;est-ce qu&rsquo;une vanne papillon de type Wafer ?<\/a><\/li><li class='ez-toc-page-1 ez-toc-heading-level-2'><a class=\"ez-toc-link ez-toc-heading-2\" href=\"https:\/\/unox.com.tr\/fr\/vanne-papillon-de-type-plaquette-vanne-en-nickel\/#Comment_fonctionne_une_vanne_papillon_de_type_Wafer\" >Comment fonctionne une vanne papillon de type Wafer ?<\/a><\/li><li class='ez-toc-page-1 ez-toc-heading-level-2'><a class=\"ez-toc-link ez-toc-heading-3\" href=\"https:\/\/unox.com.tr\/fr\/vanne-papillon-de-type-plaquette-vanne-en-nickel\/#Caracteristiques_du_produit\" >Caract\u00e9ristiques du produit<\/a><\/li><li class='ez-toc-page-1 ez-toc-heading-level-2'><a class=\"ez-toc-link ez-toc-heading-4\" href=\"https:\/\/unox.com.tr\/fr\/vanne-papillon-de-type-plaquette-vanne-en-nickel\/#Champ_dapplication\" >Champ d&rsquo;application<\/a><\/li><\/ul><\/nav><\/div>\n<h2><span class=\"ez-toc-section\" id=\"Quest-ce_quune_vanne_papillon_de_type_Wafer\"><\/span><span style=\"font-size: 22px;\">Qu&rsquo;est-ce qu&rsquo;une vanne papillon de type Wafer ?<\/span><span class=\"ez-toc-section-end\"><\/span><\/h2>\n<p><strong>Les vannes papillon<\/strong>; Il effectue l&rsquo;op\u00e9ration marche-arr\u00eat en faisant tourner des disques en nickel, en acier inoxydable ou en diff\u00e9rents mat\u00e9riaux (AISI304, AISI316, AL-BR) fix\u00e9s autour d&rsquo;un arbre au centre. Les vannes papillon remplissent la fonction de d\u00e9marrer, de ralentir ou de bloquer compl\u00e8tement le flux de liquide ou de gaz en comprimant le disque autour de l&rsquo;arbre avec un joint en caoutchouc ou en plastique. C&rsquo;est l&rsquo;\u00e9quipement permettant d&rsquo;arr\u00eater, de r\u00e9guler ou de d\u00e9marrer le d\u00e9bit, qui comporte un volet pouvant effectuer un quart de tour sur lui-m\u00eame et un joint d&rsquo;\u00e9tanch\u00e9it\u00e9.<\/p>\n<h2><span class=\"ez-toc-section\" id=\"Comment_fonctionne_une_vanne_papillon_de_type_Wafer\"><\/span><span style=\"font-size: 22px;\">Comment fonctionne une vanne papillon de type Wafer ?<\/span><span class=\"ez-toc-section-end\"><\/span><\/h2>\n<p><strong>Les vannes papillon de type Wafer<\/strong> sont de type vanne avec des oreilles saillantes couvrant tout le corps, con\u00e7ues pour correspondre aux trous de boulon sur la bride \u00e0 laquelle elles seront connect\u00e9es. Il est mont\u00e9 entre deux brides en le fixant avec des boulons, des goujons et des \u00e9crous. Cela rend impossible de d\u00e9connecter un seul c\u00f4t\u00e9 du syst\u00e8me de tuyauterie de la vanne. En plus de fournir une commande manuelle, il convient \u00e9galement pour une utilisation en montant des actionneurs pneumatiques et des actionneurs \u00e9lectriques.<\/p>\n<p>Il est plac\u00e9 entre les brides des tuyaux et les boulons des brides entourent le corps de la vanne. Il est facile \u00e0 installer mais ne peut pas \u00eatre utilis\u00e9 comme vanne d&rsquo;isolement. En plus de fournir une commande manuelle, il convient \u00e9galement pour une utilisation en montant un <strong>actionneur pneumatique<\/strong> et un <strong>actionneur \u00e9lectrique.<\/strong><\/p>\n<h2><span class=\"ez-toc-section\" id=\"Caracteristiques_du_produit\"><\/span><span style=\"font-size: 22px;\">Caract\u00e9ristiques du produit<\/span><span class=\"ez-toc-section-end\"><\/span><\/h2>\n<ul>\n<li><strong>Corps<\/strong> : Fonte Ductile GGG-40<\/li>\n<li><strong>Vanne<\/strong> : GGG-40.3 Fonte Ductile Nickel\u00e9e<\/li>\n<li><strong>Arbre<\/strong> : Acier Inoxydable AISI 420<\/li>\n<li><strong>Joint<\/strong> : EPDM<\/li>\n<li><strong>Max. Temp\u00e9rature de fonctionnement : <\/strong> 120 \u00baC<\/li>\n<li><strong>Pression de service<\/strong> : PN16 (DN25 &#8211; DN300)<\/li>\n<li><strong>Peinture<\/strong> : Rev\u00eatement en poudre \u00e9lectrostatique<\/li>\n<li><strong>Connexion<\/strong> : Wafer Type ISO 7005-1 EN 1092-1<\/li>\n<\/ul>\n<h2><span class=\"ez-toc-section\" id=\"Champ_dapplication\"><\/span><span style=\"font-size: 22px;\">Champ d&rsquo;application<\/span><span class=\"ez-toc-section-end\"><\/span><\/h2>\n<ul>\n<li>Syst\u00e8mes de chauffage, ventilation et climatisation<\/li>\n<li>Syst\u00e8mes de traitement et de distribution d&rsquo;eau<\/li>\n<li>Industrie mini\u00e8re<\/li>\n<li>Installations de construction navale et de forage<\/li>\n<li>Entreprises alimentaires et chimiques<\/li>\n<li>Syst\u00e8mes d&rsquo;extinction d&rsquo;incendie<\/li>\n<li>Eau, eau de mer, poussi\u00e8re, gaz, eaux us\u00e9es et air<\/li>\n<\/ul>\n","protected":false},"excerpt":{"rendered":"<p><a href=\"https:\/\/unox.com.tr\/wp-content\/uploads\/2023\/01\/Wafer-Tip-Nikel.pdf\" target=\"_blank\" rel=\"noopener\"><button style=\"background-color: #11224b; color: #ffffff; padding: 10px 15px; font-family: montserrat; font-weight: bold; font-size: 19px; border-radius: 10px;\"><img decoding=\"async\" style=\"width: 25px; height: 25px;\" src=\"https:\/\/unox.com.tr\/wp-content\/uploads\/2023\/02\/pdf-1.png\">CATALOGUE DES PRODUITS<\/button><\/a><\/p>\n<p><button style=\"background-color: #11224b; margin-top: 5px; color: white; padding: 0px 15px; width: 150px; height: 55px; border-radius: 10px; border: none; cursor: pointer;\"><br \/>\n<img decoding=\"async\" style=\"width: 120px; height: 30px;\" src=\"https:\/\/unox.com.tr\/wp-content\/uploads\/2023\/02\/4-1.svg\"><\/button><\/p>\n","protected":false},"featured_media":70180,"comment_status":"closed","ping_status":"closed","template":"","meta":{"_joinchat":[]},"product_brand":[],"product_cat":[1573,1138],"product_tag":[],"class_list":{"0":"post-55268","1":"product","2":"type-product","3":"status-publish","4":"has-post-thumbnail","6":"product_cat-vannes-vapillon","7":"product_cat-groupe-de-vanne","9":"first","10":"instock","11":"shipping-taxable","12":"product-type-simple"},"_links":{"self":[{"href":"https:\/\/unox.com.tr\/fr\/wp-json\/wp\/v2\/product\/55268","targetHints":{"allow":["GET"]}}],"collection":[{"href":"https:\/\/unox.com.tr\/fr\/wp-json\/wp\/v2\/product"}],"about":[{"href":"https:\/\/unox.com.tr\/fr\/wp-json\/wp\/v2\/types\/product"}],"replies":[{"embeddable":true,"href":"https:\/\/unox.com.tr\/fr\/wp-json\/wp\/v2\/comments?post=55268"}],"version-history":[{"count":0,"href":"https:\/\/unox.com.tr\/fr\/wp-json\/wp\/v2\/product\/55268\/revisions"}],"wp:featuredmedia":[{"embeddable":true,"href":"https:\/\/unox.com.tr\/fr\/wp-json\/wp\/v2\/media\/70180"}],"wp:attachment":[{"href":"https:\/\/unox.com.tr\/fr\/wp-json\/wp\/v2\/media?parent=55268"}],"wp:term":[{"taxonomy":"product_brand","embeddable":true,"href":"https:\/\/unox.com.tr\/fr\/wp-json\/wp\/v2\/product_brand?post=55268"},{"taxonomy":"product_cat","embeddable":true,"href":"https:\/\/unox.com.tr\/fr\/wp-json\/wp\/v2\/product_cat?post=55268"},{"taxonomy":"product_tag","embeddable":true,"href":"https:\/\/unox.com.tr\/fr\/wp-json\/wp\/v2\/product_tag?post=55268"}],"curies":[{"name":"wp","href":"https:\/\/api.w.org\/{rel}","templated":true}]}}