{"id":55270,"date":"2020-09-18T06:56:04","date_gmt":"2020-09-18T03:56:04","guid":{"rendered":"https:\/\/unox.com.tr\/urun\/vanne-papillon-a-engrenages-u-pvc\/"},"modified":"2020-09-18T06:56:04","modified_gmt":"2020-09-18T03:56:04","slug":"vanne-papillon-a-engrenages-u-pvc","status":"publish","type":"product","link":"https:\/\/unox.com.tr\/fr\/vanne-papillon-a-engrenages-u-pvc\/","title":{"rendered":"Vanne Papillon \u00e0 Engrenages U-PVC"},"content":{"rendered":"<h2><span style=\"font-size: 22px;\">Qu&rsquo;est-ce qu&rsquo;une vanne papillon \u00e0 engrenages U-PVC ?<\/span><\/h2>\n<p>les vannes papillon; Il effectue l&rsquo;op\u00e9ration marche-arr\u00eat en faisant tourner des disques en nickel, en acier inoxydable ou en diff\u00e9rents mat\u00e9riaux (AISI304, AISI316, AL-BR) fix\u00e9s autour d&rsquo;un arbre au centre. Il remplit la fonction de d\u00e9marrage, de ralentissement ou de blocage complet du flux de liquide ou de gaz en comprimant le disque autour de l&rsquo;arbre avec un joint en caoutchouc ou en plastique. C&rsquo;est l&rsquo;\u00e9quipement permettant d&rsquo;arr\u00eater, de r\u00e9guler ou de d\u00e9marrer le d\u00e9bit, qui comporte un volet pouvant effectuer un quart de tour sur lui-m\u00eame et un joint d&rsquo;\u00e9tanch\u00e9it\u00e9.<\/p>\n<p>Les vannes papillon \u00e0 engrenages sont con\u00e7ues comme modulaires. De cette mani\u00e8re, les diff\u00e9rentes options souhait\u00e9es sur le corps principal peuvent \u00eatre appliqu\u00e9es facilement et rapidement. Les joints utilis\u00e9s dans les vannes sont EPDM et FPM. Si vous le souhaitez, des joints en d&rsquo;autres mat\u00e9riaux peuvent \u00e9galement \u00eatre appliqu\u00e9s.<\/p>\n<h2><span style=\"font-size: 22px;\">Qu&rsquo;est-ce qu&rsquo;un r\u00e9ducteur ?<\/span><\/h2>\n<p>Un r\u00e9ducteur est un moyen de r\u00e9duire l&rsquo;\u00e9nergie ou la puissance de mouvement dans un syst\u00e8me m\u00e9canique. Il est g\u00e9n\u00e9ralement utilis\u00e9 pour r\u00e9duire ou modifier la puissance de rotation des moteurs. Il peut \u00e9galement \u00eatre utilis\u00e9 pour augmenter la vitesse et le couple des syst\u00e8mes m\u00e9caniques. Les bo\u00eetes de vitesses se composent d&rsquo;une s\u00e9rie d&rsquo;engrenages et d&rsquo;arbres et sont g\u00e9n\u00e9ralement constitu\u00e9es de mat\u00e9riaux m\u00e9talliques. Ses domaines d&rsquo;utilisation sont tr\u00e8s larges et il peut \u00eatre utilis\u00e9 dans les machines et \u00e9quipements industriels, les v\u00e9hicules, les appareils \u00e9lectrom\u00e9nagers et m\u00eame certains jouets.<\/p>\n<p>Il offre une facilit\u00e9 de mouvement de 80 % dans les syst\u00e8mes avec une rotation de 90\u00b0 dans les vannes \u00e0 boisseau sph\u00e9rique, papillon et \u00e0 boisseau. Il est recommand\u00e9 de l&rsquo;utiliser en particulier dans les tailles DN150 &#8211; DN300. Il est obligatoire d&rsquo;utiliser dans des diam\u00e8tres de DN350 et plus.<\/p>\n<h4><span class=\"ez-toc-section\" id=\"Les_caracteristiques_generales_du_polyethylene_sont_les_suivantes\"><\/span>Les caract\u00e9ristiques g\u00e9n\u00e9rales du poly\u00e9thyl\u00e8ne sont les suivantes :<span class=\"ez-toc-section-end\"><\/span><\/h4>\n<ul>\n<li>C&rsquo;est solide<\/li>\n<li>R\u00e9sistant aux acides, bases et solvants<\/li>\n<li>Les propri\u00e9t\u00e9s di\u00e9lectriques sont sup\u00e9rieures<\/li>\n<li>Il est r\u00e9sistant aux conditions environnementales.<\/li>\n<\/ul>\n","protected":false},"excerpt":{"rendered":"<p><a href=\"https:\/\/unox.com.tr\/wp-content\/uploads\/2023\/01\/U-PVC-Reduktorlu-Kelebek-Vana.pdf\" target=\"_blank\" rel=\"noopener\"><button style=\"background-color: #11224b; color: #ffffff; padding: 10px 15px; font-family: montserrat; font-weight: bold; font-size: 19px; border-radius: 10px;\"><img decoding=\"async\" style=\"width: 25px; height: 25px;\" src=\"https:\/\/unox.com.tr\/wp-content\/uploads\/2023\/02\/pdf-1.png\">CATALOGUE DES PRODUITS<\/button><\/a><\/p>\n<p><button style=\"background-color: #11224b; margin-top: 5px; color: white; padding: 0px 15px; width: 150px; height: 55px; border-radius: 10px; border: none; cursor: pointer;\"><br \/>\n<img decoding=\"async\" style=\"width: 120px; height: 30px;\" src=\"https:\/\/unox.com.tr\/wp-content\/uploads\/2023\/02\/4-1.svg\"><\/button><\/p>\n","protected":false},"featured_media":37002,"comment_status":"open","ping_status":"closed","template":"","meta":[],"product_brand":[],"product_cat":[1593,1138,1573],"product_tag":[],"class_list":{"0":"post-55270","1":"product","2":"type-product","3":"status-publish","4":"has-post-thumbnail","6":"product_cat-boites-de-vitesses","7":"product_cat-groupe-de-vanne","8":"product_cat-vannes-vapillon","10":"first","11":"instock","12":"shipping-taxable","13":"product-type-simple"},"_links":{"self":[{"href":"https:\/\/unox.com.tr\/fr\/wp-json\/wp\/v2\/product\/55270","targetHints":{"allow":["GET"]}}],"collection":[{"href":"https:\/\/unox.com.tr\/fr\/wp-json\/wp\/v2\/product"}],"about":[{"href":"https:\/\/unox.com.tr\/fr\/wp-json\/wp\/v2\/types\/product"}],"replies":[{"embeddable":true,"href":"https:\/\/unox.com.tr\/fr\/wp-json\/wp\/v2\/comments?post=55270"}],"version-history":[{"count":0,"href":"https:\/\/unox.com.tr\/fr\/wp-json\/wp\/v2\/product\/55270\/revisions"}],"wp:featuredmedia":[{"embeddable":true,"href":"https:\/\/unox.com.tr\/fr\/wp-json\/wp\/v2\/media\/37002"}],"wp:attachment":[{"href":"https:\/\/unox.com.tr\/fr\/wp-json\/wp\/v2\/media?parent=55270"}],"wp:term":[{"taxonomy":"product_brand","embeddable":true,"href":"https:\/\/unox.com.tr\/fr\/wp-json\/wp\/v2\/product_brand?post=55270"},{"taxonomy":"product_cat","embeddable":true,"href":"https:\/\/unox.com.tr\/fr\/wp-json\/wp\/v2\/product_cat?post=55270"},{"taxonomy":"product_tag","embeddable":true,"href":"https:\/\/unox.com.tr\/fr\/wp-json\/wp\/v2\/product_tag?post=55270"}],"curies":[{"name":"wp","href":"https:\/\/api.w.org\/{rel}","templated":true}]}}