{"id":55271,"date":"2020-09-18T06:55:20","date_gmt":"2020-09-18T06:55:20","guid":{"rendered":"https:\/\/unox.com.tr\/urun\/reducteur\/"},"modified":"2020-09-18T06:55:20","modified_gmt":"2020-09-18T03:55:20","slug":"reducteur","status":"publish","type":"product","link":"https:\/\/unox.com.tr\/fr\/reducteur\/","title":{"rendered":"R\u00e9ducteur"},"content":{"rendered":"<h2><span style=\"font-size: 22px;\">Qu&rsquo;est-ce qu&rsquo;un r\u00e9ducteur ?<\/span><\/h2>\n<p>Un r\u00e9ducteur est un moyen de r\u00e9duire l&rsquo;\u00e9nergie ou la puissance de mouvement dans un syst\u00e8me m\u00e9canique. Il est g\u00e9n\u00e9ralement utilis\u00e9 pour r\u00e9duire ou modifier la puissance de rotation des moteurs. Il peut \u00e9galement \u00eatre utilis\u00e9 pour augmenter la vitesse et le couple des syst\u00e8mes m\u00e9caniques. Les bo\u00eetes de vitesses se composent d&rsquo;une s\u00e9rie d&rsquo;engrenages et d&rsquo;arbres et sont g\u00e9n\u00e9ralement constitu\u00e9es de mat\u00e9riaux m\u00e9talliques. Ses domaines d&rsquo;utilisation sont tr\u00e8s larges et il peut \u00eatre utilis\u00e9 dans les machines et \u00e9quipements industriels, les v\u00e9hicules, les appareils \u00e9lectrom\u00e9nagers et m\u00eame certains jouets.<\/p>\n<p>Il offre une facilit\u00e9 de mouvement de 80 % dans les syst\u00e8mes avec une rotation de 90\u00b0 dans les vannes \u00e0 boisseau sph\u00e9rique, papillon et \u00e0 boisseau. Il est recommand\u00e9 de l&rsquo;utiliser en particulier dans les tailles DN150 &#8211; DN300. Il est obligatoire d&rsquo;utiliser dans des diam\u00e8tres de DN350 et plus.<\/p>\n<h2><span class=\"ez-toc-section\" id=\"Ou_est_utilise_le_reducteur\"><\/span><span style=\"font-size: 22px;\">O\u00f9 est utilis\u00e9 le r\u00e9ducteur ?<\/span><span class=\"ez-toc-section-end\"><\/span><\/h2>\n<p>Les r\u00e9ducteurs m\u00e9caniques quart de tour Unox conviennent \u00e0 une utilisation dans les applications industrielles g\u00e9n\u00e9rales, les processus chimiques, les syst\u00e8mes de CVC et d&rsquo;irrigation. Il peut \u00eatre utilis\u00e9 dans une tr\u00e8s large gamme et est utilis\u00e9 dans de nombreuses applications industrielles et commerciales diff\u00e9rentes. Par exemple:<\/p>\n<ul>\n<li>Il est utilis\u00e9 pour r\u00e9guler les conditions de travail et les charges des machines et \u00e9quipements industriels. Par exemple, dans un syst\u00e8me de grue, il est utilis\u00e9 pour convertir la puissance renvoy\u00e9e par le moteur en vitesse et en couple qui d\u00e9placeront la grue.<\/li>\n<li>Il est utilis\u00e9 pour r\u00e9guler les puissances des moteurs qui aident les v\u00e9hicules \u00e0 se d\u00e9placer. Par exemple, il est utilis\u00e9 pour convertir la puissance renvoy\u00e9e par le moteur qui d\u00e9place les roues arri\u00e8re d&rsquo;une voiture en la vitesse et le couple auxquels les roues peuvent se d\u00e9placer.<\/li>\n<li>Il est \u00e9galement utilis\u00e9 pour r\u00e9guler les conditions de travail et les charges des appareils \u00e9lectrom\u00e9nagers. Par exemple, il est utilis\u00e9 pour convertir la puissance renvoy\u00e9e par le moteur d&rsquo;un aspirateur en la vitesse et le couple auxquels l&rsquo;aspirateur peut se d\u00e9placer.<\/li>\n<\/ul>\n<p>Ces exemples ne montrent que quelques utilisations, mais en r\u00e9alit\u00e9 il y en a beaucoup plus.<\/p>\n<h2><span class=\"ez-toc-section\" id=\"Caracteristiques_du_produit\"><\/span><span style=\"font-size: 22px;\">Caract\u00e9ristiques du produit<\/span><span class=\"ez-toc-section-end\"><\/span><\/h2>\n<ul>\n<li><strong>Corps<\/strong> : Fonte GG25<\/li>\n<li><strong>Connexions<\/strong> : ISO 5211<\/li>\n<\/ul>\n<p>&nbsp;<\/p>\n<p><img decoding=\"async\" class=\"alignnone wp-image-37822\" src=\"https:\/\/unox.com.tr\/wp-content\/themes\/woodmart\/images\/lazy.svg\" data-src=\"https:\/\/unox.com.tr\/wp-content\/uploads\/2020\/09\/reduktor-3-300x250.png\" alt=\"\" width=\"627\" height=\"523\" title=\"\" srcset=\"\" data-srcset=\"https:\/\/unox.com.tr\/wp-content\/uploads\/2020\/09\/reduktor-3-300x250.png 300w, https:\/\/unox.com.tr\/wp-content\/uploads\/2020\/09\/reduktor-3-150x125.png 150w, https:\/\/unox.com.tr\/wp-content\/uploads\/2020\/09\/reduktor-3-600x501.png 600w, https:\/\/unox.com.tr\/wp-content\/uploads\/2020\/09\/reduktor-3-640x534.png 640w, https:\/\/unox.com.tr\/wp-content\/uploads\/2020\/09\/reduktor-3-400x334.png 400w, https:\/\/unox.com.tr\/wp-content\/uploads\/2020\/09\/reduktor-3-367x306.png 367w, https:\/\/unox.com.tr\/wp-content\/uploads\/2020\/09\/reduktor-3.png 703w\" sizes=\"(max-width: 627px) 100vw, 627px\" \/><\/p>\n","protected":false},"excerpt":{"rendered":"<p><a href=\"https:\/\/unox.com.tr\/wp-content\/uploads\/2023\/01\/Reduktor.pdf\" target=\"_blank\" rel=\"noopener\"><button style=\"background-color: #11224b; color: #ffffff; padding: 10px 15px; font-family: montserrat; font-weight: bold; font-size: 19px; border-radius: 10px;\"><img decoding=\"async\" style=\"width: 25px; height: 25px;\" src=\"https:\/\/unox.com.tr\/wp-content\/uploads\/2023\/02\/pdf-1.png\">CATALOGUE DES PRODUITS<\/button><\/a><\/p>\n<p><button style=\"background-color: #11224b; margin-top: 5px; color: white; padding: 0px 15px; width: 150px; height: 55px; border-radius: 10px; border: none; cursor: pointer;\"><br \/>\n<img decoding=\"async\" style=\"width: 120px; height: 30px;\" src=\"https:\/\/unox.com.tr\/wp-content\/uploads\/2023\/02\/4-1.svg\"><\/button><\/p>\n","protected":false},"featured_media":69193,"comment_status":"closed","ping_status":"closed","template":"","meta":[],"product_brand":[],"product_cat":[1593,1138],"product_tag":[],"class_list":{"0":"post-55271","1":"product","2":"type-product","3":"status-publish","4":"has-post-thumbnail","6":"product_cat-boites-de-vitesses","7":"product_cat-groupe-de-vanne","9":"first","10":"instock","11":"shipping-taxable","12":"product-type-simple"},"_links":{"self":[{"href":"https:\/\/unox.com.tr\/fr\/wp-json\/wp\/v2\/product\/55271","targetHints":{"allow":["GET"]}}],"collection":[{"href":"https:\/\/unox.com.tr\/fr\/wp-json\/wp\/v2\/product"}],"about":[{"href":"https:\/\/unox.com.tr\/fr\/wp-json\/wp\/v2\/types\/product"}],"replies":[{"embeddable":true,"href":"https:\/\/unox.com.tr\/fr\/wp-json\/wp\/v2\/comments?post=55271"}],"version-history":[{"count":0,"href":"https:\/\/unox.com.tr\/fr\/wp-json\/wp\/v2\/product\/55271\/revisions"}],"wp:featuredmedia":[{"embeddable":true,"href":"https:\/\/unox.com.tr\/fr\/wp-json\/wp\/v2\/media\/69193"}],"wp:attachment":[{"href":"https:\/\/unox.com.tr\/fr\/wp-json\/wp\/v2\/media?parent=55271"}],"wp:term":[{"taxonomy":"product_brand","embeddable":true,"href":"https:\/\/unox.com.tr\/fr\/wp-json\/wp\/v2\/product_brand?post=55271"},{"taxonomy":"product_cat","embeddable":true,"href":"https:\/\/unox.com.tr\/fr\/wp-json\/wp\/v2\/product_cat?post=55271"},{"taxonomy":"product_tag","embeddable":true,"href":"https:\/\/unox.com.tr\/fr\/wp-json\/wp\/v2\/product_tag?post=55271"}],"curies":[{"name":"wp","href":"https:\/\/api.w.org\/{rel}","templated":true}]}}