{"id":55274,"date":"2020-09-18T06:51:47","date_gmt":"2020-09-18T03:51:47","guid":{"rendered":"https:\/\/unox.com.tr\/urun\/vanne-a-guillotine-manuelle\/"},"modified":"2020-09-18T06:51:47","modified_gmt":"2020-09-18T03:51:47","slug":"vanne-a-guillotine-manuelle","status":"publish","type":"product","link":"https:\/\/unox.com.tr\/fr\/vanne-a-guillotine-manuelle\/","title":{"rendered":"Vanne \u00e0 Guillotine Manuelle"},"content":{"rendered":"<h2><span style=\"font-size: 22px;\">Qu&rsquo;est-ce qu&rsquo;une vanne \u00e0 guillotine manuelle ?<\/span><\/h2>\n<p>Une vanne \u00e0 guillotine manuelle est un type de vanne qui utilise une vanne ou un disque en forme de coin pour contr\u00f4ler le d\u00e9bit de fluide dans un pipeline. La porte est actionn\u00e9e manuellement en tournant un levier ou une roue, qui soul\u00e8ve ou abaisse la porte pour ouvrir ou fermer la vanne. La porte a un bord tranchant, d&rsquo;o\u00f9 la soi-disant \u00ab\u00a0porte couteau\u00a0\u00bb qui lui permet de couper \u00e0 travers les solides qui peuvent \u00eatre pr\u00e9sents dans le liquide. Ce type de vanne est couramment utilis\u00e9 dans les applications o\u00f9 une fermeture rapide est requise, telles que les syst\u00e8mes d&rsquo;irrigation, les usines de traitement des eaux us\u00e9es et les lignes de processus industriels. Il est \u00e9galement souvent utilis\u00e9 dans les applications o\u00f9 des solides sont cens\u00e9s \u00eatre pr\u00e9sents dans le liquide, car le bord tranchant de la porte lui permet de couper et de fermer efficacement le flux de solides.<\/p>\n<h2><span class=\"ez-toc-section\" id=\"Informations_techniques_sur_la_vanne_a_guillotine_manuelle\"><\/span><span style=\"font-size: 22px;\">Informations techniques sur la vanne \u00e0 guillotine manuelle<\/span><span class=\"ez-toc-section-end\"><\/span><\/h2>\n<ul>\n<li><strong>Corps<\/strong> : GGG-40<\/li>\n<li><strong>Lame<\/strong> : AISI 304, AISI 316<\/li>\n<li><strong>Anneau de si\u00e8ge<\/strong> : EPDM, NBR, Viton, T\u00e9flon<\/li>\n<li><strong>Temp\u00e9rature de Fonctionnement<\/strong> : -10 \u00baC \/ +110 \u00baC<\/li>\n<li><strong>Pression de Travail<\/strong> : 16 Bars<\/li>\n<li><strong>Classe de Pression<\/strong> : PN16<\/li>\n<\/ul>\n<h2><span class=\"ez-toc-section\" id=\"Caracteristiques_Generales\"><\/span><span style=\"font-size: 22px;\">Caract\u00e9ristiques G\u00e9n\u00e9rales<\/span><span class=\"ez-toc-section-end\"><\/span><\/h2>\n<ul>\n<li>Un scellement unidirectionnel est disponible, il convient de pr\u00eater attention au sens de l&rsquo;installation.<\/li>\n<li>Il peut \u00eatre install\u00e9 entre deux brides \u00e0 l&rsquo;extr\u00e9mit\u00e9 d&rsquo;une canalisation ou en utilisant une bride oppos\u00e9e. Une bride PN10 est disponible.<\/li>\n<li>Le joint d&rsquo;\u00e9tanch\u00e9it\u00e9 Klepe peut \u00eatre remplac\u00e9 en ligne.<\/li>\n<li>Convient pour le montage d&rsquo;un actionneur gr\u00e2ce \u00e0 la bride sup\u00e9rieure.<\/li>\n<li>Un si\u00e8ge d&rsquo;\u00e9tanch\u00e9it\u00e9 en caoutchouc EPDM est plac\u00e9 \u00e0 l&rsquo;int\u00e9rieur du corps.<\/li>\n<li>Des mod\u00e8les \u00e0 volant d&rsquo;inertie manuel, \u00e0 piston pneumatique, \u00e0 actionneur \u00e9lectrique et \u00e0 bo\u00eete de vitesses sont disponibles.<\/li>\n<\/ul>\n<h2><span style=\"font-size: 22px;\">Champ d&rsquo;application<\/span><\/h2>\n<ul>\n<li>Liquides de boue<\/li>\n<li>D\u00e9chets, eau chaude, eau froide<\/li>\n<li>Installation de l&rsquo;usine<\/li>\n<li>Installations de traitement des eaux<\/li>\n<li>Stations de pompage<\/li>\n<li>R\u00e9servoirs<\/li>\n<li>Applications pour l&rsquo;eau de mer<\/li>\n<li>Centrales \u00e9lectriques<\/li>\n<li>Applications industrielles<\/li>\n<\/ul>\n","protected":false},"excerpt":{"rendered":"<p><a href=\"https:\/\/unox.com.tr\/wp-content\/uploads\/2023\/01\/Manuel-Bicak-Surgulu-Vana.pdf\" target=\"_blank\" rel=\"noopener\"><button style=\"background-color: #11224b; color: #ffffff; padding: 10px 15px; font-family: montserrat; font-weight: bold; font-size: 19px; border-radius: 10px;\"><img decoding=\"async\" style=\"width: 25px; height: 25px;\" src=\"https:\/\/unox.com.tr\/wp-content\/uploads\/2023\/02\/pdf-1.png\">CATALOGUE DES PRODUITS<\/button><\/a><\/p>\n<p><button style=\"background-color: #11224b; margin-top: 5px; color: white; padding: 0px 15px; width: 150px; height: 55px; border-radius: 10px; border: none; cursor: pointer;\"><br \/>\n<img decoding=\"async\" style=\"width: 120px; height: 30px;\" src=\"https:\/\/unox.com.tr\/wp-content\/uploads\/2023\/02\/4-1.svg\"><\/button><\/p>\n","protected":false},"featured_media":34245,"comment_status":"open","ping_status":"closed","template":"","meta":[],"product_brand":[],"product_cat":[1140,1138],"product_tag":[],"class_list":{"0":"post-55274","1":"product","2":"type-product","3":"status-publish","4":"has-post-thumbnail","6":"product_cat-vannes-a-guillotine","7":"product_cat-groupe-de-vanne","9":"first","10":"instock","11":"shipping-taxable","12":"product-type-simple"},"_links":{"self":[{"href":"https:\/\/unox.com.tr\/fr\/wp-json\/wp\/v2\/product\/55274","targetHints":{"allow":["GET"]}}],"collection":[{"href":"https:\/\/unox.com.tr\/fr\/wp-json\/wp\/v2\/product"}],"about":[{"href":"https:\/\/unox.com.tr\/fr\/wp-json\/wp\/v2\/types\/product"}],"replies":[{"embeddable":true,"href":"https:\/\/unox.com.tr\/fr\/wp-json\/wp\/v2\/comments?post=55274"}],"version-history":[{"count":0,"href":"https:\/\/unox.com.tr\/fr\/wp-json\/wp\/v2\/product\/55274\/revisions"}],"wp:featuredmedia":[{"embeddable":true,"href":"https:\/\/unox.com.tr\/fr\/wp-json\/wp\/v2\/media\/34245"}],"wp:attachment":[{"href":"https:\/\/unox.com.tr\/fr\/wp-json\/wp\/v2\/media?parent=55274"}],"wp:term":[{"taxonomy":"product_brand","embeddable":true,"href":"https:\/\/unox.com.tr\/fr\/wp-json\/wp\/v2\/product_brand?post=55274"},{"taxonomy":"product_cat","embeddable":true,"href":"https:\/\/unox.com.tr\/fr\/wp-json\/wp\/v2\/product_cat?post=55274"},{"taxonomy":"product_tag","embeddable":true,"href":"https:\/\/unox.com.tr\/fr\/wp-json\/wp\/v2\/product_tag?post=55274"}],"curies":[{"name":"wp","href":"https:\/\/api.w.org\/{rel}","templated":true}]}}