{"id":55275,"date":"2020-09-18T06:50:09","date_gmt":"2020-09-18T03:50:09","guid":{"rendered":"https:\/\/unox.com.tr\/urun\/clapet-anti-retour-a-battant-de-type-wafer\/"},"modified":"2020-09-18T06:50:09","modified_gmt":"2020-09-18T03:50:09","slug":"clapet-anti-retour-a-battant-de-type-wafer","status":"publish","type":"product","link":"https:\/\/unox.com.tr\/fr\/clapet-anti-retour-a-battant-de-type-wafer\/","title":{"rendered":"Clapet Anti-Retour \u00e0 Battant de Type Wafer"},"content":{"rendered":"<h2><span style=\"font-size: 22px;\">Qu&rsquo;est-ce qu&rsquo;un clapet anti-retour \u00e0 battant de type Wafer ?<\/span><\/h2>\n<p>Un clapet anti-retour, \u00e9galement appel\u00e9 clapet anti-retour ou clapet anti-retour, est un dispositif m\u00e9canique qui permet au liquide ou au gaz de le traverser dans une seule direction. Il est con\u00e7u pour s&rsquo;arr\u00eater automatiquement lorsque le flux de fluide ou de gaz change de direction, emp\u00eachant le reflux. Il est largement utilis\u00e9 dans la plomberie, la tuyauterie et d&rsquo;autres syst\u00e8mes de manipulation de liquides pour maintenir le flux de liquide ou de gaz dans une direction sp\u00e9cifique et emp\u00eacher le refoulement. Ils sont \u00e9galement utilis\u00e9s dans une vari\u00e9t\u00e9 d&rsquo;autres applications telles que les ol\u00e9oducs et gazoducs, les syst\u00e8mes d&rsquo;irrigation et les processus industriels. Les clapets anti-retour sont disponibles dans une grande vari\u00e9t\u00e9 de tailles, de mat\u00e9riaux et de configurations pour s&rsquo;adapter \u00e0 diff\u00e9rentes applications et conditions de fonctionnement.<\/p>\n<h2><span class=\"ez-toc-section\" id=\"Comment_fonctionne_le_clapet_anti-retour_a_battant_de_type_Wafer\"><\/span><span style=\"font-size: 22px;\">Comment fonctionne le clapet anti-retour \u00e0 battant de type Wafer ?<\/span><span class=\"ez-toc-section-end\"><\/span><\/h2>\n<p>Clapets anti-retour; sont des vannes d&rsquo;arr\u00eat qui permettent un \u00e9coulement unidirectionnel et emp\u00eachent automatiquement le refoulement. Un clapet anti-retour \u00e0 battant est un disque oscillant mont\u00e9 sur une charni\u00e8re ou un arbre. Le disque oscille de la fente \u00e0 la position d&rsquo;ouverture pour permettre l&rsquo;\u00e9coulement vers l&rsquo;avant, et lorsque l&rsquo;\u00e9coulement s&rsquo;arr\u00eate, le disque revient dans la fente pour emp\u00eacher l&rsquo;\u00e9coulement inverse. Le poids du disque et le d\u00e9bit de retour affectent les caract\u00e9ristiques de fermeture de la vanne.<\/p>\n<h2><span class=\"ez-toc-section\" id=\"Caracteristiques_du_produit\"><\/span><span style=\"font-size: 22px;\">Caract\u00e9ristiques du produit<\/span><span class=\"ez-toc-section-end\"><\/span><\/h2>\n<ul>\n<li><strong>Joint<\/strong> : EPDM<\/li>\n<li><strong>Taille:<\/strong> DN25 &#8211; DN300<\/li>\n<li><strong>Max. Chaleur: <\/strong> 130 \u00baC<\/li>\n<\/ul>\n<h2><span style=\"font-size: 22px;\">Zones d&rsquo;utilisation<\/span><\/h2>\n<ul>\n<li>Syst\u00e8mes de chauffage \/ eau chaude,<\/li>\n<li>Syst\u00e8mes de traitement de l&rsquo;eau et d&rsquo;assainissement,<\/li>\n<li>Syst\u00e8mes de production et d&rsquo;alimentation de vapeur,<\/li>\n<li>Canalisations \u00e9nerg\u00e9tiques (eau, air, vapeur, etc.)<\/li>\n<li>Syst\u00e8mes de guidage pour raffineries et usines chimiques.<\/li>\n<\/ul>\n<h2><span class=\"ez-toc-section\" id=\"Applications\"><\/span><span style=\"font-size: 22px;\">Applications<\/span><span class=\"ez-toc-section-end\"><\/span><\/h2>\n<p>Il peut \u00eatre install\u00e9 entre les brides des canalisations pour les liquides, les gaz et les vapeurs, quel que soit leur emplacement.<\/p>\n<p>&nbsp;<\/p>\n<p><img decoding=\"async\" class=\" wp-image-41798\" src=\"https:\/\/unox.com.tr\/wp-content\/themes\/woodmart\/images\/lazy.svg\" data-src=\"https:\/\/unox.com.tr\/wp-content\/uploads\/2020\/09\/Ekran-Alintisi-300x105.png\" alt=\"Clapet anti-retour \u00e0 battant de type wafer\" width=\"480\" height=\"168\" title=\"\" srcset=\"\" data-srcset=\"https:\/\/unox.com.tr\/wp-content\/uploads\/2020\/09\/Ekran-Alintisi-300x105.png 300w, https:\/\/unox.com.tr\/wp-content\/uploads\/2020\/09\/Ekran-Alintisi-150x53.png 150w, https:\/\/unox.com.tr\/wp-content\/uploads\/2020\/09\/Ekran-Alintisi-400x141.png 400w, https:\/\/unox.com.tr\/wp-content\/uploads\/2020\/09\/Ekran-Alintisi-367x129.png 367w, https:\/\/unox.com.tr\/wp-content\/uploads\/2020\/09\/Ekran-Alintisi.png 538w\" sizes=\"(max-width: 480px) 100vw, 480px\" \/><\/p>\n","protected":false},"excerpt":{"rendered":"<p><a href=\"https:\/\/unox.com.tr\/wp-content\/uploads\/2023\/01\/Wafer-Tip-Calpara-Cekvalf.pdf\" target=\"_blank\" rel=\"noopener\"><button style=\"background-color: #11224b; color: #ffffff; padding: 10px 15px; font-family: montserrat; font-weight: bold; font-size: 19px; border-radius: 10px;\"><img decoding=\"async\" style=\"width: 25px; height: 25px;\" src=\"https:\/\/unox.com.tr\/wp-content\/uploads\/2023\/02\/pdf-1.png\">CATALOGUE DES PRODUITS<\/button><\/a><\/p>\n<p><button style=\"background-color: #11224b; margin-top: 5px; color: white; padding: 0px 15px; width: 150px; height: 55px; border-radius: 10px; border: none; cursor: pointer;\"><br \/>\n<img decoding=\"async\" style=\"width: 120px; height: 30px;\" src=\"https:\/\/unox.com.tr\/wp-content\/uploads\/2023\/02\/4-1.svg\"><\/button><\/p>\n","protected":false},"featured_media":30436,"comment_status":"open","ping_status":"closed","template":"","meta":[],"product_brand":[],"product_cat":[1572,1138],"product_tag":[],"class_list":{"0":"post-55275","1":"product","2":"type-product","3":"status-publish","4":"has-post-thumbnail","6":"product_cat-clapets-anti-retour","7":"product_cat-groupe-de-vanne","9":"first","10":"instock","11":"shipping-taxable","12":"product-type-simple"},"_links":{"self":[{"href":"https:\/\/unox.com.tr\/fr\/wp-json\/wp\/v2\/product\/55275","targetHints":{"allow":["GET"]}}],"collection":[{"href":"https:\/\/unox.com.tr\/fr\/wp-json\/wp\/v2\/product"}],"about":[{"href":"https:\/\/unox.com.tr\/fr\/wp-json\/wp\/v2\/types\/product"}],"replies":[{"embeddable":true,"href":"https:\/\/unox.com.tr\/fr\/wp-json\/wp\/v2\/comments?post=55275"}],"version-history":[{"count":0,"href":"https:\/\/unox.com.tr\/fr\/wp-json\/wp\/v2\/product\/55275\/revisions"}],"wp:featuredmedia":[{"embeddable":true,"href":"https:\/\/unox.com.tr\/fr\/wp-json\/wp\/v2\/media\/30436"}],"wp:attachment":[{"href":"https:\/\/unox.com.tr\/fr\/wp-json\/wp\/v2\/media?parent=55275"}],"wp:term":[{"taxonomy":"product_brand","embeddable":true,"href":"https:\/\/unox.com.tr\/fr\/wp-json\/wp\/v2\/product_brand?post=55275"},{"taxonomy":"product_cat","embeddable":true,"href":"https:\/\/unox.com.tr\/fr\/wp-json\/wp\/v2\/product_cat?post=55275"},{"taxonomy":"product_tag","embeddable":true,"href":"https:\/\/unox.com.tr\/fr\/wp-json\/wp\/v2\/product_tag?post=55275"}],"curies":[{"name":"wp","href":"https:\/\/api.w.org\/{rel}","templated":true}]}}