{"id":55280,"date":"2020-09-18T06:26:04","date_gmt":"2020-09-18T03:26:04","guid":{"rendered":"https:\/\/unox.com.tr\/urun\/mini-interrupteur-de-niveau-en-acier-inoxydable\/"},"modified":"2020-09-18T06:26:04","modified_gmt":"2020-09-18T03:26:04","slug":"mini-interrupteur-de-niveau-en-acier-inoxydable","status":"publish","type":"product","link":"https:\/\/unox.com.tr\/fr\/mini-interrupteur-de-niveau-en-acier-inoxydable\/","title":{"rendered":"Mini Interrupteur de Niveau en Acier Inoxydable"},"content":{"rendered":"<h2><span style=\"font-size: 22px;\">Qu&rsquo;est-ce qu&rsquo;un mini commutateur de niveau ?<\/span><\/h2>\n<p>mini interrupteur de niveau ; Il est utilis\u00e9 dans les op\u00e9rations de contr\u00f4le de niveau de r\u00e9servoir. En plus de sa facilit\u00e9 d&rsquo;utilisation, il est \u00e9galement \u00e9conomique, c&rsquo;est pourquoi il est pr\u00e9f\u00e9r\u00e9 par les constructeurs de machines.<\/p>\n<h2><span class=\"ez-toc-section\" id=\"Ou_est_utilise_le_commutateur_de_niveau\"><\/span><span style=\"font-size: 22px;\">O\u00f9 est utilis\u00e9 le commutateur de niveau ?<\/span><span class=\"ez-toc-section-end\"><\/span><\/h2>\n<p>Les interrupteurs de niveau peuvent \u00eatre utilis\u00e9s dans une grande vari\u00e9t\u00e9 d&rsquo;industries, y compris le traitement chimique, le p\u00e9trole et le gaz, l&rsquo;agroalimentaire et le traitement de l&rsquo;eau. Ils constituent une partie essentielle de nombreux syst\u00e8mes de contr\u00f4le de processus, car ils offrent un moyen fiable de surveiller et de contr\u00f4ler le niveau d&rsquo;une substance dans un conteneur ou un conteneur.<\/p>\n<h2><span class=\"ez-toc-section\" id=\"Caracteristiques_du_produit\"><\/span><span style=\"font-size: 22px;\">Caract\u00e9ristiques du produit<\/span><span class=\"ez-toc-section-end\"><\/span><\/h2>\n<ul>\n<li>Tuyau et Flotteur : Acier Inoxydable AISI 304<\/li>\n<li>Pression de travail : 5 bars<\/li>\n<li>Temp\u00e9rature de fonctionnement : -10&#8230;+150 \u00b0C<\/li>\n<li>Tension d&rsquo;alimentation : 220 V CA<\/li>\n<li>Connexion: Filetage ext\u00e9rieur 1\/2&Prime;<\/li>\n<li>Min. Densit\u00e9 : 0,7 GR\/CM3 <\/li>\n<li>Type de montage : Horizontale<\/li>\n<li>Connexion \u00e9lectrique : Prise<\/li>\n<\/ul>\n<h2><span class=\"ez-toc-section\" id=\"Principe_de_fonctionnement\"><\/span><span style=\"font-size: 22px;\">Principe de fonctionnement<\/span><span class=\"ez-toc-section-end\"><\/span><\/h2>\n<p>Lorsque le champ magn\u00e9tique de l&rsquo;aimant dans le flotteur arrive au niveau du capteur plac\u00e9 dans le tube, il ouvre le circuit \u00e9lectrique. Les informations de niveau sont \u00e9valu\u00e9es avec ce circuit de relais.<\/p>\n<h2><span style=\"font-size: 22px;\">Champ d&rsquo;application<\/span><\/h2>\n<ul>\n<li>Machines<\/li>\n<li>R\u00e9servoirs d&rsquo;huile hydraulique<\/li>\n<li>Applications de petit entrep\u00f4t<\/li>\n<\/ul>\n<h2><span class=\"ez-toc-section\" id=\"Avantages\"><\/span><span style=\"font-size: 22px;\">Avantages<\/span><span class=\"ez-toc-section-end\"><\/span><\/h2>\n<ul>\n<li>C&rsquo;est \u00e9conomique<\/li>\n<li>Pratique et facile \u00e0 installer<\/li>\n<li>D\u00e9lai de livraison rapide<\/li>\n<li>Il est enti\u00e8rement en acier inoxydable.<\/li>\n<\/ul>\n<p>&nbsp;<\/p>\n<p><img decoding=\"async\" class=\"alignnone wp-image-39097\" src=\"https:\/\/unox.com.tr\/wp-content\/themes\/woodmart\/images\/lazy.svg\" data-src=\"https:\/\/unox.com.tr\/wp-content\/uploads\/2020\/09\/seviye-salteri-300x262.png\" alt=\"\" width=\"405\" height=\"354\" title=\"\" srcset=\"\" data-srcset=\"https:\/\/unox.com.tr\/wp-content\/uploads\/2020\/09\/seviye-salteri-300x262.png 300w, https:\/\/unox.com.tr\/wp-content\/uploads\/2020\/09\/seviye-salteri-150x131.png 150w, https:\/\/unox.com.tr\/wp-content\/uploads\/2020\/09\/seviye-salteri-367x320.png 367w, https:\/\/unox.com.tr\/wp-content\/uploads\/2020\/09\/seviye-salteri.png 377w\" sizes=\"(max-width: 405px) 100vw, 405px\" \/><\/p>\n<p>&nbsp;<\/p>\n<p>&nbsp;<\/p>\n","protected":false},"excerpt":{"rendered":"<p><a href=\"https:\/\/unox.com.tr\/wp-content\/uploads\/2023\/01\/Paslanmaz-Mini-Seviye-Salteri.pdf\" target=\"_blank\" rel=\"noopener\"><button style=\"background-color: #11224b; color: #ffffff; padding: 10px 15px; font-family: montserrat; font-weight: bold; font-size: 19px; border-radius: 10px;\"><img decoding=\"async\" style=\"width: 25px; height: 25px;\" src=\"https:\/\/unox.com.tr\/wp-content\/uploads\/2023\/02\/pdf-1.png\">CATALOGUE DES PRODUITS<\/button><\/a><\/p>\n<p><button style=\"background-color: #11224b; margin-top: 5px; color: white; padding: 0px 15px; width: 150px; height: 55px; border-radius: 10px; border: none; cursor: pointer;\"><br \/>\n<img decoding=\"async\" style=\"width: 120px; height: 30px;\" src=\"https:\/\/unox.com.tr\/wp-content\/uploads\/2023\/02\/4-1.svg\"><\/button><\/p>\n","protected":false},"featured_media":27035,"comment_status":"open","ping_status":"closed","template":"","meta":[],"product_brand":[],"product_cat":[1588,1587],"product_tag":[],"class_list":{"0":"post-55280","1":"product","2":"type-product","3":"status-publish","4":"has-post-thumbnail","6":"product_cat-commutateurs-de-niveau","7":"product_cat-niveau-et-debit","9":"first","10":"instock","11":"shipping-taxable","12":"product-type-simple"},"_links":{"self":[{"href":"https:\/\/unox.com.tr\/fr\/wp-json\/wp\/v2\/product\/55280","targetHints":{"allow":["GET"]}}],"collection":[{"href":"https:\/\/unox.com.tr\/fr\/wp-json\/wp\/v2\/product"}],"about":[{"href":"https:\/\/unox.com.tr\/fr\/wp-json\/wp\/v2\/types\/product"}],"replies":[{"embeddable":true,"href":"https:\/\/unox.com.tr\/fr\/wp-json\/wp\/v2\/comments?post=55280"}],"version-history":[{"count":0,"href":"https:\/\/unox.com.tr\/fr\/wp-json\/wp\/v2\/product\/55280\/revisions"}],"wp:featuredmedia":[{"embeddable":true,"href":"https:\/\/unox.com.tr\/fr\/wp-json\/wp\/v2\/media\/27035"}],"wp:attachment":[{"href":"https:\/\/unox.com.tr\/fr\/wp-json\/wp\/v2\/media?parent=55280"}],"wp:term":[{"taxonomy":"product_brand","embeddable":true,"href":"https:\/\/unox.com.tr\/fr\/wp-json\/wp\/v2\/product_brand?post=55280"},{"taxonomy":"product_cat","embeddable":true,"href":"https:\/\/unox.com.tr\/fr\/wp-json\/wp\/v2\/product_cat?post=55280"},{"taxonomy":"product_tag","embeddable":true,"href":"https:\/\/unox.com.tr\/fr\/wp-json\/wp\/v2\/product_tag?post=55280"}],"curies":[{"name":"wp","href":"https:\/\/api.w.org\/{rel}","templated":true}]}}