{"id":55283,"date":"2020-09-18T06:20:04","date_gmt":"2020-09-18T06:20:04","guid":{"rendered":"https:\/\/unox.com.tr\/urun\/indicateur-de-niveau-de-verre-reflexe\/"},"modified":"2020-09-18T06:20:04","modified_gmt":"2020-09-18T03:20:04","slug":"indicateur-de-niveau-de-verre-reflexe","status":"publish","type":"product","link":"https:\/\/unox.com.tr\/fr\/indicateur-de-niveau-de-verre-reflexe\/","title":{"rendered":"Indicateur de Niveau de Verre R\u00e9flexe"},"content":{"rendered":"<div id=\"ez-toc-container\" class=\"ez-toc-v2_0_82_2 counter-hierarchy ez-toc-counter ez-toc-grey ez-toc-container-direction\">\n<div class=\"ez-toc-title-container\">\n<p class=\"ez-toc-title\" style=\"cursor:inherit\">Sayfa \u0130\u00e7eri\u011fi<\/p>\n<span class=\"ez-toc-title-toggle\"><a href=\"#\" class=\"ez-toc-pull-right ez-toc-btn ez-toc-btn-xs ez-toc-btn-default ez-toc-toggle\" aria-label=\"Toggle Table of Content\"><span class=\"ez-toc-js-icon-con\"><span class=\"\"><span class=\"eztoc-hide\" style=\"display:none;\">Toggle<\/span><span class=\"ez-toc-icon-toggle-span\"><svg style=\"fill: #999;color:#999\" xmlns=\"http:\/\/www.w3.org\/2000\/svg\" class=\"list-377408\" width=\"20px\" height=\"20px\" viewBox=\"0 0 24 24\" fill=\"none\"><path d=\"M6 6H4v2h2V6zm14 0H8v2h12V6zM4 11h2v2H4v-2zm16 0H8v2h12v-2zM4 16h2v2H4v-2zm16 0H8v2h12v-2z\" fill=\"currentColor\"><\/path><\/svg><svg style=\"fill: #999;color:#999\" class=\"arrow-unsorted-368013\" xmlns=\"http:\/\/www.w3.org\/2000\/svg\" width=\"10px\" height=\"10px\" viewBox=\"0 0 24 24\" version=\"1.2\" baseProfile=\"tiny\"><path d=\"M18.2 9.3l-6.2-6.3-6.2 6.3c-.2.2-.3.4-.3.7s.1.5.3.7c.2.2.4.3.7.3h11c.3 0 .5-.1.7-.3.2-.2.3-.5.3-.7s-.1-.5-.3-.7zM5.8 14.7l6.2 6.3 6.2-6.3c.2-.2.3-.5.3-.7s-.1-.5-.3-.7c-.2-.2-.4-.3-.7-.3h-11c-.3 0-.5.1-.7.3-.2.2-.3.5-.3.7s.1.5.3.7z\"\/><\/svg><\/span><\/span><\/span><\/a><\/span><\/div>\n<nav><ul class='ez-toc-list ez-toc-list-level-1 ' ><li class='ez-toc-page-1 ez-toc-heading-level-2'><a class=\"ez-toc-link ez-toc-heading-1\" href=\"https:\/\/unox.com.tr\/fr\/indicateur-de-niveau-de-verre-reflexe\/#Quest-ce_que_Indicateur_de_Niveau_de_Verre_Reflexe\" >Qu&rsquo;est-ce que Indicateur de Niveau de Verre R\u00e9flexe?<\/a><\/li><li class='ez-toc-page-1 ez-toc-heading-level-2'><a class=\"ez-toc-link ez-toc-heading-2\" href=\"https:\/\/unox.com.tr\/fr\/indicateur-de-niveau-de-verre-reflexe\/#Ou_est_utilise_Indicateur_de_Niveau_de_Verre_Reflexe\" >O\u00f9 est utilis\u00e9 Indicateur de Niveau de Verre R\u00e9flexe?<\/a><\/li><li class='ez-toc-page-1 ez-toc-heading-level-2'><a class=\"ez-toc-link ez-toc-heading-3\" href=\"https:\/\/unox.com.tr\/fr\/indicateur-de-niveau-de-verre-reflexe\/#Caracteristiques_du_produit\" >Caract\u00e9ristiques du produit<\/a><\/li><li class='ez-toc-page-1 ez-toc-heading-level-2'><a class=\"ez-toc-link ez-toc-heading-4\" href=\"https:\/\/unox.com.tr\/fr\/indicateur-de-niveau-de-verre-reflexe\/#Champ_dapplication\" >Champ d&rsquo;application<\/a><\/li><\/ul><\/nav><\/div>\n<h2><span class=\"ez-toc-section\" id=\"Quest-ce_que_Indicateur_de_Niveau_de_Verre_Reflexe\"><\/span><span style=\"font-size: 22px;\">Qu&rsquo;est-ce que Indicateur de Niveau de Verre R\u00e9flexe?<\/span><span class=\"ez-toc-section-end\"><\/span><\/h2>\n<p>Les Indicateur de Niveau de Verre R\u00e9flexe fonctionnent sur le principe de voir l&rsquo;eau et la vapeur avec une luminosit\u00e9 diff\u00e9rente de celle du verre reflex en raison de la r\u00e9fraction diff\u00e9rente de la lumi\u00e8re dans les phases liquide et gazeuse. Le fluide liquide appara\u00eet sombre en raison de l&rsquo;absorption de la lumi\u00e8re et la vapeur appara\u00eet brillante en raison de la r\u00e9flexion de la lumi\u00e8re. Dans ce type d&rsquo;indicateurs de niveau, la surface de s\u00e9paration entre les deux liquides ne peut pas \u00eatre observ\u00e9e \u00e0 cause du produit. Il se compose d&rsquo;un tube ou d&rsquo;un tube en mat\u00e9riau transparent, tel que du verre ou de l&rsquo;acrylique, mont\u00e9 verticalement sur le c\u00f4t\u00e9 du r\u00e9cipient. Le niveau de liquide est indiqu\u00e9 par la position du liquide dans le tube, visible \u00e0 travers le mat\u00e9riau transparent.<\/p>\n<h2><span class=\"ez-toc-section\" id=\"Ou_est_utilise_Indicateur_de_Niveau_de_Verre_Reflexe\"><\/span><span style=\"font-size: 22px;\">O\u00f9 est utilis\u00e9 Indicateur de Niveau de Verre R\u00e9flexe?<\/span><span class=\"ez-toc-section-end\"><\/span><\/h2>\n<p>Les jauges de niveau en verre Reflex sont largement utilis\u00e9es dans une vari\u00e9t\u00e9 d&rsquo;applications telles que les processus industriels, le stockage de produits chimiques et le traitement de l&rsquo;eau. Ils sont pr\u00e9f\u00e9r\u00e9s aux autres indicateurs de niveau car ils fournissent un affichage clair, pr\u00e9cis et facile \u00e0 lire du niveau de liquide. Ils n\u00e9cessitent \u00e9galement relativement peu d&rsquo;entretien et peuvent \u00eatre utilis\u00e9s dans une large gamme de conditions de temp\u00e9rature et de pression.<\/p>\n<p>Les jauges de niveau en verre reflex sont g\u00e9n\u00e9ralement calibr\u00e9es pour indiquer le niveau de liquide dans le r\u00e9cipient en volume ou en poids. Ils peuvent \u00eatre utilis\u00e9s pour surveiller en permanence le niveau du liquide ou pour d\u00e9clencher une alarme ou arr\u00eater le syst\u00e8me si le niveau tombe en dehors d&rsquo;une plage pr\u00e9d\u00e9termin\u00e9e.<\/p>\n<h2><span class=\"ez-toc-section\" id=\"Caracteristiques_du_produit\"><\/span><span style=\"font-size: 22px;\">Caract\u00e9ristiques du produit<\/span><span class=\"ez-toc-section-end\"><\/span><\/h2>\n<ul>\n<li><strong>Corps<\/strong> : Fonte GGG-25<\/li>\n<li><strong>Raccordement<\/strong> : DN20 PN16 \u00e0 Brides<\/li>\n<li><strong>Max. Pression de service : <\/strong> 16 bars (PN40 en option)<\/li>\n<li><strong>Max. Temp\u00e9rature de fonctionnement : <\/strong> 250 \u00b0C<\/li>\n<\/ul>\n<h2><span class=\"ez-toc-section\" id=\"Champ_dapplication\"><\/span><span style=\"font-size: 22px;\">Champ d&rsquo;application<\/span><span class=\"ez-toc-section-end\"><\/span><\/h2>\n<ul>\n<li>Toutes les chaudi\u00e8res \u00e0 vapeur<\/li>\n<li>Remplissage et vidage des conteneurs<\/li>\n<li>Conteneurs de Carburant<\/li>\n<li>Industrie chimique<\/li>\n<li>R\u00e9servoirs utilis\u00e9s pour le p\u00e9trole et les produits p\u00e9troliers<\/li>\n<li>Tous les contenants, ouverts ou ferm\u00e9s<\/li>\n<\/ul>\n<p>&nbsp;<\/p>\n<p><img decoding=\"async\" class=\"size-medium wp-image-41916 aligncenter\" src=\"https:\/\/unox.com.tr\/wp-content\/themes\/woodmart\/images\/lazy.svg\" data-src=\"https:\/\/unox.com.tr\/wp-content\/uploads\/2020\/09\/Refleks-Camli-Seviye-Gostergesi-159x300.jpg\" alt=\"Indicateur de niveau de verre r\u00e9flexe\" width=\"159\" height=\"300\" title=\"\" srcset=\"\" data-srcset=\"https:\/\/unox.com.tr\/wp-content\/uploads\/2020\/09\/Refleks-Camli-Seviye-Gostergesi-159x300.jpg 159w, https:\/\/unox.com.tr\/wp-content\/uploads\/2020\/09\/Refleks-Camli-Seviye-Gostergesi-150x283.jpg 150w, https:\/\/unox.com.tr\/wp-content\/uploads\/2020\/09\/Refleks-Camli-Seviye-Gostergesi-367x692.jpg 367w, https:\/\/unox.com.tr\/wp-content\/uploads\/2020\/09\/Refleks-Camli-Seviye-Gostergesi.jpg 391w\" sizes=\"(max-width: 159px) 100vw, 159px\" \/><\/p>\n","protected":false},"excerpt":{"rendered":"<p><a href=\"https:\/\/unox.com.tr\/wp-content\/uploads\/2023\/01\/Refleks-Camli-Seviye-Gostergesi.pdf\" target=\"_blank\" rel=\"noopener\"><button style=\"background-color: #11224b; color: #ffffff; padding: 10px 15px; font-family: montserrat; font-weight: bold; font-size: 19px; border-radius: 10px;\"><img decoding=\"async\" style=\"width: 25px; height: 25px;\" src=\"https:\/\/unox.com.tr\/wp-content\/uploads\/2023\/02\/pdf-1.png\">CATALOGUE DES PRODUITS<\/button><\/a><\/p>\n<p><button style=\"background-color: #11224b; margin-top: 5px; color: white; padding: 0px 15px; width: 150px; height: 55px; border-radius: 10px; border: none; cursor: pointer;\"><br \/>\n<img decoding=\"async\" style=\"width: 120px; height: 30px;\" src=\"https:\/\/unox.com.tr\/wp-content\/uploads\/2023\/02\/4-1.svg\"><\/button><\/p>\n","protected":false},"featured_media":69165,"comment_status":"closed","ping_status":"closed","template":"","meta":[],"product_brand":[],"product_cat":[1589,1587],"product_tag":[],"class_list":{"0":"post-55283","1":"product","2":"type-product","3":"status-publish","4":"has-post-thumbnail","6":"product_cat-indicateurs-de-niveau","7":"product_cat-niveau-et-debit","9":"first","10":"instock","11":"shipping-taxable","12":"product-type-simple"},"_links":{"self":[{"href":"https:\/\/unox.com.tr\/fr\/wp-json\/wp\/v2\/product\/55283","targetHints":{"allow":["GET"]}}],"collection":[{"href":"https:\/\/unox.com.tr\/fr\/wp-json\/wp\/v2\/product"}],"about":[{"href":"https:\/\/unox.com.tr\/fr\/wp-json\/wp\/v2\/types\/product"}],"replies":[{"embeddable":true,"href":"https:\/\/unox.com.tr\/fr\/wp-json\/wp\/v2\/comments?post=55283"}],"version-history":[{"count":0,"href":"https:\/\/unox.com.tr\/fr\/wp-json\/wp\/v2\/product\/55283\/revisions"}],"wp:featuredmedia":[{"embeddable":true,"href":"https:\/\/unox.com.tr\/fr\/wp-json\/wp\/v2\/media\/69165"}],"wp:attachment":[{"href":"https:\/\/unox.com.tr\/fr\/wp-json\/wp\/v2\/media?parent=55283"}],"wp:term":[{"taxonomy":"product_brand","embeddable":true,"href":"https:\/\/unox.com.tr\/fr\/wp-json\/wp\/v2\/product_brand?post=55283"},{"taxonomy":"product_cat","embeddable":true,"href":"https:\/\/unox.com.tr\/fr\/wp-json\/wp\/v2\/product_cat?post=55283"},{"taxonomy":"product_tag","embeddable":true,"href":"https:\/\/unox.com.tr\/fr\/wp-json\/wp\/v2\/product_tag?post=55283"}],"curies":[{"name":"wp","href":"https:\/\/api.w.org\/{rel}","templated":true}]}}