{"id":55286,"date":"2020-09-18T06:16:50","date_gmt":"2020-09-18T06:16:50","guid":{"rendered":"https:\/\/unox.com.tr\/urun\/electrode-de-niveau-ea20\/"},"modified":"2020-09-18T06:16:50","modified_gmt":"2020-09-18T03:16:50","slug":"electrode-de-niveau-ea20","status":"publish","type":"product","link":"https:\/\/unox.com.tr\/fr\/electrode-de-niveau-ea20\/","title":{"rendered":"\u00c9lectrode de Niveau EA20"},"content":{"rendered":"<div id=\"ez-toc-container\" class=\"ez-toc-v2_0_82_2 counter-hierarchy ez-toc-counter ez-toc-grey ez-toc-container-direction\">\n<div class=\"ez-toc-title-container\">\n<p class=\"ez-toc-title\" style=\"cursor:inherit\">Sayfa \u0130\u00e7eri\u011fi<\/p>\n<span class=\"ez-toc-title-toggle\"><a href=\"#\" class=\"ez-toc-pull-right ez-toc-btn ez-toc-btn-xs ez-toc-btn-default ez-toc-toggle\" aria-label=\"Toggle Table of Content\"><span class=\"ez-toc-js-icon-con\"><span class=\"\"><span class=\"eztoc-hide\" style=\"display:none;\">Toggle<\/span><span class=\"ez-toc-icon-toggle-span\"><svg style=\"fill: #999;color:#999\" xmlns=\"http:\/\/www.w3.org\/2000\/svg\" class=\"list-377408\" width=\"20px\" height=\"20px\" viewBox=\"0 0 24 24\" fill=\"none\"><path d=\"M6 6H4v2h2V6zm14 0H8v2h12V6zM4 11h2v2H4v-2zm16 0H8v2h12v-2zM4 16h2v2H4v-2zm16 0H8v2h12v-2z\" fill=\"currentColor\"><\/path><\/svg><svg style=\"fill: #999;color:#999\" class=\"arrow-unsorted-368013\" xmlns=\"http:\/\/www.w3.org\/2000\/svg\" width=\"10px\" height=\"10px\" viewBox=\"0 0 24 24\" version=\"1.2\" baseProfile=\"tiny\"><path d=\"M18.2 9.3l-6.2-6.3-6.2 6.3c-.2.2-.3.4-.3.7s.1.5.3.7c.2.2.4.3.7.3h11c.3 0 .5-.1.7-.3.2-.2.3-.5.3-.7s-.1-.5-.3-.7zM5.8 14.7l6.2 6.3 6.2-6.3c.2-.2.3-.5.3-.7s-.1-.5-.3-.7c-.2-.2-.4-.3-.7-.3h-11c-.3 0-.5.1-.7.3-.2.2-.3.5-.3.7s.1.5.3.7z\"\/><\/svg><\/span><\/span><\/span><\/a><\/span><\/div>\n<nav><ul class='ez-toc-list ez-toc-list-level-1 ' ><li class='ez-toc-page-1 ez-toc-heading-level-2'><a class=\"ez-toc-link ez-toc-heading-1\" href=\"https:\/\/unox.com.tr\/fr\/electrode-de-niveau-ea20\/#Quest-ce_que_lelectrode_de_niveau_EA20\" >Qu&rsquo;est-ce que l&rsquo;\u00e9lectrode de niveau EA20 ?<\/a><\/li><li class='ez-toc-page-1 ez-toc-heading-level-2'><a class=\"ez-toc-link ez-toc-heading-2\" href=\"https:\/\/unox.com.tr\/fr\/electrode-de-niveau-ea20\/#Caracteristiques_Generales\" >Caract\u00e9ristiques G\u00e9n\u00e9rales<\/a><\/li><\/ul><\/nav><\/div>\n<h2><span class=\"ez-toc-section\" id=\"Quest-ce_que_lelectrode_de_niveau_EA20\"><\/span><span style=\"font-size: 22px;\">Qu&rsquo;est-ce que l&rsquo;\u00e9lectrode de niveau EA20 ?<\/span><span class=\"ez-toc-section-end\"><\/span><\/h2>\n<p>Une \u00e9lectrode de niveau est un appareil utilis\u00e9 pour mesurer le niveau de liquides ou de toute autre substance dans un r\u00e9cipient ou un r\u00e9servoir. Il peut \u00eatre utilis\u00e9 pour d\u00e9terminer le niveau d&rsquo;un liquide dans un r\u00e9servoir, un r\u00e9cipient ou tout autre type de r\u00e9cipient. Les \u00e9lectrodes de niveau sont largement utilis\u00e9es dans une vari\u00e9t\u00e9 d&rsquo;industries telles que le traitement chimique, le p\u00e9trole et le gaz, le traitement de l&rsquo;eau et la transformation des aliments et des boissons. Ils sont souvent utilis\u00e9s pour surveiller et contr\u00f4ler le niveau de liquide dans un processus en le maintenant dans une certaine plage. Il existe plusieurs types d&rsquo;\u00e9lectrodes de niveau, chacune adapt\u00e9e \u00e0 des applications et des environnements sp\u00e9cifiques, notamment de type flotteur, capacitive et ultrasonique.<\/p>\n<h2><span class=\"ez-toc-section\" id=\"Caracteristiques_Generales\"><\/span><span style=\"font-size: 22px;\">Caract\u00e9ristiques G\u00e9n\u00e9rales<\/span><span class=\"ez-toc-section-end\"><\/span><\/h2>\n<ul>\n<li><strong>Porte-sonde<\/strong> : Inox AISI 303<\/li>\n<li><strong>Max. Pression de Service : <\/strong> 35 Bar<\/li>\n<li><strong>Max. Temp\u00e9rature de Fonctionnement : <\/strong> 250\u00b0C.<\/li>\n<li><strong>Connexion<\/strong> : Mamelon 3\/8&Prime;<\/li>\n<li><strong>Lester:<\/strong> 88gr.<\/li>\n<li>La connexion entre la sonde et le contr\u00f4le de niveau se fait avec un c\u00e2ble souple unipolaire (non fourni).<\/li>\n<li>Sonde \u00e9lectrode non fournie<\/li>\n<\/ul>\n","protected":false},"excerpt":{"rendered":"<p><a href=\"https:\/\/unox.com.tr\/wp-content\/uploads\/2022\/07\/a03-a04-en-technical-data-sheet-1.pdf\" target=\"_blank\" rel=\"noopener\"><button style=\"background-color: #11224b; color: #ffffff; padding: 10px 15px; font-family: montserrat; font-weight: bold; font-size: 19px; border-radius: 10px;\"><img decoding=\"async\" style=\"width: 25px; height: 25px;\" src=\"https:\/\/unox.com.tr\/wp-content\/uploads\/2023\/02\/pdf-1.png\">CATALOGUE DES PRODUITS<\/button><\/a><\/p>\n<p><button style=\"background-color: #11224b; margin-top: 5px; color: white; padding: 0px 15px; width: 150px; height: 55px; border-radius: 10px; border: none; cursor: pointer;\"><br \/>\n<img decoding=\"async\" style=\"width: 120px; height: 30px;\" src=\"https:\/\/unox.com.tr\/wp-content\/uploads\/2023\/02\/4-1.svg\"><\/button><\/p>\n","protected":false},"featured_media":25902,"comment_status":"open","ping_status":"closed","template":"","meta":{"_joinchat":[]},"product_brand":[],"product_cat":[1590,1592,1587],"product_tag":[],"class_list":{"0":"post-55286","1":"product","2":"type-product","3":"status-publish","4":"has-post-thumbnail","6":"product_cat-electrodes-de-niveau","7":"product_cat-fantini-cosmi-fr","8":"product_cat-niveau-et-debit","10":"first","11":"instock","12":"shipping-taxable","13":"product-type-simple"},"_links":{"self":[{"href":"https:\/\/unox.com.tr\/fr\/wp-json\/wp\/v2\/product\/55286","targetHints":{"allow":["GET"]}}],"collection":[{"href":"https:\/\/unox.com.tr\/fr\/wp-json\/wp\/v2\/product"}],"about":[{"href":"https:\/\/unox.com.tr\/fr\/wp-json\/wp\/v2\/types\/product"}],"replies":[{"embeddable":true,"href":"https:\/\/unox.com.tr\/fr\/wp-json\/wp\/v2\/comments?post=55286"}],"version-history":[{"count":0,"href":"https:\/\/unox.com.tr\/fr\/wp-json\/wp\/v2\/product\/55286\/revisions"}],"wp:featuredmedia":[{"embeddable":true,"href":"https:\/\/unox.com.tr\/fr\/wp-json\/wp\/v2\/media\/25902"}],"wp:attachment":[{"href":"https:\/\/unox.com.tr\/fr\/wp-json\/wp\/v2\/media?parent=55286"}],"wp:term":[{"taxonomy":"product_brand","embeddable":true,"href":"https:\/\/unox.com.tr\/fr\/wp-json\/wp\/v2\/product_brand?post=55286"},{"taxonomy":"product_cat","embeddable":true,"href":"https:\/\/unox.com.tr\/fr\/wp-json\/wp\/v2\/product_cat?post=55286"},{"taxonomy":"product_tag","embeddable":true,"href":"https:\/\/unox.com.tr\/fr\/wp-json\/wp\/v2\/product_tag?post=55286"}],"curies":[{"name":"wp","href":"https:\/\/api.w.org\/{rel}","templated":true}]}}