{"id":55288,"date":"2020-09-18T06:13:47","date_gmt":"2020-09-18T06:13:47","guid":{"rendered":"https:\/\/unox.com.tr\/urun\/boite-de-contact-electronique-a03-m-automatique\/"},"modified":"2020-09-18T06:13:47","modified_gmt":"2020-09-18T03:13:47","slug":"boite-de-contact-electronique-a03-m-automatique","status":"publish","type":"product","link":"https:\/\/unox.com.tr\/fr\/boite-de-contact-electronique-a03-m-automatique\/","title":{"rendered":"Bo\u00eete de Contact Electronique A03 M (Automatique)"},"content":{"rendered":"<div id=\"ez-toc-container\" class=\"ez-toc-v2_0_82_2 counter-hierarchy ez-toc-counter ez-toc-grey ez-toc-container-direction\">\n<div class=\"ez-toc-title-container\">\n<p class=\"ez-toc-title\" style=\"cursor:inherit\">Sayfa \u0130\u00e7eri\u011fi<\/p>\n<span class=\"ez-toc-title-toggle\"><a href=\"#\" class=\"ez-toc-pull-right ez-toc-btn ez-toc-btn-xs ez-toc-btn-default ez-toc-toggle\" aria-label=\"Toggle Table of Content\"><span class=\"ez-toc-js-icon-con\"><span class=\"\"><span class=\"eztoc-hide\" style=\"display:none;\">Toggle<\/span><span class=\"ez-toc-icon-toggle-span\"><svg style=\"fill: #999;color:#999\" xmlns=\"http:\/\/www.w3.org\/2000\/svg\" class=\"list-377408\" width=\"20px\" height=\"20px\" viewBox=\"0 0 24 24\" fill=\"none\"><path d=\"M6 6H4v2h2V6zm14 0H8v2h12V6zM4 11h2v2H4v-2zm16 0H8v2h12v-2zM4 16h2v2H4v-2zm16 0H8v2h12v-2z\" fill=\"currentColor\"><\/path><\/svg><svg style=\"fill: #999;color:#999\" class=\"arrow-unsorted-368013\" xmlns=\"http:\/\/www.w3.org\/2000\/svg\" width=\"10px\" height=\"10px\" viewBox=\"0 0 24 24\" version=\"1.2\" baseProfile=\"tiny\"><path d=\"M18.2 9.3l-6.2-6.3-6.2 6.3c-.2.2-.3.4-.3.7s.1.5.3.7c.2.2.4.3.7.3h11c.3 0 .5-.1.7-.3.2-.2.3-.5.3-.7s-.1-.5-.3-.7zM5.8 14.7l6.2 6.3 6.2-6.3c.2-.2.3-.5.3-.7s-.1-.5-.3-.7c-.2-.2-.4-.3-.7-.3h-11c-.3 0-.5.1-.7.3-.2.2-.3.5-.3.7s.1.5.3.7z\"\/><\/svg><\/span><\/span><\/span><\/a><\/span><\/div>\n<nav><ul class='ez-toc-list ez-toc-list-level-1 ' ><li class='ez-toc-page-1 ez-toc-heading-level-2'><a class=\"ez-toc-link ez-toc-heading-1\" href=\"https:\/\/unox.com.tr\/fr\/boite-de-contact-electronique-a03-m-automatique\/#Quest-ce_que_la_boite_de_contact_electronique\" >Qu&rsquo;est-ce que la bo\u00eete de contact \u00e9lectronique ?<\/a><\/li><li class='ez-toc-page-1 ez-toc-heading-level-2'><a class=\"ez-toc-link ez-toc-heading-2\" href=\"https:\/\/unox.com.tr\/fr\/boite-de-contact-electronique-a03-m-automatique\/#Caracteristiques_Generales\" >Caract\u00e9ristiques G\u00e9n\u00e9rales<\/a><\/li><li class='ez-toc-page-1 ez-toc-heading-level-2'><a class=\"ez-toc-link ez-toc-heading-3\" href=\"https:\/\/unox.com.tr\/fr\/boite-de-contact-electronique-a03-m-automatique\/#Proprietes_electriques\" >Propri\u00e9t\u00e9s \u00e9lectriques<\/a><\/li><li class='ez-toc-page-1 ez-toc-heading-level-2'><a class=\"ez-toc-link ez-toc-heading-4\" href=\"https:\/\/unox.com.tr\/fr\/boite-de-contact-electronique-a03-m-automatique\/#Accessoires\" >Accessoires<\/a><\/li><\/ul><\/nav><\/div>\n<h2><span class=\"ez-toc-section\" id=\"Quest-ce_que_la_boite_de_contact_electronique\"><\/span><span class=\"subTitle\" style=\"font-size: 22px;\">Qu&rsquo;est-ce que la bo\u00eete de contact \u00e9lectronique ?<\/span><span class=\"ez-toc-section-end\"><\/span><\/h2>\n<p>Une bo\u00eete de contact \u00e9lectronique est un appareil qui vous permet de connecter en toute s\u00e9curit\u00e9 des fils ou des appareils \u00e9lectriques. Il se compose g\u00e9n\u00e9ralement d&rsquo;un bo\u00eetier en plastique ou en m\u00e9tal avec plusieurs bornes \u00e0 l&rsquo;int\u00e9rieur et un couvercle qui peut \u00eatre ouvert et ferm\u00e9 pour acc\u00e9der aux bornes. Les bornes peuvent \u00eatre utilis\u00e9es pour interconnecter des c\u00e2bles ou des appareils \u00e0 l&rsquo;aide de vis, de cosses ou d&rsquo;autres types de connecteurs. La bo\u00eete de contact \u00e9lectronique est largement utilis\u00e9e dans les syst\u00e8mes \u00e9lectriques et \u00e9lectroniques pour distribuer l&rsquo;alimentation, les signaux de commande et d&rsquo;autres connexions \u00e9lectriques. Ils sont con\u00e7us pour \u00eatre durables et fiables et sont souvent utilis\u00e9s dans des environnements difficiles o\u00f9 des connexions \u00e9lectriques doivent \u00eatre \u00e9tablies et entretenues.<\/p>\n<h2><span class=\"ez-toc-section\" id=\"Caracteristiques_Generales\"><\/span><span style=\"font-size: 22px;\">Caract\u00e9ristiques G\u00e9n\u00e9rales<\/span><span class=\"ez-toc-section-end\"><\/span><\/h2>\n<div class=\"prod-text-cnt\">\n<div class=\"twoCol\">\n<p>Le bo\u00eetier modulaire du contr\u00f4leur est fait d&rsquo;un mat\u00e9riau thermoplastique r\u00e9sistant aux chocs con\u00e7u pour plusieurs installations c\u00f4te \u00e0 c\u00f4te.<\/p>\n<\/div>\n<div>\n<h2><span class=\"ez-toc-section\" id=\"Proprietes_electriques\"><\/span><span style=\"font-size: 22px;\">Propri\u00e9t\u00e9s \u00e9lectriques<\/span><span class=\"ez-toc-section-end\"><\/span><\/h2>\n<ul>\n<li>La tension entre les \u00e9lectrodes est de 8 V~ ;<\/li>\n<li>La plage de d\u00e9tection est r\u00e9glable de 2 \u00e0 20 k\u03a9 ;<\/li>\n<li>Max. Nombre de champs, longueur de c\u00e2ble 800 m\u00e8tres, isolation 600V ~ ; <\/li>\n<li>R\u00e9sistance d&rsquo;isolement 100100 M\u03a9 ;<\/li>\n<li>Duret\u00e9 di\u00e9lectrique 1 500 V ~ pendant 1 minute ;<\/li>\n<li>Sortie avec relais de commutation \u00e9lectromagn\u00e9tique SPDT, bornes libres de potentiel ;<\/li>\n<li>Capacit\u00e9 des contacts 5A 230V AC-1.<\/li>\n<\/ul>\n<h2><span class=\"ez-toc-section\" id=\"Accessoires\"><\/span><span style=\"font-size: 22px;\">Accessoires<\/span><span class=\"ez-toc-section-end\"><\/span><\/h2>\n<ul>\n<li>UA03Y : Bo\u00eetier \u00e9tanche IP65<\/li>\n<li>EA18-EA19-EA20-EA21 : sondes pour liquides conducteurs<\/li>\n<\/ul>\n<\/div>\n<\/div>\n","protected":false},"excerpt":{"rendered":"<p><a href=\"https:\/\/unox.com.tr\/wp-content\/uploads\/2022\/07\/a03-a04-en-technical-data-sheet-1.pdf\" target=\"_blank\" rel=\"noopener\"><button style=\"background-color: #11224b; color: #ffffff; padding: 10px 15px; font-family: montserrat; font-weight: bold; font-size: 19px; border-radius: 10px;\"><img decoding=\"async\" style=\"width: 25px; height: 25px;\" src=\"https:\/\/unox.com.tr\/wp-content\/uploads\/2023\/02\/pdf-1.png\">CATALOGUE DES PRODUITS<\/button><\/a><\/p>\n<p><button style=\"background-color: #11224b; margin-top: 5px; color: white; padding: 0px 15px; width: 150px; height: 55px; border-radius: 10px; border: none; cursor: pointer;\"><br \/>\n<img decoding=\"async\" style=\"width: 120px; height: 30px;\" src=\"https:\/\/unox.com.tr\/wp-content\/uploads\/2023\/02\/4-1.svg\"><\/button><\/p>\n","protected":false},"featured_media":41780,"comment_status":"open","ping_status":"closed","template":"","meta":[],"product_brand":[],"product_cat":[1592],"product_tag":[],"class_list":{"0":"post-55288","1":"product","2":"type-product","3":"status-publish","4":"has-post-thumbnail","6":"product_cat-fantini-cosmi-fr","8":"first","9":"instock","10":"shipping-taxable","11":"product-type-simple"},"_links":{"self":[{"href":"https:\/\/unox.com.tr\/fr\/wp-json\/wp\/v2\/product\/55288","targetHints":{"allow":["GET"]}}],"collection":[{"href":"https:\/\/unox.com.tr\/fr\/wp-json\/wp\/v2\/product"}],"about":[{"href":"https:\/\/unox.com.tr\/fr\/wp-json\/wp\/v2\/types\/product"}],"replies":[{"embeddable":true,"href":"https:\/\/unox.com.tr\/fr\/wp-json\/wp\/v2\/comments?post=55288"}],"version-history":[{"count":0,"href":"https:\/\/unox.com.tr\/fr\/wp-json\/wp\/v2\/product\/55288\/revisions"}],"wp:featuredmedia":[{"embeddable":true,"href":"https:\/\/unox.com.tr\/fr\/wp-json\/wp\/v2\/media\/41780"}],"wp:attachment":[{"href":"https:\/\/unox.com.tr\/fr\/wp-json\/wp\/v2\/media?parent=55288"}],"wp:term":[{"taxonomy":"product_brand","embeddable":true,"href":"https:\/\/unox.com.tr\/fr\/wp-json\/wp\/v2\/product_brand?post=55288"},{"taxonomy":"product_cat","embeddable":true,"href":"https:\/\/unox.com.tr\/fr\/wp-json\/wp\/v2\/product_cat?post=55288"},{"taxonomy":"product_tag","embeddable":true,"href":"https:\/\/unox.com.tr\/fr\/wp-json\/wp\/v2\/product_tag?post=55288"}],"curies":[{"name":"wp","href":"https:\/\/api.w.org\/{rel}","templated":true}]}}