{"id":55289,"date":"2020-09-18T06:12:43","date_gmt":"2020-09-18T06:12:43","guid":{"rendered":"https:\/\/unox.com.tr\/urun\/interrupteur-de-debit\/"},"modified":"2024-03-22T22:10:03","modified_gmt":"2024-03-22T19:10:03","slug":"interrupteur-de-debit","status":"publish","type":"product","link":"https:\/\/unox.com.tr\/fr\/interrupteur-de-debit\/","title":{"rendered":"Interrupteur de D\u00e9bit"},"content":{"rendered":"<div id=\"ez-toc-container\" class=\"ez-toc-v2_0_82_2 counter-hierarchy ez-toc-counter ez-toc-grey ez-toc-container-direction\">\n<div class=\"ez-toc-title-container\">\n<p class=\"ez-toc-title\" style=\"cursor:inherit\">Sayfa \u0130\u00e7eri\u011fi<\/p>\n<span class=\"ez-toc-title-toggle\"><a href=\"#\" class=\"ez-toc-pull-right ez-toc-btn ez-toc-btn-xs ez-toc-btn-default ez-toc-toggle\" aria-label=\"Toggle Table of Content\"><span class=\"ez-toc-js-icon-con\"><span class=\"\"><span class=\"eztoc-hide\" style=\"display:none;\">Toggle<\/span><span class=\"ez-toc-icon-toggle-span\"><svg style=\"fill: #999;color:#999\" xmlns=\"http:\/\/www.w3.org\/2000\/svg\" class=\"list-377408\" width=\"20px\" height=\"20px\" viewBox=\"0 0 24 24\" fill=\"none\"><path d=\"M6 6H4v2h2V6zm14 0H8v2h12V6zM4 11h2v2H4v-2zm16 0H8v2h12v-2zM4 16h2v2H4v-2zm16 0H8v2h12v-2z\" fill=\"currentColor\"><\/path><\/svg><svg style=\"fill: #999;color:#999\" class=\"arrow-unsorted-368013\" xmlns=\"http:\/\/www.w3.org\/2000\/svg\" width=\"10px\" height=\"10px\" viewBox=\"0 0 24 24\" version=\"1.2\" baseProfile=\"tiny\"><path d=\"M18.2 9.3l-6.2-6.3-6.2 6.3c-.2.2-.3.4-.3.7s.1.5.3.7c.2.2.4.3.7.3h11c.3 0 .5-.1.7-.3.2-.2.3-.5.3-.7s-.1-.5-.3-.7zM5.8 14.7l6.2 6.3 6.2-6.3c.2-.2.3-.5.3-.7s-.1-.5-.3-.7c-.2-.2-.4-.3-.7-.3h-11c-.3 0-.5.1-.7.3-.2.2-.3.5-.3.7s.1.5.3.7z\"\/><\/svg><\/span><\/span><\/span><\/a><\/span><\/div>\n<nav><ul class='ez-toc-list ez-toc-list-level-1 ' ><li class='ez-toc-page-1 ez-toc-heading-level-2'><a class=\"ez-toc-link ez-toc-heading-1\" href=\"https:\/\/unox.com.tr\/fr\/interrupteur-de-debit\/#Quest-ce_quun_Interrupteur_de_Debit\" >Qu&rsquo;est-ce qu&rsquo;un Interrupteur de D\u00e9bit?<\/a><\/li><li class='ez-toc-page-1 ez-toc-heading-level-2'><a class=\"ez-toc-link ez-toc-heading-2\" href=\"https:\/\/unox.com.tr\/fr\/interrupteur-de-debit\/#Que_fait_un_commutateur_de_debit\" >Que fait un commutateur de d\u00e9bit ?<\/a><\/li><li class='ez-toc-page-1 ez-toc-heading-level-2'><a class=\"ez-toc-link ez-toc-heading-3\" href=\"https:\/\/unox.com.tr\/fr\/interrupteur-de-debit\/#Caracteristiques_Generales\" >Caract\u00e9ristiques G\u00e9n\u00e9rales<\/a><\/li><li class='ez-toc-page-1 ez-toc-heading-level-2'><a class=\"ez-toc-link ez-toc-heading-4\" href=\"https:\/\/unox.com.tr\/fr\/interrupteur-de-debit\/#Application\" >Application<\/a><\/li><li class='ez-toc-page-1 ez-toc-heading-level-2'><a class=\"ez-toc-link ez-toc-heading-5\" href=\"https:\/\/unox.com.tr\/fr\/interrupteur-de-debit\/#Assemblee\" >Assembl\u00e9e<\/a><\/li><li class='ez-toc-page-1 ez-toc-heading-level-2'><a class=\"ez-toc-link ez-toc-heading-6\" href=\"https:\/\/unox.com.tr\/fr\/interrupteur-de-debit\/#Ajustements\" >Ajustements<\/a><\/li><\/ul><\/nav><\/div>\n<h2><span class=\"ez-toc-section\" id=\"Quest-ce_quun_Interrupteur_de_Debit\"><\/span><span style=\"font-size: 22px;\">Qu&rsquo;est-ce qu&rsquo;un Interrupteur de D\u00e9bit?<\/span><span class=\"ez-toc-section-end\"><\/span><\/h2>\n<p>Un interrupteur de d\u00e9bit est un dispositif utilis\u00e9 pour d\u00e9tecter le d\u00e9bit de gaz ou de liquides \u00e0 travers un tuyau ou un autre conduit. Il est couramment utilis\u00e9 pour surveiller le d\u00e9bit de fluide de traitement dans un syst\u00e8me et pour activer une alarme ou un autre type de m\u00e9canisme de contr\u00f4le si le d\u00e9bit tombe en dehors d&rsquo;une plage pr\u00e9d\u00e9termin\u00e9e. Les interrupteurs de d\u00e9bit sont couramment utilis\u00e9s dans les environnements industriels et commerciaux pour assurer le fonctionnement s\u00fbr et efficace de l&rsquo;\u00e9quipement et pour \u00e9viter que des dommages ou des accidents ne se produisent.<\/p>\n<h2><span class=\"ez-toc-section\" id=\"Que_fait_un_commutateur_de_debit\"><\/span><span style=\"font-size: 22px;\">Que fait un commutateur de d\u00e9bit ?<\/span><span class=\"ez-toc-section-end\"><\/span><\/h2>\n<p>Les interrupteurs de d\u00e9bit peuvent \u00eatre utilis\u00e9s dans une vari\u00e9t\u00e9 d&rsquo;applications, y compris la surveillance du d\u00e9bit d&rsquo;eau dans le pipeline, la d\u00e9tection du d\u00e9bit de gaz dans le syst\u00e8me de ventilation et la d\u00e9tection du d\u00e9bit de liquide dans l&rsquo;usine de traitement chimique. Ils sont disponibles en diff\u00e9rentes tailles et configurations et peuvent \u00eatre utilis\u00e9s avec diff\u00e9rents types de fluides en fonction des exigences sp\u00e9cifiques de l&rsquo;application. Les interrupteurs de d\u00e9bit se composent g\u00e9n\u00e9ralement d&rsquo;un \u00e9l\u00e9ment capteur plac\u00e9 dans le flux d&rsquo;\u00e9coulement et d&rsquo;une unit\u00e9 de commande connect\u00e9e \u00e0 l&rsquo;\u00e9l\u00e9ment capteur et charg\u00e9e d&rsquo;activer l&rsquo;alarme ou le m\u00e9canisme de contr\u00f4le si n\u00e9cessaire.<\/p>\n<h2><span class=\"ez-toc-section\" id=\"Caracteristiques_Generales\"><\/span><span style=\"font-size: 22px;\">Caract\u00e9ristiques G\u00e9n\u00e9rales<\/span><span class=\"ez-toc-section-end\"><\/span><\/h2>\n<ul>\n<li><strong>Mod\u00e8le:<\/strong> UAKS 16<\/li>\n<li><strong>Dimension:<\/strong> 1&Prime;<\/li>\n<li><strong>Corps<\/strong> : Laiton<\/li>\n<li><strong>Plaques<\/strong> : Acier Inoxydable AISI 304<\/li>\n<li><strong>Alimentation<\/strong> : Toutes les Tensions<\/li>\n<li><strong>Diam\u00e8tre de la ligne d&rsquo;application<\/strong> : 1&Prime; &#8211; 6&Prime;<\/li>\n<li><strong>Type de contr\u00f4le :<\/strong> P\u00e9dale<\/li>\n<li><strong>Pression statique maximale<\/strong> : 10 kg\/cm2 &#8212; 20 kg\/cm2<\/li>\n<li><strong>Plage de temp\u00e9rature ambiante:<\/strong> 0 \u00b0C &#8211; 60 \u00b0C<\/li>\n<li><strong>Temp\u00e9rature Maximale du Fluide:<\/strong> 100 \u00b0C<\/li>\n<li><strong>Commutateur \u00e9lectrique<\/strong> : Indice SPD : 220 Vac, 15 A<\/li>\n<li><strong>Connexion<\/strong> : Par Vissage<\/li>\n<li><strong>Bo\u00eetier du commutateur de d\u00e9bit<\/strong> : Pi\u00e8ce de connexion de ligne Couvercle en plastique \u00e0 moiti\u00e9 ouvert<\/li>\n<\/ul>\n<h2><span class=\"ez-toc-section\" id=\"Application\"><\/span><span style=\"font-size: 22px;\">Application<\/span><span class=\"ez-toc-section-end\"><\/span><\/h2>\n<p>Il est utilis\u00e9 pour le contr\u00f4le de d\u00e9bit dans l&rsquo;eau ou toutes les installations de fluides qui n&rsquo;endommagent pas le laiton, le phosphore, le bronze et ne sont pas class\u00e9s comme dangereux.<\/p>\n<h2><span class=\"ez-toc-section\" id=\"Assemblee\"><\/span><span style=\"font-size: 22px;\">Assembl\u00e9e<\/span><span class=\"ez-toc-section-end\"><\/span><\/h2>\n<ul>\n<li>Horizontalement ou verticalement, le contr\u00f4leur de d\u00e9bit doit \u00eatre connect\u00e9 parall\u00e8lement \u00e0 la canalisation.<\/li>\n<li>La distance (A) des points de raccordement \u00e0 droite ou \u00e0 gauche du contr\u00f4leur de d\u00e9bit doit \u00eatre d&rsquo;au moins 5 fois le diam\u00e8tre du tuyau.<\/li>\n<\/ul>\n<h2><span class=\"ez-toc-section\" id=\"Ajustements\"><\/span><span style=\"font-size: 22px;\">Ajustements<\/span><span class=\"ez-toc-section-end\"><\/span><\/h2>\n<ol>\n<li>Retirez le couvercle de la cl\u00e9.<\/li>\n<li>Tournez la vis de r\u00e9glage dans le sens des aiguilles d&rsquo;une montre pour un d\u00e9bit plus \u00e9lev\u00e9.<\/li>\n<li>Tournez la vis de r\u00e9glage dans le sens antihoraire pour un faible d\u00e9bit.<\/li>\n<li>Assurez-vous que le couvercle s&rsquo;enclenche \u00e0 la fin du travail.<\/li>\n<\/ol>\n<p>REMARQUE : La pi\u00e8ce d&rsquo;\u00e9tanch\u00e9it\u00e9 n&rsquo;est pas r\u00e9glable.<\/p>\n","protected":false},"excerpt":{"rendered":"<p><a href=\"https:\/\/unox.com.tr\/wp-content\/uploads\/2023\/01\/Akis-Salteri.pdf\" target=\"_blank\" rel=\"noopener\"><button style=\"background-color: #11224b; color: #ffffff; padding: 10px 15px; font-family: montserrat; font-weight: bold; font-size: 19px; border-radius: 10px;\"><img decoding=\"async\" style=\"width: 25px; height: 25px;\" src=\"https:\/\/unox.com.tr\/wp-content\/uploads\/2023\/02\/pdf-1.png\">CATALOGUE DES PRODUITS<\/button><\/a><\/p>\n<p><button style=\"background-color: #11224b; margin-top: 5px; color: white; padding: 0px 15px; width: 150px; height: 55px; border-radius: 10px; border: none; cursor: pointer;\"><br \/>\n<img decoding=\"async\" style=\"width: 120px; height: 30px;\" src=\"https:\/\/unox.com.tr\/wp-content\/uploads\/2023\/02\/4-1.svg\"><\/button><\/p>\n","protected":false},"featured_media":69675,"comment_status":"closed","ping_status":"closed","template":"","meta":{"_joinchat":[]},"product_brand":[],"product_cat":[1591,1587],"product_tag":[],"class_list":{"0":"post-55289","1":"product","2":"type-product","3":"status-publish","4":"has-post-thumbnail","6":"product_cat-produits-de-diffusion-en-continu","7":"product_cat-niveau-et-debit","9":"first","10":"instock","11":"shipping-taxable","12":"product-type-simple"},"_links":{"self":[{"href":"https:\/\/unox.com.tr\/fr\/wp-json\/wp\/v2\/product\/55289","targetHints":{"allow":["GET"]}}],"collection":[{"href":"https:\/\/unox.com.tr\/fr\/wp-json\/wp\/v2\/product"}],"about":[{"href":"https:\/\/unox.com.tr\/fr\/wp-json\/wp\/v2\/types\/product"}],"replies":[{"embeddable":true,"href":"https:\/\/unox.com.tr\/fr\/wp-json\/wp\/v2\/comments?post=55289"}],"version-history":[{"count":0,"href":"https:\/\/unox.com.tr\/fr\/wp-json\/wp\/v2\/product\/55289\/revisions"}],"wp:featuredmedia":[{"embeddable":true,"href":"https:\/\/unox.com.tr\/fr\/wp-json\/wp\/v2\/media\/69675"}],"wp:attachment":[{"href":"https:\/\/unox.com.tr\/fr\/wp-json\/wp\/v2\/media?parent=55289"}],"wp:term":[{"taxonomy":"product_brand","embeddable":true,"href":"https:\/\/unox.com.tr\/fr\/wp-json\/wp\/v2\/product_brand?post=55289"},{"taxonomy":"product_cat","embeddable":true,"href":"https:\/\/unox.com.tr\/fr\/wp-json\/wp\/v2\/product_cat?post=55289"},{"taxonomy":"product_tag","embeddable":true,"href":"https:\/\/unox.com.tr\/fr\/wp-json\/wp\/v2\/product_tag?post=55289"}],"curies":[{"name":"wp","href":"https:\/\/api.w.org\/{rel}","templated":true}]}}