{"id":55291,"date":"2020-09-18T06:07:29","date_gmt":"2020-09-18T03:07:29","guid":{"rendered":"https:\/\/unox.com.tr\/urun\/indicateur-de-debit-de-filete\/"},"modified":"2020-09-18T06:07:29","modified_gmt":"2020-09-18T03:07:29","slug":"indicateur-de-debit-de-filete","status":"publish","type":"product","link":"https:\/\/unox.com.tr\/fr\/indicateur-de-debit-de-filete\/","title":{"rendered":"Indicateur de D\u00e9bit de Filet\u00e9"},"content":{"rendered":"<div id=\"ez-toc-container\" class=\"ez-toc-v2_0_82_2 counter-hierarchy ez-toc-counter ez-toc-grey ez-toc-container-direction\">\n<div class=\"ez-toc-title-container\">\n<p class=\"ez-toc-title\" style=\"cursor:inherit\">Sayfa \u0130\u00e7eri\u011fi<\/p>\n<span class=\"ez-toc-title-toggle\"><a href=\"#\" class=\"ez-toc-pull-right ez-toc-btn ez-toc-btn-xs ez-toc-btn-default ez-toc-toggle\" aria-label=\"Toggle Table of Content\"><span class=\"ez-toc-js-icon-con\"><span class=\"\"><span class=\"eztoc-hide\" style=\"display:none;\">Toggle<\/span><span class=\"ez-toc-icon-toggle-span\"><svg style=\"fill: #999;color:#999\" xmlns=\"http:\/\/www.w3.org\/2000\/svg\" class=\"list-377408\" width=\"20px\" height=\"20px\" viewBox=\"0 0 24 24\" fill=\"none\"><path d=\"M6 6H4v2h2V6zm14 0H8v2h12V6zM4 11h2v2H4v-2zm16 0H8v2h12v-2zM4 16h2v2H4v-2zm16 0H8v2h12v-2z\" fill=\"currentColor\"><\/path><\/svg><svg style=\"fill: #999;color:#999\" class=\"arrow-unsorted-368013\" xmlns=\"http:\/\/www.w3.org\/2000\/svg\" width=\"10px\" height=\"10px\" viewBox=\"0 0 24 24\" version=\"1.2\" baseProfile=\"tiny\"><path d=\"M18.2 9.3l-6.2-6.3-6.2 6.3c-.2.2-.3.4-.3.7s.1.5.3.7c.2.2.4.3.7.3h11c.3 0 .5-.1.7-.3.2-.2.3-.5.3-.7s-.1-.5-.3-.7zM5.8 14.7l6.2 6.3 6.2-6.3c.2-.2.3-.5.3-.7s-.1-.5-.3-.7c-.2-.2-.4-.3-.7-.3h-11c-.3 0-.5.1-.7.3-.2.2-.3.5-.3.7s.1.5.3.7z\"\/><\/svg><\/span><\/span><\/span><\/a><\/span><\/div>\n<nav><ul class='ez-toc-list ez-toc-list-level-1 ' ><li class='ez-toc-page-1 ez-toc-heading-level-2'><a class=\"ez-toc-link ez-toc-heading-1\" href=\"https:\/\/unox.com.tr\/fr\/indicateur-de-debit-de-filete\/#Quest-ce_quun_Indicateur_de_Debit_de_Filete\" >Qu&rsquo;est-ce qu&rsquo;un Indicateur de D\u00e9bit de Filet\u00e9?<\/a><\/li><li class='ez-toc-page-1 ez-toc-heading-level-2'><a class=\"ez-toc-link ez-toc-heading-2\" href=\"https:\/\/unox.com.tr\/fr\/indicateur-de-debit-de-filete\/#Ou_lindicateur_de_debit_de_vitesse_est-il_utilise\" >O\u00f9 l&rsquo;indicateur de d\u00e9bit de vitesse est-il utilis\u00e9 ?<\/a><\/li><li class='ez-toc-page-1 ez-toc-heading-level-2'><a class=\"ez-toc-link ez-toc-heading-3\" href=\"https:\/\/unox.com.tr\/fr\/indicateur-de-debit-de-filete\/#Caracteristiques_Generales\" >Caract\u00e9ristiques G\u00e9n\u00e9rales<\/a><\/li><\/ul><\/nav><\/div>\n<h2><span class=\"ez-toc-section\" id=\"Quest-ce_quun_Indicateur_de_Debit_de_Filete\"><\/span><span style=\"font-size: 22px;\">Qu&rsquo;est-ce qu&rsquo;un Indicateur de D\u00e9bit de Filet\u00e9?<\/span><span class=\"ez-toc-section-end\"><\/span><\/h2>\n<p>Un Indicateur de D\u00e9bit de Filet\u00e9 est un dispositif qui utilise des engrenages dans le cadre de son fonctionnement et est utilis\u00e9 pour mesurer le d\u00e9bit d&rsquo;un fluide dans un syst\u00e8me. Ces appareils sont largement utilis\u00e9s dans l&rsquo;industrie p\u00e9troli\u00e8re et gazi\u00e8re, ainsi que dans d&rsquo;autres industries o\u00f9 le d\u00e9bit d&rsquo;un liquide doit \u00eatre surveill\u00e9 et contr\u00f4l\u00e9.<\/p>\n<p>Il est g\u00e9n\u00e9ralement constitu\u00e9 d&rsquo;un carter avec un ensemble d&rsquo;engrenages entra\u00een\u00e9s par le flux de fluide. Lorsque les engrenages tournent, ils g\u00e9n\u00e8rent un signal proportionnel au d\u00e9bit du fluide. Ce signal peut \u00eatre utilis\u00e9 pour contr\u00f4ler le d\u00e9bit, ou il peut \u00eatre utilis\u00e9 pour fournir des informations sur le d\u00e9bit \u00e0 un op\u00e9rateur ou \u00e0 un syst\u00e8me de contr\u00f4le.<\/p>\n<p>Il permet un contr\u00f4le visuel du fluide et du d\u00e9bit dans les canalisations, la surveillance du fonctionnement et des performances des machines, et toutes les unit\u00e9s de la machine affichent le mod\u00e8le de goutte \u00e0 goutte et m\u00eame le plus petit d\u00e9bit.<\/p>\n<h2><span class=\"ez-toc-section\" id=\"Ou_lindicateur_de_debit_de_vitesse_est-il_utilise\"><\/span><span style=\"font-size: 22px;\">O\u00f9 l&rsquo;indicateur de d\u00e9bit de vitesse est-il utilis\u00e9 ? <\/span><span class=\"ez-toc-section-end\"><\/span><\/h2>\n<p>L&rsquo;indicateur de d\u00e9bit filet\u00e9 est largement utilis\u00e9 dans une vari\u00e9t\u00e9 d&rsquo;applications industrielles et commerciales o\u00f9 le d\u00e9bit d&rsquo;un liquide doit \u00eatre mesur\u00e9 et contr\u00f4l\u00e9. Voici quelques exemples d&rsquo;industries et d&rsquo;applications o\u00f9 ces appareils peuvent \u00eatre utilis\u00e9s :<\/p>\n<ul>\n<li>Il est utilis\u00e9 pour mesurer le d\u00e9bit de liquides tels que le p\u00e9trole, le gaz naturel et l&rsquo;eau dans les pipelines et autres syst\u00e8mes de traitement de l&rsquo;industrie p\u00e9troli\u00e8re et gazi\u00e8re.<\/li>\n<li>Il est utilis\u00e9 dans les usines de traitement chimique pour mesurer le d\u00e9bit des produits chimiques et autres liquides utilis\u00e9s dans le processus de fabrication.<\/li>\n<li>Il peut \u00eatre utilis\u00e9 dans les centrales \u00e9lectriques pour mesurer le d\u00e9bit de liquides tels que le p\u00e9trole, l&rsquo;eau et la vapeur dans divers syst\u00e8mes de traitement.<\/li>\n<li>Il peut \u00eatre utilis\u00e9 pour mesurer le d\u00e9bit de liquides tels que l&rsquo;eau, le lait et d&rsquo;autres liquides dans les op\u00e9rations de transformation et de fabrication dans l&rsquo;industrie alimentaire et des boissons.<\/li>\n<li>Il peut \u00eatre utilis\u00e9 dans l&rsquo;industrie pharmaceutique pour mesurer le d\u00e9bit de liquides utilis\u00e9s dans la fabrication de m\u00e9dicaments et d&rsquo;autres produits.<\/li>\n<\/ul>\n<p>Dans l&rsquo;ensemble, les d\u00e9bitm\u00e8tres \u00e0 engrenages sont des appareils polyvalents utilis\u00e9s dans de nombreuses industries et applications diff\u00e9rentes o\u00f9 la mesure et le contr\u00f4le pr\u00e9cis du d\u00e9bit de fluide sont importants.<\/p>\n<h2><span class=\"ez-toc-section\" id=\"Caracteristiques_Generales\"><\/span><span style=\"font-size: 22px;\">Caract\u00e9ristiques G\u00e9n\u00e9rales<\/span><span class=\"ez-toc-section-end\"><\/span><\/h2>\n<ul>\n<li><strong>Corps<\/strong> : Fonte GGG25<\/li>\n<li><strong>Couvercle<\/strong> : Fonte GGG25<\/li>\n<li><strong>Max. Pression:<\/strong> 16 bar<\/li>\n<li><strong>Disque de verre de vue<\/strong> : Verre sodocalcique tremp\u00e9 (max. 150 \u00b0C) \/ verre borosilicat\u00e9 en option (max. 300 \u00b0C)<\/li>\n<li><strong>Connexion<\/strong> : Filet\u00e9<\/li>\n<li><strong>\u00c9tanch\u00e9it\u00e9<\/strong> : PTFE<\/li>\n<\/ul>\n<p>&nbsp;<\/p>\n<p><img decoding=\"async\" class=\"size-medium wp-image-39079\" src=\"https:\/\/unox.com.tr\/wp-content\/themes\/woodmart\/images\/lazy.svg\" data-src=\"https:\/\/unox.com.tr\/wp-content\/uploads\/2020\/09\/akis-300x178.png\" alt=\"Indicateur de d\u00e9bit\" width=\"300\" height=\"178\" title=\"\" srcset=\"\" data-srcset=\"https:\/\/unox.com.tr\/wp-content\/uploads\/2020\/09\/akis-300x178.png 300w, https:\/\/unox.com.tr\/wp-content\/uploads\/2020\/09\/akis-150x89.png 150w, https:\/\/unox.com.tr\/wp-content\/uploads\/2020\/09\/akis-367x218.png 367w, https:\/\/unox.com.tr\/wp-content\/uploads\/2020\/09\/akis.png 387w\" sizes=\"(max-width: 300px) 100vw, 300px\" \/><\/p>\n","protected":false},"excerpt":{"rendered":"<p><a href=\"https:\/\/unox.com.tr\/wp-content\/uploads\/2023\/01\/Disli-Akis-Gostergesi.pdf\" target=\"_blank\" rel=\"noopener\"><button style=\"background-color: #11224b; color: #ffffff; padding: 10px 15px; font-family: montserrat; font-weight: bold; font-size: 19px; border-radius: 10px;\"><img decoding=\"async\" style=\"width: 25px; height: 25px;\" src=\"https:\/\/unox.com.tr\/wp-content\/uploads\/2023\/02\/pdf-1.png\">CATALOGUE DES PRODUITS<\/button><\/a><\/p>\n<p><button style=\"background-color: #11224b; margin-top: 5px; color: white; padding: 0px 15px; width: 150px; height: 55px; border-radius: 10px; border: none; cursor: pointer;\"><br \/>\n<img decoding=\"async\" style=\"width: 120px; height: 30px;\" src=\"https:\/\/unox.com.tr\/wp-content\/uploads\/2023\/02\/4-1.svg\"><\/button><\/p>\n","protected":false},"featured_media":41688,"comment_status":"open","ping_status":"closed","template":"","meta":[],"product_brand":[],"product_cat":[1591,1587],"product_tag":[],"class_list":{"0":"post-55291","1":"product","2":"type-product","3":"status-publish","4":"has-post-thumbnail","6":"product_cat-produits-de-diffusion-en-continu","7":"product_cat-niveau-et-debit","9":"first","10":"instock","11":"shipping-taxable","12":"product-type-simple"},"_links":{"self":[{"href":"https:\/\/unox.com.tr\/fr\/wp-json\/wp\/v2\/product\/55291","targetHints":{"allow":["GET"]}}],"collection":[{"href":"https:\/\/unox.com.tr\/fr\/wp-json\/wp\/v2\/product"}],"about":[{"href":"https:\/\/unox.com.tr\/fr\/wp-json\/wp\/v2\/types\/product"}],"replies":[{"embeddable":true,"href":"https:\/\/unox.com.tr\/fr\/wp-json\/wp\/v2\/comments?post=55291"}],"version-history":[{"count":0,"href":"https:\/\/unox.com.tr\/fr\/wp-json\/wp\/v2\/product\/55291\/revisions"}],"wp:featuredmedia":[{"embeddable":true,"href":"https:\/\/unox.com.tr\/fr\/wp-json\/wp\/v2\/media\/41688"}],"wp:attachment":[{"href":"https:\/\/unox.com.tr\/fr\/wp-json\/wp\/v2\/media?parent=55291"}],"wp:term":[{"taxonomy":"product_brand","embeddable":true,"href":"https:\/\/unox.com.tr\/fr\/wp-json\/wp\/v2\/product_brand?post=55291"},{"taxonomy":"product_cat","embeddable":true,"href":"https:\/\/unox.com.tr\/fr\/wp-json\/wp\/v2\/product_cat?post=55291"},{"taxonomy":"product_tag","embeddable":true,"href":"https:\/\/unox.com.tr\/fr\/wp-json\/wp\/v2\/product_tag?post=55291"}],"curies":[{"name":"wp","href":"https:\/\/api.w.org\/{rel}","templated":true}]}}