{"id":55300,"date":"2020-09-17T12:51:14","date_gmt":"2020-09-17T12:51:14","guid":{"rendered":"https:\/\/unox.com.tr\/urun\/vanne-a-boisseau-spherique-en-acier-inoxydable-a-actionnement-pneumatique-double-effet-filete\/"},"modified":"2020-09-17T12:51:14","modified_gmt":"2020-09-17T09:51:14","slug":"vanne-a-boisseau-spherique-en-acier-inoxydable-a-actionnement-pneumatique-double-effet-filete","status":"publish","type":"product","link":"https:\/\/unox.com.tr\/fr\/vanne-a-boisseau-spherique-en-acier-inoxydable-a-actionnement-pneumatique-double-effet-filete\/","title":{"rendered":"Vanne \u00e0 Boisseau Sph\u00e9rique en Acier Inoxydable \u00e0 Actionnement Pneumatique &#8211; Double Effet, Filet\u00e9"},"content":{"rendered":"<div id=\"ez-toc-container\" class=\"ez-toc-v2_0_82_2 counter-hierarchy ez-toc-counter ez-toc-grey ez-toc-container-direction\">\n<div class=\"ez-toc-title-container\">\n<p class=\"ez-toc-title\" style=\"cursor:inherit\">Sayfa \u0130\u00e7eri\u011fi<\/p>\n<span class=\"ez-toc-title-toggle\"><a href=\"#\" class=\"ez-toc-pull-right ez-toc-btn ez-toc-btn-xs ez-toc-btn-default ez-toc-toggle\" aria-label=\"Toggle Table of Content\"><span class=\"ez-toc-js-icon-con\"><span class=\"\"><span class=\"eztoc-hide\" style=\"display:none;\">Toggle<\/span><span class=\"ez-toc-icon-toggle-span\"><svg style=\"fill: #999;color:#999\" xmlns=\"http:\/\/www.w3.org\/2000\/svg\" class=\"list-377408\" width=\"20px\" height=\"20px\" viewBox=\"0 0 24 24\" fill=\"none\"><path d=\"M6 6H4v2h2V6zm14 0H8v2h12V6zM4 11h2v2H4v-2zm16 0H8v2h12v-2zM4 16h2v2H4v-2zm16 0H8v2h12v-2z\" fill=\"currentColor\"><\/path><\/svg><svg style=\"fill: #999;color:#999\" class=\"arrow-unsorted-368013\" xmlns=\"http:\/\/www.w3.org\/2000\/svg\" width=\"10px\" height=\"10px\" viewBox=\"0 0 24 24\" version=\"1.2\" baseProfile=\"tiny\"><path d=\"M18.2 9.3l-6.2-6.3-6.2 6.3c-.2.2-.3.4-.3.7s.1.5.3.7c.2.2.4.3.7.3h11c.3 0 .5-.1.7-.3.2-.2.3-.5.3-.7s-.1-.5-.3-.7zM5.8 14.7l6.2 6.3 6.2-6.3c.2-.2.3-.5.3-.7s-.1-.5-.3-.7c-.2-.2-.4-.3-.7-.3h-11c-.3 0-.5.1-.7.3-.2.2-.3.5-.3.7s.1.5.3.7z\"\/><\/svg><\/span><\/span><\/span><\/a><\/span><\/div>\n<nav><ul class='ez-toc-list ez-toc-list-level-1 ' ><li class='ez-toc-page-1 ez-toc-heading-level-2'><a class=\"ez-toc-link ez-toc-heading-1\" href=\"https:\/\/unox.com.tr\/fr\/vanne-a-boisseau-spherique-en-acier-inoxydable-a-actionnement-pneumatique-double-effet-filete\/#Quest-ce_quun_robinet_a_tournant_spherique_en_acier_inoxydable_a_commande_pneumatique\" >Qu&rsquo;est-ce qu&rsquo;un robinet \u00e0 tournant sph\u00e9rique en acier inoxydable \u00e0 commande pneumatique ?<\/a><ul class='ez-toc-list-level-3' ><li class='ez-toc-heading-level-3'><a class=\"ez-toc-link ez-toc-heading-2\" href=\"https:\/\/unox.com.tr\/fr\/vanne-a-boisseau-spherique-en-acier-inoxydable-a-actionnement-pneumatique-double-effet-filete\/#Construction\" >Construction<\/a><\/li><\/ul><\/li><\/ul><\/nav><\/div>\n<h2><span class=\"ez-toc-section\" id=\"Quest-ce_quun_robinet_a_tournant_spherique_en_acier_inoxydable_a_commande_pneumatique\"><\/span><span style=\"font-size: 22px;\">Qu&rsquo;est-ce qu&rsquo;un robinet \u00e0 tournant sph\u00e9rique en acier inoxydable \u00e0 commande pneumatique ?<\/span><span class=\"ez-toc-section-end\"><\/span><\/h2>\n<p>Le robinet \u00e0 tournant sph\u00e9rique filet\u00e9 est utilis\u00e9 pour contr\u00f4ler le fluide circulant dans un tube ou un tuyau, \u00e0 l&rsquo;aide d&rsquo;un syst\u00e8me d&rsquo;engrenage m\u00e9canique. Les robinets \u00e0 tournant sph\u00e9rique sont g\u00e9n\u00e9ralement utilis\u00e9s lors de l&rsquo;ex\u00e9cution d&rsquo;op\u00e9rations sur ou hors du fluide circulant dans une conduite. Les robinets \u00e0 tournant sph\u00e9rique filet\u00e9s sont souvent utilis\u00e9s dans les installations \u00e0 grande \u00e9chelle pour contr\u00f4ler le d\u00e9bit de liquides et de gaz industriels.<\/p>\n<p>Les robinets \u00e0 tournant sph\u00e9rique filet\u00e9s sont fr\u00e9quemment utilis\u00e9s dans les installations industrielles en raison de leurs diverses caract\u00e9ristiques. Par exemple, il est id\u00e9al pour contr\u00f4ler les flux de liquides et de gaz \u00e0 haute pression et est souvent utilis\u00e9 dans les installations \u00e0 grande \u00e9chelle. De plus, les vannes \u00e0 bille filet\u00e9es peuvent fonctionner \u00e0 des temp\u00e9ratures \u00e9lev\u00e9es ou dans des conditions de froid extr\u00eame et sont donc souvent pr\u00e9f\u00e9r\u00e9es dans les installations industrielles.<\/p>\n<p>Selon les diam\u00e8tres de connexion ; Des actionneurs allant de 9 nm \u00e0 400 nm de force et des \u00e9l\u00e9ments auxiliaires en option, des bo\u00eetiers de commutation et des vannes directionnelles sont utilis\u00e9s.<\/p>\n<p><strong>Nos actionneurs pneumatiques, informations de force et applications de vannes selon leurs codes sont les suivants :<\/strong><\/p>\n<ul>\n<li><strong>UDA 040 =<\/strong> 9 nm<\/li>\n<li><strong>UDA 052<\/strong> = 25 nm<\/li>\n<li><strong>UDA 063<\/strong> = 50 nm<\/li>\n<li><strong>UDA 083<\/strong> = 94 nm<\/li>\n<li><strong>UDA 092 =<\/strong> 135 nm<\/li>\n<li><strong>UDA 105 =<\/strong> 270 nm<\/li>\n<li><strong>UDA 125 =<\/strong> 400 nm<\/li>\n<\/ul>\n<p><strong>La commande pneumatique du robinet \u00e0 tournant sph\u00e9rique en acier inoxydable s&rsquo;effectue de deux mani\u00e8res :<\/strong><\/p>\n<ol>\n<li>Contr\u00f4le marche-arr\u00eat<\/li>\n<li>Contr\u00f4le Proportionnel<\/li>\n<\/ol>\n<h3><span class=\"ez-toc-section\" id=\"Construction\"><\/span><span style=\"font-size: 20px;\">Construction<\/span><span class=\"ez-toc-section-end\"><\/span><\/h3>\n<ul>\n<li>Extrusion d&rsquo;aluminium, r\u00e9sistant \u00e0 la corrosion interne et externe, longue dur\u00e9e de vie et surface de cylindre obtenue avec une technique de traitement tr\u00e8s sensible pour un faible coefficient de frottement<\/li>\n<li> Position de montage sym\u00e9trique et facile ; pistons compacts en alliage d&rsquo;aluminium sp\u00e9cial, qui permettent un fonctionnement rapide et permettent en m\u00eame temps aux pistons de travailler dans le sens oppos\u00e9 en les rempla\u00e7ant simplement.<\/li>\n<li> Un pignon en acier de haute qualit\u00e9 sym\u00e9trique et r\u00e9sistant \u00e0 la corrosion qui permet un montage \u00e0 des angles de 45\u00b0 \u00e0 90\u00b0, si d\u00e9sir\u00e9, et fonctionne \u00e9galement en harmonie avec la course du piston dans chaque montage d&rsquo;angle.<\/li>\n<li>\u00c9l\u00e9ments de roulement en plastique dur industriel, qui permettent l&rsquo;ouverture et la fermeture dans les plus brefs d\u00e9lais, faible coefficient de frottement, minimisant l&rsquo;usure des surfaces de frottement.<\/li>\n<li> Engrenages de module ouverts dans des machines de pr\u00e9cision avec une technique de processus sp\u00e9ciale qui fonctionnera silencieusement, harmonieusement, avec une efficacit\u00e9 maximale pour le piston et le pignon.<\/li>\n<li> Fixations en acier inoxydable r\u00e9sistantes \u00e0 la corrosion \u00e0 long terme.<\/li>\n<li>Conformit\u00e9 totale aux derni\u00e8res sp\u00e9cifications. Afin de monter et d\u00e9monter facilement les sol\u00e9no\u00efdes, les interrupteurs de fin de course et autres accessoires et d&rsquo;\u00e9changer des produits entre eux ; Il est conforme aux normes et normes ISI 5211, DIN 3337 et VDI\/VDE 3845NAMUR.<\/li>\n<\/ul>\n","protected":false},"excerpt":{"rendered":"<p><a href=\"https:\/\/unox.com.tr\/wp-content\/uploads\/2022\/12\/PNOMATIK-AKTUATORLU-DISLI-KURESEL-VANA.pdf\" target=\"_blank\" rel=\"noopener\"><button style=\"background-color: #11224b; color: #ffffff; padding: 10px 15px; font-family: montserrat; font-weight: bold; font-size: 19px; border-radius: 10px;\"><img decoding=\"async\" style=\"width: 25px; height: 25px;\" src=\"https:\/\/unox.com.tr\/wp-content\/uploads\/2023\/02\/pdf-1.png\">CATALOGUE DES PRODUITS<\/button><\/a><\/p>\n<p><button style=\"background-color: #11224b; margin-top: 5px; color: white; padding: 0px 15px; width: 150px; height: 55px; border-radius: 10px; border: none; cursor: pointer;\"><br \/>\n<img decoding=\"async\" style=\"width: 120px; height: 30px;\" src=\"https:\/\/unox.com.tr\/wp-content\/uploads\/2023\/02\/4-1.svg\"><\/button><\/p>\n","protected":false},"featured_media":69986,"comment_status":"closed","ping_status":"closed","template":"","meta":[],"product_brand":[],"product_cat":[1120,1121,1106],"product_tag":[],"class_list":{"0":"post-55300","1":"product","2":"type-product","3":"status-publish","4":"has-post-thumbnail","6":"product_cat-vannes-a-actionnement-pneumatique","7":"product_cat-vannes-actionnees","8":"product_cat-vannes-pneumatiques","10":"first","11":"instock","12":"shipping-taxable","13":"product-type-simple"},"_links":{"self":[{"href":"https:\/\/unox.com.tr\/fr\/wp-json\/wp\/v2\/product\/55300","targetHints":{"allow":["GET"]}}],"collection":[{"href":"https:\/\/unox.com.tr\/fr\/wp-json\/wp\/v2\/product"}],"about":[{"href":"https:\/\/unox.com.tr\/fr\/wp-json\/wp\/v2\/types\/product"}],"replies":[{"embeddable":true,"href":"https:\/\/unox.com.tr\/fr\/wp-json\/wp\/v2\/comments?post=55300"}],"version-history":[{"count":0,"href":"https:\/\/unox.com.tr\/fr\/wp-json\/wp\/v2\/product\/55300\/revisions"}],"wp:featuredmedia":[{"embeddable":true,"href":"https:\/\/unox.com.tr\/fr\/wp-json\/wp\/v2\/media\/69986"}],"wp:attachment":[{"href":"https:\/\/unox.com.tr\/fr\/wp-json\/wp\/v2\/media?parent=55300"}],"wp:term":[{"taxonomy":"product_brand","embeddable":true,"href":"https:\/\/unox.com.tr\/fr\/wp-json\/wp\/v2\/product_brand?post=55300"},{"taxonomy":"product_cat","embeddable":true,"href":"https:\/\/unox.com.tr\/fr\/wp-json\/wp\/v2\/product_cat?post=55300"},{"taxonomy":"product_tag","embeddable":true,"href":"https:\/\/unox.com.tr\/fr\/wp-json\/wp\/v2\/product_tag?post=55300"}],"curies":[{"name":"wp","href":"https:\/\/api.w.org\/{rel}","templated":true}]}}