{"id":55302,"date":"2020-09-17T11:20:30","date_gmt":"2020-09-17T08:20:30","guid":{"rendered":"https:\/\/unox.com.tr\/urun\/actionneur-pneumatique-a-rotation-de-120\/"},"modified":"2020-09-17T11:20:30","modified_gmt":"2020-09-17T08:20:30","slug":"actionneur-pneumatique-a-rotation-de-120","status":"publish","type":"product","link":"https:\/\/unox.com.tr\/fr\/actionneur-pneumatique-a-rotation-de-120\/","title":{"rendered":"Actionneur Pneumatique \u00e0 Rotation de 120\u00b0"},"content":{"rendered":"<div id=\"ez-toc-container\" class=\"ez-toc-v2_0_82_2 counter-hierarchy ez-toc-counter ez-toc-grey ez-toc-container-direction\">\n<div class=\"ez-toc-title-container\">\n<p class=\"ez-toc-title\" style=\"cursor:inherit\">Sayfa \u0130\u00e7eri\u011fi<\/p>\n<span class=\"ez-toc-title-toggle\"><a href=\"#\" class=\"ez-toc-pull-right ez-toc-btn ez-toc-btn-xs ez-toc-btn-default ez-toc-toggle\" aria-label=\"Toggle Table of Content\"><span class=\"ez-toc-js-icon-con\"><span class=\"\"><span class=\"eztoc-hide\" style=\"display:none;\">Toggle<\/span><span class=\"ez-toc-icon-toggle-span\"><svg style=\"fill: #999;color:#999\" xmlns=\"http:\/\/www.w3.org\/2000\/svg\" class=\"list-377408\" width=\"20px\" height=\"20px\" viewBox=\"0 0 24 24\" fill=\"none\"><path d=\"M6 6H4v2h2V6zm14 0H8v2h12V6zM4 11h2v2H4v-2zm16 0H8v2h12v-2zM4 16h2v2H4v-2zm16 0H8v2h12v-2z\" fill=\"currentColor\"><\/path><\/svg><svg style=\"fill: #999;color:#999\" class=\"arrow-unsorted-368013\" xmlns=\"http:\/\/www.w3.org\/2000\/svg\" width=\"10px\" height=\"10px\" viewBox=\"0 0 24 24\" version=\"1.2\" baseProfile=\"tiny\"><path d=\"M18.2 9.3l-6.2-6.3-6.2 6.3c-.2.2-.3.4-.3.7s.1.5.3.7c.2.2.4.3.7.3h11c.3 0 .5-.1.7-.3.2-.2.3-.5.3-.7s-.1-.5-.3-.7zM5.8 14.7l6.2 6.3 6.2-6.3c.2-.2.3-.5.3-.7s-.1-.5-.3-.7c-.2-.2-.4-.3-.7-.3h-11c-.3 0-.5.1-.7.3-.2.2-.3.5-.3.7s.1.5.3.7z\"\/><\/svg><\/span><\/span><\/span><\/a><\/span><\/div>\n<nav><ul class='ez-toc-list ez-toc-list-level-1 ' ><li class='ez-toc-page-1 ez-toc-heading-level-2'><a class=\"ez-toc-link ez-toc-heading-1\" href=\"https:\/\/unox.com.tr\/fr\/actionneur-pneumatique-a-rotation-de-120\/#Quest-ce_quun_actionneur_pneumatique\" >Qu&rsquo;est-ce qu&rsquo;un actionneur pneumatique ?<\/a><\/li><li class='ez-toc-page-1 ez-toc-heading-level-2'><a class=\"ez-toc-link ez-toc-heading-2\" href=\"https:\/\/unox.com.tr\/fr\/actionneur-pneumatique-a-rotation-de-120\/#Caracteristiques_Generales\" >Caract\u00e9ristiques G\u00e9n\u00e9rales<\/a><\/li><li class='ez-toc-page-1 ez-toc-heading-level-2'><a class=\"ez-toc-link ez-toc-heading-3\" href=\"https:\/\/unox.com.tr\/fr\/actionneur-pneumatique-a-rotation-de-120\/#Commande_dactionneur_pneumatique_a_rotation_de_120%C2%B0\" >Commande d&rsquo;actionneur pneumatique \u00e0 rotation de 120\u00b0<\/a><ul class='ez-toc-list-level-3' ><li class='ez-toc-heading-level-3'><a class=\"ez-toc-link ez-toc-heading-4\" href=\"https:\/\/unox.com.tr\/fr\/actionneur-pneumatique-a-rotation-de-120\/#Construction\" >Construction<\/a><\/li><\/ul><\/li><\/ul><\/nav><\/div>\n<h2><span class=\"ez-toc-section\" id=\"Quest-ce_quun_actionneur_pneumatique\"><\/span><span style=\"font-size: 22px;\">Qu&rsquo;est-ce qu&rsquo;un actionneur pneumatique ?<\/span><span class=\"ez-toc-section-end\"><\/span><\/h2>\n<p>Un actionneur pneumatique est un dispositif m\u00e9canique qui est d\u00e9plac\u00e9 \u00e0 l&rsquo;aide de la pression d&rsquo;air. Cet appareil produit une force ou un mouvement en \u00e9tant d\u00e9plac\u00e9 par un piston ou une plaque \u00e0 l&rsquo;int\u00e9rieur d&rsquo;un cylindre pneumatique. Les actionneurs pneumatiques sont souvent utilis\u00e9s dans les syst\u00e8mes de contr\u00f4le automatique et fournissent une pression d&rsquo;air par une source d&rsquo;air. Ils sont largement utilis\u00e9s pour contr\u00f4ler le mouvement dans les syst\u00e8mes m\u00e9caniques et sont souvent pr\u00e9f\u00e9r\u00e9s en raison de leur grande durabilit\u00e9, de leur fiabilit\u00e9 et de leurs caract\u00e9ristiques de mouvement rapide. Ils peuvent \u00e9galement \u00eatre utilis\u00e9s \u00e0 des temp\u00e9ratures \u00e9lev\u00e9es ou dans des environnements tr\u00e8s corrosifs.<\/p>\n<p>Les actionneurs pneumatiques UNOX sont des produits enti\u00e8rement nationaux d\u00e9velopp\u00e9s par la R&amp;D de notre soci\u00e9t\u00e9. Les actionneurs pneumatiques \u00e0 rotation de 120\u00b0 sont utilis\u00e9s pour le contr\u00f4le des vannes et des registres qui se ferment ou s&rsquo;ouvrent avec une rotation de 90\u00b0 et 120\u00b0.<\/p>\n<h2><span class=\"ez-toc-section\" id=\"Caracteristiques_Generales\"><\/span><span style=\"font-size: 22px;\">Caract\u00e9ristiques G\u00e9n\u00e9rales<\/span><span class=\"ez-toc-section-end\"><\/span><\/h2>\n<ul>\n<li><strong>Corps<\/strong> : Aluminium Extrud\u00e9<\/li>\n<li><strong>Pistons<\/strong> : Fonte d&rsquo;aluminium<\/li>\n<li><strong>Arbre<\/strong> : Acier rev\u00eatu de cadmium<\/li>\n<li><strong>\u00c9tanch\u00e9it\u00e9<\/strong> : Caoutchouc nitrile<\/li>\n<\/ul>\n<h2><span class=\"ez-toc-section\" id=\"Commande_dactionneur_pneumatique_a_rotation_de_120%C2%B0\"><\/span><span style=\"font-size: 22px;\">Commande d&rsquo;actionneur pneumatique \u00e0 rotation de 120\u00b0<\/span><span class=\"ez-toc-section-end\"><\/span><\/h2>\n<p>La v\u00e9rification se fait de deux mani\u00e8res :<\/p>\n<ol>\n<li>Contr\u00f4le marche-arr\u00eat<\/li>\n<li>Contr\u00f4le Proportionnel<\/li>\n<\/ol>\n<h3><span class=\"ez-toc-section\" id=\"Construction\"><\/span><span style=\"font-size: 20px;\">Construction<\/span><span class=\"ez-toc-section-end\"><\/span><\/h3>\n<ul>\n<li>Extrusion d&rsquo;aluminium, r\u00e9sistant \u00e0 la corrosion interne et externe, longue dur\u00e9e de vie et surface de cylindre obtenue avec une technique de traitement tr\u00e8s sensible pour un faible coefficient de frottement<\/li>\n<li>Position de montage sym\u00e9trique et facile ; pistons compacts en alliage d&rsquo;aluminium sp\u00e9cial, qui permettent un fonctionnement rapide et permettent en m\u00eame temps aux pistons de travailler dans le sens oppos\u00e9 en les rempla\u00e7ant simplement.<\/li>\n<li>Un pignon en acier de haute qualit\u00e9 sym\u00e9trique et r\u00e9sistant \u00e0 la corrosion qui permet un montage \u00e0 des angles de 45\u00b0 \u00e0 90\u00b0, si d\u00e9sir\u00e9, et fonctionne \u00e9galement en harmonie avec la course du piston dans chaque montage d&rsquo;angle.<\/li>\n<li>\u00c9l\u00e9ments de roulement en plastique dur industriel, qui permettent l&rsquo;ouverture et la fermeture dans les plus brefs d\u00e9lais, faible coefficient de frottement, minimisant l&rsquo;usure des surfaces de frottement.<\/li>\n<li>Engrenages de module ouverts dans des machines de pr\u00e9cision avec une technique de processus sp\u00e9ciale qui fonctionnera silencieusement, harmonieusement, avec une efficacit\u00e9 maximale pour le piston et le pignon.<\/li>\n<li>Fixations en acier inoxydable r\u00e9sistantes \u00e0 la corrosion \u00e0 long terme.<\/li>\n<li>Conformit\u00e9 totale aux derni\u00e8res sp\u00e9cifications. Afin de monter et d\u00e9monter facilement les sol\u00e9no\u00efdes, les interrupteurs de fin de course et autres accessoires et d&rsquo;\u00e9changer des produits entre eux ; Il est conforme aux normes et normes ISI 5211, DIN 3337 et VDI\/VDE 3845NAMUR.<\/li>\n<\/ul>\n<p>&nbsp;<\/p>\n<p>[table id=\u00a0\u00bb3&Prime; \/]<\/p>\n","protected":false},"excerpt":{"rendered":"<p><a href=\"https:\/\/unox.com.tr\/wp-content\/uploads\/2022\/12\/120-DONUSLU-PNOMATIK-AKTUATOR.pdf\" target=\"_blank\" rel=\"noopener\"><button style=\"background-color: #11224b; color: #ffffff; padding: 10px 15px; font-family: montserrat; font-weight: bold; font-size: 19px; border-radius: 10px;\"><img decoding=\"async\" style=\"width: 25px; height: 25px;\" src=\"https:\/\/unox.com.tr\/wp-content\/uploads\/2023\/02\/pdf-1.png\">CATALOGUE DES PRODUITS<\/button><\/a><\/p>\n<p><a href=\"https:\/\/unox.com.tr\/wp-content\/uploads\/2022\/12\/aktuator-kullanma-kilavuzu-1.pdf\" target=\"_blank\" rel=\"noopener\"><button style=\"background-color: #11224b; margin-top: 5px; color: #ffffff; padding: 10px 15px; font-family: montserrat; font-weight: bold; font-size: 16px; border-radius: 10px;\"><img decoding=\"async\" style=\"width: 25px; height: 25px;\" src=\"https:\/\/unox.com.tr\/wp-content\/uploads\/2023\/02\/pdf-1.png\">INSTRUCTIONS DE FONCTIONNEMENT<\/button><\/a><\/p>\n<p><button style=\"background-color: #11224b; margin-top: 5px; color: white; padding: 0px 15px; width: 150px; height: 55px; border-radius: 10px; border: none; cursor: pointer;\"><br \/>\n<img decoding=\"async\" style=\"width: 120px; height: 30px;\" src=\"https:\/\/unox.com.tr\/wp-content\/uploads\/2023\/02\/4-1.svg\"><\/button><\/p>\n","protected":false},"featured_media":29478,"comment_status":"open","ping_status":"closed","template":"","meta":[],"product_brand":[],"product_cat":[1576,1177],"product_tag":[],"class_list":{"0":"post-55302","1":"product","2":"type-product","3":"status-publish","4":"has-post-thumbnail","6":"product_cat-actionneurs","7":"product_cat-actionneurs-pneumatiques","9":"first","10":"instock","11":"shipping-taxable","12":"product-type-simple"},"_links":{"self":[{"href":"https:\/\/unox.com.tr\/fr\/wp-json\/wp\/v2\/product\/55302","targetHints":{"allow":["GET"]}}],"collection":[{"href":"https:\/\/unox.com.tr\/fr\/wp-json\/wp\/v2\/product"}],"about":[{"href":"https:\/\/unox.com.tr\/fr\/wp-json\/wp\/v2\/types\/product"}],"replies":[{"embeddable":true,"href":"https:\/\/unox.com.tr\/fr\/wp-json\/wp\/v2\/comments?post=55302"}],"version-history":[{"count":0,"href":"https:\/\/unox.com.tr\/fr\/wp-json\/wp\/v2\/product\/55302\/revisions"}],"wp:featuredmedia":[{"embeddable":true,"href":"https:\/\/unox.com.tr\/fr\/wp-json\/wp\/v2\/media\/29478"}],"wp:attachment":[{"href":"https:\/\/unox.com.tr\/fr\/wp-json\/wp\/v2\/media?parent=55302"}],"wp:term":[{"taxonomy":"product_brand","embeddable":true,"href":"https:\/\/unox.com.tr\/fr\/wp-json\/wp\/v2\/product_brand?post=55302"},{"taxonomy":"product_cat","embeddable":true,"href":"https:\/\/unox.com.tr\/fr\/wp-json\/wp\/v2\/product_cat?post=55302"},{"taxonomy":"product_tag","embeddable":true,"href":"https:\/\/unox.com.tr\/fr\/wp-json\/wp\/v2\/product_tag?post=55302"}],"curies":[{"name":"wp","href":"https:\/\/api.w.org\/{rel}","templated":true}]}}