{"id":55305,"date":"2020-09-17T11:10:38","date_gmt":"2020-09-17T11:10:38","guid":{"rendered":"https:\/\/unox.com.tr\/urun\/horloge-a-douille\/"},"modified":"2020-09-17T11:10:38","modified_gmt":"2020-09-17T08:10:38","slug":"horloge-a-douille","status":"publish","type":"product","link":"https:\/\/unox.com.tr\/fr\/horloge-a-douille\/","title":{"rendered":"Horloge \u00e0 Douille"},"content":{"rendered":"<h2><span style=\"font-size: 22px;\">Qu&rsquo;est-ce que Horloge \u00e0 Douille ?<\/span><\/h2>\n<p>Une horloge est un mat\u00e9riel \u00e9lectrique qui sort de ses contacts dans l&rsquo;intervalle de temps d\u00e9fini. Il existe 2 types d&rsquo;horloges, analogiques (horloge m\u00e9canique) et num\u00e9riques (horloge \u00e9lectronique). Les horloges peuvent \u00eatre utilis\u00e9es facilement dans de nombreuses applications. Par exemple, il existe des zones d&rsquo;utilisation communes telles que les panneaux publicitaires, l&rsquo;\u00e9clairage public et l&rsquo;irrigation des jardins.<br \/>\nAvec l&rsquo;utilisation d&rsquo;horloges, il \u00e9conomise de l&rsquo;\u00e9lectricit\u00e9 en ne faisant pas fonctionner inutilement les appareils que nous utilisons pendant la journ\u00e9e, et offre \u00e9galement une commodit\u00e9 aux utilisateurs.<\/p>\n","protected":false},"excerpt":{"rendered":"<p><button style=\"background-color: #11224b; color: #ffffff; padding: 10px 15px; font-family: montserrat; font-weight: bold; font-size: 19px; border-radius: 10px;\"><img decoding=\"async\" style=\"width: 25px; height: 25px;\" src=\"https:\/\/unox.com.tr\/wp-content\/uploads\/2023\/02\/pdf-1.png\">CATALOGUE DES PRODUITS<\/button><\/p>\n<p><button style=\"background-color: #11224b; margin-top: 5px; color: white; padding: 0px 15px; width: 150px; height: 55px; border-radius: 10px; border: none; cursor: pointer;\"><br \/>\n<img decoding=\"async\" style=\"width: 120px; height: 30px;\" src=\"https:\/\/unox.com.tr\/wp-content\/uploads\/2023\/02\/4-1.svg\"><\/button><\/p>\n","protected":false},"featured_media":70222,"comment_status":"closed","ping_status":"closed","template":"","meta":[],"product_brand":[],"product_cat":[1575],"product_tag":[],"class_list":{"0":"post-55305","1":"product","2":"type-product","3":"status-publish","4":"has-post-thumbnail","6":"product_cat-pieces-de-rechange-et-accessoires","8":"first","9":"instock","10":"shipping-taxable","11":"product-type-simple"},"_links":{"self":[{"href":"https:\/\/unox.com.tr\/fr\/wp-json\/wp\/v2\/product\/55305","targetHints":{"allow":["GET"]}}],"collection":[{"href":"https:\/\/unox.com.tr\/fr\/wp-json\/wp\/v2\/product"}],"about":[{"href":"https:\/\/unox.com.tr\/fr\/wp-json\/wp\/v2\/types\/product"}],"replies":[{"embeddable":true,"href":"https:\/\/unox.com.tr\/fr\/wp-json\/wp\/v2\/comments?post=55305"}],"version-history":[{"count":0,"href":"https:\/\/unox.com.tr\/fr\/wp-json\/wp\/v2\/product\/55305\/revisions"}],"wp:featuredmedia":[{"embeddable":true,"href":"https:\/\/unox.com.tr\/fr\/wp-json\/wp\/v2\/media\/70222"}],"wp:attachment":[{"href":"https:\/\/unox.com.tr\/fr\/wp-json\/wp\/v2\/media?parent=55305"}],"wp:term":[{"taxonomy":"product_brand","embeddable":true,"href":"https:\/\/unox.com.tr\/fr\/wp-json\/wp\/v2\/product_brand?post=55305"},{"taxonomy":"product_cat","embeddable":true,"href":"https:\/\/unox.com.tr\/fr\/wp-json\/wp\/v2\/product_cat?post=55305"},{"taxonomy":"product_tag","embeddable":true,"href":"https:\/\/unox.com.tr\/fr\/wp-json\/wp\/v2\/product_tag?post=55305"}],"curies":[{"name":"wp","href":"https:\/\/api.w.org\/{rel}","templated":true}]}}