{"id":55306,"date":"2020-09-17T11:09:20","date_gmt":"2020-09-17T08:09:20","guid":{"rendered":"https:\/\/unox.com.tr\/urun\/positionneur-electropneumatique-rotatif\/"},"modified":"2020-09-17T11:09:20","modified_gmt":"2020-09-17T08:09:20","slug":"positionneur-electropneumatique-rotatif","status":"publish","type":"product","link":"https:\/\/unox.com.tr\/fr\/positionneur-electropneumatique-rotatif\/","title":{"rendered":"Positionneur Electropneumatique Rotatif"},"content":{"rendered":"<div id=\"ez-toc-container\" class=\"ez-toc-v2_0_82_2 counter-hierarchy ez-toc-counter ez-toc-grey ez-toc-container-direction\">\n<div class=\"ez-toc-title-container\">\n<p class=\"ez-toc-title\" style=\"cursor:inherit\">Sayfa \u0130\u00e7eri\u011fi<\/p>\n<span class=\"ez-toc-title-toggle\"><a href=\"#\" class=\"ez-toc-pull-right ez-toc-btn ez-toc-btn-xs ez-toc-btn-default ez-toc-toggle\" aria-label=\"Toggle Table of Content\"><span class=\"ez-toc-js-icon-con\"><span class=\"\"><span class=\"eztoc-hide\" style=\"display:none;\">Toggle<\/span><span class=\"ez-toc-icon-toggle-span\"><svg style=\"fill: #999;color:#999\" xmlns=\"http:\/\/www.w3.org\/2000\/svg\" class=\"list-377408\" width=\"20px\" height=\"20px\" viewBox=\"0 0 24 24\" fill=\"none\"><path d=\"M6 6H4v2h2V6zm14 0H8v2h12V6zM4 11h2v2H4v-2zm16 0H8v2h12v-2zM4 16h2v2H4v-2zm16 0H8v2h12v-2z\" fill=\"currentColor\"><\/path><\/svg><svg style=\"fill: #999;color:#999\" class=\"arrow-unsorted-368013\" xmlns=\"http:\/\/www.w3.org\/2000\/svg\" width=\"10px\" height=\"10px\" viewBox=\"0 0 24 24\" version=\"1.2\" baseProfile=\"tiny\"><path d=\"M18.2 9.3l-6.2-6.3-6.2 6.3c-.2.2-.3.4-.3.7s.1.5.3.7c.2.2.4.3.7.3h11c.3 0 .5-.1.7-.3.2-.2.3-.5.3-.7s-.1-.5-.3-.7zM5.8 14.7l6.2 6.3 6.2-6.3c.2-.2.3-.5.3-.7s-.1-.5-.3-.7c-.2-.2-.4-.3-.7-.3h-11c-.3 0-.5.1-.7.3-.2.2-.3.5-.3.7s.1.5.3.7z\"\/><\/svg><\/span><\/span><\/span><\/a><\/span><\/div>\n<nav><ul class='ez-toc-list ez-toc-list-level-1 ' ><li class='ez-toc-page-1 ez-toc-heading-level-2'><a class=\"ez-toc-link ez-toc-heading-1\" href=\"https:\/\/unox.com.tr\/fr\/positionneur-electropneumatique-rotatif\/#Quest-ce_quun_positionneur_electropneumatique_rotatif\" >Qu&rsquo;est-ce qu&rsquo;un positionneur \u00e9lectropneumatique rotatif ?<\/a><\/li><li class='ez-toc-page-1 ez-toc-heading-level-2'><a class=\"ez-toc-link ez-toc-heading-2\" href=\"https:\/\/unox.com.tr\/fr\/positionneur-electropneumatique-rotatif\/#Ou_est_utilise_le_positionneur_electropneumatique_rotatif\" >O\u00f9 est utilis\u00e9 le positionneur \u00e9lectropneumatique rotatif ?<\/a><\/li><li class='ez-toc-page-1 ez-toc-heading-level-2'><a class=\"ez-toc-link ez-toc-heading-3\" href=\"https:\/\/unox.com.tr\/fr\/positionneur-electropneumatique-rotatif\/#Caracteristiques_Generales\" >Caract\u00e9ristiques G\u00e9n\u00e9rales<\/a><\/li><\/ul><\/nav><\/div>\n<h2><span class=\"ez-toc-section\" id=\"Quest-ce_quun_positionneur_electropneumatique_rotatif\"><\/span><span style=\"font-size: 22px;\">Qu&rsquo;est-ce qu&rsquo;un positionneur \u00e9lectropneumatique rotatif ?<\/span><span class=\"ez-toc-section-end\"><\/span><\/h2>\n<p>Le positionneur \u00e9lectropneumatique rotatif est un dispositif utilis\u00e9 pour contr\u00f4ler la position de l&rsquo;actionneur pneumatique. Il se compose g\u00e9n\u00e9ralement d&rsquo;un moteur \u00e9lectrique, d&rsquo;une vanne pneumatique et d&rsquo;un syst\u00e8me de commande qui utilise des signaux \u00e9lectriques pour r\u00e9gler la position de l&rsquo;actionneur pneumatique. La position de l&rsquo;actionneur peut \u00eatre contr\u00f4l\u00e9e en ajustant le d\u00e9bit d&rsquo;air vers l&rsquo;actionneur r\u00e9alis\u00e9 par la vanne pneumatique. La position de la vanne est command\u00e9e par le moteur \u00e9lectrique, qui re\u00e7oit des signaux \u00e9lectriques du syst\u00e8me de commande. Le syst\u00e8me de contr\u00f4le peut \u00eatre un contr\u00f4leur autonome ou int\u00e9gr\u00e9 dans un syst\u00e8me plus vaste tel qu&rsquo;un syst\u00e8me de contr\u00f4le de processus ou un syst\u00e8me de contr\u00f4le de supervision et d&rsquo;acquisition de donn\u00e9es (SCADA).<\/p>\n<h2><span class=\"ez-toc-section\" id=\"Ou_est_utilise_le_positionneur_electropneumatique_rotatif\"><\/span><span style=\"font-size: 22px;\">O\u00f9 est utilis\u00e9 le positionneur \u00e9lectropneumatique rotatif ?<\/span><span class=\"ez-toc-section-end\"><\/span><\/h2>\n<p>Les positionneurs \u00e9lectropneumatiques rotatifs sont largement utilis\u00e9s dans une vari\u00e9t\u00e9 d&rsquo;applications industrielles et de fabrication, telles que le contr\u00f4le des actionneurs pneumatiques sur les vannes, les actionneurs de registre et d&rsquo;autres \u00e9quipements de contr\u00f4le de processus. Il peut \u00eatre utilis\u00e9 aussi bien avec des vannes de r\u00e9gulation \u00e0 ressort qu&rsquo;avec des actionneurs \u00e0 double effet.<\/p>\n<h2><span class=\"ez-toc-section\" id=\"Caracteristiques_Generales\"><\/span><span style=\"font-size: 22px;\">Caract\u00e9ristiques G\u00e9n\u00e9rales<\/span><span class=\"ez-toc-section-end\"><\/span><\/h2>\n<ul>\n<li>Conforme aux normes CE<\/li>\n<li>Antid\u00e9flagrant (Exia CT6, Exd BT6, Exd CT6)<\/li>\n<li>Certifi\u00e9 IP66<\/li>\n<li>Anti-vibration \u00e9lev\u00e9 (pas efficace \u00e0 5-200Hz)<\/li>\n<li>La connexion du conduit d&rsquo;air est sous forme perfor\u00e9e adapt\u00e9e au raccordement dans toutes les directions.<\/li>\n<li>Convient pour transformer les actions positives et les contre-mesures<\/li>\n<li>1\/2 split range avec des ajustements simples sans changer de pi\u00e8ces<\/li>\n<li>Entretien facile<\/li>\n<li>Structure simple pour le lien de r\u00e9troaction<\/li>\n<li>\u00c9conomie d&rsquo;\u00e9nergie \u00e9conomique<\/li>\n<\/ul>\n","protected":false},"excerpt":{"rendered":"<p><a href=\"https:\/\/unox.com.tr\/wp-content\/uploads\/2023\/01\/ROTARY-ELEKTRO-PNOMATIK-POZISYONER.pdf\" target=\"_blank\" rel=\"noopener\"><button style=\"background-color: #11224b; color: #ffffff; padding: 10px 15px; font-family: montserrat; font-weight: bold; font-size: 19px; border-radius: 10px;\"><img decoding=\"async\" style=\"width: 25px; height: 25px;\" src=\"https:\/\/unox.com.tr\/wp-content\/uploads\/2023\/02\/pdf-1.png\">CATALOGUE DES PRODUITS<\/button><\/a><\/p>\n<p><button style=\"background-color: #11224b; margin-top: 5px; color: white; padding: 0px 15px; width: 150px; height: 55px; border-radius: 10px; border: none; cursor: pointer;\"><br \/>\n<img decoding=\"async\" style=\"width: 120px; height: 30px;\" src=\"https:\/\/unox.com.tr\/wp-content\/uploads\/2023\/02\/4-1.svg\"><\/button><\/p>\n","protected":false},"featured_media":34356,"comment_status":"open","ping_status":"closed","template":"","meta":{"_joinchat":[]},"product_brand":[],"product_cat":[1186],"product_tag":[],"class_list":{"0":"post-55306","1":"product","2":"type-product","3":"status-publish","4":"has-post-thumbnail","6":"product_cat-accessoires-pour-actionneurs-pneumatiques","8":"first","9":"instock","10":"shipping-taxable","11":"product-type-simple"},"_links":{"self":[{"href":"https:\/\/unox.com.tr\/fr\/wp-json\/wp\/v2\/product\/55306","targetHints":{"allow":["GET"]}}],"collection":[{"href":"https:\/\/unox.com.tr\/fr\/wp-json\/wp\/v2\/product"}],"about":[{"href":"https:\/\/unox.com.tr\/fr\/wp-json\/wp\/v2\/types\/product"}],"replies":[{"embeddable":true,"href":"https:\/\/unox.com.tr\/fr\/wp-json\/wp\/v2\/comments?post=55306"}],"version-history":[{"count":0,"href":"https:\/\/unox.com.tr\/fr\/wp-json\/wp\/v2\/product\/55306\/revisions"}],"wp:featuredmedia":[{"embeddable":true,"href":"https:\/\/unox.com.tr\/fr\/wp-json\/wp\/v2\/media\/34356"}],"wp:attachment":[{"href":"https:\/\/unox.com.tr\/fr\/wp-json\/wp\/v2\/media?parent=55306"}],"wp:term":[{"taxonomy":"product_brand","embeddable":true,"href":"https:\/\/unox.com.tr\/fr\/wp-json\/wp\/v2\/product_brand?post=55306"},{"taxonomy":"product_cat","embeddable":true,"href":"https:\/\/unox.com.tr\/fr\/wp-json\/wp\/v2\/product_cat?post=55306"},{"taxonomy":"product_tag","embeddable":true,"href":"https:\/\/unox.com.tr\/fr\/wp-json\/wp\/v2\/product_tag?post=55306"}],"curies":[{"name":"wp","href":"https:\/\/api.w.org\/{rel}","templated":true}]}}