{"id":55307,"date":"2020-09-17T11:07:50","date_gmt":"2020-09-17T11:07:50","guid":{"rendered":"https:\/\/unox.com.tr\/urun\/electrovanne-namur\/"},"modified":"2020-09-17T11:07:50","modified_gmt":"2020-09-17T08:07:50","slug":"electrovanne-namur","status":"publish","type":"product","link":"https:\/\/unox.com.tr\/fr\/electrovanne-namur\/","title":{"rendered":"Electrovanne Namur"},"content":{"rendered":"<div id=\"ez-toc-container\" class=\"ez-toc-v2_0_82_2 counter-hierarchy ez-toc-counter ez-toc-grey ez-toc-container-direction\">\n<div class=\"ez-toc-title-container\">\n<p class=\"ez-toc-title\" style=\"cursor:inherit\">Sayfa \u0130\u00e7eri\u011fi<\/p>\n<span class=\"ez-toc-title-toggle\"><a href=\"#\" class=\"ez-toc-pull-right ez-toc-btn ez-toc-btn-xs ez-toc-btn-default ez-toc-toggle\" aria-label=\"Toggle Table of Content\"><span class=\"ez-toc-js-icon-con\"><span class=\"\"><span class=\"eztoc-hide\" style=\"display:none;\">Toggle<\/span><span class=\"ez-toc-icon-toggle-span\"><svg style=\"fill: #999;color:#999\" xmlns=\"http:\/\/www.w3.org\/2000\/svg\" class=\"list-377408\" width=\"20px\" height=\"20px\" viewBox=\"0 0 24 24\" fill=\"none\"><path d=\"M6 6H4v2h2V6zm14 0H8v2h12V6zM4 11h2v2H4v-2zm16 0H8v2h12v-2zM4 16h2v2H4v-2zm16 0H8v2h12v-2z\" fill=\"currentColor\"><\/path><\/svg><svg style=\"fill: #999;color:#999\" class=\"arrow-unsorted-368013\" xmlns=\"http:\/\/www.w3.org\/2000\/svg\" width=\"10px\" height=\"10px\" viewBox=\"0 0 24 24\" version=\"1.2\" baseProfile=\"tiny\"><path d=\"M18.2 9.3l-6.2-6.3-6.2 6.3c-.2.2-.3.4-.3.7s.1.5.3.7c.2.2.4.3.7.3h11c.3 0 .5-.1.7-.3.2-.2.3-.5.3-.7s-.1-.5-.3-.7zM5.8 14.7l6.2 6.3 6.2-6.3c.2-.2.3-.5.3-.7s-.1-.5-.3-.7c-.2-.2-.4-.3-.7-.3h-11c-.3 0-.5.1-.7.3-.2.2-.3.5-.3.7s.1.5.3.7z\"\/><\/svg><\/span><\/span><\/span><\/a><\/span><\/div>\n<nav><ul class='ez-toc-list ez-toc-list-level-1 ' ><li class='ez-toc-page-1 ez-toc-heading-level-2'><a class=\"ez-toc-link ez-toc-heading-1\" href=\"https:\/\/unox.com.tr\/fr\/electrovanne-namur\/#Quest-ce_quune_electrovanne_Namur\" >Qu&rsquo;est-ce qu&rsquo;une \u00e9lectrovanne Namur ?<\/a><\/li><li class='ez-toc-page-1 ez-toc-heading-level-2'><a class=\"ez-toc-link ez-toc-heading-2\" href=\"https:\/\/unox.com.tr\/fr\/electrovanne-namur\/#Ou_lelectrovanne_Namur_est-elle_utilisee\" >O\u00f9 l&rsquo;\u00e9lectrovanne Namur est-elle utilis\u00e9e ?<\/a><\/li><li class='ez-toc-page-1 ez-toc-heading-level-2'><a class=\"ez-toc-link ez-toc-heading-3\" href=\"https:\/\/unox.com.tr\/fr\/electrovanne-namur\/#Caracteristiques_du_produit\" >Caract\u00e9ristiques du produit<\/a><\/li><\/ul><\/nav><\/div>\n<h2><span class=\"ez-toc-section\" id=\"Quest-ce_quune_electrovanne_Namur\"><\/span><span style=\"font-size: 22px;\">Qu&rsquo;est-ce qu&rsquo;une \u00e9lectrovanne Namur ?<\/span><span class=\"ez-toc-section-end\"><\/span><\/h2>\n<p>\u00c9lectrovannes Namur ; Il remplit la fonction de diriger l&rsquo;air comprim\u00e9 provenant de l&rsquo;op\u00e9ration vers les sections \u00e0 l&rsquo;int\u00e9rieur de l&rsquo;actionneur (on-off). Ce sont des vannes utilis\u00e9es dans les syst\u00e8mes pneumatiques qui peuvent \u00eatre utilis\u00e9es de mani\u00e8re polyvalente. Ces vannes sont utilis\u00e9es dans divers syst\u00e8mes d&rsquo;ing\u00e9nierie pour g\u00e9rer et contr\u00f4ler le d\u00e9bit d&rsquo;air. Ces vannes ouvrent ou ferment le flux d&rsquo;air \u00e0 l&rsquo;aide d&rsquo;un actionneur \u00e9lectromagn\u00e9tique appel\u00e9 sol\u00e9no\u00efde. Ces vannes sont souvent utilis\u00e9es dans des domaines tels que les compresseurs d&rsquo;air pneumatiques, les syst\u00e8mes de contr\u00f4le automatique et les applications d&rsquo;automatisation industrielle.<\/p>\n<h2><span class=\"ez-toc-section\" id=\"Ou_lelectrovanne_Namur_est-elle_utilisee\"><\/span><span style=\"font-size: 22px;\">O\u00f9 l&rsquo;\u00e9lectrovanne Namur est-elle utilis\u00e9e ?<\/span><span class=\"ez-toc-section-end\"><\/span><\/h2>\n<p>Les \u00e9lectrovannes Namur sont utilis\u00e9es dans diverses applications industrielles dans le cadre de syst\u00e8mes pneumatiques. Par exemple:<\/p>\n<ol>\n<li>Il est utilis\u00e9 pour g\u00e9rer le d\u00e9bit d&rsquo;air dans les syst\u00e8mes de contr\u00f4le automatique. Par exemple, dans un syst\u00e8me de contr\u00f4le automatique, un capteur peut signaler \u00e0 l&rsquo;\u00e9lectrovanne Namur d&rsquo;activer et de d\u00e9sactiver le flux d&rsquo;air.<\/li>\n<li>Il est utilis\u00e9 pour contr\u00f4ler le d\u00e9bit d&rsquo;air dans les applications d&rsquo;automatisation industrielle. Il peut \u00eatre utilis\u00e9 dans les usines pour allumer et \u00e9teindre une machine.<\/li>\n<li>Il est utilis\u00e9 pour g\u00e9rer le d\u00e9bit d&rsquo;air dans les compresseurs d&rsquo;air pneumatiques. Par exemple, il peut \u00eatre utilis\u00e9 pour activer et d\u00e9sactiver le flux d&rsquo;air dans un compresseur d&rsquo;air pneumatique.<\/li>\n<li>Il est utilis\u00e9 pour g\u00e9rer les flux d&rsquo;air dans les processus industriels. Par exemple, il peut \u00eatre utilis\u00e9 pour activer et d\u00e9sactiver le flux d&rsquo;air dans un processus industriel.<\/li>\n<\/ol>\n<p>Les domaines d&rsquo;utilisation de ces vannes ne sont pas limit\u00e9s \u00e0 ces exemples et elles peuvent \u00eatre utilis\u00e9es dans une large gamme.<\/p>\n<h2><span class=\"ez-toc-section\" id=\"Caracteristiques_du_produit\"><\/span><span style=\"font-size: 22px;\">Caract\u00e9ristiques du produit<\/span><span class=\"ez-toc-section-end\"><\/span><\/h2>\n<ul>\n<li><strong>Mod\u00e8le<\/strong> : SV210<\/li>\n<li><strong>Corps<\/strong> : Aluminium<\/li>\n<li><strong>Indice de protection<\/strong> : IP65<\/li>\n<li><strong>M\u00e9dium<\/strong> : A\u00e9rien<\/li>\n<li><strong>Utilisation<\/strong> : Usage interne<\/li>\n<li><strong>Type de vanne<\/strong> : 5 ports 2 positions<\/li>\n<li><strong>Taille d&rsquo;orifice<\/strong> : 14 mm2<\/li>\n<li><strong>Port d&rsquo;entr\u00e9e et de sortie de connexion :<\/strong> PF \/4<\/li>\n<li><strong>Lubrification<\/strong> : Non n\u00e9cessaire<\/li>\n<li><strong>Pression<\/strong> : 12 bars<\/li>\n<li><strong>Temp\u00e9rature<\/strong> : _5\u2103~ +70\u2103<\/li>\n<li><strong>Plage de tension<\/strong> : \u00b110%<\/li>\n<li><strong>Fr\u00e9quence maximale<\/strong> : 5 cycles\/seconde<\/li>\n<li><strong>Consommation d&rsquo;\u00e9nergie<\/strong> : CA = 2,0-3,5 VA, CC = 2,5 W<\/li>\n<li><strong>Indice de protection<\/strong> : IP65(DIN40050<\/li>\n<\/ul>\n","protected":false},"excerpt":{"rendered":"<p><a href=\"https:\/\/unox.com.tr\/wp-content\/uploads\/2022\/12\/Namur-Solenoid-Valfi.pdf\" target=\"_blank\" rel=\"noopener\"><button style=\"background-color: #11224b; color: #ffffff; padding: 10px 15px; font-family: montserrat; font-weight: bold; font-size: 19px; border-radius: 10px;\"><img decoding=\"async\" style=\"width: 25px; height: 25px;\" src=\"https:\/\/unox.com.tr\/wp-content\/uploads\/2023\/02\/pdf-1.png\">CATALOGUE DES PRODUITS<\/button><\/a><\/p>\n<p><button style=\"background-color: #11224b; margin-top: 5px; color: white; padding: 0px 15px; width: 150px; height: 55px; border-radius: 10px; border: none; cursor: pointer;\"><br \/>\n<img decoding=\"async\" style=\"width: 120px; height: 30px;\" src=\"https:\/\/unox.com.tr\/wp-content\/uploads\/2023\/02\/4-1.svg\"><\/button><\/p>\n","protected":false},"featured_media":28754,"comment_status":"open","ping_status":"closed","template":"","meta":{"_joinchat":[]},"product_brand":[],"product_cat":[1186],"product_tag":[],"class_list":{"0":"post-55307","1":"product","2":"type-product","3":"status-publish","4":"has-post-thumbnail","6":"product_cat-accessoires-pour-actionneurs-pneumatiques","8":"first","9":"instock","10":"shipping-taxable","11":"product-type-simple"},"_links":{"self":[{"href":"https:\/\/unox.com.tr\/fr\/wp-json\/wp\/v2\/product\/55307","targetHints":{"allow":["GET"]}}],"collection":[{"href":"https:\/\/unox.com.tr\/fr\/wp-json\/wp\/v2\/product"}],"about":[{"href":"https:\/\/unox.com.tr\/fr\/wp-json\/wp\/v2\/types\/product"}],"replies":[{"embeddable":true,"href":"https:\/\/unox.com.tr\/fr\/wp-json\/wp\/v2\/comments?post=55307"}],"version-history":[{"count":0,"href":"https:\/\/unox.com.tr\/fr\/wp-json\/wp\/v2\/product\/55307\/revisions"}],"wp:featuredmedia":[{"embeddable":true,"href":"https:\/\/unox.com.tr\/fr\/wp-json\/wp\/v2\/media\/28754"}],"wp:attachment":[{"href":"https:\/\/unox.com.tr\/fr\/wp-json\/wp\/v2\/media?parent=55307"}],"wp:term":[{"taxonomy":"product_brand","embeddable":true,"href":"https:\/\/unox.com.tr\/fr\/wp-json\/wp\/v2\/product_brand?post=55307"},{"taxonomy":"product_cat","embeddable":true,"href":"https:\/\/unox.com.tr\/fr\/wp-json\/wp\/v2\/product_cat?post=55307"},{"taxonomy":"product_tag","embeddable":true,"href":"https:\/\/unox.com.tr\/fr\/wp-json\/wp\/v2\/product_tag?post=55307"}],"curies":[{"name":"wp","href":"https:\/\/api.w.org\/{rel}","templated":true}]}}